{"id":1089,"date":"2024-05-28T14:28:29","date_gmt":"2024-05-28T11:28:29","guid":{"rendered":"https:\/\/tt.uptodate.ee\/uudiskirjaga-liitumine-onnestus\/"},"modified":"2024-06-20T13:14:30","modified_gmt":"2024-06-20T10:14:30","slug":"uutiskirje","status":"publish","type":"page","link":"https:\/\/teletorn.ee\/fi\/uutiskirje\/","title":{"rendered":"Uutiskirjeen tilaaminen onnistui"},"content":{"rendered":"\n<div id=\"block_35db3e7d14806a0bcd9660fe099b844a\" class=\"teletorn-banner featured-image\">\n\n  \n\n    \n    \n  <style> #block_35db3e7d14806a0bcd9660fe099b844a{ background-image: url(https:\/\/teletorn.ee\/wp-content\/uploads\/2024\/05\/Tallinna-Teletorn-kuhu-minna.jpg)}<\/style>  \n<\/div>\n\n<div id=\"block_6f747014edda72e22782e5497c6d9b07\" class=\"narrow-text-block with-inner-padding\" aria-hidden=\"true\">\n  <div class=\"wrap \">\n    <div class=\"wrap-inner\">\n      <h2 style=\"text-align: center;\">Kiitos uutiskirjeen tilaamisesta!<\/h2>\n<p style=\"text-align: center;\">Iloista kohtaamista Teletornissa!<\/p>\n<p style=\"text-align: center;\">Tutustu tietosuojak\u00e4yt\u00e4nt\u00f6\u00f6mme <a href=\"https:\/\/teletorn.ee\/fi\/tallinnan-tv-torni-saation-tietosuojakaytanto\/\" target=\"_blank\" rel=\"noopener\">T\u00c4\u00c4LL\u00c4<\/a><\/p>\n    <\/div>\n  <\/div>\n<\/div>\n","protected":false},"excerpt":{"rendered":"","protected":false},"author":1,"featured_media":0,"parent":0,"menu_order":68,"comment_status":"closed","ping_status":"closed","template":"","meta":{"_acf_changed":false,"footnotes":""},"class_list":["post-1089","page","type-page","status-publish","hentry"],"acf":[],"yoast_head":"<!-- This site is optimized with the Yoast SEO Premium plugin v27.2 (Yoast SEO v27.5) - https:\/\/yoast.com\/product\/yoast-seo-premium-wordpress\/ -->\n<title>Uutiskirjeen tilaaminen onnistui - Teletorn.ee<\/title>\n<meta name=\"description\" content=\"Kiitos uutiskirjeen tilaamisesta!\" \/>\n<meta name=\"robots\" content=\"index, follow, max-snippet:-1, max-image-preview:large, max-video-preview:-1\" \/>\n<link rel=\"canonical\" href=\"https:\/\/tt.uptodate.ee\/fi\/uutiskirje\/\" \/>\n<meta property=\"og:locale\" content=\"fi_FI\" \/>\n<meta property=\"og:type\" content=\"article\" \/>\n<meta property=\"og:title\" content=\"Uutiskirjeen tilaaminen onnistui\" \/>\n<meta property=\"og:description\" content=\"Kiitos uutiskirjeen tilaamisesta!\" \/>\n<meta property=\"og:url\" content=\"https:\/\/tt.uptodate.ee\/fi\/uutiskirje\/\" \/>\n<meta property=\"og:site_name\" content=\"Teletorn.ee\" \/>\n<meta property=\"article:modified_time\" content=\"2024-06-20T10:14:30+00:00\" \/>\n<meta name=\"twitter:card\" content=\"summary_large_image\" \/>\n<script type=\"application\/ld+json\" class=\"yoast-schema-graph\">{\"@context\":\"https:\\\/\\\/schema.org\",\"@graph\":[{\"@type\":\"WebPage\",\"@id\":\"https:\\\/\\\/tt.uptodate.ee\\\/fi\\\/uutiskirje\\\/\",\"url\":\"https:\\\/\\\/tt.uptodate.ee\\\/fi\\\/uutiskirje\\\/\",\"name\":\"Uutiskirjeen tilaaminen onnistui - Teletorn.ee\",\"isPartOf\":{\"@id\":\"https:\\\/\\\/tt.uptodate.ee\\\/#website\"},\"datePublished\":\"2024-05-28T11:28:29+00:00\",\"dateModified\":\"2024-06-20T10:14:30+00:00\",\"description\":\"Kiitos uutiskirjeen tilaamisesta!\",\"breadcrumb\":{\"@id\":\"https:\\\/\\\/tt.uptodate.ee\\\/fi\\\/uutiskirje\\\/#breadcrumb\"},\"inLanguage\":\"fi\",\"potentialAction\":[{\"@type\":\"ReadAction\",\"target\":[\"https:\\\/\\\/tt.uptodate.ee\\\/fi\\\/uutiskirje\\\/\"]}]},{\"@type\":\"BreadcrumbList\",\"@id\":\"https:\\\/\\\/tt.uptodate.ee\\\/fi\\\/uutiskirje\\\/#breadcrumb\",\"itemListElement\":[{\"@type\":\"ListItem\",\"position\":1,\"name\":\"Home\",\"item\":\"https:\\\/\\\/teletorn.ee\\\/fi\\\/\"},{\"@type\":\"ListItem\",\"position\":2,\"name\":\"Uutiskirjeen tilaaminen onnistui\"}]},{\"@type\":\"WebSite\",\"@id\":\"https:\\\/\\\/tt.uptodate.ee\\\/#website\",\"url\":\"https:\\\/\\\/tt.uptodate.ee\\\/\",\"name\":\"Teletorn.ee\",\"description\":\"\",\"potentialAction\":[{\"@type\":\"SearchAction\",\"target\":{\"@type\":\"EntryPoint\",\"urlTemplate\":\"https:\\\/\\\/tt.uptodate.ee\\\/?s={search_term_string}\"},\"query-input\":{\"@type\":\"PropertyValueSpecification\",\"valueRequired\":true,\"valueName\":\"search_term_string\"}}],\"inLanguage\":\"fi\"}]}<\/script>\n<!-- \/ Yoast SEO Premium plugin. -->","yoast_head_json":{"title":"Uutiskirjeen tilaaminen onnistui - Teletorn.ee","description":"Kiitos uutiskirjeen tilaamisesta!","robots":{"index":"index","follow":"follow","max-snippet":"max-snippet:-1","max-image-preview":"max-image-preview:large","max-video-preview":"max-video-preview:-1"},"canonical":"https:\/\/tt.uptodate.ee\/fi\/uutiskirje\/","og_locale":"fi_FI","og_type":"article","og_title":"Uutiskirjeen tilaaminen onnistui","og_description":"Kiitos uutiskirjeen tilaamisesta!","og_url":"https:\/\/tt.uptodate.ee\/fi\/uutiskirje\/","og_site_name":"Teletorn.ee","article_modified_time":"2024-06-20T10:14:30+00:00","twitter_card":"summary_large_image","schema":{"@context":"https:\/\/schema.org","@graph":[{"@type":"WebPage","@id":"https:\/\/tt.uptodate.ee\/fi\/uutiskirje\/","url":"https:\/\/tt.uptodate.ee\/fi\/uutiskirje\/","name":"Uutiskirjeen tilaaminen onnistui - Teletorn.ee","isPartOf":{"@id":"https:\/\/tt.uptodate.ee\/#website"},"datePublished":"2024-05-28T11:28:29+00:00","dateModified":"2024-06-20T10:14:30+00:00","description":"Kiitos uutiskirjeen tilaamisesta!","breadcrumb":{"@id":"https:\/\/tt.uptodate.ee\/fi\/uutiskirje\/#breadcrumb"},"inLanguage":"fi","potentialAction":[{"@type":"ReadAction","target":["https:\/\/tt.uptodate.ee\/fi\/uutiskirje\/"]}]},{"@type":"BreadcrumbList","@id":"https:\/\/tt.uptodate.ee\/fi\/uutiskirje\/#breadcrumb","itemListElement":[{"@type":"ListItem","position":1,"name":"Home","item":"https:\/\/teletorn.ee\/fi\/"},{"@type":"ListItem","position":2,"name":"Uutiskirjeen tilaaminen onnistui"}]},{"@type":"WebSite","@id":"https:\/\/tt.uptodate.ee\/#website","url":"https:\/\/tt.uptodate.ee\/","name":"Teletorn.ee","description":"","potentialAction":[{"@type":"SearchAction","target":{"@type":"EntryPoint","urlTemplate":"https:\/\/tt.uptodate.ee\/?s={search_term_string}"},"query-input":{"@type":"PropertyValueSpecification","valueRequired":true,"valueName":"search_term_string"}}],"inLanguage":"fi"}]}},"_links":{"self":[{"href":"https:\/\/teletorn.ee\/fi\/wp-json\/wp\/v2\/pages\/1089","targetHints":{"allow":["GET"]}}],"collection":[{"href":"https:\/\/teletorn.ee\/fi\/wp-json\/wp\/v2\/pages"}],"about":[{"href":"https:\/\/teletorn.ee\/fi\/wp-json\/wp\/v2\/types\/page"}],"author":[{"embeddable":true,"href":"https:\/\/teletorn.ee\/fi\/wp-json\/wp\/v2\/users\/1"}],"replies":[{"embeddable":true,"href":"https:\/\/teletorn.ee\/fi\/wp-json\/wp\/v2\/comments?post=1089"}],"version-history":[{"count":0,"href":"https:\/\/teletorn.ee\/fi\/wp-json\/wp\/v2\/pages\/1089\/revisions"}],"wp:attachment":[{"href":"https:\/\/teletorn.ee\/fi\/wp-json\/wp\/v2\/media?parent=1089"}],"curies":[{"name":"wp","href":"https:\/\/api.w.org\/{rel}","templated":true}]}}