{"id":11204,"date":"2025-09-20T13:21:01","date_gmt":"2025-09-20T10:21:01","guid":{"rendered":"https:\/\/teletorn.ee\/?page_id=11204"},"modified":"2025-10-23T12:03:11","modified_gmt":"2025-10-23T09:03:11","slug":"tallinnan-tv-torni-matkailuautoparkki","status":"publish","type":"page","link":"https:\/\/teletorn.ee\/fi\/tallinnan-tv-torni-matkailuautoparkki\/","title":{"rendered":"Tallinnan TV-tornin matkailuautoparkki"},"content":{"rendered":"\n<div id=\"block_17313f67c7761647aacccddfe0a41c23\" class=\"teletorn-banner featured-image\">\n\n  \n\n    \n    \n  <style> #block_17313f67c7761647aacccddfe0a41c23{ background-image: url(https:\/\/teletorn.ee\/wp-content\/uploads\/2025\/09\/teletorn_caravan_1440x560.png)}<\/style>  <style>@media (max-width: 800px) { #block_17313f67c7761647aacccddfe0a41c23{ background-image: url(https:\/\/teletorn.ee\/wp-content\/uploads\/2025\/09\/teletorn_caravan_716x752_optimized-600x752.png)}}<\/style>\n<\/div>\n\n\n\n<div id=\"block_9b93d612bc74cec53d20fe89ea42b5e0\" class=\"narrow-text-block with-inner-padding\" aria-hidden=\"true\">\n  <div class=\"wrap \">\n    <div class=\"wrap-inner\">\n      <h1 style=\"text-align: center;\">Tallinnan TV-tornin matkailuautoparkki<\/h1>\n<p>Tallinnan TV-tornin parkkialueelle on avattu matkailuautoparkki, joka tarjoaa k\u00e4tev\u00e4n ja turvallisen pys\u00e4hdyspaikan matkailuautoilijoille.<\/p>\n<h2>Hinnasto<\/h2>\n<ul>\n<li>15 \u20ac vuorokaudessa (hinta m\u00e4\u00e4r\u00e4ytyy ajoneuvon, ei henkil\u00f6m\u00e4\u00e4r\u00e4n mukaan).<\/li>\n<\/ul>\n<h3>Palvelut ja ehdot<\/h3>\n<ul>\n<li>Pys\u00e4k\u00f6inti on mahdollista asiakasparkkipaikalla Kloostrimetsan tiell\u00e4 tai pyynn\u00f6st\u00e4 Kiviaian parkkipaikalla.<\/li>\n<li>Hintaan sis\u00e4ltyy pys\u00e4k\u00f6intipaikka turvallisella parkkialueella.<\/li>\n<li>S\u00e4hk\u00f6\u00e4, vett\u00e4 tai viem\u00e4ripalveluja (t\u00e4ytt\u00f6 ja tyhjennys) ei ole saatavilla paikan p\u00e4\u00e4ll\u00e4.<\/li>\n<li>Portit ovat avoinna klo 08.00\u201322.00. Y\u00f6ll\u00e4 sis\u00e4\u00e4n- ja ulosajo ei ole sallittua.\n<ul>\n<li>Poikkeustapauksissa apua saa TV-tornin vartioinnilta, puh. +372 5680 4015.<\/li>\n<\/ul>\n<\/li>\n<\/ul>\n<h3>Maksaminen ja rekister\u00f6inti<\/h3>\n<ul>\n<li>Pys\u00e4k\u00f6innin voi maksaa <span style=\"color: #0000ff;\"><strong><a style=\"color: #0000ff;\" href=\"https:\/\/teletorn.ee\/fi\/elamyksia\/televisiotornin-matkamuistomyymala\/\" target=\"_blank\" rel=\"noopener\">TV-tornin matkamuistomyym\u00e4l\u00e4ss\u00e4<\/a><\/strong><\/span>, kortilla tai k\u00e4teisell\u00e4.<\/li>\n<li>Kaikkien vierailijoiden on t\u00e4ytett\u00e4v\u00e4 turistilomake, jonka saa kassalta.\n<ul>\n<li>Lomakkeessa kysyt\u00e4\u00e4n: nimi, kotiosoite, s\u00e4hk\u00f6postiosoite, matkapuhelinnumero sek\u00e4 seuralaisen tiedot.<\/li>\n<\/ul>\n<\/li>\n<\/ul>\n<h3>Erikoistarjous matkailuautoparkin k\u00e4ytt\u00e4jille<\/h3>\n<p>Matkailuautoparkin k\u00e4ytt\u00e4j\u00e4t voivat ostaa <strong>2 normaalilippua tai 1 perhelipun<\/strong> TV-torniin <strong>20 % alennuksella<\/strong>.<\/p>\n<p>&nbsp;<\/p>\n    <\/div>\n  <\/div>\n<\/div>\n\n\n\n<hr class=\"wp-block-separator has-alpha-channel-opacity\"\/>\n","protected":false},"excerpt":{"rendered":"","protected":false},"author":7,"featured_media":11197,"parent":0,"menu_order":79,"comment_status":"closed","ping_status":"closed","template":"","meta":{"_acf_changed":false,"footnotes":""},"class_list":["post-11204","page","type-page","status-publish","has-post-thumbnail","hentry"],"acf":[],"yoast_head":"<!-- This site is optimized with the Yoast SEO Premium plugin v23.4 (Yoast SEO v27.3) - https:\/\/yoast.com\/product\/yoast-seo-premium-wordpress\/ -->\n<title>Tallinnan TV-tornin matkailuautoparkki \u2013 turvallinen pys\u00e4hdyspaikka<\/title>\n<meta name=\"description\" content=\"Tallinnan TV-tornin matkailuautoparkki tarjoaa k\u00e4tev\u00e4n ja turvallisen pys\u00e4hdyspaikan matkailuautoilijoille. Hinta 15 \u20ac\/vrk. Erikoistarjous lipuista!\" \/>\n<meta name=\"robots\" content=\"index, follow, max-snippet:-1, max-image-preview:large, max-video-preview:-1\" \/>\n<link rel=\"canonical\" href=\"https:\/\/teletorn.ee\/fi\/tallinnan-tv-torni-matkailuautoparkki\/\" \/>\n<meta property=\"og:locale\" content=\"fi_FI\" \/>\n<meta property=\"og:type\" content=\"article\" \/>\n<meta property=\"og:title\" content=\"Tallinnan TV-tornin matkailuautoparkki\" \/>\n<meta property=\"og:description\" content=\"Tallinnan TV-tornin matkailuautoparkki tarjoaa k\u00e4tev\u00e4n ja turvallisen pys\u00e4hdyspaikan matkailuautoilijoille. Hinta 15 \u20ac\/vrk. Erikoistarjous lipuista!\" \/>\n<meta property=\"og:url\" content=\"https:\/\/teletorn.ee\/fi\/tallinnan-tv-torni-matkailuautoparkki\/\" \/>\n<meta property=\"og:site_name\" content=\"Teletorn.ee\" \/>\n<meta property=\"article:modified_time\" content=\"2025-10-23T09:03:11+00:00\" \/>\n<meta property=\"og:image\" content=\"https:\/\/teletorn.ee\/wp-content\/uploads\/2025\/09\/teletorn_caravan_560x560_optimized.png\" \/>\n\t<meta property=\"og:image:width\" content=\"560\" \/>\n\t<meta property=\"og:image:height\" content=\"560\" \/>\n\t<meta property=\"og:image:type\" content=\"image\/png\" \/>\n<meta name=\"twitter:card\" content=\"summary_large_image\" \/>\n<meta name=\"twitter:label1\" content=\"Arvioitu lukuaika\" \/>\n\t<meta name=\"twitter:data1\" content=\"1 minuutti\" \/>\n<script type=\"application\/ld+json\" class=\"yoast-schema-graph\">{\"@context\":\"https:\\\/\\\/schema.org\",\"@graph\":[{\"@type\":\"WebPage\",\"@id\":\"https:\\\/\\\/teletorn.ee\\\/fi\\\/tallinnan-tv-torni-matkailuautoparkki\\\/\",\"url\":\"https:\\\/\\\/teletorn.ee\\\/fi\\\/tallinnan-tv-torni-matkailuautoparkki\\\/\",\"name\":\"Tallinnan TV-tornin matkailuautoparkki \u2013 turvallinen pys\u00e4hdyspaikka\",\"isPartOf\":{\"@id\":\"https:\\\/\\\/tt.uptodate.ee\\\/#website\"},\"primaryImageOfPage\":{\"@id\":\"https:\\\/\\\/teletorn.ee\\\/fi\\\/tallinnan-tv-torni-matkailuautoparkki\\\/#primaryimage\"},\"image\":{\"@id\":\"https:\\\/\\\/teletorn.ee\\\/fi\\\/tallinnan-tv-torni-matkailuautoparkki\\\/#primaryimage\"},\"thumbnailUrl\":\"https:\\\/\\\/teletorn.ee\\\/wp-content\\\/uploads\\\/2025\\\/09\\\/teletorn_caravan_560x560_optimized.png\",\"datePublished\":\"2025-09-20T10:21:01+00:00\",\"dateModified\":\"2025-10-23T09:03:11+00:00\",\"description\":\"Tallinnan TV-tornin matkailuautoparkki tarjoaa k\u00e4tev\u00e4n ja turvallisen pys\u00e4hdyspaikan matkailuautoilijoille. Hinta 15 \u20ac\\\/vrk. Erikoistarjous lipuista!\",\"breadcrumb\":{\"@id\":\"https:\\\/\\\/teletorn.ee\\\/fi\\\/tallinnan-tv-torni-matkailuautoparkki\\\/#breadcrumb\"},\"inLanguage\":\"fi\",\"potentialAction\":[{\"@type\":\"ReadAction\",\"target\":[\"https:\\\/\\\/teletorn.ee\\\/fi\\\/tallinnan-tv-torni-matkailuautoparkki\\\/\"]}]},{\"@type\":\"ImageObject\",\"inLanguage\":\"fi\",\"@id\":\"https:\\\/\\\/teletorn.ee\\\/fi\\\/tallinnan-tv-torni-matkailuautoparkki\\\/#primaryimage\",\"url\":\"https:\\\/\\\/teletorn.ee\\\/wp-content\\\/uploads\\\/2025\\\/09\\\/teletorn_caravan_560x560_optimized.png\",\"contentUrl\":\"https:\\\/\\\/teletorn.ee\\\/wp-content\\\/uploads\\\/2025\\\/09\\\/teletorn_caravan_560x560_optimized.png\",\"width\":560,\"height\":560},{\"@type\":\"BreadcrumbList\",\"@id\":\"https:\\\/\\\/teletorn.ee\\\/fi\\\/tallinnan-tv-torni-matkailuautoparkki\\\/#breadcrumb\",\"itemListElement\":[{\"@type\":\"ListItem\",\"position\":1,\"name\":\"Home\",\"item\":\"https:\\\/\\\/teletorn.ee\\\/fi\\\/\"},{\"@type\":\"ListItem\",\"position\":2,\"name\":\"Tallinnan TV-tornin matkailuautoparkki\"}]},{\"@type\":\"WebSite\",\"@id\":\"https:\\\/\\\/tt.uptodate.ee\\\/#website\",\"url\":\"https:\\\/\\\/tt.uptodate.ee\\\/\",\"name\":\"Teletorn.ee\",\"description\":\"\",\"potentialAction\":[{\"@type\":\"SearchAction\",\"target\":{\"@type\":\"EntryPoint\",\"urlTemplate\":\"https:\\\/\\\/tt.uptodate.ee\\\/?s={search_term_string}\"},\"query-input\":{\"@type\":\"PropertyValueSpecification\",\"valueRequired\":true,\"valueName\":\"search_term_string\"}}],\"inLanguage\":\"fi\"}]}<\/script>\n<!-- \/ Yoast SEO Premium plugin. -->","yoast_head_json":{"title":"Tallinnan TV-tornin matkailuautoparkki \u2013 turvallinen pys\u00e4hdyspaikka","description":"Tallinnan TV-tornin matkailuautoparkki tarjoaa k\u00e4tev\u00e4n ja turvallisen pys\u00e4hdyspaikan matkailuautoilijoille. Hinta 15 \u20ac\/vrk. Erikoistarjous lipuista!","robots":{"index":"index","follow":"follow","max-snippet":"max-snippet:-1","max-image-preview":"max-image-preview:large","max-video-preview":"max-video-preview:-1"},"canonical":"https:\/\/teletorn.ee\/fi\/tallinnan-tv-torni-matkailuautoparkki\/","og_locale":"fi_FI","og_type":"article","og_title":"Tallinnan TV-tornin matkailuautoparkki","og_description":"Tallinnan TV-tornin matkailuautoparkki tarjoaa k\u00e4tev\u00e4n ja turvallisen pys\u00e4hdyspaikan matkailuautoilijoille. Hinta 15 \u20ac\/vrk. Erikoistarjous lipuista!","og_url":"https:\/\/teletorn.ee\/fi\/tallinnan-tv-torni-matkailuautoparkki\/","og_site_name":"Teletorn.ee","article_modified_time":"2025-10-23T09:03:11+00:00","og_image":[{"width":560,"height":560,"url":"https:\/\/teletorn.ee\/wp-content\/uploads\/2025\/09\/teletorn_caravan_560x560_optimized.png","type":"image\/png"}],"twitter_card":"summary_large_image","twitter_misc":{"Arvioitu lukuaika":"1 minuutti"},"schema":{"@context":"https:\/\/schema.org","@graph":[{"@type":"WebPage","@id":"https:\/\/teletorn.ee\/fi\/tallinnan-tv-torni-matkailuautoparkki\/","url":"https:\/\/teletorn.ee\/fi\/tallinnan-tv-torni-matkailuautoparkki\/","name":"Tallinnan TV-tornin matkailuautoparkki \u2013 turvallinen pys\u00e4hdyspaikka","isPartOf":{"@id":"https:\/\/tt.uptodate.ee\/#website"},"primaryImageOfPage":{"@id":"https:\/\/teletorn.ee\/fi\/tallinnan-tv-torni-matkailuautoparkki\/#primaryimage"},"image":{"@id":"https:\/\/teletorn.ee\/fi\/tallinnan-tv-torni-matkailuautoparkki\/#primaryimage"},"thumbnailUrl":"https:\/\/teletorn.ee\/wp-content\/uploads\/2025\/09\/teletorn_caravan_560x560_optimized.png","datePublished":"2025-09-20T10:21:01+00:00","dateModified":"2025-10-23T09:03:11+00:00","description":"Tallinnan TV-tornin matkailuautoparkki tarjoaa k\u00e4tev\u00e4n ja turvallisen pys\u00e4hdyspaikan matkailuautoilijoille. Hinta 15 \u20ac\/vrk. Erikoistarjous lipuista!","breadcrumb":{"@id":"https:\/\/teletorn.ee\/fi\/tallinnan-tv-torni-matkailuautoparkki\/#breadcrumb"},"inLanguage":"fi","potentialAction":[{"@type":"ReadAction","target":["https:\/\/teletorn.ee\/fi\/tallinnan-tv-torni-matkailuautoparkki\/"]}]},{"@type":"ImageObject","inLanguage":"fi","@id":"https:\/\/teletorn.ee\/fi\/tallinnan-tv-torni-matkailuautoparkki\/#primaryimage","url":"https:\/\/teletorn.ee\/wp-content\/uploads\/2025\/09\/teletorn_caravan_560x560_optimized.png","contentUrl":"https:\/\/teletorn.ee\/wp-content\/uploads\/2025\/09\/teletorn_caravan_560x560_optimized.png","width":560,"height":560},{"@type":"BreadcrumbList","@id":"https:\/\/teletorn.ee\/fi\/tallinnan-tv-torni-matkailuautoparkki\/#breadcrumb","itemListElement":[{"@type":"ListItem","position":1,"name":"Home","item":"https:\/\/teletorn.ee\/fi\/"},{"@type":"ListItem","position":2,"name":"Tallinnan TV-tornin matkailuautoparkki"}]},{"@type":"WebSite","@id":"https:\/\/tt.uptodate.ee\/#website","url":"https:\/\/tt.uptodate.ee\/","name":"Teletorn.ee","description":"","potentialAction":[{"@type":"SearchAction","target":{"@type":"EntryPoint","urlTemplate":"https:\/\/tt.uptodate.ee\/?s={search_term_string}"},"query-input":{"@type":"PropertyValueSpecification","valueRequired":true,"valueName":"search_term_string"}}],"inLanguage":"fi"}]}},"_links":{"self":[{"href":"https:\/\/teletorn.ee\/fi\/wp-json\/wp\/v2\/pages\/11204","targetHints":{"allow":["GET"]}}],"collection":[{"href":"https:\/\/teletorn.ee\/fi\/wp-json\/wp\/v2\/pages"}],"about":[{"href":"https:\/\/teletorn.ee\/fi\/wp-json\/wp\/v2\/types\/page"}],"author":[{"embeddable":true,"href":"https:\/\/teletorn.ee\/fi\/wp-json\/wp\/v2\/users\/7"}],"replies":[{"embeddable":true,"href":"https:\/\/teletorn.ee\/fi\/wp-json\/wp\/v2\/comments?post=11204"}],"version-history":[{"count":2,"href":"https:\/\/teletorn.ee\/fi\/wp-json\/wp\/v2\/pages\/11204\/revisions"}],"predecessor-version":[{"id":11510,"href":"https:\/\/teletorn.ee\/fi\/wp-json\/wp\/v2\/pages\/11204\/revisions\/11510"}],"wp:featuredmedia":[{"embeddable":true,"href":"https:\/\/teletorn.ee\/fi\/wp-json\/wp\/v2\/media\/11197"}],"wp:attachment":[{"href":"https:\/\/teletorn.ee\/fi\/wp-json\/wp\/v2\/media?parent=11204"}],"curies":[{"name":"wp","href":"https:\/\/api.w.org\/{rel}","templated":true}]}}