{"id":11219,"date":"2025-09-20T15:13:53","date_gmt":"2025-09-20T12:13:53","guid":{"rendered":"https:\/\/teletorn.ee\/?page_id=11219"},"modified":"2025-10-23T11:54:18","modified_gmt":"2025-10-23T08:54:18","slug":"paiva-piritassa","status":"publish","type":"page","link":"https:\/\/teletorn.ee\/fi\/paiva-piritassa\/","title":{"rendered":"P\u00e4iv\u00e4 Piritassa \u2013 Koe enemm\u00e4n kuin vain TV-torni"},"content":{"rendered":"\n<div id=\"block_009cad1cea2c6dbacee5bc101a96d3d8\" class=\"teletorn-banner featured-image\">\n\n  \n\n    \n    \n  <style> #block_009cad1cea2c6dbacee5bc101a96d3d8{ background-image: url(https:\/\/teletorn.ee\/wp-content\/uploads\/2025\/09\/Teletorn_Botaanikaaed_Pirita-klooster_desktop.png)}<\/style>  <style>@media (max-width: 800px) { #block_009cad1cea2c6dbacee5bc101a96d3d8{ background-image: url(https:\/\/teletorn.ee\/wp-content\/uploads\/2025\/09\/Teletorn_Botaanikaaed_Pirita-klooster-716-x-752-px-2-600x752.png)}}<\/style>\n<\/div>\n\n\n\n<div id=\"block_451e6d97469cf8508ced7ccd8239789c\" class=\"narrow-text-block with-inner-padding\" aria-hidden=\"true\">\n  <div class=\"wrap \">\n    <div class=\"wrap-inner\">\n      <h1 style=\"text-align: center;\">P\u00e4iv\u00e4 Piritassa \u2013 Koe enemm\u00e4n kuin vain TV-torni<\/h1>\n<p>Jos suunnittelet vierailua Tallinnan TV-torniin, kannattaa k\u00e4ytt\u00e4\u00e4 tilaisuus hyv\u00e4ksi ja suunnitella p\u00e4iv\u00e4 niin, ett\u00e4 tutustut my\u00f6s <span style=\"color: #0000ff;\"><strong><a style=\"color: #0000ff;\" href=\"https:\/\/www.visittallinn.ee\/fin\/matkailija\/n%C3%A4e-koe\/kaupunginosat\/pirita\" target=\"_blank\" rel=\"noopener\">Piritan alueen<\/a><\/strong><\/span> muihin helmiin. Kun olet jo t\u00e4\u00e4ll\u00e4, l\u00f6ytyy paljon muutakin n\u00e4ht\u00e4v\u00e4\u00e4 ja koettavaa.<\/p>\n<h2>Tallinnan TV-torni<\/h2>\n<p>Aloita p\u00e4iv\u00e4si TV-tornista \u2013 Viron korkeimmasta rakennuksesta, josta avautuvat henke\u00e4salpaavat n\u00e4kym\u00e4t kaupunkiin ja merelle. T\u00e4\u00e4ll\u00e4 odottavat unohtumattomat <span style=\"color: #0000ff;\"><strong><a style=\"color: #0000ff;\" href=\"https:\/\/teletorn.ee\/fi\/elamyksia\/\" target=\"_blank\" rel=\"noopener\">el\u00e4mykset<\/a><\/strong><\/span>: Virtuaalilento, \u00c4\u00e4rell\u00e4k\u00e4vely sek\u00e4 ravintola 175 metrin korkeudessa. Torni yll\u00e4tt\u00e4\u00e4 k\u00e4vij\u00e4t my\u00f6s mielenkiintoisilla n\u00e4yttelyill\u00e4 ja Dolores Hoffmannin lasimaalauksella.<\/p>\n<h2>Tallinnan kasvitieteellinen puutarha<\/h2>\n<p>TV-tornin vieress\u00e4 sijaitsee <span style=\"color: #0000ff;\"><strong><a style=\"color: #0000ff;\" href=\"https:\/\/botaanikaaed.ee\/en\/\" target=\"_blank\" rel=\"noopener\">kasvitieteellinen puutarha<\/a><\/strong><\/span> \u2013 vihre\u00e4 ja rauhallinen keidas. Voit k\u00e4vell\u00e4 monipuolisissa kasvihuoneissa, ihailla kasvikokoelmia eri puolilta maailmaa ja nauttia luonnon kauneudesta ymp\u00e4ri vuoden.<br \/>\nTV-tornin lippukassalta ja <span style=\"color: #0000ff;\"><strong><a style=\"color: #0000ff;\" href=\"https:\/\/teletorn.ee\/fi\/osta-lippu\/\" target=\"_blank\" rel=\"noopener\">verkkokaupasta<\/a><\/strong><\/span> voi ostaa yhdistelm\u00e4lipun, joka on voimassa sek\u00e4 TV-tornissa ett\u00e4 kasvitieteellisess\u00e4 puutarhassa.<\/p>\n<h2>Piritan luostari<\/h2>\n<p>K\u00e4velymatkan p\u00e4\u00e4ss\u00e4, Piritajoen varrella, kohoavat 1400-luvulla rakennetun <span style=\"color: #0000ff;\"><strong><a style=\"color: #0000ff;\" href=\"https:\/\/www.piritaklooster.ee\/?lang=en\" target=\"_blank\" rel=\"noopener\">Piritan luostarin<\/a><\/strong><\/span> rauniot. Se on yksi Viron vaikuttavimmista keskiaikaisista rakennuksista ja tarjoaa rauhallisen sek\u00e4 inspiroivan ymp\u00e4rist\u00f6n.<br \/>\nLiput Piritan luostariin voi ostaa paikan p\u00e4\u00e4lt\u00e4, luostarin portilta.<\/p>\n<h3>Ryhmille: \u201dP\u00e4iv\u00e4 Piritassa\u201d<\/h3>\n<p>V\u00e4hint\u00e4\u00e4n 10 hengen ryhmille tarjoamme erikoispaketin <strong>\u201dYksi lippu \u2013 kolme el\u00e4myst\u00e4\u201d<\/strong>, joka sis\u00e4lt\u00e4\u00e4:<\/p>\n<ul>\n<li>Vierailun Tallinnan TV-tornissa<\/li>\n<li>Vierailun Tallinnan kasvitieteellisess\u00e4 puutarhassa<\/li>\n<li>Vierailun Piritan luostarissa<\/li>\n<\/ul>\n<p>Ryhm\u00e4liput voi varata k\u00e4tev\u00e4sti ottamalla yhteytt\u00e4: teletorn@teletorn.ee<\/p>\n<p>T\u00e4m\u00e4 on t\u00e4ydellinen tapa kokea kulttuuria, historiaa, luontoa ja korkeuksia \u2013 kaikki yhden p\u00e4iv\u00e4n aikana.<\/p>\n<h3>K\u00e4yt\u00e4nn\u00f6n tietoa<\/h3>\n<h4>Sijainnit ja et\u00e4isyydet<\/h4>\n<ul>\n<li>Tallinnan TV-torni \u2013 Kloostrimetsa tee 58a<\/li>\n<li>Tallinnan kasvitieteellinen puutarha \u2013 aivan TV-tornin vieress\u00e4, 2\u20133 minuuttia jalan<\/li>\n<li>Piritan luostari \u2013 noin 2,5 km TV-tornista, 5 minuuttia autolla tai 30 minuuttia jalan pitkin Kloostrimetsan tiet\u00e4 kohti Piritaa<\/li>\n<\/ul>\n<h4>Saapuminen julkisilla<\/h4>\n<ul>\n<li>Bussit nro 34A, 38 ja 48 pys\u00e4htyv\u00e4t TV-tornin ja kasvitieteellisen puutarhan pys\u00e4kill\u00e4<\/li>\n<li>Piritan luostari sijaitsee Piritan keskustan l\u00e4hell\u00e4 ja sinne p\u00e4\u00e4see samoilla bussilinjoilla<\/li>\n<\/ul>\n<h4>Ehdotettu p\u00e4iv\u00e4ohjelma<\/h4>\n<ul>\n<li>Aloita aamusi nauttimalla luonnosta kasvitieteellisess\u00e4 puutarhassa<\/li>\n<li>K\u00e4vele TV-torniin ja koe, kuinka t\u00e4m\u00e4 maamerkki korkeudessaan muuttaa n\u00e4k\u00f6kulmaasi ja tarjoaa unohtumattomia el\u00e4myksi\u00e4<\/li>\n<li>P\u00e4\u00e4t\u00e4 p\u00e4iv\u00e4si Piritan luostarin rauhallisessa ja inspiroivassa ilmapiiriss\u00e4<\/li>\n<\/ul>\n<p><strong>\u00a0<\/strong><\/p>\n    <\/div>\n  <\/div>\n<\/div>\n\n\n\n<hr class=\"wp-block-separator has-alpha-channel-opacity\"\/>\n","protected":false},"excerpt":{"rendered":"","protected":false},"author":7,"featured_media":11215,"parent":0,"menu_order":1,"comment_status":"closed","ping_status":"closed","template":"","meta":{"_acf_changed":false,"footnotes":""},"class_list":["post-11219","page","type-page","status-publish","has-post-thumbnail","hentry"],"acf":[],"yoast_head":"<!-- This site is optimized with the Yoast SEO Premium plugin v23.4 (Yoast SEO v27.3) - https:\/\/yoast.com\/product\/yoast-seo-premium-wordpress\/ -->\n<title>P\u00e4iv\u00e4 Piritassa \u2013 TV-torni, kasvitieteellinen puutarha &amp; luostari<\/title>\n<meta name=\"description\" content=\"Suunnittele unohtumaton p\u00e4iv\u00e4 Piritassa! Vieraile Tallinnan TV-tornissa, tutustu kasvitieteelliseen puutarhaan ja koe Piritan keskiaikainen luostari. Yhdistelm\u00e4liput ja ryhm\u00e4paketit saatavilla.\" \/>\n<meta name=\"robots\" content=\"index, follow, max-snippet:-1, max-image-preview:large, max-video-preview:-1\" \/>\n<link rel=\"canonical\" href=\"https:\/\/teletorn.ee\/fi\/paiva-piritassa\/\" \/>\n<meta property=\"og:locale\" content=\"fi_FI\" \/>\n<meta property=\"og:type\" content=\"article\" \/>\n<meta property=\"og:title\" content=\"P\u00e4iv\u00e4 Piritassa \u2013 Koe enemm\u00e4n kuin vain TV-torni\" \/>\n<meta property=\"og:description\" content=\"Suunnittele unohtumaton p\u00e4iv\u00e4 Piritassa! Vieraile Tallinnan TV-tornissa, tutustu kasvitieteelliseen puutarhaan ja koe Piritan keskiaikainen luostari. Yhdistelm\u00e4liput ja ryhm\u00e4paketit saatavilla.\" \/>\n<meta property=\"og:url\" content=\"https:\/\/teletorn.ee\/fi\/paiva-piritassa\/\" \/>\n<meta property=\"og:site_name\" content=\"Teletorn.ee\" \/>\n<meta property=\"article:modified_time\" content=\"2025-10-23T08:54:18+00:00\" \/>\n<meta property=\"og:image\" content=\"https:\/\/teletorn.ee\/wp-content\/uploads\/2025\/09\/Teletorn_Botaanikaaed_Pirita-klooster-560-x-560-px.png\" \/>\n\t<meta property=\"og:image:width\" content=\"560\" \/>\n\t<meta property=\"og:image:height\" content=\"560\" \/>\n\t<meta property=\"og:image:type\" content=\"image\/png\" \/>\n<meta name=\"twitter:card\" content=\"summary_large_image\" \/>\n<meta name=\"twitter:label1\" content=\"Arvioitu lukuaika\" \/>\n\t<meta name=\"twitter:data1\" content=\"1 minuutti\" \/>\n<script type=\"application\/ld+json\" class=\"yoast-schema-graph\">{\"@context\":\"https:\\\/\\\/schema.org\",\"@graph\":[{\"@type\":\"WebPage\",\"@id\":\"https:\\\/\\\/teletorn.ee\\\/fi\\\/paiva-piritassa\\\/\",\"url\":\"https:\\\/\\\/teletorn.ee\\\/fi\\\/paiva-piritassa\\\/\",\"name\":\"P\u00e4iv\u00e4 Piritassa \u2013 TV-torni, kasvitieteellinen puutarha & luostari\",\"isPartOf\":{\"@id\":\"https:\\\/\\\/tt.uptodate.ee\\\/#website\"},\"primaryImageOfPage\":{\"@id\":\"https:\\\/\\\/teletorn.ee\\\/fi\\\/paiva-piritassa\\\/#primaryimage\"},\"image\":{\"@id\":\"https:\\\/\\\/teletorn.ee\\\/fi\\\/paiva-piritassa\\\/#primaryimage\"},\"thumbnailUrl\":\"https:\\\/\\\/teletorn.ee\\\/wp-content\\\/uploads\\\/2025\\\/09\\\/Teletorn_Botaanikaaed_Pirita-klooster-560-x-560-px.png\",\"datePublished\":\"2025-09-20T12:13:53+00:00\",\"dateModified\":\"2025-10-23T08:54:18+00:00\",\"description\":\"Suunnittele unohtumaton p\u00e4iv\u00e4 Piritassa! Vieraile Tallinnan TV-tornissa, tutustu kasvitieteelliseen puutarhaan ja koe Piritan keskiaikainen luostari. Yhdistelm\u00e4liput ja ryhm\u00e4paketit saatavilla.\",\"breadcrumb\":{\"@id\":\"https:\\\/\\\/teletorn.ee\\\/fi\\\/paiva-piritassa\\\/#breadcrumb\"},\"inLanguage\":\"fi\",\"potentialAction\":[{\"@type\":\"ReadAction\",\"target\":[\"https:\\\/\\\/teletorn.ee\\\/fi\\\/paiva-piritassa\\\/\"]}]},{\"@type\":\"ImageObject\",\"inLanguage\":\"fi\",\"@id\":\"https:\\\/\\\/teletorn.ee\\\/fi\\\/paiva-piritassa\\\/#primaryimage\",\"url\":\"https:\\\/\\\/teletorn.ee\\\/wp-content\\\/uploads\\\/2025\\\/09\\\/Teletorn_Botaanikaaed_Pirita-klooster-560-x-560-px.png\",\"contentUrl\":\"https:\\\/\\\/teletorn.ee\\\/wp-content\\\/uploads\\\/2025\\\/09\\\/Teletorn_Botaanikaaed_Pirita-klooster-560-x-560-px.png\",\"width\":560,\"height\":560},{\"@type\":\"BreadcrumbList\",\"@id\":\"https:\\\/\\\/teletorn.ee\\\/fi\\\/paiva-piritassa\\\/#breadcrumb\",\"itemListElement\":[{\"@type\":\"ListItem\",\"position\":1,\"name\":\"Home\",\"item\":\"https:\\\/\\\/teletorn.ee\\\/fi\\\/\"},{\"@type\":\"ListItem\",\"position\":2,\"name\":\"P\u00e4iv\u00e4 Piritassa \u2013 Koe enemm\u00e4n kuin vain TV-torni\"}]},{\"@type\":\"WebSite\",\"@id\":\"https:\\\/\\\/tt.uptodate.ee\\\/#website\",\"url\":\"https:\\\/\\\/tt.uptodate.ee\\\/\",\"name\":\"Teletorn.ee\",\"description\":\"\",\"potentialAction\":[{\"@type\":\"SearchAction\",\"target\":{\"@type\":\"EntryPoint\",\"urlTemplate\":\"https:\\\/\\\/tt.uptodate.ee\\\/?s={search_term_string}\"},\"query-input\":{\"@type\":\"PropertyValueSpecification\",\"valueRequired\":true,\"valueName\":\"search_term_string\"}}],\"inLanguage\":\"fi\"}]}<\/script>\n<!-- \/ Yoast SEO Premium plugin. -->","yoast_head_json":{"title":"P\u00e4iv\u00e4 Piritassa \u2013 TV-torni, kasvitieteellinen puutarha & luostari","description":"Suunnittele unohtumaton p\u00e4iv\u00e4 Piritassa! Vieraile Tallinnan TV-tornissa, tutustu kasvitieteelliseen puutarhaan ja koe Piritan keskiaikainen luostari. Yhdistelm\u00e4liput ja ryhm\u00e4paketit saatavilla.","robots":{"index":"index","follow":"follow","max-snippet":"max-snippet:-1","max-image-preview":"max-image-preview:large","max-video-preview":"max-video-preview:-1"},"canonical":"https:\/\/teletorn.ee\/fi\/paiva-piritassa\/","og_locale":"fi_FI","og_type":"article","og_title":"P\u00e4iv\u00e4 Piritassa \u2013 Koe enemm\u00e4n kuin vain TV-torni","og_description":"Suunnittele unohtumaton p\u00e4iv\u00e4 Piritassa! Vieraile Tallinnan TV-tornissa, tutustu kasvitieteelliseen puutarhaan ja koe Piritan keskiaikainen luostari. Yhdistelm\u00e4liput ja ryhm\u00e4paketit saatavilla.","og_url":"https:\/\/teletorn.ee\/fi\/paiva-piritassa\/","og_site_name":"Teletorn.ee","article_modified_time":"2025-10-23T08:54:18+00:00","og_image":[{"width":560,"height":560,"url":"https:\/\/teletorn.ee\/wp-content\/uploads\/2025\/09\/Teletorn_Botaanikaaed_Pirita-klooster-560-x-560-px.png","type":"image\/png"}],"twitter_card":"summary_large_image","twitter_misc":{"Arvioitu lukuaika":"1 minuutti"},"schema":{"@context":"https:\/\/schema.org","@graph":[{"@type":"WebPage","@id":"https:\/\/teletorn.ee\/fi\/paiva-piritassa\/","url":"https:\/\/teletorn.ee\/fi\/paiva-piritassa\/","name":"P\u00e4iv\u00e4 Piritassa \u2013 TV-torni, kasvitieteellinen puutarha & luostari","isPartOf":{"@id":"https:\/\/tt.uptodate.ee\/#website"},"primaryImageOfPage":{"@id":"https:\/\/teletorn.ee\/fi\/paiva-piritassa\/#primaryimage"},"image":{"@id":"https:\/\/teletorn.ee\/fi\/paiva-piritassa\/#primaryimage"},"thumbnailUrl":"https:\/\/teletorn.ee\/wp-content\/uploads\/2025\/09\/Teletorn_Botaanikaaed_Pirita-klooster-560-x-560-px.png","datePublished":"2025-09-20T12:13:53+00:00","dateModified":"2025-10-23T08:54:18+00:00","description":"Suunnittele unohtumaton p\u00e4iv\u00e4 Piritassa! Vieraile Tallinnan TV-tornissa, tutustu kasvitieteelliseen puutarhaan ja koe Piritan keskiaikainen luostari. Yhdistelm\u00e4liput ja ryhm\u00e4paketit saatavilla.","breadcrumb":{"@id":"https:\/\/teletorn.ee\/fi\/paiva-piritassa\/#breadcrumb"},"inLanguage":"fi","potentialAction":[{"@type":"ReadAction","target":["https:\/\/teletorn.ee\/fi\/paiva-piritassa\/"]}]},{"@type":"ImageObject","inLanguage":"fi","@id":"https:\/\/teletorn.ee\/fi\/paiva-piritassa\/#primaryimage","url":"https:\/\/teletorn.ee\/wp-content\/uploads\/2025\/09\/Teletorn_Botaanikaaed_Pirita-klooster-560-x-560-px.png","contentUrl":"https:\/\/teletorn.ee\/wp-content\/uploads\/2025\/09\/Teletorn_Botaanikaaed_Pirita-klooster-560-x-560-px.png","width":560,"height":560},{"@type":"BreadcrumbList","@id":"https:\/\/teletorn.ee\/fi\/paiva-piritassa\/#breadcrumb","itemListElement":[{"@type":"ListItem","position":1,"name":"Home","item":"https:\/\/teletorn.ee\/fi\/"},{"@type":"ListItem","position":2,"name":"P\u00e4iv\u00e4 Piritassa \u2013 Koe enemm\u00e4n kuin vain TV-torni"}]},{"@type":"WebSite","@id":"https:\/\/tt.uptodate.ee\/#website","url":"https:\/\/tt.uptodate.ee\/","name":"Teletorn.ee","description":"","potentialAction":[{"@type":"SearchAction","target":{"@type":"EntryPoint","urlTemplate":"https:\/\/tt.uptodate.ee\/?s={search_term_string}"},"query-input":{"@type":"PropertyValueSpecification","valueRequired":true,"valueName":"search_term_string"}}],"inLanguage":"fi"}]}},"_links":{"self":[{"href":"https:\/\/teletorn.ee\/fi\/wp-json\/wp\/v2\/pages\/11219","targetHints":{"allow":["GET"]}}],"collection":[{"href":"https:\/\/teletorn.ee\/fi\/wp-json\/wp\/v2\/pages"}],"about":[{"href":"https:\/\/teletorn.ee\/fi\/wp-json\/wp\/v2\/types\/page"}],"author":[{"embeddable":true,"href":"https:\/\/teletorn.ee\/fi\/wp-json\/wp\/v2\/users\/7"}],"replies":[{"embeddable":true,"href":"https:\/\/teletorn.ee\/fi\/wp-json\/wp\/v2\/comments?post=11219"}],"version-history":[{"count":2,"href":"https:\/\/teletorn.ee\/fi\/wp-json\/wp\/v2\/pages\/11219\/revisions"}],"predecessor-version":[{"id":11509,"href":"https:\/\/teletorn.ee\/fi\/wp-json\/wp\/v2\/pages\/11219\/revisions\/11509"}],"wp:featuredmedia":[{"embeddable":true,"href":"https:\/\/teletorn.ee\/fi\/wp-json\/wp\/v2\/media\/11215"}],"wp:attachment":[{"href":"https:\/\/teletorn.ee\/fi\/wp-json\/wp\/v2\/media?parent=11219"}],"curies":[{"name":"wp","href":"https:\/\/api.w.org\/{rel}","templated":true}]}}