{"id":1685,"date":"2024-06-03T11:12:42","date_gmt":"2024-06-03T08:12:42","guid":{"rendered":"https:\/\/tt.uptodate.ee\/dronen-lennattaminen\/"},"modified":"2024-12-02T12:08:04","modified_gmt":"2024-12-02T10:08:04","slug":"dronen-lennattaminen","status":"publish","type":"page","link":"https:\/\/teletorn.ee\/fi\/dronen-lennattaminen\/","title":{"rendered":"Kuvaaminen, valokuvaus, dronen lenn\u00e4tt\u00e4minen, TV-tornin valaistus"},"content":{"rendered":"\n<div id=\"block_f3a48dd0ab36ac98c070784c01518529\" class=\"teletorn-banner featured-image\">\n\n  \n\n    \n    \n  <style> #block_f3a48dd0ab36ac98c070784c01518529{ background-image: url(https:\/\/teletorn.ee\/wp-content\/uploads\/2024\/06\/Troon_closeup_full_size_Tarvo-Tiivits_2024.jpg)}<\/style>  <style>@media (max-width: 800px) { #block_f3a48dd0ab36ac98c070784c01518529{ background-image: url(https:\/\/teletorn.ee\/wp-content\/uploads\/2024\/06\/Teletorn-droonide-lennutamine.jpg)}}<\/style>\n<\/div>\n\n\n\n<div id=\"block_26d967ff0530aa108d43f1611561c612\" class=\"narrow-text-block with-inner-padding\" aria-hidden=\"true\">\n  <div class=\"wrap \">\n    <div class=\"wrap-inner\">\n      <h2 style=\"text-align: center;\">Kuvaaminen ja valokuvaus<\/h2>\n<p><span style=\"font-weight: 400;\">Omak\u00e4ytt\u00f6\u00f6n valokuvaaminen ja videokuvaaminen Tallinnan TV-tornissa on sallittu ilmaiseksi (vaikka vuokraisit valokuvaajan perhetapahtumien kuvaamiseen) \u2013 tarvitset vain TV-tornin p\u00e4\u00e4symaksun.<\/span><\/p>\n<p><span style=\"font-weight: 400;\">Kaupallisiin tarkoituksiin valokuvaaminen ja kuvaaminen on sallittu vain etuk\u00e4teen sovittaessa Tallinnan TV-tornin kanssa seuraavan hinnaston mukaisesti:<\/span><\/p>\n<ul>\n<li><span style=\"font-weight: 400;\">100 \u20ac \u2013 valokuvaus 1 tunti;<\/span><\/li>\n<li>230 \u20ac \u2013 videokuvaus 1 tunti.<\/li>\n<\/ul>\n<p>Riippuen kuvausten luonteesta, hinnaston mukaiseen hintaan voidaan lis\u00e4t\u00e4 seuraavat:<\/p>\n<ul>\n<li>kuvauksessa paikalla olevan vastuullisen TV-tornin edustajan palkka;<\/li>\n<li>yksityisyyskerroin, joka riippuu ajasta, jolloin TV-torni on suljettu vierailijoilta.<\/li>\n<\/ul>\n<p><span style=\"font-weight: 400;\">Kuvattava tai kuvattava materiaali:<\/span><\/p>\n<ul>\n<li style=\"font-weight: 400;\" aria-level=\"1\"><span style=\"font-weight: 400;\">ei saa sis\u00e4lt\u00e4\u00e4 alkoholi- tai tupakkatuotteiden mainontaa;<\/span><\/li>\n<li style=\"font-weight: 400;\" aria-level=\"1\"><span style=\"font-weight: 400;\">ei saa olla poliittista mainontaa;<\/span><\/li>\n<li style=\"font-weight: 400;\" aria-level=\"1\"><span style=\"font-weight: 400;\">ei saa sis\u00e4lt\u00e4\u00e4 viestej\u00e4, joita voidaan pit\u00e4\u00e4 kansallisuuden (etnisen alkuper\u00e4n), rodun, ihonv\u00e4rin, uskonnon tai vakaumuksen, i\u00e4n, vamman tai seksuaalisen suuntautumisen perusteella syrjiv\u00e4n\u00e4;<\/span><\/li>\n<li style=\"font-weight: 400;\" aria-level=\"1\"><span style=\"font-weight: 400;\">ei saa vahingoittaa Tallinnan TV-tornis\u00e4\u00e4ti\u00f6n mainetta.<\/span><\/li>\n<\/ul>\n<h2 style=\"text-align: center;\">Dronen lenn\u00e4tt\u00e4minen<\/h2>\n<p>Droonien lenn\u00e4tt\u00e4minen Tallinnan TV-tornin alueella on sovittava etuk\u00e4teen Tallinnan TV-torni s\u00e4\u00e4ti\u00f6n kanssa. Sovittelun saamiseksi l\u00e4het\u00e4 asiaankuuluva pyynt\u00f6 ilmoittaen kuka, miksi tarkoituksella, mihin p\u00e4iv\u00e4\u00e4n ja mihin aikaan haluaa lenn\u00e4tt\u00e4\u00e4 dronea televisiotornin alueella s\u00e4hk\u00f6postiosoitteeseen: <a href=\"mailto:jyri.kriisemann@teletorn.ee\">jyri.kriisemann@teletorn.ee<\/a>. TV-tornin henkil\u00f6kunnalla on oikeus tarkistaa sovittelun olemassaolo.<\/p>\n<p>Lent\u00e4minen ihmisjoukkojen ja ulkopuolisten henkil\u00f6iden yl\u00e4puolella on kielletty. Dronen lenn\u00e4tt\u00e4j\u00e4ll\u00e4 on oltava tarvittava p\u00e4tevyys.<\/p>\n<p>Ennen lennon aloittamista on pakollista perehty\u00e4 alueen nykyisiin rajoituksiin. Maantieteelliset alueet on merkitty dronen lent\u00e4jille tarkoitettuun sovellukseen, joka l\u00f6ytyy osoitteesta <a href=\"https:\/\/utm.eans.ee\/avm\/\">https:\/\/utm.eans.ee\/avm\/<\/a>.<\/p>\n<p>Voit rekister\u00f6ity\u00e4 miehitt\u00e4m\u00e4tt\u00f6m\u00e4n ilmailun toimijaksi t\u00e4\u00e4ll\u00e4: <a href=\"https:\/\/lois.transpordiamet.ee\">https:\/\/lois.transpordiamet.ee<\/a>.<\/p>\n<p><span style=\"font-weight: 400;\">Jos sinulla on kysytt\u00e4v\u00e4\u00e4, ota yhteytt\u00e4 <\/span><a href=\"mailto:tiiu.vilbrant@teletorn.ee\"><span style=\"font-weight: 400;\">tiiu.vilbrant@teletorn.ee<\/span><\/a><span style=\"font-weight: 400;\">.<\/span><\/p>\n<h2 style=\"text-align: center;\"><strong>Tallinnan TV-tornin valaistus \u2013 Anna viestisi loistaa valon avulla!<\/strong><\/h2>\n<p>Tallinnan TV-torni tarjoaa mahdollisuuden valaista torni eri v\u00e4reill\u00e4 t\u00e4rkeiden aloitteiden tukemiseksi tai erityisen viestin jakamiseksi. T\u00e4m\u00e4 valaistusratkaisu luo vaikuttavan ja tunteita her\u00e4tt\u00e4v\u00e4n el\u00e4myksen, joka j\u00e4\u00e4 mieleen.<\/p>\n<p><strong>Valaistuspalvelun tavoitteet:<\/strong><\/p>\n<ul>\n<li>Sosiaalisten aloitteiden ja merkkip\u00e4ivien esille tuominen: Olemme valaissut tornin esimerkiksi vaaleanpunaiseksi rintasy\u00f6p\u00e4tietoisuuden kuukauden aikana ja siniseksi maailman diabeteksen p\u00e4iv\u00e4n\u00e4.<\/li>\n<li>Kansallisten juhlap\u00e4ivien juhlistaminen: Esimerkiksi Suomen kansallisp\u00e4iv\u00e4n\u00e4 valaistiin torni sinivalkoiseksi naapurimaan kunniaksi.<\/li>\n<\/ul>\n<p><strong>Kenelle palvelu on tarkoitettu?<\/strong><\/p>\n<ul>\n<li>Yritykset ja organisaatiot, jotka haluavat tukea t\u00e4rkeit\u00e4 aloitteita tai juhlistaa erityisi\u00e4 merkkip\u00e4ivi\u00e4.<\/li>\n<li>Valtiot ja yhteis\u00f6t, jotka haluavat jakaa iloa tai juhlistaa merkitt\u00e4vi\u00e4 tapahtumia.<\/li>\n<\/ul>\n<p><strong>Kuinka tehd\u00e4 pyynt\u00f6?<\/strong><\/p>\n<p>L\u00e4het\u00e4 meille pyynt\u00f6si, jossa kerrot seuraavat tiedot:<\/p>\n<ol>\n<li>Viestin tarkoitus ja haluamasi v\u00e4rit.<\/li>\n<li>Tapahtuman p\u00e4iv\u00e4m\u00e4\u00e4r\u00e4 ja kellonaika.<\/li>\n<li>Valaistuksen kesto.<\/li>\n<\/ol>\n<p>\ud83d\udce9 Kerro meille toiveistasi l\u00e4hett\u00e4m\u00e4ll\u00e4 s\u00e4hk\u00f6postia osoitteeseen <strong>tiiu.vilbrant@teletorn.ee<\/strong> v\u00e4hint\u00e4\u00e4n viikkoa ennen tapahtumaa, jotta voimme taata sujuvan j\u00e4rjestelyn.<\/p>\n<p><strong>Annetaan viestisi loistaa yhdess\u00e4!<\/strong><\/p>\n<p>&nbsp;<\/p>\n    <\/div>\n  <\/div>\n<\/div>\n","protected":false},"excerpt":{"rendered":"","protected":false},"author":7,"featured_media":1792,"parent":0,"menu_order":50,"comment_status":"closed","ping_status":"closed","template":"","meta":{"_acf_changed":false,"footnotes":""},"class_list":["post-1685","page","type-page","status-publish","has-post-thumbnail","hentry"],"acf":[],"yoast_head":"<!-- This site is optimized with the Yoast SEO Premium plugin v23.4 (Yoast SEO v27.3) - https:\/\/yoast.com\/product\/yoast-seo-premium-wordpress\/ -->\n<title>Kuvaaminen, valokuvaus, dronen lenn\u00e4tt\u00e4minen, TV-tornin valaistus - Teletorn.ee<\/title>\n<meta name=\"description\" content=\"Kaikki dronen toiminta Tallinnan TV-tornin alueella on sovittava etuk\u00e4teen kirjallisesti Tallinnan TV-tornin kanssa.\" \/>\n<meta name=\"robots\" content=\"index, follow, max-snippet:-1, max-image-preview:large, max-video-preview:-1\" \/>\n<link rel=\"canonical\" href=\"https:\/\/teletorn.ee\/fi\/dronen-lennattaminen\/\" \/>\n<meta property=\"og:locale\" content=\"fi_FI\" \/>\n<meta property=\"og:type\" content=\"article\" \/>\n<meta property=\"og:title\" content=\"Kuvaaminen, valokuvaus, dronen lenn\u00e4tt\u00e4minen, TV-tornin valaistus\" \/>\n<meta property=\"og:description\" content=\"Kaikki dronen toiminta Tallinnan TV-tornin alueella on sovittava etuk\u00e4teen kirjallisesti Tallinnan TV-tornin kanssa.\" \/>\n<meta property=\"og:url\" content=\"https:\/\/teletorn.ee\/fi\/dronen-lennattaminen\/\" \/>\n<meta property=\"og:site_name\" content=\"Teletorn.ee\" \/>\n<meta property=\"article:modified_time\" content=\"2024-12-02T10:08:04+00:00\" \/>\n<meta property=\"og:image\" content=\"https:\/\/teletorn.ee\/wp-content\/uploads\/2024\/06\/Troon_closeup_full_size_Tarvo-Tiivits_2024.jpg\" \/>\n\t<meta property=\"og:image:width\" content=\"1440\" \/>\n\t<meta property=\"og:image:height\" content=\"560\" \/>\n\t<meta property=\"og:image:type\" content=\"image\/jpeg\" \/>\n<meta name=\"twitter:card\" content=\"summary_large_image\" \/>\n<meta name=\"twitter:label1\" content=\"Arvioitu lukuaika\" \/>\n\t<meta name=\"twitter:data1\" content=\"1 minuutti\" \/>\n<script type=\"application\/ld+json\" class=\"yoast-schema-graph\">{\"@context\":\"https:\\\/\\\/schema.org\",\"@graph\":[{\"@type\":\"WebPage\",\"@id\":\"https:\\\/\\\/teletorn.ee\\\/fi\\\/dronen-lennattaminen\\\/\",\"url\":\"https:\\\/\\\/teletorn.ee\\\/fi\\\/dronen-lennattaminen\\\/\",\"name\":\"Kuvaaminen, valokuvaus, dronen lenn\u00e4tt\u00e4minen, TV-tornin valaistus - Teletorn.ee\",\"isPartOf\":{\"@id\":\"https:\\\/\\\/tt.uptodate.ee\\\/#website\"},\"primaryImageOfPage\":{\"@id\":\"https:\\\/\\\/teletorn.ee\\\/fi\\\/dronen-lennattaminen\\\/#primaryimage\"},\"image\":{\"@id\":\"https:\\\/\\\/teletorn.ee\\\/fi\\\/dronen-lennattaminen\\\/#primaryimage\"},\"thumbnailUrl\":\"https:\\\/\\\/teletorn.ee\\\/wp-content\\\/uploads\\\/2024\\\/06\\\/Troon_closeup_full_size_Tarvo-Tiivits_2024.jpg\",\"datePublished\":\"2024-06-03T08:12:42+00:00\",\"dateModified\":\"2024-12-02T10:08:04+00:00\",\"description\":\"Kaikki dronen toiminta Tallinnan TV-tornin alueella on sovittava etuk\u00e4teen kirjallisesti Tallinnan TV-tornin kanssa.\",\"breadcrumb\":{\"@id\":\"https:\\\/\\\/teletorn.ee\\\/fi\\\/dronen-lennattaminen\\\/#breadcrumb\"},\"inLanguage\":\"fi\",\"potentialAction\":[{\"@type\":\"ReadAction\",\"target\":[\"https:\\\/\\\/teletorn.ee\\\/fi\\\/dronen-lennattaminen\\\/\"]}]},{\"@type\":\"ImageObject\",\"inLanguage\":\"fi\",\"@id\":\"https:\\\/\\\/teletorn.ee\\\/fi\\\/dronen-lennattaminen\\\/#primaryimage\",\"url\":\"https:\\\/\\\/teletorn.ee\\\/wp-content\\\/uploads\\\/2024\\\/06\\\/Troon_closeup_full_size_Tarvo-Tiivits_2024.jpg\",\"contentUrl\":\"https:\\\/\\\/teletorn.ee\\\/wp-content\\\/uploads\\\/2024\\\/06\\\/Troon_closeup_full_size_Tarvo-Tiivits_2024.jpg\",\"width\":1440,\"height\":560,\"caption\":\"Drone on TV-tornin etuaukiolla\"},{\"@type\":\"BreadcrumbList\",\"@id\":\"https:\\\/\\\/teletorn.ee\\\/fi\\\/dronen-lennattaminen\\\/#breadcrumb\",\"itemListElement\":[{\"@type\":\"ListItem\",\"position\":1,\"name\":\"Home\",\"item\":\"https:\\\/\\\/teletorn.ee\\\/fi\\\/\"},{\"@type\":\"ListItem\",\"position\":2,\"name\":\"Kuvaaminen, valokuvaus, dronen lenn\u00e4tt\u00e4minen, TV-tornin valaistus\"}]},{\"@type\":\"WebSite\",\"@id\":\"https:\\\/\\\/tt.uptodate.ee\\\/#website\",\"url\":\"https:\\\/\\\/tt.uptodate.ee\\\/\",\"name\":\"Teletorn.ee\",\"description\":\"\",\"potentialAction\":[{\"@type\":\"SearchAction\",\"target\":{\"@type\":\"EntryPoint\",\"urlTemplate\":\"https:\\\/\\\/tt.uptodate.ee\\\/?s={search_term_string}\"},\"query-input\":{\"@type\":\"PropertyValueSpecification\",\"valueRequired\":true,\"valueName\":\"search_term_string\"}}],\"inLanguage\":\"fi\"}]}<\/script>\n<!-- \/ Yoast SEO Premium plugin. -->","yoast_head_json":{"title":"Kuvaaminen, valokuvaus, dronen lenn\u00e4tt\u00e4minen, TV-tornin valaistus - Teletorn.ee","description":"Kaikki dronen toiminta Tallinnan TV-tornin alueella on sovittava etuk\u00e4teen kirjallisesti Tallinnan TV-tornin kanssa.","robots":{"index":"index","follow":"follow","max-snippet":"max-snippet:-1","max-image-preview":"max-image-preview:large","max-video-preview":"max-video-preview:-1"},"canonical":"https:\/\/teletorn.ee\/fi\/dronen-lennattaminen\/","og_locale":"fi_FI","og_type":"article","og_title":"Kuvaaminen, valokuvaus, dronen lenn\u00e4tt\u00e4minen, TV-tornin valaistus","og_description":"Kaikki dronen toiminta Tallinnan TV-tornin alueella on sovittava etuk\u00e4teen kirjallisesti Tallinnan TV-tornin kanssa.","og_url":"https:\/\/teletorn.ee\/fi\/dronen-lennattaminen\/","og_site_name":"Teletorn.ee","article_modified_time":"2024-12-02T10:08:04+00:00","og_image":[{"width":1440,"height":560,"url":"https:\/\/teletorn.ee\/wp-content\/uploads\/2024\/06\/Troon_closeup_full_size_Tarvo-Tiivits_2024.jpg","type":"image\/jpeg"}],"twitter_card":"summary_large_image","twitter_misc":{"Arvioitu lukuaika":"1 minuutti"},"schema":{"@context":"https:\/\/schema.org","@graph":[{"@type":"WebPage","@id":"https:\/\/teletorn.ee\/fi\/dronen-lennattaminen\/","url":"https:\/\/teletorn.ee\/fi\/dronen-lennattaminen\/","name":"Kuvaaminen, valokuvaus, dronen lenn\u00e4tt\u00e4minen, TV-tornin valaistus - Teletorn.ee","isPartOf":{"@id":"https:\/\/tt.uptodate.ee\/#website"},"primaryImageOfPage":{"@id":"https:\/\/teletorn.ee\/fi\/dronen-lennattaminen\/#primaryimage"},"image":{"@id":"https:\/\/teletorn.ee\/fi\/dronen-lennattaminen\/#primaryimage"},"thumbnailUrl":"https:\/\/teletorn.ee\/wp-content\/uploads\/2024\/06\/Troon_closeup_full_size_Tarvo-Tiivits_2024.jpg","datePublished":"2024-06-03T08:12:42+00:00","dateModified":"2024-12-02T10:08:04+00:00","description":"Kaikki dronen toiminta Tallinnan TV-tornin alueella on sovittava etuk\u00e4teen kirjallisesti Tallinnan TV-tornin kanssa.","breadcrumb":{"@id":"https:\/\/teletorn.ee\/fi\/dronen-lennattaminen\/#breadcrumb"},"inLanguage":"fi","potentialAction":[{"@type":"ReadAction","target":["https:\/\/teletorn.ee\/fi\/dronen-lennattaminen\/"]}]},{"@type":"ImageObject","inLanguage":"fi","@id":"https:\/\/teletorn.ee\/fi\/dronen-lennattaminen\/#primaryimage","url":"https:\/\/teletorn.ee\/wp-content\/uploads\/2024\/06\/Troon_closeup_full_size_Tarvo-Tiivits_2024.jpg","contentUrl":"https:\/\/teletorn.ee\/wp-content\/uploads\/2024\/06\/Troon_closeup_full_size_Tarvo-Tiivits_2024.jpg","width":1440,"height":560,"caption":"Drone on TV-tornin etuaukiolla"},{"@type":"BreadcrumbList","@id":"https:\/\/teletorn.ee\/fi\/dronen-lennattaminen\/#breadcrumb","itemListElement":[{"@type":"ListItem","position":1,"name":"Home","item":"https:\/\/teletorn.ee\/fi\/"},{"@type":"ListItem","position":2,"name":"Kuvaaminen, valokuvaus, dronen lenn\u00e4tt\u00e4minen, TV-tornin valaistus"}]},{"@type":"WebSite","@id":"https:\/\/tt.uptodate.ee\/#website","url":"https:\/\/tt.uptodate.ee\/","name":"Teletorn.ee","description":"","potentialAction":[{"@type":"SearchAction","target":{"@type":"EntryPoint","urlTemplate":"https:\/\/tt.uptodate.ee\/?s={search_term_string}"},"query-input":{"@type":"PropertyValueSpecification","valueRequired":true,"valueName":"search_term_string"}}],"inLanguage":"fi"}]}},"_links":{"self":[{"href":"https:\/\/teletorn.ee\/fi\/wp-json\/wp\/v2\/pages\/1685","targetHints":{"allow":["GET"]}}],"collection":[{"href":"https:\/\/teletorn.ee\/fi\/wp-json\/wp\/v2\/pages"}],"about":[{"href":"https:\/\/teletorn.ee\/fi\/wp-json\/wp\/v2\/types\/page"}],"author":[{"embeddable":true,"href":"https:\/\/teletorn.ee\/fi\/wp-json\/wp\/v2\/users\/7"}],"replies":[{"embeddable":true,"href":"https:\/\/teletorn.ee\/fi\/wp-json\/wp\/v2\/comments?post=1685"}],"version-history":[{"count":2,"href":"https:\/\/teletorn.ee\/fi\/wp-json\/wp\/v2\/pages\/1685\/revisions"}],"predecessor-version":[{"id":8200,"href":"https:\/\/teletorn.ee\/fi\/wp-json\/wp\/v2\/pages\/1685\/revisions\/8200"}],"wp:featuredmedia":[{"embeddable":true,"href":"https:\/\/teletorn.ee\/fi\/wp-json\/wp\/v2\/media\/1792"}],"wp:attachment":[{"href":"https:\/\/teletorn.ee\/fi\/wp-json\/wp\/v2\/media?parent=1685"}],"curies":[{"name":"wp","href":"https:\/\/api.w.org\/{rel}","templated":true}]}}