{"id":1691,"date":"2024-05-27T20:52:34","date_gmt":"2024-05-27T17:52:34","guid":{"rendered":"https:\/\/tt.uptodate.ee\/vierailu-tv-tornissa-lasten-kanssa\/"},"modified":"2024-07-08T10:06:01","modified_gmt":"2024-07-08T07:06:01","slug":"vierailu-tv-tornissa-lasten-kanssa","status":"publish","type":"page","link":"https:\/\/teletorn.ee\/fi\/vierailu-tv-tornissa-lasten-kanssa\/","title":{"rendered":"Vierailu TV-tornissa lasten kanssa"},"content":{"rendered":"\n<div id=\"block_0873fe1d296455478a8984a3841d6cc0\" class=\"teletorn-banner featured-image\">\n\n  \n\n    \n    \n  <style> #block_0873fe1d296455478a8984a3841d6cc0{ background-image: url(https:\/\/teletorn.ee\/wp-content\/uploads\/2024\/06\/yrtitus_hooviala_manguvaljak007_full_size_Tarvo-Tiivits_2024.jpg)}<\/style>  <style>@media (max-width: 800px) { #block_0873fe1d296455478a8984a3841d6cc0{ background-image: url(https:\/\/teletorn.ee\/wp-content\/uploads\/2024\/06\/Lastega-Teletornis-2.jpg)}}<\/style>\n<\/div>\n\n\n\n<div id=\"block_59c7a181df1e0f213dadc38d4e535a0d\" class=\"narrow-text-block with-inner-padding\" aria-hidden=\"true\">\n  <div class=\"wrap \">\n    <div class=\"wrap-inner\">\n      <h1 style=\"text-align: center;\">Vierailu TV-tornissa lasten kanssa<\/h1>\n<h2>Tutustu maailmaan korkeuksista maahan asti<\/h2>\n<p>Etsitk\u00f6 jotain erityist\u00e4, joka tarjoaa sek\u00e4 seikkailua ett\u00e4 opetuksellisia sis\u00e4lt\u00f6j\u00e4? Astu lastesi kanssa Viron korkeimmalle n\u00e4k\u00f6alatasanteelle ja l\u00f6yd\u00e4 maailma t\u00e4ysin uudesta n\u00e4k\u00f6kulmasta! Lapset n\u00e4kev\u00e4t omakohtaisesti, kuinka pieni lintuperspektiivi voi muuttaa heid\u00e4n ymm\u00e4rryst\u00e4\u00e4n tutuista paikoista ja l\u00f6yt\u00e4\u00e4 uusia yksityiskohtia ja kuvioita kaupungin arkkitehtuurista.<br \/>\nT\u00e4m\u00e4 ei ole vain museok\u00e4ynti, vaan seikkailu, joka tarjoaa j\u00e4nnityst\u00e4 ja l\u00f6yt\u00e4misen iloa kaikenik\u00e4isille uteliaille mielille. J\u00e4nnitt\u00e4vien n\u00e4kymien lis\u00e4ksi lapset voivat saada uutta tietoa tornin historiasta ja viestint\u00e4tekniikasta.<\/p>\n<h3>Vierailu TV-tornissa rattaiden ja polkupy\u00f6r\u00e4n kanssa<\/h3>\n<ul>\n<li>TV-tornissa voi vierailla rattaiden ja henkil\u00f6kohtaisten polkupy\u00f6rien kanssa<\/li>\n<li>TV-tornin turvallisuusm\u00e4\u00e4r\u00e4ysten mukaan 21. kerrokseen mahtuu samanaikaisesti enint\u00e4\u00e4n 2 lastenvaunua<\/li>\n<li>Py\u00f6r\u00e4pys\u00e4k\u00f6inti sijaitsee l\u00e4hell\u00e4 sis\u00e4\u00e4nk\u00e4ynti\u00e4 TV-tornin pihan puolella<\/li>\n<\/ul>\n<h3>Vauvan hoitotilat<\/h3>\n<p>Kun vierailet TV-tornissa vauvan kanssa, hoitotilat ovat saatavilla 1. ja 2. kerroksen esteett\u00f6m\u00e4ss\u00e4 wc:ss\u00e4 ja 21. kerroksessa on erillinen hoitohuone.<\/p>\n<h3>Lasten ruoat ja juomat<\/h3>\n<p>TV-tornin ravintola tarjoaa erikoismenun lapsille. Jos haluat l\u00e4mmitt\u00e4\u00e4 mukanasi tuomaa vauvanruokaa, pyyd\u00e4 apua ravintolan henkil\u00f6kunnalta.<\/p>\n<h3>Lasten leikkipaikat<\/h3>\n<p>TV-tornin pihalta l\u00f6ytyy lasten leikkipaikka. 1. 1. kerroksen matkamuistomyym\u00e4l\u00e4n odotustilassa lapset voivat pelata lautapeli\u00e4 \u201dEti Back to the Present &#8211; Eti takaisin tulevaisuuteen\u201d. 21. 21. kerroksessa lapset voivat nauttia pallon pelaamisesta ja piirustusp\u00f6yd\u00e4st\u00e4.<\/p>\n    <\/div>\n  <\/div>\n<\/div>\n","protected":false},"excerpt":{"rendered":"","protected":false},"author":7,"featured_media":1527,"parent":0,"menu_order":81,"comment_status":"closed","ping_status":"closed","template":"","meta":{"_acf_changed":false,"footnotes":""},"class_list":["post-1691","page","type-page","status-publish","has-post-thumbnail","hentry"],"acf":[],"yoast_head":"<!-- This site is optimized with the Yoast SEO Premium plugin v27.2 (Yoast SEO v27.4) - https:\/\/yoast.com\/product\/yoast-seo-premium-wordpress\/ -->\n<title>Vierailu TV-tornissa lasten kanssa - Teletorn.ee<\/title>\n<meta name=\"description\" content=\"Tallinnan TV-torniin p\u00e4\u00e4see rattailla ja polkupy\u00f6r\u00e4ll\u00e4, meill\u00e4 on lastenhoitotilat ja leikkipaikat. T\u00e4ydellinen kaiken ik\u00e4isille lapsille!\" \/>\n<meta name=\"robots\" content=\"index, follow, max-snippet:-1, max-image-preview:large, max-video-preview:-1\" \/>\n<link rel=\"canonical\" href=\"https:\/\/tt.uptodate.ee\/fi\/vierailu-tv-tornissa-lasten-kanssa\/\" \/>\n<meta property=\"og:locale\" content=\"fi_FI\" \/>\n<meta property=\"og:type\" content=\"article\" \/>\n<meta property=\"og:title\" content=\"Vierailu TV-tornissa lasten kanssa\" \/>\n<meta property=\"og:description\" content=\"Tallinnan TV-torniin p\u00e4\u00e4see rattailla ja polkupy\u00f6r\u00e4ll\u00e4, meill\u00e4 on lastenhoitotilat ja leikkipaikat. T\u00e4ydellinen kaiken ik\u00e4isille lapsille!\" \/>\n<meta property=\"og:url\" content=\"https:\/\/tt.uptodate.ee\/fi\/vierailu-tv-tornissa-lasten-kanssa\/\" \/>\n<meta property=\"og:site_name\" content=\"Teletorn.ee\" \/>\n<meta property=\"article:modified_time\" content=\"2024-07-08T07:06:01+00:00\" \/>\n<meta property=\"og:image\" content=\"https:\/\/tt.uptodate.ee\/wp-content\/uploads\/2024\/06\/yrtitus_hooviala_manguvaljak007_full_size_Tarvo-Tiivits_2024.jpg\" \/>\n\t<meta property=\"og:image:width\" content=\"1440\" \/>\n\t<meta property=\"og:image:height\" content=\"560\" \/>\n\t<meta property=\"og:image:type\" content=\"image\/jpeg\" \/>\n<meta name=\"twitter:card\" content=\"summary_large_image\" \/>\n<meta name=\"twitter:label1\" content=\"Arvioitu lukuaika\" \/>\n\t<meta name=\"twitter:data1\" content=\"1 minuutti\" \/>\n<script type=\"application\/ld+json\" class=\"yoast-schema-graph\">{\"@context\":\"https:\\\/\\\/schema.org\",\"@graph\":[{\"@type\":\"WebPage\",\"@id\":\"https:\\\/\\\/tt.uptodate.ee\\\/fi\\\/vierailu-tv-tornissa-lasten-kanssa\\\/\",\"url\":\"https:\\\/\\\/tt.uptodate.ee\\\/fi\\\/vierailu-tv-tornissa-lasten-kanssa\\\/\",\"name\":\"Vierailu TV-tornissa lasten kanssa - Teletorn.ee\",\"isPartOf\":{\"@id\":\"https:\\\/\\\/tt.uptodate.ee\\\/#website\"},\"primaryImageOfPage\":{\"@id\":\"https:\\\/\\\/tt.uptodate.ee\\\/fi\\\/vierailu-tv-tornissa-lasten-kanssa\\\/#primaryimage\"},\"image\":{\"@id\":\"https:\\\/\\\/tt.uptodate.ee\\\/fi\\\/vierailu-tv-tornissa-lasten-kanssa\\\/#primaryimage\"},\"thumbnailUrl\":\"https:\\\/\\\/teletorn.ee\\\/wp-content\\\/uploads\\\/2024\\\/06\\\/yrtitus_hooviala_manguvaljak007_full_size_Tarvo-Tiivits_2024.jpg\",\"datePublished\":\"2024-05-27T17:52:34+00:00\",\"dateModified\":\"2024-07-08T07:06:01+00:00\",\"description\":\"Tallinnan TV-torniin p\u00e4\u00e4see rattailla ja polkupy\u00f6r\u00e4ll\u00e4, meill\u00e4 on lastenhoitotilat ja leikkipaikat. T\u00e4ydellinen kaiken ik\u00e4isille lapsille!\",\"breadcrumb\":{\"@id\":\"https:\\\/\\\/tt.uptodate.ee\\\/fi\\\/vierailu-tv-tornissa-lasten-kanssa\\\/#breadcrumb\"},\"inLanguage\":\"fi\",\"potentialAction\":[{\"@type\":\"ReadAction\",\"target\":[\"https:\\\/\\\/tt.uptodate.ee\\\/fi\\\/vierailu-tv-tornissa-lasten-kanssa\\\/\"]}]},{\"@type\":\"ImageObject\",\"inLanguage\":\"fi\",\"@id\":\"https:\\\/\\\/tt.uptodate.ee\\\/fi\\\/vierailu-tv-tornissa-lasten-kanssa\\\/#primaryimage\",\"url\":\"https:\\\/\\\/teletorn.ee\\\/wp-content\\\/uploads\\\/2024\\\/06\\\/yrtitus_hooviala_manguvaljak007_full_size_Tarvo-Tiivits_2024.jpg\",\"contentUrl\":\"https:\\\/\\\/teletorn.ee\\\/wp-content\\\/uploads\\\/2024\\\/06\\\/yrtitus_hooviala_manguvaljak007_full_size_Tarvo-Tiivits_2024.jpg\",\"width\":1440,\"height\":560,\"caption\":\"Lapset kiipeilem\u00e4ss\u00e4 ulkon\u00e4ht\u00e4vyyksill\u00e4\"},{\"@type\":\"BreadcrumbList\",\"@id\":\"https:\\\/\\\/tt.uptodate.ee\\\/fi\\\/vierailu-tv-tornissa-lasten-kanssa\\\/#breadcrumb\",\"itemListElement\":[{\"@type\":\"ListItem\",\"position\":1,\"name\":\"Home\",\"item\":\"https:\\\/\\\/teletorn.ee\\\/fi\\\/\"},{\"@type\":\"ListItem\",\"position\":2,\"name\":\"Vierailu TV-tornissa lasten kanssa\"}]},{\"@type\":\"WebSite\",\"@id\":\"https:\\\/\\\/tt.uptodate.ee\\\/#website\",\"url\":\"https:\\\/\\\/tt.uptodate.ee\\\/\",\"name\":\"Teletorn.ee\",\"description\":\"\",\"potentialAction\":[{\"@type\":\"SearchAction\",\"target\":{\"@type\":\"EntryPoint\",\"urlTemplate\":\"https:\\\/\\\/tt.uptodate.ee\\\/?s={search_term_string}\"},\"query-input\":{\"@type\":\"PropertyValueSpecification\",\"valueRequired\":true,\"valueName\":\"search_term_string\"}}],\"inLanguage\":\"fi\"}]}<\/script>\n<!-- \/ Yoast SEO Premium plugin. -->","yoast_head_json":{"title":"Vierailu TV-tornissa lasten kanssa - Teletorn.ee","description":"Tallinnan TV-torniin p\u00e4\u00e4see rattailla ja polkupy\u00f6r\u00e4ll\u00e4, meill\u00e4 on lastenhoitotilat ja leikkipaikat. T\u00e4ydellinen kaiken ik\u00e4isille lapsille!","robots":{"index":"index","follow":"follow","max-snippet":"max-snippet:-1","max-image-preview":"max-image-preview:large","max-video-preview":"max-video-preview:-1"},"canonical":"https:\/\/tt.uptodate.ee\/fi\/vierailu-tv-tornissa-lasten-kanssa\/","og_locale":"fi_FI","og_type":"article","og_title":"Vierailu TV-tornissa lasten kanssa","og_description":"Tallinnan TV-torniin p\u00e4\u00e4see rattailla ja polkupy\u00f6r\u00e4ll\u00e4, meill\u00e4 on lastenhoitotilat ja leikkipaikat. T\u00e4ydellinen kaiken ik\u00e4isille lapsille!","og_url":"https:\/\/tt.uptodate.ee\/fi\/vierailu-tv-tornissa-lasten-kanssa\/","og_site_name":"Teletorn.ee","article_modified_time":"2024-07-08T07:06:01+00:00","og_image":[{"width":1440,"height":560,"url":"https:\/\/tt.uptodate.ee\/wp-content\/uploads\/2024\/06\/yrtitus_hooviala_manguvaljak007_full_size_Tarvo-Tiivits_2024.jpg","type":"image\/jpeg"}],"twitter_card":"summary_large_image","twitter_misc":{"Arvioitu lukuaika":"1 minuutti"},"schema":{"@context":"https:\/\/schema.org","@graph":[{"@type":"WebPage","@id":"https:\/\/tt.uptodate.ee\/fi\/vierailu-tv-tornissa-lasten-kanssa\/","url":"https:\/\/tt.uptodate.ee\/fi\/vierailu-tv-tornissa-lasten-kanssa\/","name":"Vierailu TV-tornissa lasten kanssa - Teletorn.ee","isPartOf":{"@id":"https:\/\/tt.uptodate.ee\/#website"},"primaryImageOfPage":{"@id":"https:\/\/tt.uptodate.ee\/fi\/vierailu-tv-tornissa-lasten-kanssa\/#primaryimage"},"image":{"@id":"https:\/\/tt.uptodate.ee\/fi\/vierailu-tv-tornissa-lasten-kanssa\/#primaryimage"},"thumbnailUrl":"https:\/\/teletorn.ee\/wp-content\/uploads\/2024\/06\/yrtitus_hooviala_manguvaljak007_full_size_Tarvo-Tiivits_2024.jpg","datePublished":"2024-05-27T17:52:34+00:00","dateModified":"2024-07-08T07:06:01+00:00","description":"Tallinnan TV-torniin p\u00e4\u00e4see rattailla ja polkupy\u00f6r\u00e4ll\u00e4, meill\u00e4 on lastenhoitotilat ja leikkipaikat. T\u00e4ydellinen kaiken ik\u00e4isille lapsille!","breadcrumb":{"@id":"https:\/\/tt.uptodate.ee\/fi\/vierailu-tv-tornissa-lasten-kanssa\/#breadcrumb"},"inLanguage":"fi","potentialAction":[{"@type":"ReadAction","target":["https:\/\/tt.uptodate.ee\/fi\/vierailu-tv-tornissa-lasten-kanssa\/"]}]},{"@type":"ImageObject","inLanguage":"fi","@id":"https:\/\/tt.uptodate.ee\/fi\/vierailu-tv-tornissa-lasten-kanssa\/#primaryimage","url":"https:\/\/teletorn.ee\/wp-content\/uploads\/2024\/06\/yrtitus_hooviala_manguvaljak007_full_size_Tarvo-Tiivits_2024.jpg","contentUrl":"https:\/\/teletorn.ee\/wp-content\/uploads\/2024\/06\/yrtitus_hooviala_manguvaljak007_full_size_Tarvo-Tiivits_2024.jpg","width":1440,"height":560,"caption":"Lapset kiipeilem\u00e4ss\u00e4 ulkon\u00e4ht\u00e4vyyksill\u00e4"},{"@type":"BreadcrumbList","@id":"https:\/\/tt.uptodate.ee\/fi\/vierailu-tv-tornissa-lasten-kanssa\/#breadcrumb","itemListElement":[{"@type":"ListItem","position":1,"name":"Home","item":"https:\/\/teletorn.ee\/fi\/"},{"@type":"ListItem","position":2,"name":"Vierailu TV-tornissa lasten kanssa"}]},{"@type":"WebSite","@id":"https:\/\/tt.uptodate.ee\/#website","url":"https:\/\/tt.uptodate.ee\/","name":"Teletorn.ee","description":"","potentialAction":[{"@type":"SearchAction","target":{"@type":"EntryPoint","urlTemplate":"https:\/\/tt.uptodate.ee\/?s={search_term_string}"},"query-input":{"@type":"PropertyValueSpecification","valueRequired":true,"valueName":"search_term_string"}}],"inLanguage":"fi"}]}},"_links":{"self":[{"href":"https:\/\/teletorn.ee\/fi\/wp-json\/wp\/v2\/pages\/1691","targetHints":{"allow":["GET"]}}],"collection":[{"href":"https:\/\/teletorn.ee\/fi\/wp-json\/wp\/v2\/pages"}],"about":[{"href":"https:\/\/teletorn.ee\/fi\/wp-json\/wp\/v2\/types\/page"}],"author":[{"embeddable":true,"href":"https:\/\/teletorn.ee\/fi\/wp-json\/wp\/v2\/users\/7"}],"replies":[{"embeddable":true,"href":"https:\/\/teletorn.ee\/fi\/wp-json\/wp\/v2\/comments?post=1691"}],"version-history":[{"count":0,"href":"https:\/\/teletorn.ee\/fi\/wp-json\/wp\/v2\/pages\/1691\/revisions"}],"wp:featuredmedia":[{"embeddable":true,"href":"https:\/\/teletorn.ee\/fi\/wp-json\/wp\/v2\/media\/1527"}],"wp:attachment":[{"href":"https:\/\/teletorn.ee\/fi\/wp-json\/wp\/v2\/media?parent=1691"}],"curies":[{"name":"wp","href":"https:\/\/api.w.org\/{rel}","templated":true}]}}