{"id":1695,"date":"2024-05-29T20:27:19","date_gmt":"2024-05-29T17:27:19","guid":{"rendered":"https:\/\/tt.uptodate.ee\/tallinnan-tv-tornin-e-lippujen-kayttoehdot\/"},"modified":"2025-06-19T12:33:53","modified_gmt":"2025-06-19T09:33:53","slug":"tallinnan-tv-tornin-e-lippujen-kayttoehdot","status":"publish","type":"page","link":"https:\/\/teletorn.ee\/fi\/tallinnan-tv-tornin-e-lippujen-kayttoehdot\/","title":{"rendered":"Tallinnan TV-tornin e-lippujen k\u00e4ytt\u00f6ehdot"},"content":{"rendered":"\n<div id=\"block_4286530778f7d7cb8593030b64a05edc\" class=\"narrow-text-block with-inner-padding\" aria-hidden=\"true\">\n  <div class=\"wrap \">\n    <div class=\"wrap-inner\">\n      <h1 style=\"text-align: center;\">Tallinnan TV-tornin e-lippujen k\u00e4ytt\u00f6ehdot<\/h1>\n<h2>1. Yleiset ehdot<\/h2>\n<p>1.1. Tallinnan TV-tornin (j\u00e4ljemp\u00e4n\u00e4 TV-torni) e-lippujen k\u00e4ytt\u00f6ehdot ovat voimassa ostettaessa lippuja TV-tornin vierailuun TV-tornin verkkosivuilta.<br \/>\n1.2. M\u00e4\u00e4ritelm\u00e4t:<br \/>\n1.2.1. Palveluntarjoaja \u2013 SA Tallinna Teletorn; rekisteritunnus 90012142, osoite: Kloostrimetsa tee 58a, 11913 Tallinn, Viro. Puhelin: +372 59119335.<br \/>\n1.2.2. Ostaja \u2013 TV-tornin lipun ostaja TV-tornin verkkosivuilta.<br \/>\n1.2.3. Verkkosivusto \u2013 verkkoymp\u00e4rist\u00f6 www.teletorn.ee.<br \/>\n1.2.4. E-lippu \u2013 s\u00e4hk\u00f6inen lippu (j\u00e4ljemp\u00e4n\u00e4 lippu), joka antaa haltijalle oikeuden p\u00e4\u00e4st\u00e4 sis\u00e4\u00e4n TV-torniin lipussa mainituin ehdoin.<br \/>\n1.2.5. Ehdot \u2013 TV-tornin vahvistamat yleiset lippujen osto- ja k\u00e4ytt\u00f6ehdot.<br \/>\n1.2.6. Normaali lippu \u2013 aikuisen TV-tornin kertalippu lipun voimassaoloaikana lipussa mainittujen ehtojen mukaisesti.<br \/>\n1.2.7. Alennuslippu \u2013 7-19-vuotiaille lapsille, opiskelijoille, opettajille ja el\u00e4kel\u00e4isille tv-tornin kertalippu lipun voimassaoloaikana lipussa mainittujen ehtojen mukaisesti.<br \/>\n1.2.8. Vuosilippu \u2013 lippu rajoittamattomaan m\u00e4\u00e4r\u00e4\u00e4n TV-tornin vierailuja sen voimassaoloaikana lipussa mainittujen ehtojen mukaisesti.<br \/>\n1.2.9. Kasvitieteellisen puutarhan yhteislippu \u2013 lippu kertak\u00e4ynnille sek\u00e4 TV-tornissa ett\u00e4 kasvitieteellisess\u00e4 puutarhassa lipun voimassaoloaikana lipussa mainittujen ehtojen mukaisesti.<br \/>\n1.2.10. Lahjakortti \u2013 lippu kertak\u00e4yntiin TV-tornissa sen voimassaoloaikana lipussa mainittujen ehtojen mukaisesti.<br \/>\n1.2.11. Erikoislippu \u2013 lippu erikoiskierroksille tai tapahtumille TV-tornissa kertak\u00e4ynnille sen voimassaoloaikana lipussa mainittujen ehtojen mukaisesti.<br \/>\n1.3. Lippujen ostoon liittyvist\u00e4 ongelmista tulee ilmoittaa s\u00e4hk\u00f6postitse osoitteeseen teletorn@teletorn.ee.<\/p>\n<h2>2. Lippujen ostaminen<\/h2>\n<p>2.1. Ostajan tulee lippuja ostettaessa ilmoittaa kertalippuja varten s\u00e4hk\u00f6postiosoite ja vuosilippujen osalta henkil\u00f6tunnus, etu- ja sukunimi, s\u00e4hk\u00f6postiosoite ja puhelinnumero.<br \/>\n2.2. Ennen lippujen maksamista ostaja on velvollinen tarkistamaan ostoskoriin lis\u00e4ttyjen lippujen nimet ja m\u00e4\u00e4r\u00e4t sek\u00e4 varmistamaan, ett\u00e4 ostoskorin sis\u00e4lt\u00f6 vastaa haluttua ostosta. Palautukset eiv\u00e4t ole mahdollisia, paitsi kohdassa 5.2 m\u00e4\u00e4ritellyss\u00e4 tapauksessa.<br \/>\n2.3. Liput tai virheellisesti ostoskoriin lis\u00e4tyt m\u00e4\u00e4r\u00e4t on peruutettava, jos ne eiv\u00e4t vastaa haluttua ostosta.<br \/>\n2.4. Ostoskorissa olevat lippujen hinnat sis\u00e4lt\u00e4v\u00e4t arvonlis\u00e4veron.<br \/>\n2.5. Liput maksetaan luottokortilla tai pankkilinkill\u00e4.<br \/>\n2.6. Onnistuneen maksun j\u00e4lkeen ostaja saa PDF-lipun.<\/p>\n<h2>3. Lippujen vastaanottaminen<\/h2>\n<p>3.1. PDF-liput ja lasku l\u00e4hetet\u00e4\u00e4n oston yhteydess\u00e4 annettuun s\u00e4hk\u00f6postiosoitteeseen verkkopankin kautta suoritetun maksun j\u00e4lkeen.<br \/>\n3.2. PDF-liput voi my\u00f6s ladata nettisivuilta heti oston j\u00e4lkeen.<\/p>\n<h2>4. Lipun voimassaolo<\/h2>\n<p>4.1. Ostetut liput ovat voimassa lipuissa ilmoitettujen ehtojen mukaisesti.<br \/>\n4.2. Normaalilippu on voimassa m\u00e4\u00e4ritellyn ajan ja kertak\u00e4ynnin.<br \/>\n4.3. Vuosilippu on voimassa 365 kalenterip\u00e4iv\u00e4\u00e4 ostop\u00e4iv\u00e4st\u00e4 ja sallii rajoittamattoman k\u00e4yntikerran.<br \/>\n4.4. Kasvitieteellisen puutarhan yhteislippu on voimassa siin\u00e4 m\u00e4\u00e4ritellyin ehdoin ja mahdollistaa yhden k\u00e4ynnin molemmissa kohteissa.<br \/>\n4.5. Lahjalippu on voimassa 365 kalenterip\u00e4iv\u00e4\u00e4 ostop\u00e4iv\u00e4st\u00e4 ja mahdollistaa yhden k\u00e4ynnin.<br \/>\n4.6. Erikoislippu on voimassa kertak\u00e4ynnille m\u00e4\u00e4ritellyn voimassaoloajan mukaan.<\/p>\n<h2>5. Lippujen palautukset<\/h2>\n<p>5.1. Ostettuja lippuja ei voi palauttaa, eik\u00e4 niit\u00e4 palauteta, paitsi kohdassa 5.2 mainitussa tapauksessa.<br \/>\n5.2. Liput palautetaan vain, jos niiden k\u00e4ytt\u00f6 on mahdotonta Tallinnan TV-tornista johtuvista syist\u00e4. Muut mahdolliset poikkeustilanteet, jotka est\u00e4v\u00e4t palvelun oikea-aikaisen k\u00e4yt\u00f6n tai muuttamisen, k\u00e4sitell\u00e4\u00e4n tapauskohtaisesti.<\/p>\n<p>5.3. Tallinna TV-torni varaa oikeuden palauttaa ostetut liput vain samalla maksutavalla kuin alkuper\u00e4inen maksu suoritettiin, ja samalle henkil\u00f6lle, joka maksoi alkuper\u00e4isen maksun. N\u00e4in ollen <strong>Open Banking<\/strong> -maksuja (Revolut jne.) ei ole mahdollista palauttaa, koska maksajasta ei ole tietoja. Ostajan tulee selvitt\u00e4\u00e4 hyvityksen ehdot maksukorttinsa my\u00f6nt\u00e4j\u00e4lt\u00e4 ennen ostoa.<\/p>\n<p>5.4. Tallinnan TV-torni pid\u00e4tt\u00e4\u00e4 oikeuden v\u00e4hent\u00e4\u00e4 palautettavasta summasta pankkisiirtopalvelumaksun palautuksen yhteydess\u00e4.<\/p>\n<h2>6. Ostajan oikeudet ja velvollisuudet<\/h2>\n<p>6.1. Ostajalla on oikeus ostaa lippuja TV-tornin verkkosivuilta SA Tallinna Teletornin m\u00e4\u00e4rittelemill\u00e4 hinnoilla, voimassaoloaikoina ja oikeuksilla.<br \/>\n6.2. Ostajalla on oikeus saada liput maksamisen j\u00e4lkeen ilmoittamaansa s\u00e4hk\u00f6postiosoitteeseen.<br \/>\n6.3. Ostaja noudattaa n\u00e4it\u00e4 ehtoja.<br \/>\n6.4. Ostajan tulee k\u00e4ynnin aikana noudattaa TV-tornin vierailijam\u00e4\u00e4r\u00e4yksi\u00e4.<br \/>\n6.5. Ostajan on pid\u00e4tt\u00e4ydytt\u00e4v\u00e4 puuttumasta verkkosivuston toimintaan ja teknisiin ratkaisuihin. Kaikki toiminnot, jotka voivat aiheuttaa ylikuormitusta tai h\u00e4iri\u00f6it\u00e4 verkkosivuston toiminnassa, on kielletty. Sivuston k\u00e4yt\u00f6n valvonta ja saatujen tietojen kopioiminen, k\u00e4ytt\u00f6, muokkaaminen tai julkaiseminen mihink\u00e4\u00e4n tarkoitukseen on kielletty.<\/p>\n<h2>7. TV-tornin oikeudet ja velvollisuudet<\/h2>\n<p>7.1. TV-tornilla on oikeus muuttaa ehtoja ilman ennakkoilmoitusta. Uudet ehdot julkaistaan \u200b\u200bmuseon verkkosivuilla.<br \/>\n7.2. TV-tornilla on oikeus muuttaa lippujen hintoja vahvistetun hinnaston mukaisesti.<br \/>\n7.3. TV-torni mahdollistaa lippujen k\u00e4yt\u00f6n niille annettujen oikeuksien mukaisesti.<br \/>\n7.4. TV-torni ei vastaa kolmansien osapuolien aiheuttamista virheist\u00e4, jotka voivat johtaa rahansiirron ep\u00e4onnistumiseen.<br \/>\n7.5. TV-torni ei ole vastuussa mist\u00e4\u00e4n vahingoista, jotka johtuvat lippujen joutumisesta kolmansien osapuolien k\u00e4siin (mukaan lukien, jos kolmannet osapuolet saavat liput v\u00e4\u00e4rin sy\u00f6tettyjen s\u00e4hk\u00f6postiosoitteiden, sy\u00f6tetylle s\u00e4hk\u00f6postiosoitteelle asetetun automaattisen edelleenl\u00e4hetyksen tai vastaavan vuoksi).<\/p>\n<h2>8. Henkil\u00f6tietojen k\u00e4ytt\u00f6<\/h2>\n<p>8.1. Ostamalla liput ostaja suostuu siihen, ett\u00e4 TV-torni k\u00e4sittelee h\u00e4nen henkil\u00f6tietojaan.<br \/>\n8.2. K\u00e4sitelt\u00e4v\u00e4t henkil\u00f6tiedot ovat tietoja, jotka ostaja on antanut lippujen oston yhteydess\u00e4 kohdassa 2.1.<br \/>\n8.3. Ostajan henkil\u00f6tietojen k\u00e4sittelij\u00e4 on TV-torni, ja tietoja k\u00e4sitell\u00e4\u00e4n Viron tasavallassa voimassa olevien henkil\u00f6tietojen suojas\u00e4\u00e4d\u00f6sten ja tietosuojaehtojen mukaisesti.<br \/>\n8.4. TV-torni k\u00e4ytt\u00e4\u00e4 ostajan henkil\u00f6tietoja lippujen myyntiin ja tilastojen analysointiin.<br \/>\n8.5. TV-torni ei v\u00e4lit\u00e4 ostajan henkil\u00f6tietoja kolmansille osapuolille, paitsi laissa s\u00e4\u00e4detyiss\u00e4 tapauksissa.<br \/>\n8.6. Ostajalla on oikeus milloin tahansa peruuttaa suostumus henkil\u00f6tietojen k\u00e4sittelyyn, vaatia henkil\u00f6tietojen k\u00e4sittelyn lopettamista sek\u00e4 pyyt\u00e4\u00e4 ker\u00e4ttyjen henkil\u00f6tietojen poistamista tai sulkemista.<\/p>\n<h2>9. Loppum\u00e4\u00e4r\u00e4ykset<\/h2>\n<p>9.1. Ehdot astuvat voimaan ostajan ja TV-tornin v\u00e4lill\u00e4 sill\u00e4 hetkell\u00e4, kun ostaja toimittaa vastaavan s\u00e4hk\u00f6isen vahvistuksen ehtojen hyv\u00e4ksymisest\u00e4.<\/p>\n    <\/div>\n  <\/div>\n<\/div>\n","protected":false},"excerpt":{"rendered":"","protected":false},"author":7,"featured_media":772,"parent":0,"menu_order":63,"comment_status":"closed","ping_status":"closed","template":"","meta":{"_acf_changed":false,"footnotes":""},"class_list":["post-1695","page","type-page","status-publish","has-post-thumbnail","hentry"],"acf":[],"yoast_head":"<!-- This site is optimized with the Yoast SEO Premium plugin v23.4 (Yoast SEO v27.3) - https:\/\/yoast.com\/product\/yoast-seo-premium-wordpress\/ -->\n<title>Tallinnan TV-tornin e-lippujen k\u00e4ytt\u00f6ehdot - Teletorn.ee<\/title>\n<meta name=\"description\" content=\"Tutustu Tallinnan TV-tornin e-lippujen k\u00e4ytt\u00f6ehtoihin\" \/>\n<meta name=\"robots\" content=\"index, follow, max-snippet:-1, max-image-preview:large, max-video-preview:-1\" \/>\n<link rel=\"canonical\" href=\"https:\/\/teletorn.ee\/fi\/tallinnan-tv-tornin-e-lippujen-kayttoehdot\/\" \/>\n<meta property=\"og:locale\" content=\"fi_FI\" \/>\n<meta property=\"og:type\" content=\"article\" \/>\n<meta property=\"og:title\" content=\"Tallinnan TV-tornin e-lippujen k\u00e4ytt\u00f6ehdot\" \/>\n<meta property=\"og:description\" content=\"Tutustu Tallinnan TV-tornin e-lippujen k\u00e4ytt\u00f6ehtoihin\" \/>\n<meta property=\"og:url\" content=\"https:\/\/teletorn.ee\/fi\/tallinnan-tv-tornin-e-lippujen-kayttoehdot\/\" \/>\n<meta property=\"og:site_name\" content=\"Teletorn.ee\" \/>\n<meta property=\"article:modified_time\" content=\"2025-06-19T09:33:53+00:00\" \/>\n<meta property=\"og:image\" content=\"https:\/\/teletorn.ee\/wp-content\/uploads\/2024\/05\/Teletorn-ajalooekspo.jpg\" \/>\n\t<meta property=\"og:image:width\" content=\"2304\" \/>\n\t<meta property=\"og:image:height\" content=\"1537\" \/>\n\t<meta property=\"og:image:type\" content=\"image\/jpeg\" \/>\n<meta name=\"twitter:card\" content=\"summary_large_image\" \/>\n<meta name=\"twitter:label1\" content=\"Arvioitu lukuaika\" \/>\n\t<meta name=\"twitter:data1\" content=\"1 minuutti\" \/>\n<script type=\"application\/ld+json\" class=\"yoast-schema-graph\">{\"@context\":\"https:\\\/\\\/schema.org\",\"@graph\":[{\"@type\":\"WebPage\",\"@id\":\"https:\\\/\\\/teletorn.ee\\\/fi\\\/tallinnan-tv-tornin-e-lippujen-kayttoehdot\\\/\",\"url\":\"https:\\\/\\\/teletorn.ee\\\/fi\\\/tallinnan-tv-tornin-e-lippujen-kayttoehdot\\\/\",\"name\":\"Tallinnan TV-tornin e-lippujen k\u00e4ytt\u00f6ehdot - Teletorn.ee\",\"isPartOf\":{\"@id\":\"https:\\\/\\\/tt.uptodate.ee\\\/#website\"},\"primaryImageOfPage\":{\"@id\":\"https:\\\/\\\/teletorn.ee\\\/fi\\\/tallinnan-tv-tornin-e-lippujen-kayttoehdot\\\/#primaryimage\"},\"image\":{\"@id\":\"https:\\\/\\\/teletorn.ee\\\/fi\\\/tallinnan-tv-tornin-e-lippujen-kayttoehdot\\\/#primaryimage\"},\"thumbnailUrl\":\"https:\\\/\\\/teletorn.ee\\\/wp-content\\\/uploads\\\/2024\\\/05\\\/Teletorn-ajalooekspo.jpg\",\"datePublished\":\"2024-05-29T17:27:19+00:00\",\"dateModified\":\"2025-06-19T09:33:53+00:00\",\"description\":\"Tutustu Tallinnan TV-tornin e-lippujen k\u00e4ytt\u00f6ehtoihin\",\"breadcrumb\":{\"@id\":\"https:\\\/\\\/teletorn.ee\\\/fi\\\/tallinnan-tv-tornin-e-lippujen-kayttoehdot\\\/#breadcrumb\"},\"inLanguage\":\"fi\",\"potentialAction\":[{\"@type\":\"ReadAction\",\"target\":[\"https:\\\/\\\/teletorn.ee\\\/fi\\\/tallinnan-tv-tornin-e-lippujen-kayttoehdot\\\/\"]}]},{\"@type\":\"ImageObject\",\"inLanguage\":\"fi\",\"@id\":\"https:\\\/\\\/teletorn.ee\\\/fi\\\/tallinnan-tv-tornin-e-lippujen-kayttoehdot\\\/#primaryimage\",\"url\":\"https:\\\/\\\/teletorn.ee\\\/wp-content\\\/uploads\\\/2024\\\/05\\\/Teletorn-ajalooekspo.jpg\",\"contentUrl\":\"https:\\\/\\\/teletorn.ee\\\/wp-content\\\/uploads\\\/2024\\\/05\\\/Teletorn-ajalooekspo.jpg\",\"width\":2304,\"height\":1537,\"caption\":\"Kuva TV-tornin historian\u00e4yttelyst\u00e4 - historiasein\u00e4\"},{\"@type\":\"BreadcrumbList\",\"@id\":\"https:\\\/\\\/teletorn.ee\\\/fi\\\/tallinnan-tv-tornin-e-lippujen-kayttoehdot\\\/#breadcrumb\",\"itemListElement\":[{\"@type\":\"ListItem\",\"position\":1,\"name\":\"Home\",\"item\":\"https:\\\/\\\/teletorn.ee\\\/fi\\\/\"},{\"@type\":\"ListItem\",\"position\":2,\"name\":\"Tallinnan TV-tornin e-lippujen k\u00e4ytt\u00f6ehdot\"}]},{\"@type\":\"WebSite\",\"@id\":\"https:\\\/\\\/tt.uptodate.ee\\\/#website\",\"url\":\"https:\\\/\\\/tt.uptodate.ee\\\/\",\"name\":\"Teletorn.ee\",\"description\":\"\",\"potentialAction\":[{\"@type\":\"SearchAction\",\"target\":{\"@type\":\"EntryPoint\",\"urlTemplate\":\"https:\\\/\\\/tt.uptodate.ee\\\/?s={search_term_string}\"},\"query-input\":{\"@type\":\"PropertyValueSpecification\",\"valueRequired\":true,\"valueName\":\"search_term_string\"}}],\"inLanguage\":\"fi\"}]}<\/script>\n<!-- \/ Yoast SEO Premium plugin. -->","yoast_head_json":{"title":"Tallinnan TV-tornin e-lippujen k\u00e4ytt\u00f6ehdot - Teletorn.ee","description":"Tutustu Tallinnan TV-tornin e-lippujen k\u00e4ytt\u00f6ehtoihin","robots":{"index":"index","follow":"follow","max-snippet":"max-snippet:-1","max-image-preview":"max-image-preview:large","max-video-preview":"max-video-preview:-1"},"canonical":"https:\/\/teletorn.ee\/fi\/tallinnan-tv-tornin-e-lippujen-kayttoehdot\/","og_locale":"fi_FI","og_type":"article","og_title":"Tallinnan TV-tornin e-lippujen k\u00e4ytt\u00f6ehdot","og_description":"Tutustu Tallinnan TV-tornin e-lippujen k\u00e4ytt\u00f6ehtoihin","og_url":"https:\/\/teletorn.ee\/fi\/tallinnan-tv-tornin-e-lippujen-kayttoehdot\/","og_site_name":"Teletorn.ee","article_modified_time":"2025-06-19T09:33:53+00:00","og_image":[{"width":2304,"height":1537,"url":"https:\/\/teletorn.ee\/wp-content\/uploads\/2024\/05\/Teletorn-ajalooekspo.jpg","type":"image\/jpeg"}],"twitter_card":"summary_large_image","twitter_misc":{"Arvioitu lukuaika":"1 minuutti"},"schema":{"@context":"https:\/\/schema.org","@graph":[{"@type":"WebPage","@id":"https:\/\/teletorn.ee\/fi\/tallinnan-tv-tornin-e-lippujen-kayttoehdot\/","url":"https:\/\/teletorn.ee\/fi\/tallinnan-tv-tornin-e-lippujen-kayttoehdot\/","name":"Tallinnan TV-tornin e-lippujen k\u00e4ytt\u00f6ehdot - Teletorn.ee","isPartOf":{"@id":"https:\/\/tt.uptodate.ee\/#website"},"primaryImageOfPage":{"@id":"https:\/\/teletorn.ee\/fi\/tallinnan-tv-tornin-e-lippujen-kayttoehdot\/#primaryimage"},"image":{"@id":"https:\/\/teletorn.ee\/fi\/tallinnan-tv-tornin-e-lippujen-kayttoehdot\/#primaryimage"},"thumbnailUrl":"https:\/\/teletorn.ee\/wp-content\/uploads\/2024\/05\/Teletorn-ajalooekspo.jpg","datePublished":"2024-05-29T17:27:19+00:00","dateModified":"2025-06-19T09:33:53+00:00","description":"Tutustu Tallinnan TV-tornin e-lippujen k\u00e4ytt\u00f6ehtoihin","breadcrumb":{"@id":"https:\/\/teletorn.ee\/fi\/tallinnan-tv-tornin-e-lippujen-kayttoehdot\/#breadcrumb"},"inLanguage":"fi","potentialAction":[{"@type":"ReadAction","target":["https:\/\/teletorn.ee\/fi\/tallinnan-tv-tornin-e-lippujen-kayttoehdot\/"]}]},{"@type":"ImageObject","inLanguage":"fi","@id":"https:\/\/teletorn.ee\/fi\/tallinnan-tv-tornin-e-lippujen-kayttoehdot\/#primaryimage","url":"https:\/\/teletorn.ee\/wp-content\/uploads\/2024\/05\/Teletorn-ajalooekspo.jpg","contentUrl":"https:\/\/teletorn.ee\/wp-content\/uploads\/2024\/05\/Teletorn-ajalooekspo.jpg","width":2304,"height":1537,"caption":"Kuva TV-tornin historian\u00e4yttelyst\u00e4 - historiasein\u00e4"},{"@type":"BreadcrumbList","@id":"https:\/\/teletorn.ee\/fi\/tallinnan-tv-tornin-e-lippujen-kayttoehdot\/#breadcrumb","itemListElement":[{"@type":"ListItem","position":1,"name":"Home","item":"https:\/\/teletorn.ee\/fi\/"},{"@type":"ListItem","position":2,"name":"Tallinnan TV-tornin e-lippujen k\u00e4ytt\u00f6ehdot"}]},{"@type":"WebSite","@id":"https:\/\/tt.uptodate.ee\/#website","url":"https:\/\/tt.uptodate.ee\/","name":"Teletorn.ee","description":"","potentialAction":[{"@type":"SearchAction","target":{"@type":"EntryPoint","urlTemplate":"https:\/\/tt.uptodate.ee\/?s={search_term_string}"},"query-input":{"@type":"PropertyValueSpecification","valueRequired":true,"valueName":"search_term_string"}}],"inLanguage":"fi"}]}},"_links":{"self":[{"href":"https:\/\/teletorn.ee\/fi\/wp-json\/wp\/v2\/pages\/1695","targetHints":{"allow":["GET"]}}],"collection":[{"href":"https:\/\/teletorn.ee\/fi\/wp-json\/wp\/v2\/pages"}],"about":[{"href":"https:\/\/teletorn.ee\/fi\/wp-json\/wp\/v2\/types\/page"}],"author":[{"embeddable":true,"href":"https:\/\/teletorn.ee\/fi\/wp-json\/wp\/v2\/users\/7"}],"replies":[{"embeddable":true,"href":"https:\/\/teletorn.ee\/fi\/wp-json\/wp\/v2\/comments?post=1695"}],"version-history":[{"count":1,"href":"https:\/\/teletorn.ee\/fi\/wp-json\/wp\/v2\/pages\/1695\/revisions"}],"predecessor-version":[{"id":10200,"href":"https:\/\/teletorn.ee\/fi\/wp-json\/wp\/v2\/pages\/1695\/revisions\/10200"}],"wp:featuredmedia":[{"embeddable":true,"href":"https:\/\/teletorn.ee\/fi\/wp-json\/wp\/v2\/media\/772"}],"wp:attachment":[{"href":"https:\/\/teletorn.ee\/fi\/wp-json\/wp\/v2\/media?parent=1695"}],"curies":[{"name":"wp","href":"https:\/\/api.w.org\/{rel}","templated":true}]}}