{"id":1701,"date":"2024-03-23T14:50:12","date_gmt":"2024-03-23T12:50:12","guid":{"rendered":"https:\/\/tt.uptodate.ee\/maskotti-eti\/"},"modified":"2024-07-08T10:06:53","modified_gmt":"2024-07-08T07:06:53","slug":"maskotti-eti","status":"publish","type":"page","link":"https:\/\/teletorn.ee\/fi\/maskotti-eti\/","title":{"rendered":"Maskotti ETI"},"content":{"rendered":"\n<div id=\"block_f978f35735af110b8120d2a7651c4598\" class=\"teletorn-banner featured-image\">\n\n  \n\n    \n    \n  <style> #block_f978f35735af110b8120d2a7651c4598{ background-image: url(https:\/\/teletorn.ee\/wp-content\/uploads\/2024\/06\/Eti_yrtitus_hooviala002_full_size_Tarvo-Tiivits_2024.jpg)}<\/style>  <style>@media (max-width: 800px) { #block_f978f35735af110b8120d2a7651c4598{ background-image: url(https:\/\/teletorn.ee\/wp-content\/uploads\/2024\/06\/Teletorn-maskott-ETI-2.jpg)}}<\/style>\n<\/div>\n\n\n\n<div id=\"block_991e6cd63f48ca8945c7b23fac126f08\" class=\"narrow-text-block with-inner-padding\" aria-hidden=\"true\">\n  <div class=\"wrap \">\n    <div class=\"wrap-inner\">\n      <h2 style=\"text-align: center;\">Maskotti ETI<\/h2>\n<p>Pitk\u00e4n ja j\u00e4nnitt\u00e4v\u00e4n kes\u00e4n 2012 j\u00e4lkeen Tallinnan televisiotornin avaruusolento p\u00e4\u00e4tti k\u00e4vij\u00f6iden kyselyn perusteella, ett\u00e4 h\u00e4nen nimekseen tulee ETI.<\/p>\n<p>ETI kommentoi omaa nimivalintaansa seuraavasti: \u201dValitsin nime\u00e4 koko kes\u00e4n. Se ei ollut lainkaan helppoa, koska t\u00e4\u00e4ll\u00e4 maassa vanhemmat antavat teille nimen, mutta minun piti itse l\u00f6yt\u00e4\u00e4 itselleni se sopivin yli tuhannesta vaihtoehdosta\u201d, h\u00e4n kertoi.<\/p>\n<p>\u201dMietin erilaisia vaihtoehtoja: v\u00e4lill\u00e4 olin se, ja toisella kertaa taas joku muu. ETI pisti silm\u00e4\u00e4ni siksi, ett\u00e4 sill\u00e4 on niin monta merkityst\u00e4. Ensinn\u00e4kin se selitt\u00e4\u00e4 planeetta Maan tavoin alkuper\u00e4\u00e4ni englanniksi \u2212 <em>extraterrestrial intelligence<\/em>, joka tarkoittaa viisasta avaruusolentoa. oiseksi, sit\u00e4 voidaan pit\u00e4\u00e4 lyhenteen\u00e4, joka tarkoittaa Viron television ikonia (Eesti Televisiooni Ikoon) tai Erityist\u00e4 Televisiotornin Ihmist\u00e4. N\u00e4iden lis\u00e4ksi uusi ja upea nimeni on my\u00f6s kansainv\u00e4lisesti ymm\u00e4rrett\u00e4v\u00e4, sill\u00e4 televisiotornissa tapaan ihmisi\u00e4 eri puolilta maailmaa.\u201d<\/p>\n<p>2014. Vuonna 2014 televisiotornin pihalla j\u00e4rjestettiin ETI-n\u00e4ytelm\u00e4 lapsille.<\/p>\n<p>ETI osallistuu lasten syntym\u00e4p\u00e4iv\u00e4juhliin ja tervehtii lapsia kes\u00e4viikonloppuisin tornissa.<\/p>\n    <\/div>\n  <\/div>\n<\/div>\n","protected":false},"excerpt":{"rendered":"","protected":false},"author":1,"featured_media":1488,"parent":0,"menu_order":127,"comment_status":"closed","ping_status":"closed","template":"","meta":{"_acf_changed":false,"footnotes":""},"class_list":["post-1701","page","type-page","status-publish","has-post-thumbnail","hentry"],"acf":[],"yoast_head":"<!-- This site is optimized with the Yoast SEO Premium plugin v27.2 (Yoast SEO v27.4) - https:\/\/yoast.com\/product\/yoast-seo-premium-wordpress\/ -->\n<title>Maskotti ETI - Teletorn.ee<\/title>\n<meta name=\"description\" content=\"Tapaa ETI, maan ulkopuolinen olento ja Tallinnan tv-tornin maskotti. ETI symboloi tornin uteliaisuuden ja tutkimisen henke\u00e4.\" \/>\n<meta name=\"robots\" content=\"index, follow, max-snippet:-1, max-image-preview:large, max-video-preview:-1\" \/>\n<link rel=\"canonical\" href=\"https:\/\/tt.uptodate.ee\/fi\/maskotti-eti\/\" \/>\n<meta property=\"og:locale\" content=\"fi_FI\" \/>\n<meta property=\"og:type\" content=\"article\" \/>\n<meta property=\"og:title\" content=\"Maskotti ETI\" \/>\n<meta property=\"og:description\" content=\"Tapaa ETI, maan ulkopuolinen olento ja Tallinnan tv-tornin maskotti. ETI symboloi tornin uteliaisuuden ja tutkimisen henke\u00e4.\" \/>\n<meta property=\"og:url\" content=\"https:\/\/tt.uptodate.ee\/fi\/maskotti-eti\/\" \/>\n<meta property=\"og:site_name\" content=\"Teletorn.ee\" \/>\n<meta property=\"article:modified_time\" content=\"2024-07-08T07:06:53+00:00\" \/>\n<meta property=\"og:image\" content=\"https:\/\/tt.uptodate.ee\/wp-content\/uploads\/2024\/06\/Teletorn-maskott-ETI-2.jpg\" \/>\n\t<meta property=\"og:image:width\" content=\"560\" \/>\n\t<meta property=\"og:image:height\" content=\"560\" \/>\n\t<meta property=\"og:image:type\" content=\"image\/jpeg\" \/>\n<meta name=\"twitter:card\" content=\"summary_large_image\" \/>\n<meta name=\"twitter:label1\" content=\"Arvioitu lukuaika\" \/>\n\t<meta name=\"twitter:data1\" content=\"1 minuutti\" \/>\n<script type=\"application\/ld+json\" class=\"yoast-schema-graph\">{\"@context\":\"https:\\\/\\\/schema.org\",\"@graph\":[{\"@type\":\"WebPage\",\"@id\":\"https:\\\/\\\/tt.uptodate.ee\\\/fi\\\/maskotti-eti\\\/\",\"url\":\"https:\\\/\\\/tt.uptodate.ee\\\/fi\\\/maskotti-eti\\\/\",\"name\":\"Maskotti ETI - Teletorn.ee\",\"isPartOf\":{\"@id\":\"https:\\\/\\\/tt.uptodate.ee\\\/#website\"},\"primaryImageOfPage\":{\"@id\":\"https:\\\/\\\/tt.uptodate.ee\\\/fi\\\/maskotti-eti\\\/#primaryimage\"},\"image\":{\"@id\":\"https:\\\/\\\/tt.uptodate.ee\\\/fi\\\/maskotti-eti\\\/#primaryimage\"},\"thumbnailUrl\":\"https:\\\/\\\/teletorn.ee\\\/wp-content\\\/uploads\\\/2024\\\/06\\\/Teletorn-maskott-ETI-2.jpg\",\"datePublished\":\"2024-03-23T12:50:12+00:00\",\"dateModified\":\"2024-07-08T07:06:53+00:00\",\"description\":\"Tapaa ETI, maan ulkopuolinen olento ja Tallinnan tv-tornin maskotti. ETI symboloi tornin uteliaisuuden ja tutkimisen henke\u00e4.\",\"breadcrumb\":{\"@id\":\"https:\\\/\\\/tt.uptodate.ee\\\/fi\\\/maskotti-eti\\\/#breadcrumb\"},\"inLanguage\":\"fi\",\"potentialAction\":[{\"@type\":\"ReadAction\",\"target\":[\"https:\\\/\\\/tt.uptodate.ee\\\/fi\\\/maskotti-eti\\\/\"]}]},{\"@type\":\"ImageObject\",\"inLanguage\":\"fi\",\"@id\":\"https:\\\/\\\/tt.uptodate.ee\\\/fi\\\/maskotti-eti\\\/#primaryimage\",\"url\":\"https:\\\/\\\/teletorn.ee\\\/wp-content\\\/uploads\\\/2024\\\/06\\\/Teletorn-maskott-ETI-2.jpg\",\"contentUrl\":\"https:\\\/\\\/teletorn.ee\\\/wp-content\\\/uploads\\\/2024\\\/06\\\/Teletorn-maskott-ETI-2.jpg\",\"width\":560,\"height\":560,\"caption\":\"TV-tornin maskotti ETI alien vilkuttaa valokuvaajalle\"},{\"@type\":\"BreadcrumbList\",\"@id\":\"https:\\\/\\\/tt.uptodate.ee\\\/fi\\\/maskotti-eti\\\/#breadcrumb\",\"itemListElement\":[{\"@type\":\"ListItem\",\"position\":1,\"name\":\"Home\",\"item\":\"https:\\\/\\\/teletorn.ee\\\/fi\\\/\"},{\"@type\":\"ListItem\",\"position\":2,\"name\":\"Maskotti ETI\"}]},{\"@type\":\"WebSite\",\"@id\":\"https:\\\/\\\/tt.uptodate.ee\\\/#website\",\"url\":\"https:\\\/\\\/tt.uptodate.ee\\\/\",\"name\":\"Teletorn.ee\",\"description\":\"\",\"potentialAction\":[{\"@type\":\"SearchAction\",\"target\":{\"@type\":\"EntryPoint\",\"urlTemplate\":\"https:\\\/\\\/tt.uptodate.ee\\\/?s={search_term_string}\"},\"query-input\":{\"@type\":\"PropertyValueSpecification\",\"valueRequired\":true,\"valueName\":\"search_term_string\"}}],\"inLanguage\":\"fi\"}]}<\/script>\n<!-- \/ Yoast SEO Premium plugin. -->","yoast_head_json":{"title":"Maskotti ETI - Teletorn.ee","description":"Tapaa ETI, maan ulkopuolinen olento ja Tallinnan tv-tornin maskotti. ETI symboloi tornin uteliaisuuden ja tutkimisen henke\u00e4.","robots":{"index":"index","follow":"follow","max-snippet":"max-snippet:-1","max-image-preview":"max-image-preview:large","max-video-preview":"max-video-preview:-1"},"canonical":"https:\/\/tt.uptodate.ee\/fi\/maskotti-eti\/","og_locale":"fi_FI","og_type":"article","og_title":"Maskotti ETI","og_description":"Tapaa ETI, maan ulkopuolinen olento ja Tallinnan tv-tornin maskotti. ETI symboloi tornin uteliaisuuden ja tutkimisen henke\u00e4.","og_url":"https:\/\/tt.uptodate.ee\/fi\/maskotti-eti\/","og_site_name":"Teletorn.ee","article_modified_time":"2024-07-08T07:06:53+00:00","og_image":[{"width":560,"height":560,"url":"https:\/\/tt.uptodate.ee\/wp-content\/uploads\/2024\/06\/Teletorn-maskott-ETI-2.jpg","type":"image\/jpeg"}],"twitter_card":"summary_large_image","twitter_misc":{"Arvioitu lukuaika":"1 minuutti"},"schema":{"@context":"https:\/\/schema.org","@graph":[{"@type":"WebPage","@id":"https:\/\/tt.uptodate.ee\/fi\/maskotti-eti\/","url":"https:\/\/tt.uptodate.ee\/fi\/maskotti-eti\/","name":"Maskotti ETI - Teletorn.ee","isPartOf":{"@id":"https:\/\/tt.uptodate.ee\/#website"},"primaryImageOfPage":{"@id":"https:\/\/tt.uptodate.ee\/fi\/maskotti-eti\/#primaryimage"},"image":{"@id":"https:\/\/tt.uptodate.ee\/fi\/maskotti-eti\/#primaryimage"},"thumbnailUrl":"https:\/\/teletorn.ee\/wp-content\/uploads\/2024\/06\/Teletorn-maskott-ETI-2.jpg","datePublished":"2024-03-23T12:50:12+00:00","dateModified":"2024-07-08T07:06:53+00:00","description":"Tapaa ETI, maan ulkopuolinen olento ja Tallinnan tv-tornin maskotti. ETI symboloi tornin uteliaisuuden ja tutkimisen henke\u00e4.","breadcrumb":{"@id":"https:\/\/tt.uptodate.ee\/fi\/maskotti-eti\/#breadcrumb"},"inLanguage":"fi","potentialAction":[{"@type":"ReadAction","target":["https:\/\/tt.uptodate.ee\/fi\/maskotti-eti\/"]}]},{"@type":"ImageObject","inLanguage":"fi","@id":"https:\/\/tt.uptodate.ee\/fi\/maskotti-eti\/#primaryimage","url":"https:\/\/teletorn.ee\/wp-content\/uploads\/2024\/06\/Teletorn-maskott-ETI-2.jpg","contentUrl":"https:\/\/teletorn.ee\/wp-content\/uploads\/2024\/06\/Teletorn-maskott-ETI-2.jpg","width":560,"height":560,"caption":"TV-tornin maskotti ETI alien vilkuttaa valokuvaajalle"},{"@type":"BreadcrumbList","@id":"https:\/\/tt.uptodate.ee\/fi\/maskotti-eti\/#breadcrumb","itemListElement":[{"@type":"ListItem","position":1,"name":"Home","item":"https:\/\/teletorn.ee\/fi\/"},{"@type":"ListItem","position":2,"name":"Maskotti ETI"}]},{"@type":"WebSite","@id":"https:\/\/tt.uptodate.ee\/#website","url":"https:\/\/tt.uptodate.ee\/","name":"Teletorn.ee","description":"","potentialAction":[{"@type":"SearchAction","target":{"@type":"EntryPoint","urlTemplate":"https:\/\/tt.uptodate.ee\/?s={search_term_string}"},"query-input":{"@type":"PropertyValueSpecification","valueRequired":true,"valueName":"search_term_string"}}],"inLanguage":"fi"}]}},"_links":{"self":[{"href":"https:\/\/teletorn.ee\/fi\/wp-json\/wp\/v2\/pages\/1701","targetHints":{"allow":["GET"]}}],"collection":[{"href":"https:\/\/teletorn.ee\/fi\/wp-json\/wp\/v2\/pages"}],"about":[{"href":"https:\/\/teletorn.ee\/fi\/wp-json\/wp\/v2\/types\/page"}],"author":[{"embeddable":true,"href":"https:\/\/teletorn.ee\/fi\/wp-json\/wp\/v2\/users\/1"}],"replies":[{"embeddable":true,"href":"https:\/\/teletorn.ee\/fi\/wp-json\/wp\/v2\/comments?post=1701"}],"version-history":[{"count":0,"href":"https:\/\/teletorn.ee\/fi\/wp-json\/wp\/v2\/pages\/1701\/revisions"}],"wp:featuredmedia":[{"embeddable":true,"href":"https:\/\/teletorn.ee\/fi\/wp-json\/wp\/v2\/media\/1488"}],"wp:attachment":[{"href":"https:\/\/teletorn.ee\/fi\/wp-json\/wp\/v2\/media?parent=1701"}],"curies":[{"name":"wp","href":"https:\/\/api.w.org\/{rel}","templated":true}]}}