{"id":1705,"date":"2024-03-23T14:49:45","date_gmt":"2024-03-23T12:49:45","guid":{"rendered":"https:\/\/tt.uptodate.ee\/tietoja-tv-tornista\/"},"modified":"2026-02-06T10:34:26","modified_gmt":"2026-02-06T08:34:26","slug":"tietoja-tv-tornista","status":"publish","type":"page","link":"https:\/\/teletorn.ee\/fi\/tietoja-tv-tornista\/","title":{"rendered":"Tietoa TV-tornista"},"content":{"rendered":"\n<div id=\"block_7ef03e4aa275b557cbdfb9c3e9784763\" class=\"teletorn-banner featured-image\">\n\n  \n\n    \n    \n  <style> #block_7ef03e4aa275b557cbdfb9c3e9784763{ background-image: url(https:\/\/teletorn.ee\/wp-content\/uploads\/2024\/06\/kaldtee001_full_size_Tarvo-Tiivits_2024.jpg)}<\/style>  <style>@media (max-width: 800px) { #block_7ef03e4aa275b557cbdfb9c3e9784763{ background-image: url(https:\/\/teletorn.ee\/wp-content\/uploads\/2024\/06\/Teletorn-kaldtee-2.jpg)}}<\/style>\n<\/div>\n\n\n\n<div id=\"block_dc4738f8002d328ec4e1b36f9bb2076f\" class=\"narrow-text-block with-inner-padding\" aria-hidden=\"true\">\n  <div class=\"wrap \">\n    <div class=\"wrap-inner\">\n      <h1 style=\"text-align: center;\">Torni t\u00e4ynn\u00e4 kokemuksia, jotka innostavat olemaan \u00e4lyk\u00e4s!<\/h1>\n<p>Tallinnan TV-torni on televisio-ohjelmien l\u00e4hett\u00e4mist\u00e4 varten rakennettu rakennus, jonka omistaa ja operoi telepalveluja tarjoava AS Levira. 2009. <span style=\"color: #0000ff;\"><strong><a style=\"color: #0000ff;\" href=\"https:\/\/www.levira.com\">AS Levira<\/a> <\/strong><\/span>perusti syyskuussa 2009 Tallinnan TV-torni-s\u00e4\u00e4ti\u00f6n, jolle TV-tornin rakennusoikeudet siirrettiin.<\/p>\n<h2>Tallinnan TV-torni on 314 metrin korkeudella Viron korkein rakennus.<\/h2>\n<p>Tallinnan TV-torni s\u00e4\u00e4ti\u00f6n tavoitteena on tarjota laadukkaita matkailu-, kulttuuri- ja vapaa-ajan palveluita sek\u00e4 edist\u00e4\u00e4 TV-tornia kansainv\u00e4lisen\u00e4 el\u00e4mysmatkailun vetonaulana ja kohteena. TV-tornin peruskorjausta tukivat sis\u00e4ministeri\u00f6 ja Viron investointivirasto valtakunnallisesti merkitt\u00e4vien kulttuuri- ja matkailukohteiden kehitt\u00e4mistoimenpiteen kautta, jota yhteisrahoitti Euroopan aluekehitysrahasto. TV-tornin peruskorjauksen kokonaiskustannukset olivat 6,6 miljoonaa euroa. TV-torni avattiin uudelleen 4. huhtikuuta 2012. <a href=\"https:\/\/teletorn.ee\/fi\/tietoja-tv-tornista\/historia\/\"><strong><span style=\"color: #0000ff;\">TV-tornin historian sivulta<\/span><\/strong><\/a> voit lukea kuinka TV-tornista tuli olympiapaikka.<\/p>\n<h2>The World Federation of Great Towers<\/h2>\n<p>Tallinnan TV-torni on 1. tammikuuta 2013 l\u00e4htien ollut virallisesti arvostetun <span style=\"color: #0000ff;\"><strong><a style=\"color: #0000ff;\" href=\"https:\/\/www.great-towers.com\">The World Federation of Great Towers<\/a> <\/strong><\/span>-liiton j\u00e4sen. Liiton korkein torni on 828 metri\u00e4 korkea Burj Khalifa. Tallinnan TV-torni on 40 j\u00e4senen joukossa sijalla 19. Korkeus on 314 metri\u00e4, joten se on my\u00f6s Pohjois-Euroopan korkein avoin rakennus.<\/p>\n<h2><img decoding=\"async\" src=\"https:\/\/teletorn.ee\/wp-content\/uploads\/2024\/05\/Eco-leaf.svg\" \/> Green Key<\/h2>\n<p class=\"elementtoproof\"><span style=\"color: #242424;\">Tallinnan TV-torni kantaa ylpe\u00e4n\u00e4 kansainv\u00e4list\u00e4 Green Key -sertifikaattia, joka vahvistaa sitoutumisemme ymp\u00e4rist\u00f6yst\u00e4v\u00e4llisyyteen ja kest\u00e4v\u00e4\u00e4n kehitykseen. TV-tornin visio perustuu kest\u00e4v\u00e4n kehityksen periaatteisiin. Tarjoamme tietoa ja innovaatioita opetusohjelmien kautta, jotka esittelev\u00e4t sek\u00e4 historiaa ett\u00e4 tulevaisuuden trendej\u00e4 hy\u00f6dynt\u00e4en esimerkiksi 3D-tulostusta ja hologrammeja. Olemme omistautuneet yhteis\u00f6n osallistamiseen ja vihre\u00e4\u00e4 energiaa tukevien ratkaisujen edist\u00e4miseen. J\u00e4rjest\u00e4mme my\u00f6s tapahtumia kuten perhep\u00e4ivi\u00e4 sek\u00e4 talkoita ja k\u00e4yt\u00e4mme niiss\u00e4 paikallisia resursseja. Toimintamme tukee luovaa ajattelua ja avaa uusia n\u00e4k\u00f6kulmia, toimien samalla esimerkkin\u00e4 kest\u00e4vyydest\u00e4 ja ymp\u00e4rist\u00f6vastuullisuuden edell\u00e4k\u00e4vij\u00e4n\u00e4.<\/span><\/p>\n<p><span style=\"color: #242424;\">Tallinnan TV-torni on avoin kaikille, tarjoten esteett\u00f6m\u00e4n p\u00e4\u00e4syn erityistarpeita omaaville vierailijoille ja kunnioittaen monimuotoisuutta. Ty\u00f6ntekij\u00e4mme ovat s\u00e4\u00e4ti\u00f6n t\u00e4rkein voimavara \u2013 tuemme heid\u00e4n henkil\u00f6kohtaista kehityst\u00e4\u00e4n ja kansainv\u00e4list\u00e4 yhteisty\u00f6t\u00e4\u00e4n edist\u00e4\u00e4ksemme tiedon ja taitojen jakamista. Lis\u00e4ksi panostamme p\u00e4ivitt\u00e4isess\u00e4 toiminnassa j\u00e4tteiden lajitteluun, materiaalien uudelleenk\u00e4ytt\u00f6\u00f6n ja energians\u00e4\u00e4st\u00f6\u00f6n pienent\u00e4\u00e4ksemme ekologista jalanj\u00e4lke\u00e4mme.<\/span><\/p>\n<p class=\"elementtoproof\"><span style=\"color: #242424;\"><strong>Green Key<\/strong> ei ole meille vain sertifikaatti \u2013 se on el\u00e4m\u00e4ntapa, joka ohjaa kaikkea toimintaamme.<\/span><\/p>\n<p>Lis\u00e4tietoa Green Key -ohjelmasta ja sen kansainv\u00e4lisist\u00e4 kest\u00e4v\u00e4n kehityksen periaatteista l\u00f6yd\u00e4t <span style=\"color: #008000;\"><strong><a style=\"color: #008000;\" href=\"https:\/\/www.greenkey.global\/\" target=\"_blank\" rel=\"noopener\">Green Key Globalin<\/a><\/strong><\/span> verkkosivuilta.<\/p>\n<h2>Viron kongressitoimiston (ECB) j\u00e4sen<\/h2>\n<p>Tallinnan TV-tornista on 1.1.2024 l\u00e4htien tullut <span style=\"color: #0000ff;\"><strong><a style=\"color: #0000ff;\" href=\"https:\/\/www.ecb.ee\/fi\/\">Viron kongressitoimiston<\/a><\/strong><\/span> (ECB) j\u00e4sen. Viron kongressitoimiston tavoitteena on muokata ja vahvistaa Viron kansainv\u00e4list\u00e4 mainetta konferenssikohteena sek\u00e4 lis\u00e4t\u00e4 Virossa j\u00e4rjestett\u00e4vien kansainv\u00e4listen konferenssien m\u00e4\u00e4r\u00e4\u00e4.<\/p>\n<h2>Viron Suurten El\u00e4myspaikkojen Liitto<\/h2>\n<p>Tallinnan TV-torni on ollut 9. hein\u00e4kuuta 2020 l\u00e4htien Viron Suurten El\u00e4myspaikkojen Liiton (ESaL) j\u00e4sen. ESaL kokoaa yhteen Viron ihmeet \u2013 ainutlaatuiset ja perheyst\u00e4v\u00e4lliset el\u00e4myskeskukset, joissa vierailee vuosittain v\u00e4hint\u00e4\u00e4n 50\u202f000 k\u00e4vij\u00e4\u00e4 ja jotka ovat suosittuja my\u00f6s kansainv\u00e4listen matkailijoiden keskuudessa.<\/p>\n<p>TV-tornin lis\u00e4ksi ESaL:n j\u00e4seniin kuuluvat <strong><span style=\"color: #0000ff;\"><a style=\"color: #0000ff;\" href=\"https:\/\/www.ahhaa.ee\/en\" target=\"_blank\" rel=\"noopener\">AHHAA-tiedekeskus<\/a><\/span><\/strong>, <span style=\"color: #0000ff;\"><strong><a style=\"color: #0000ff;\" href=\"https:\/\/www.prototehas.ee\/fi\/\" target=\"_blank\" rel=\"noopener\">keksint\u00f6tehd\u00e4s PROTO<\/a><\/strong><\/span>, <span style=\"color: #0000ff;\"><strong><a style=\"color: #0000ff;\" href=\"https:\/\/superskypark.ee\/fi\/\" target=\"_blank\" rel=\"noopener\">Super Skypark<\/a><\/strong><\/span>, <strong><span style=\"color: #0000ff;\"><a style=\"color: #0000ff;\" href=\"https:\/\/www.energiakeskus.ee\/en\/\" target=\"_blank\" rel=\"noopener\">Energian tutkimusskeskus<\/a><\/span><\/strong>, <strong><span style=\"color: #0000ff;\"><a style=\"color: #0000ff;\" href=\"https:\/\/lottemaa.ee\/fi\/\" target=\"_blank\" rel=\"noopener\">Lottemaan teemapuisto<\/a><\/span><\/strong> ja <strong><span style=\"color: #0000ff;\"><a style=\"color: #0000ff;\" href=\"https:\/\/seikluskeskus.ee\/en\/\" target=\"_blank\" rel=\"noopener\">Kivi\u00f5lin seikkailukeskus<\/a><\/span><\/strong>.<\/p>\n<p>Liiton tavoitteena on yhdist\u00e4\u00e4 Viron johtavat el\u00e4mys- ja tiedekeskukset saman katon alle ja edist\u00e4\u00e4 laadukasta el\u00e4mys- ja perhematkailua.<\/p>\n    <\/div>\n  <\/div>\n<\/div>\n\n\n\n<div id=\"block_1e752e710e018af1bd8869d6641a70b7\" class=\"teletorn-people\" aria-hidden=\"true\">\n\n  <div class=\"wrap\">\n\n      <h2 style=\"text-align: center; flex-basis: 100%\">TV-tornin tiimi<\/h2>\n  \n  \n    <div clasS=\"single-people\">\n\n      <div class=\"single-people-image\">\n        <img decoding=\"async\" src=\"https:\/\/teletorn.ee\/wp-content\/uploads\/2024\/04\/eti-300x300.png\" alt=\"eti\" \/>      <\/div>\n      <div class=\"single-people-content\">\n        <h4>ETI<\/h4>        <p>Erityinen TV-tornin Ihminen<\/p>\n      <\/div>\n\n    <\/div>\n\n  \n    <div clasS=\"single-people\">\n\n      <div class=\"single-people-image\">\n        <img decoding=\"async\" src=\"https:\/\/teletorn.ee\/wp-content\/uploads\/2024\/06\/Taavi-Tapner-300x300.jpg\" alt=\"Taavi-Tapner\" \/>      <\/div>\n      <div class=\"single-people-content\">\n        <h4>Taavi Tapner, AS Levira<\/h4>        <p>Hallitusen puheenjohtaja<\/p>\n      <\/div>\n\n    <\/div>\n\n  \n    <div clasS=\"single-people\">\n\n      <div class=\"single-people-image\">\n        <img decoding=\"async\" src=\"https:\/\/teletorn.ee\/wp-content\/uploads\/2025\/04\/Teletorn_Tiit-Tammiste-300x300.jpg\" alt=\"Teletorn_Tiit Tammiste\" \/>      <\/div>\n      <div class=\"single-people-content\">\n        <h4>Tiit Tammiste, AS Levira<\/h4>        <p>Hallituksen j\u00e4sen<\/p>\n      <\/div>\n\n    <\/div>\n\n  \n    <div clasS=\"single-people\">\n\n      <div class=\"single-people-image\">\n        <img decoding=\"async\" src=\"https:\/\/teletorn.ee\/wp-content\/uploads\/2025\/07\/Aigar-Vaigu_Rakett-69-300x300.jpg\" alt=\"Aigar Vaigu_Rakett 69\" \/>      <\/div>\n      <div class=\"single-people-content\">\n        <h4>Aigar Vaigu<\/h4>        <p>Hallituksen j\u00e4sen<\/p>\n      <\/div>\n\n    <\/div>\n\n  \n    <div clasS=\"single-people\">\n\n      <div class=\"single-people-image\">\n        <img decoding=\"async\" src=\"https:\/\/teletorn.ee\/wp-content\/uploads\/2025\/04\/Teletorn_Juri-Kriisemann-300x300.jpg\" alt=\"Teletorn_J\u00fcri Kriisemann\" \/>      <\/div>\n      <div class=\"single-people-content\">\n        <h4>J\u00fcri Kriisemann<\/h4>        <p>TV-tornin hallituksen j\u00e4sen<br data-start=\"27\" data-end=\"30\" \/><a class=\"decorated-link cursor-pointer\" rel=\"noopener\" data-start=\"30\" data-end=\"57\">jyri.kriisemann@teletorn.ee<\/a><br data-start=\"57\" data-end=\"60\" \/>+372 5068 088<\/p>\n      <\/div>\n\n    <\/div>\n\n  \n    <div clasS=\"single-people\">\n\n      <div class=\"single-people-image\">\n        <img decoding=\"async\" src=\"https:\/\/teletorn.ee\/wp-content\/uploads\/2025\/04\/Teletorn_Kertu-Saks-300x300.jpg\" alt=\"Teletorn_Kertu Saks\" \/>      <\/div>\n      <div class=\"single-people-content\">\n                <p>TV-tornin hallituksen j\u00e4sen<br data-start=\"27\" data-end=\"30\" \/><a class=\"decorated-link cursor-pointer\" rel=\"noopener\" data-start=\"30\" data-end=\"57\">kertu.saks@teletorn.ee<\/a><\/p>\n      <\/div>\n\n    <\/div>\n\n  \n    <div clasS=\"single-people\">\n\n      <div class=\"single-people-image\">\n        <img decoding=\"async\" src=\"https:\/\/teletorn.ee\/wp-content\/uploads\/2025\/04\/Teletorn_Tiiu-Vilbrant-300x300.jpg\" alt=\"Teletorn_Tiiu Vilbrant\" \/>      <\/div>\n      <div class=\"single-people-content\">\n        <h4>Tiiu Vilbrant<\/h4>        <p>Br\u00e4ndijohtaja<br \/>\ntiiu.vilbrant@teletorn.ee<br \/>\n+372 5451 1545<\/p>\n      <\/div>\n\n    <\/div>\n\n  \n    <div clasS=\"single-people\">\n\n      <div class=\"single-people-image\">\n        <img decoding=\"async\" src=\"https:\/\/teletorn.ee\/wp-content\/uploads\/2025\/04\/Teletorn_Aire-Ilves-300x300.jpg\" alt=\"Teletorn_Aire Ilves\" \/>      <\/div>\n      <div class=\"single-people-content\">\n        <h4>AIRE ILVES<\/h4>        <p>Myynnin ja kumppanuussuhteiden johtaja<br \/>\naire.ilves@teletorn.ee<br \/>\n+372 8201 1789<\/p>\n      <\/div>\n\n    <\/div>\n\n  \n    <div clasS=\"single-people\">\n\n      <div class=\"single-people-image\">\n        <img decoding=\"async\" src=\"https:\/\/teletorn.ee\/wp-content\/uploads\/2025\/04\/Teletorn_Ulle-Fillin-300x300.jpg\" alt=\"Teletorn_\u00dclle Fillin\" \/>      <\/div>\n      <div class=\"single-people-content\">\n        <h4>\u00dclle Filin<\/h4>        <p>Palvelup\u00e4\u00e4llikk\u00f6<br \/>\nylle.filin@teletorn.ee<br \/>\n+372 5505 219<\/p>\n      <\/div>\n\n    <\/div>\n\n  \n    <div clasS=\"single-people\">\n\n      <div class=\"single-people-image\">\n        <img decoding=\"async\" src=\"https:\/\/teletorn.ee\/wp-content\/uploads\/2025\/04\/Teletorn_Aare-Silm-300x300.jpg\" alt=\"Teletorn_Aare Silm\" \/>      <\/div>\n      <div class=\"single-people-content\">\n        <h4>Aare Silm<\/h4>        <p>Ravintolan johtaja<br \/>\nrestoran@teletorn.ee<br \/>\n+372 5666 9111<\/p>\n      <\/div>\n\n    <\/div>\n\n  \n    <div clasS=\"single-people\">\n\n      <div class=\"single-people-image\">\n        <img decoding=\"async\" src=\"https:\/\/teletorn.ee\/wp-content\/uploads\/2025\/04\/Teletorn_Meelike-Enel-Andrejeva-300x300.jpg\" alt=\"Teletorn_Meelike Enel Andrejeva\" \/>      <\/div>\n      <div class=\"single-people-content\">\n        <h4>Meelike &#8211; Enel Andrejeva<\/h4>        <p>Vierailup\u00e4\u00e4llikk\u00f6<br \/>\nteletorn@teletorn.ee<br \/>\n+372 5911 9335<\/p>\n      <\/div>\n\n    <\/div>\n\n  \n    <div clasS=\"single-people\">\n\n      <div class=\"single-people-image\">\n        <img decoding=\"async\" src=\"https:\/\/teletorn.ee\/wp-content\/uploads\/2025\/04\/Teletorn_Martin-Roosna-300x300.jpg\" alt=\"Teletorn_Martin Roosna\" \/>      <\/div>\n      <div class=\"single-people-content\">\n        <h4>Martin Roosna<\/h4>        <p>Vierailup\u00e4\u00e4llikk\u00f6<br \/>\nteletorn@teletorn.ee<br \/>\n+372 5911 9335<\/p>\n      <\/div>\n\n    <\/div>\n\n  \n    <div clasS=\"single-people\">\n\n      <div class=\"single-people-image\">\n        <img decoding=\"async\" src=\"https:\/\/teletorn.ee\/wp-content\/uploads\/2025\/04\/Teletorn_Sten-Sepp_1-300x300.jpg\" alt=\"Teletorn_Sten Sepp_1\" \/>      <\/div>\n      <div class=\"single-people-content\">\n        <h4>Sten Sepp<\/h4>        <p>Vierailup\u00e4\u00e4llikk\u00f6<br \/>\nteletorn@teletorn.ee<br \/>\n+372 5911 9335<\/p>\n<p>Palvelee parhaillaan Viron puolustusvoimissa.<\/p>\n      <\/div>\n\n    <\/div>\n\n    \n  <\/div>\n\n<\/div>\n","protected":false},"excerpt":{"rendered":"","protected":false},"author":1,"featured_media":1493,"parent":0,"menu_order":123,"comment_status":"closed","ping_status":"closed","template":"","meta":{"_acf_changed":false,"footnotes":""},"class_list":["post-1705","page","type-page","status-publish","has-post-thumbnail","hentry"],"acf":[],"yoast_head":"<!-- This site is optimized with the Yoast SEO Premium plugin v23.4 (Yoast SEO v27.3) - https:\/\/yoast.com\/product\/yoast-seo-premium-wordpress\/ -->\n<title>Tietoa TV-tornista - Teletorn.ee<\/title>\n<meta name=\"description\" content=\"Teletorn.ee - Tietoa TV-tornista\" \/>\n<meta name=\"robots\" content=\"index, follow, max-snippet:-1, max-image-preview:large, max-video-preview:-1\" \/>\n<link rel=\"canonical\" href=\"https:\/\/teletorn.ee\/fi\/tietoja-tv-tornista\/\" \/>\n<meta property=\"og:locale\" content=\"fi_FI\" \/>\n<meta property=\"og:type\" content=\"article\" \/>\n<meta property=\"og:title\" content=\"Tietoa TV-tornista\" \/>\n<meta property=\"og:description\" content=\"Teletorn.ee - Tietoa TV-tornista\" \/>\n<meta property=\"og:url\" content=\"https:\/\/teletorn.ee\/fi\/tietoja-tv-tornista\/\" \/>\n<meta property=\"og:site_name\" content=\"Teletorn.ee\" \/>\n<meta property=\"article:modified_time\" content=\"2026-02-06T08:34:26+00:00\" \/>\n<meta property=\"og:image\" content=\"https:\/\/teletorn.ee\/wp-content\/uploads\/2024\/06\/kaldtee001_full_size_Tarvo-Tiivits_2024.jpg\" \/>\n\t<meta property=\"og:image:width\" content=\"1440\" \/>\n\t<meta property=\"og:image:height\" content=\"560\" \/>\n\t<meta property=\"og:image:type\" content=\"image\/jpeg\" \/>\n<meta name=\"twitter:card\" content=\"summary_large_image\" \/>\n<meta name=\"twitter:label1\" content=\"Arvioitu lukuaika\" \/>\n\t<meta name=\"twitter:data1\" content=\"1 minuutti\" \/>\n<script type=\"application\/ld+json\" class=\"yoast-schema-graph\">{\"@context\":\"https:\\\/\\\/schema.org\",\"@graph\":[{\"@type\":\"WebPage\",\"@id\":\"https:\\\/\\\/teletorn.ee\\\/fi\\\/tietoja-tv-tornista\\\/\",\"url\":\"https:\\\/\\\/teletorn.ee\\\/fi\\\/tietoja-tv-tornista\\\/\",\"name\":\"Tietoa TV-tornista - Teletorn.ee\",\"isPartOf\":{\"@id\":\"https:\\\/\\\/tt.uptodate.ee\\\/#website\"},\"primaryImageOfPage\":{\"@id\":\"https:\\\/\\\/teletorn.ee\\\/fi\\\/tietoja-tv-tornista\\\/#primaryimage\"},\"image\":{\"@id\":\"https:\\\/\\\/teletorn.ee\\\/fi\\\/tietoja-tv-tornista\\\/#primaryimage\"},\"thumbnailUrl\":\"https:\\\/\\\/teletorn.ee\\\/wp-content\\\/uploads\\\/2024\\\/06\\\/kaldtee001_full_size_Tarvo-Tiivits_2024.jpg\",\"datePublished\":\"2024-03-23T12:49:45+00:00\",\"dateModified\":\"2026-02-06T08:34:26+00:00\",\"description\":\"Teletorn.ee - Tietoa TV-tornista\",\"breadcrumb\":{\"@id\":\"https:\\\/\\\/teletorn.ee\\\/fi\\\/tietoja-tv-tornista\\\/#breadcrumb\"},\"inLanguage\":\"fi\",\"potentialAction\":[{\"@type\":\"ReadAction\",\"target\":[\"https:\\\/\\\/teletorn.ee\\\/fi\\\/tietoja-tv-tornista\\\/\"]}]},{\"@type\":\"ImageObject\",\"inLanguage\":\"fi\",\"@id\":\"https:\\\/\\\/teletorn.ee\\\/fi\\\/tietoja-tv-tornista\\\/#primaryimage\",\"url\":\"https:\\\/\\\/teletorn.ee\\\/wp-content\\\/uploads\\\/2024\\\/06\\\/kaldtee001_full_size_Tarvo-Tiivits_2024.jpg\",\"contentUrl\":\"https:\\\/\\\/teletorn.ee\\\/wp-content\\\/uploads\\\/2024\\\/06\\\/kaldtee001_full_size_Tarvo-Tiivits_2024.jpg\",\"width\":1440,\"height\":560,\"caption\":\"Ramppi TV-tornille\"},{\"@type\":\"BreadcrumbList\",\"@id\":\"https:\\\/\\\/teletorn.ee\\\/fi\\\/tietoja-tv-tornista\\\/#breadcrumb\",\"itemListElement\":[{\"@type\":\"ListItem\",\"position\":1,\"name\":\"Home\",\"item\":\"https:\\\/\\\/teletorn.ee\\\/fi\\\/\"},{\"@type\":\"ListItem\",\"position\":2,\"name\":\"Tietoa TV-tornista\"}]},{\"@type\":\"WebSite\",\"@id\":\"https:\\\/\\\/tt.uptodate.ee\\\/#website\",\"url\":\"https:\\\/\\\/tt.uptodate.ee\\\/\",\"name\":\"Teletorn.ee\",\"description\":\"\",\"potentialAction\":[{\"@type\":\"SearchAction\",\"target\":{\"@type\":\"EntryPoint\",\"urlTemplate\":\"https:\\\/\\\/tt.uptodate.ee\\\/?s={search_term_string}\"},\"query-input\":{\"@type\":\"PropertyValueSpecification\",\"valueRequired\":true,\"valueName\":\"search_term_string\"}}],\"inLanguage\":\"fi\"}]}<\/script>\n<!-- \/ Yoast SEO Premium plugin. -->","yoast_head_json":{"title":"Tietoa TV-tornista - Teletorn.ee","description":"Teletorn.ee - Tietoa TV-tornista","robots":{"index":"index","follow":"follow","max-snippet":"max-snippet:-1","max-image-preview":"max-image-preview:large","max-video-preview":"max-video-preview:-1"},"canonical":"https:\/\/teletorn.ee\/fi\/tietoja-tv-tornista\/","og_locale":"fi_FI","og_type":"article","og_title":"Tietoa TV-tornista","og_description":"Teletorn.ee - Tietoa TV-tornista","og_url":"https:\/\/teletorn.ee\/fi\/tietoja-tv-tornista\/","og_site_name":"Teletorn.ee","article_modified_time":"2026-02-06T08:34:26+00:00","og_image":[{"width":1440,"height":560,"url":"https:\/\/teletorn.ee\/wp-content\/uploads\/2024\/06\/kaldtee001_full_size_Tarvo-Tiivits_2024.jpg","type":"image\/jpeg"}],"twitter_card":"summary_large_image","twitter_misc":{"Arvioitu lukuaika":"1 minuutti"},"schema":{"@context":"https:\/\/schema.org","@graph":[{"@type":"WebPage","@id":"https:\/\/teletorn.ee\/fi\/tietoja-tv-tornista\/","url":"https:\/\/teletorn.ee\/fi\/tietoja-tv-tornista\/","name":"Tietoa TV-tornista - Teletorn.ee","isPartOf":{"@id":"https:\/\/tt.uptodate.ee\/#website"},"primaryImageOfPage":{"@id":"https:\/\/teletorn.ee\/fi\/tietoja-tv-tornista\/#primaryimage"},"image":{"@id":"https:\/\/teletorn.ee\/fi\/tietoja-tv-tornista\/#primaryimage"},"thumbnailUrl":"https:\/\/teletorn.ee\/wp-content\/uploads\/2024\/06\/kaldtee001_full_size_Tarvo-Tiivits_2024.jpg","datePublished":"2024-03-23T12:49:45+00:00","dateModified":"2026-02-06T08:34:26+00:00","description":"Teletorn.ee - Tietoa TV-tornista","breadcrumb":{"@id":"https:\/\/teletorn.ee\/fi\/tietoja-tv-tornista\/#breadcrumb"},"inLanguage":"fi","potentialAction":[{"@type":"ReadAction","target":["https:\/\/teletorn.ee\/fi\/tietoja-tv-tornista\/"]}]},{"@type":"ImageObject","inLanguage":"fi","@id":"https:\/\/teletorn.ee\/fi\/tietoja-tv-tornista\/#primaryimage","url":"https:\/\/teletorn.ee\/wp-content\/uploads\/2024\/06\/kaldtee001_full_size_Tarvo-Tiivits_2024.jpg","contentUrl":"https:\/\/teletorn.ee\/wp-content\/uploads\/2024\/06\/kaldtee001_full_size_Tarvo-Tiivits_2024.jpg","width":1440,"height":560,"caption":"Ramppi TV-tornille"},{"@type":"BreadcrumbList","@id":"https:\/\/teletorn.ee\/fi\/tietoja-tv-tornista\/#breadcrumb","itemListElement":[{"@type":"ListItem","position":1,"name":"Home","item":"https:\/\/teletorn.ee\/fi\/"},{"@type":"ListItem","position":2,"name":"Tietoa TV-tornista"}]},{"@type":"WebSite","@id":"https:\/\/tt.uptodate.ee\/#website","url":"https:\/\/tt.uptodate.ee\/","name":"Teletorn.ee","description":"","potentialAction":[{"@type":"SearchAction","target":{"@type":"EntryPoint","urlTemplate":"https:\/\/tt.uptodate.ee\/?s={search_term_string}"},"query-input":{"@type":"PropertyValueSpecification","valueRequired":true,"valueName":"search_term_string"}}],"inLanguage":"fi"}]}},"_links":{"self":[{"href":"https:\/\/teletorn.ee\/fi\/wp-json\/wp\/v2\/pages\/1705","targetHints":{"allow":["GET"]}}],"collection":[{"href":"https:\/\/teletorn.ee\/fi\/wp-json\/wp\/v2\/pages"}],"about":[{"href":"https:\/\/teletorn.ee\/fi\/wp-json\/wp\/v2\/types\/page"}],"author":[{"embeddable":true,"href":"https:\/\/teletorn.ee\/fi\/wp-json\/wp\/v2\/users\/1"}],"replies":[{"embeddable":true,"href":"https:\/\/teletorn.ee\/fi\/wp-json\/wp\/v2\/comments?post=1705"}],"version-history":[{"count":5,"href":"https:\/\/teletorn.ee\/fi\/wp-json\/wp\/v2\/pages\/1705\/revisions"}],"predecessor-version":[{"id":12321,"href":"https:\/\/teletorn.ee\/fi\/wp-json\/wp\/v2\/pages\/1705\/revisions\/12321"}],"wp:featuredmedia":[{"embeddable":true,"href":"https:\/\/teletorn.ee\/fi\/wp-json\/wp\/v2\/media\/1493"}],"wp:attachment":[{"href":"https:\/\/teletorn.ee\/fi\/wp-json\/wp\/v2\/media?parent=1705"}],"curies":[{"name":"wp","href":"https:\/\/api.w.org\/{rel}","templated":true}]}}