{"id":1714,"date":"2024-04-16T10:47:58","date_gmt":"2024-04-16T07:47:58","guid":{"rendered":"https:\/\/tt.uptodate.ee\/jarjesta-tapahtuma\/"},"modified":"2025-09-12T08:55:16","modified_gmt":"2025-09-12T05:55:16","slug":"jarjesta-tapahtuma","status":"publish","type":"page","link":"https:\/\/teletorn.ee\/fi\/tv-tornin-tapahtumat\/jarjesta-tapahtuma\/","title":{"rendered":"J\u00e4rjest\u00e4 tapahtuma"},"content":{"rendered":"\n<div id=\"block_7b8248ad0aa9e46eb85491dd0b15ed2c\" class=\"teletorn-banner featured-image\">\n\n  \n\n    \n    \n  <style> #block_7b8248ad0aa9e46eb85491dd0b15ed2c{ background-image: url(https:\/\/teletorn.ee\/wp-content\/uploads\/2024\/06\/yrtitus_hooviala005_full_size_Tarvo-Tiivits_2024.jpg)}<\/style>  <style>@media (max-width: 800px) { #block_7b8248ad0aa9e46eb85491dd0b15ed2c{ background-image: url(https:\/\/teletorn.ee\/wp-content\/uploads\/2024\/06\/Teletorn-uritus-hooviala-2.jpg)}}<\/style>\n<\/div>\n\n\n\n<div id=\"block_d391f7dc263ad6831b55c8daba10b2b0\" class=\"narrow-text-block with-inner-padding\" aria-hidden=\"true\">\n  <div class=\"wrap \">\n    <div class=\"wrap-inner\">\n      <h1 style=\"text-align: center;\">J\u00e4rjest\u00e4 tapahtuma<\/h1>\n<p>Tutustu mahdollisuuksien maailmaan, jotka ulottuvat korkeuksiin! J\u00e4rjest\u00e4 seuraava tapahtumasi ikonisessa Tallinnan TV-tornissa, joka muuttaa n\u00e4k\u00f6kulmaa ja luo ainutlaatuisia kokemuksia. Vie tapahtumasi uudelle tasolle \u2013 varaa koko TV-torni jo t\u00e4n\u00e4\u00e4n!<\/p>\n<p>Huonevuokran lis\u00e4ksi tarjoamme catering-palveluita, juhlaohjelmia, retki\u00e4 ja ty\u00f6pajoja. Talvella voidaan j\u00e4rjest\u00e4\u00e4 sis\u00e4tilaisuuksia ja kes\u00e4ll\u00e4 TV-tornin ulkoalueella sek\u00e4 sis\u00e4- ett\u00e4 ulkotapahtumia sek\u00e4 lapsille ett\u00e4 aikuisille.<\/p>\n<p>Tavoitteenamme on luoda erityisi\u00e4 hetki\u00e4 jokaiseen el\u00e4m\u00e4n t\u00e4rke\u00e4\u00e4n tapahtumaan h\u00e4ist\u00e4 hautajaisiin. Jokainen tapahtuma on ainutlaatuinen ja sitoumuksemme on varmistaa, ett\u00e4 vuosip\u00e4iv\u00e4si on ikimuistoinen ja henkil\u00f6kohtainen.<\/p>\n    <\/div>\n  <\/div>\n<\/div>\n\n\n\n<div id=\"block_6fb34baad46a1c2ae5339ed133a652ba\" class=\"teletorn-rooms\" aria-hidden=\"true\">\n\n  <div class=\"wrap\">\n  \n        <h2 style=\"text-align: center;\">Tiedot<\/h2>      <div class=\"all-rooms-wrap owl-carousel\">\n                        <div class=\"single-room-wrap\">\n                                  <div class=\"featured-image\" style=\"background-image: url('https:\/\/teletorn.ee\/wp-content\/uploads\/2024\/04\/1korrus_koosolek001-1412x600.jpg');\"><\/div>\n                                  <div class=\"single-room-wrap-inner\">\n                    <h2>Neuvotteluhuone<\/h2>\n                    <div class=\"room-info\">29 m\u00b2<\/div><div class=\"room-info-row\"><div class=\"room-info\"><img decoding=\"async\" src=\"https:\/\/teletorn.ee\/wp-content\/themes\/teletorn\/img\/clock.svg\" \/>Sopimuksen mukaan<\/div><div class=\"room-info\"><img decoding=\"async\" src=\"https:\/\/teletorn.ee\/wp-content\/themes\/teletorn\/img\/people-icon.svg\" \/>14 henkil\u00f6\u00e4 p\u00f6yd\u00e4n ymp\u00e4rill\u00e4<\/div><div class=\"room-info\"><img decoding=\"async\" src=\"https:\/\/teletorn.ee\/wp-content\/themes\/teletorn\/img\/price-icon.svg\" \/>150 \u20ac \/ 4 h; 250 \u20ac \/ 8 h<\/div><\/div>                    <a href=\"https:\/\/teletorn.ee\/fi\/tieto\/rent-konferenssihuone\/\" class=\"blue-btn\">Tutustu<\/a>\n                  <\/div>\n              <\/div>\n                            <div class=\"single-room-wrap\">\n                                  <div class=\"featured-image\" style=\"background-image: url('https:\/\/teletorn.ee\/wp-content\/uploads\/2024\/04\/vaateplatvorm-sundmus-1067x600.jpg');\"><\/div>\n                                  <div class=\"single-room-wrap-inner\">\n                    <h2>N\u00e4yttelyhalli<\/h2>\n                    <div class=\"room-info\">673 m\u00b2; vastaanotto, teatteri<\/div><div class=\"room-info-row\"><div class=\"room-info\"><img decoding=\"async\" src=\"https:\/\/teletorn.ee\/wp-content\/themes\/teletorn\/img\/clock.svg\" \/>8-10 \/ 18-22 (19-23)<\/div><div class=\"room-info\"><img decoding=\"async\" src=\"https:\/\/teletorn.ee\/wp-content\/themes\/teletorn\/img\/people-icon.svg\" \/>Jopa 100<\/div><div class=\"room-info\"><img decoding=\"async\" src=\"https:\/\/teletorn.ee\/wp-content\/themes\/teletorn\/img\/price-icon.svg\" \/>Alkaen 500\u20ac<\/div><\/div>                    <a href=\"https:\/\/teletorn.ee\/fi\/tieto\/rent-nayttelyhalli\/\" class=\"blue-btn\">Tutustu<\/a>\n                  <\/div>\n              <\/div>\n                            <div class=\"single-room-wrap\">\n                                  <div class=\"featured-image\" style=\"background-image: url('https:\/\/teletorn.ee\/wp-content\/uploads\/2024\/04\/muuga_sektror_004-1412x600.jpg');\"><\/div>\n                                  <div class=\"single-room-wrap-inner\">\n                    <h2>Muuga-sektori<\/h2>\n                    <div class=\"room-info\">90 m\u00b2, vastaanotto, auditorio<\/div><div class=\"room-info-row\"><div class=\"room-info\"><img decoding=\"async\" src=\"https:\/\/teletorn.ee\/wp-content\/themes\/teletorn\/img\/clock.svg\" \/>Sopimuksen mukaan<\/div><div class=\"room-info\"><img decoding=\"async\" src=\"https:\/\/teletorn.ee\/wp-content\/themes\/teletorn\/img\/people-icon.svg\" \/>Jopa 30<\/div><div class=\"room-info\"><img decoding=\"async\" src=\"https:\/\/teletorn.ee\/wp-content\/themes\/teletorn\/img\/price-icon.svg\" \/>Alkaen 175\u20ac<\/div><\/div>                    <a href=\"https:\/\/teletorn.ee\/fi\/tieto\/rent-muuga-sektori\/\" class=\"blue-btn\">Tutustu<\/a>\n                  <\/div>\n              <\/div>\n                            <div class=\"single-room-wrap\">\n                                  <div class=\"featured-image\" style=\"background-image: url('https:\/\/teletorn.ee\/wp-content\/uploads\/2024\/06\/cinema-hall-1.jpg');\"><\/div>\n                                  <div class=\"single-room-wrap-inner\">\n                    <h2>Lasimaalaushuone<\/h2>\n                    <div class=\"room-info\">172 m\u00b2; auditorio<\/div><div class=\"room-info-row\"><div class=\"room-info\"><img decoding=\"async\" src=\"https:\/\/teletorn.ee\/wp-content\/themes\/teletorn\/img\/clock.svg\" \/>Sopimuksen mukaan<\/div><div class=\"room-info\"><img decoding=\"async\" src=\"https:\/\/teletorn.ee\/wp-content\/themes\/teletorn\/img\/people-icon.svg\" \/>Jopa 100<\/div><div class=\"room-info\"><img decoding=\"async\" src=\"https:\/\/teletorn.ee\/wp-content\/themes\/teletorn\/img\/price-icon.svg\" \/>450 \u20ac \/ 4 h; 700 \u20ac \/ 8 h<\/div><\/div>                    <a href=\"https:\/\/teletorn.ee\/fi\/tieto\/rent-lasimaalaushuone\/\" class=\"blue-btn\">Tutustu<\/a>\n                  <\/div>\n              <\/div>\n                            <div class=\"single-room-wrap\">\n                                  <div class=\"featured-image\" style=\"background-image: url('https:\/\/teletorn.ee\/wp-content\/uploads\/2024\/05\/Teletorn-oueala-02.jpg');\"><\/div>\n                                  <div class=\"single-room-wrap-inner\">\n                    <h2>TV-tornin ulkoalue<\/h2>\n                    <div class=\"room-info-row\"><\/div>                    <a href=\"https:\/\/teletorn.ee\/fi\/tieto\/rent-tv-tornin-ulkoalue\/\" class=\"blue-btn\">Tutustu<\/a>\n                  <\/div>\n              <\/div>\n                            <div class=\"single-room-wrap\">\n                                  <div class=\"featured-image\" style=\"background-image: url('https:\/\/teletorn.ee\/wp-content\/uploads\/2024\/06\/Tunnel003_full_size_Tarvo-Tiivits_2024.jpg');\"><\/div>\n                                  <div class=\"single-room-wrap-inner\">\n                    <h2>Tunneli<\/h2>\n                    <div class=\"room-info\">600 m\u00b2, pituus 60 m<\/div><div class=\"room-info-row\"><div class=\"room-info\"><img decoding=\"async\" src=\"https:\/\/teletorn.ee\/wp-content\/themes\/teletorn\/img\/clock.svg\" \/>Sopimuksen mukaan<\/div><div class=\"room-info\"><img decoding=\"async\" src=\"https:\/\/teletorn.ee\/wp-content\/themes\/teletorn\/img\/people-icon.svg\" \/>Vastaanotto\/juhla\/teatteri: 250<\/div><div class=\"room-info\"><img decoding=\"async\" src=\"https:\/\/teletorn.ee\/wp-content\/themes\/teletorn\/img\/price-icon.svg\" \/>Alkaen 200\u20ac<\/div><\/div>                    <a href=\"https:\/\/teletorn.ee\/fi\/tieto\/rent-tunneli\/\" class=\"blue-btn\">Tutustu<\/a>\n                  <\/div>\n              <\/div>\n                            <div class=\"single-room-wrap\">\n                                  <div class=\"featured-image\" style=\"background-image: url('https:\/\/teletorn.ee\/wp-content\/uploads\/2024\/06\/Teletorn-restoran-560x560-1.jpg');\"><\/div>\n                                  <div class=\"single-room-wrap-inner\">\n                    <h2>Ravintola<\/h2>\n                    <div class=\"room-info\">TV-tornin ravintola<\/div><div class=\"room-info-row\"><div class=\"room-info\"><img decoding=\"async\" src=\"https:\/\/teletorn.ee\/wp-content\/themes\/teletorn\/img\/clock.svg\" \/>10:00 -><\/div><div class=\"room-info\"><img decoding=\"async\" src=\"https:\/\/teletorn.ee\/wp-content\/themes\/teletorn\/img\/people-icon.svg\" \/>100<\/div><div class=\"room-info\"><img decoding=\"async\" src=\"https:\/\/teletorn.ee\/wp-content\/themes\/teletorn\/img\/price-icon.svg\" \/>Alkaen 1700\u20ac<\/div><\/div>                    <a href=\"https:\/\/teletorn.ee\/fi\/tieto\/rent-ravintola\/\" class=\"blue-btn\">Tutustu<\/a>\n                  <\/div>\n              <\/div>\n                    <\/div>\n      <script>\n        jQuery(document).ready(function($) {\n            function setStagePadding() {\n                var windowWidth = $(window).width();\n                var stagePaddingValue;\n                if (windowWidth > 1200) {\n                    stagePaddingValue = 300;\n                } else if (windowWidth > 768) {\n                    stagePaddingValue = 100;\n                } else {\n                    stagePaddingValue = 40;\n                }\n                var marginValue = $(window).width() > 768 ? 48 : 20;\n                var navValue = $(window).width() > 768 ? true : false;\n                $('.all-rooms-wrap').trigger('destroy.owl.carousel').owlCarousel({\n                    stagePadding: stagePaddingValue,\n                    margin: marginValue,\n                    nav: navValue,\n                    dots: true,\n                    loop: true,\n                    center: true,\n                    items: 1,\n                });\n            }\n            \/\/ Call the function initially\n            setStagePadding();\n            \/\/ Call the function whenever the window is resized\n            $(window).resize(function() {\n                setStagePadding();\n            });\n        });\n      <\/script>\n\n      \n  <\/div>\n\n<\/div>\n\n\n\n<div id=\"block_16df01442764e1db6da1d59538e3b46e\" class=\"wp-block-spacer-custom\" aria-hidden=\"true\">\n\n<style media=\"screen\">\n  #block_16df01442764e1db6da1d59538e3b46e{\n    clear: both;\n    height: 24px;\n  }\n  @media(max-width: 800px){\n    #block_16df01442764e1db6da1d59538e3b46e{\n      height: 24px;\n    }\n  }\n<\/style>\n<\/div>\n\n\n\n<div id=\"block_39d7a706bab7b5721304ef9b21c88423\" class=\"teletorn-attractions\" aria-hidden=\"true\">\n\n  <div class=\"wrap\">\n  \n        <h2 style=\"text-align: center;\">Tapahtumapaketit<\/h2>      <div class=\"all-attractions-wrap\">\n                        <div class=\"single-attraction-wrap\" style=\"background-image: url('https:\/\/teletorn.ee\/wp-content\/uploads\/2024\/06\/Teletorn_lapse-sunnipaev_560x560.png');\">\n                  <div class=\"single-attraction-wrap-inner\">\n                    <h2>Juhli lapsesi syntym\u00e4p\u00e4ivi\u00e4 Tallinnan TV-tornissa! TV-tornin kahvila-ravintola kattaa syntym\u00e4p\u00e4iv\u00e4si.<\/h2>\n                    <div class=\"events-actions\">\n                      <a href=\"https:\/\/teletorn.ee\/fi\/tapahtumapaketit\/lasten-syntymapaivat-tallinnan-tv-tornissa\/\" class=\"event-action\">Tutustu<\/a>\n                    <\/div>\n                  <\/div>\n              <\/div>\n                            <div class=\"single-attraction-wrap\" style=\"background-image: url('https:\/\/teletorn.ee\/wp-content\/uploads\/2024\/06\/Ettevote-joulud-2.jpg');\">\n                  <div class=\"single-attraction-wrap-inner\">\n                    <h2>Tallinnan TV-tornin ty\u00f6pajat yrityksille<\/h2>\n                    <div class=\"events-actions\">\n                      <a href=\"https:\/\/teletorn.ee\/fi\/tapahtumapaketit\/joulupaketit-yrityksille\/\" class=\"event-action\">Tutustu<\/a>\n                    <\/div>\n                  <\/div>\n              <\/div>\n                    <\/div>\n\n      \n  <\/div>\n\n<\/div>\n\n\n\n<div id=\"block_59b38308f402f33ab7158a83afdce6e6\" class=\"narrow-text-block with-inner-padding\" aria-hidden=\"true\">\n  <div class=\"wrap \">\n    <div class=\"wrap-inner\">\n      <h3 style=\"text-align: center;\">TV-tornin tiedot:<\/h3>\n<p style=\"text-align: center;\">Puhelin: +372 8201 1789 (ma-pe 10.00-17.00)<br \/>\nS\u00e4hk\u00f6posti: tellimus@teletorn.ee<\/p>\n<h3 style=\"text-align: center;\">Ravintola:<\/h3>\n<p style=\"text-align: center;\">Puhelin: +372 56 669 111<br \/>\nS\u00e4hk\u00f6posti: restoran@teletorn.ee<\/p>\n    <\/div>\n  <\/div>\n<\/div>\n","protected":false},"excerpt":{"rendered":"","protected":false},"author":1,"featured_media":12560,"parent":2019,"menu_order":116,"comment_status":"closed","ping_status":"closed","template":"","meta":{"_acf_changed":false,"footnotes":""},"class_list":["post-1714","page","type-page","status-publish","has-post-thumbnail","hentry"],"acf":[],"yoast_head":"<!-- This site is optimized with the Yoast SEO Premium plugin v27.2 (Yoast SEO v27.4) - https:\/\/yoast.com\/product\/yoast-seo-premium-wordpress\/ -->\n<title>J\u00e4rjest\u00e4 tapahtuma - Teletorn.ee<\/title>\n<meta name=\"description\" content=\"J\u00e4rjest\u00e4 seuraava tapahtumasi ikonisessa Tallinnan tv-tornissa ja nosta kokemuksesi uusiin korkeuksiin. Luo unohtumattomia muistoja ymp\u00e4ri vuoden.\" \/>\n<meta name=\"robots\" content=\"index, follow, max-snippet:-1, max-image-preview:large, max-video-preview:-1\" \/>\n<link rel=\"canonical\" href=\"https:\/\/teletorn.ee\/fi\/tv-tornin-tapahtumat\/jarjesta-tapahtuma\/\" \/>\n<meta property=\"og:locale\" content=\"fi_FI\" \/>\n<meta property=\"og:type\" content=\"article\" \/>\n<meta property=\"og:title\" content=\"J\u00e4rjest\u00e4 tapahtuma\" \/>\n<meta property=\"og:description\" content=\"J\u00e4rjest\u00e4 seuraava tapahtumasi ikonisessa Tallinnan tv-tornissa ja nosta kokemuksesi uusiin korkeuksiin. Luo unohtumattomia muistoja ymp\u00e4ri vuoden.\" \/>\n<meta property=\"og:url\" content=\"https:\/\/teletorn.ee\/fi\/tv-tornin-tapahtumat\/jarjesta-tapahtuma\/\" \/>\n<meta property=\"og:site_name\" content=\"Teletorn.ee\" \/>\n<meta property=\"article:modified_time\" content=\"2025-09-12T05:55:16+00:00\" \/>\n<meta property=\"og:image\" content=\"https:\/\/teletorn.ee\/wp-content\/uploads\/2024\/06\/yrtitus_hooviala005_full_size_Tarvo-Tiivits_2024.jpg\" \/>\n\t<meta property=\"og:image:width\" content=\"1440\" \/>\n\t<meta property=\"og:image:height\" content=\"560\" \/>\n\t<meta property=\"og:image:type\" content=\"image\/jpeg\" \/>\n<meta name=\"twitter:card\" content=\"summary_large_image\" \/>\n<meta name=\"twitter:label1\" content=\"Arvioitu lukuaika\" \/>\n\t<meta name=\"twitter:data1\" content=\"1 minuutti\" \/>\n<script type=\"application\/ld+json\" class=\"yoast-schema-graph\">{\"@context\":\"https:\\\/\\\/schema.org\",\"@graph\":[{\"@type\":\"WebPage\",\"@id\":\"https:\\\/\\\/teletorn.ee\\\/fi\\\/tv-tornin-tapahtumat\\\/jarjesta-tapahtuma\\\/\",\"url\":\"https:\\\/\\\/teletorn.ee\\\/fi\\\/tv-tornin-tapahtumat\\\/jarjesta-tapahtuma\\\/\",\"name\":\"J\u00e4rjest\u00e4 tapahtuma - Teletorn.ee\",\"isPartOf\":{\"@id\":\"https:\\\/\\\/tt.uptodate.ee\\\/#website\"},\"primaryImageOfPage\":{\"@id\":\"https:\\\/\\\/teletorn.ee\\\/fi\\\/tv-tornin-tapahtumat\\\/jarjesta-tapahtuma\\\/#primaryimage\"},\"image\":{\"@id\":\"https:\\\/\\\/teletorn.ee\\\/fi\\\/tv-tornin-tapahtumat\\\/jarjesta-tapahtuma\\\/#primaryimage\"},\"thumbnailUrl\":\"https:\\\/\\\/teletorn.ee\\\/wp-content\\\/uploads\\\/2026\\\/03\\\/Teletorni-ruumide-rent-560x560-1.png\",\"datePublished\":\"2024-04-16T07:47:58+00:00\",\"dateModified\":\"2025-09-12T05:55:16+00:00\",\"description\":\"J\u00e4rjest\u00e4 seuraava tapahtumasi ikonisessa Tallinnan tv-tornissa ja nosta kokemuksesi uusiin korkeuksiin. Luo unohtumattomia muistoja ymp\u00e4ri vuoden.\",\"breadcrumb\":{\"@id\":\"https:\\\/\\\/teletorn.ee\\\/fi\\\/tv-tornin-tapahtumat\\\/jarjesta-tapahtuma\\\/#breadcrumb\"},\"inLanguage\":\"fi\",\"potentialAction\":[{\"@type\":\"ReadAction\",\"target\":[\"https:\\\/\\\/teletorn.ee\\\/fi\\\/tv-tornin-tapahtumat\\\/jarjesta-tapahtuma\\\/\"]}]},{\"@type\":\"ImageObject\",\"inLanguage\":\"fi\",\"@id\":\"https:\\\/\\\/teletorn.ee\\\/fi\\\/tv-tornin-tapahtumat\\\/jarjesta-tapahtuma\\\/#primaryimage\",\"url\":\"https:\\\/\\\/teletorn.ee\\\/wp-content\\\/uploads\\\/2026\\\/03\\\/Teletorni-ruumide-rent-560x560-1.png\",\"contentUrl\":\"https:\\\/\\\/teletorn.ee\\\/wp-content\\\/uploads\\\/2026\\\/03\\\/Teletorni-ruumide-rent-560x560-1.png\",\"width\":560,\"height\":560},{\"@type\":\"BreadcrumbList\",\"@id\":\"https:\\\/\\\/teletorn.ee\\\/fi\\\/tv-tornin-tapahtumat\\\/jarjesta-tapahtuma\\\/#breadcrumb\",\"itemListElement\":[{\"@type\":\"ListItem\",\"position\":1,\"name\":\"Home\",\"item\":\"https:\\\/\\\/teletorn.ee\\\/fi\\\/\"},{\"@type\":\"ListItem\",\"position\":2,\"name\":\"TV-tornin tapahtumat\",\"item\":\"https:\\\/\\\/teletorn.ee\\\/fi\\\/tv-tornin-tapahtumat\\\/\"},{\"@type\":\"ListItem\",\"position\":3,\"name\":\"J\u00e4rjest\u00e4 tapahtuma\"}]},{\"@type\":\"WebSite\",\"@id\":\"https:\\\/\\\/tt.uptodate.ee\\\/#website\",\"url\":\"https:\\\/\\\/tt.uptodate.ee\\\/\",\"name\":\"Teletorn.ee\",\"description\":\"\",\"potentialAction\":[{\"@type\":\"SearchAction\",\"target\":{\"@type\":\"EntryPoint\",\"urlTemplate\":\"https:\\\/\\\/tt.uptodate.ee\\\/?s={search_term_string}\"},\"query-input\":{\"@type\":\"PropertyValueSpecification\",\"valueRequired\":true,\"valueName\":\"search_term_string\"}}],\"inLanguage\":\"fi\"}]}<\/script>\n<!-- \/ Yoast SEO Premium plugin. -->","yoast_head_json":{"title":"J\u00e4rjest\u00e4 tapahtuma - Teletorn.ee","description":"J\u00e4rjest\u00e4 seuraava tapahtumasi ikonisessa Tallinnan tv-tornissa ja nosta kokemuksesi uusiin korkeuksiin. Luo unohtumattomia muistoja ymp\u00e4ri vuoden.","robots":{"index":"index","follow":"follow","max-snippet":"max-snippet:-1","max-image-preview":"max-image-preview:large","max-video-preview":"max-video-preview:-1"},"canonical":"https:\/\/teletorn.ee\/fi\/tv-tornin-tapahtumat\/jarjesta-tapahtuma\/","og_locale":"fi_FI","og_type":"article","og_title":"J\u00e4rjest\u00e4 tapahtuma","og_description":"J\u00e4rjest\u00e4 seuraava tapahtumasi ikonisessa Tallinnan tv-tornissa ja nosta kokemuksesi uusiin korkeuksiin. Luo unohtumattomia muistoja ymp\u00e4ri vuoden.","og_url":"https:\/\/teletorn.ee\/fi\/tv-tornin-tapahtumat\/jarjesta-tapahtuma\/","og_site_name":"Teletorn.ee","article_modified_time":"2025-09-12T05:55:16+00:00","og_image":[{"width":1440,"height":560,"url":"https:\/\/teletorn.ee\/wp-content\/uploads\/2024\/06\/yrtitus_hooviala005_full_size_Tarvo-Tiivits_2024.jpg","type":"image\/jpeg"}],"twitter_card":"summary_large_image","twitter_misc":{"Arvioitu lukuaika":"1 minuutti"},"schema":{"@context":"https:\/\/schema.org","@graph":[{"@type":"WebPage","@id":"https:\/\/teletorn.ee\/fi\/tv-tornin-tapahtumat\/jarjesta-tapahtuma\/","url":"https:\/\/teletorn.ee\/fi\/tv-tornin-tapahtumat\/jarjesta-tapahtuma\/","name":"J\u00e4rjest\u00e4 tapahtuma - Teletorn.ee","isPartOf":{"@id":"https:\/\/tt.uptodate.ee\/#website"},"primaryImageOfPage":{"@id":"https:\/\/teletorn.ee\/fi\/tv-tornin-tapahtumat\/jarjesta-tapahtuma\/#primaryimage"},"image":{"@id":"https:\/\/teletorn.ee\/fi\/tv-tornin-tapahtumat\/jarjesta-tapahtuma\/#primaryimage"},"thumbnailUrl":"https:\/\/teletorn.ee\/wp-content\/uploads\/2026\/03\/Teletorni-ruumide-rent-560x560-1.png","datePublished":"2024-04-16T07:47:58+00:00","dateModified":"2025-09-12T05:55:16+00:00","description":"J\u00e4rjest\u00e4 seuraava tapahtumasi ikonisessa Tallinnan tv-tornissa ja nosta kokemuksesi uusiin korkeuksiin. Luo unohtumattomia muistoja ymp\u00e4ri vuoden.","breadcrumb":{"@id":"https:\/\/teletorn.ee\/fi\/tv-tornin-tapahtumat\/jarjesta-tapahtuma\/#breadcrumb"},"inLanguage":"fi","potentialAction":[{"@type":"ReadAction","target":["https:\/\/teletorn.ee\/fi\/tv-tornin-tapahtumat\/jarjesta-tapahtuma\/"]}]},{"@type":"ImageObject","inLanguage":"fi","@id":"https:\/\/teletorn.ee\/fi\/tv-tornin-tapahtumat\/jarjesta-tapahtuma\/#primaryimage","url":"https:\/\/teletorn.ee\/wp-content\/uploads\/2026\/03\/Teletorni-ruumide-rent-560x560-1.png","contentUrl":"https:\/\/teletorn.ee\/wp-content\/uploads\/2026\/03\/Teletorni-ruumide-rent-560x560-1.png","width":560,"height":560},{"@type":"BreadcrumbList","@id":"https:\/\/teletorn.ee\/fi\/tv-tornin-tapahtumat\/jarjesta-tapahtuma\/#breadcrumb","itemListElement":[{"@type":"ListItem","position":1,"name":"Home","item":"https:\/\/teletorn.ee\/fi\/"},{"@type":"ListItem","position":2,"name":"TV-tornin tapahtumat","item":"https:\/\/teletorn.ee\/fi\/tv-tornin-tapahtumat\/"},{"@type":"ListItem","position":3,"name":"J\u00e4rjest\u00e4 tapahtuma"}]},{"@type":"WebSite","@id":"https:\/\/tt.uptodate.ee\/#website","url":"https:\/\/tt.uptodate.ee\/","name":"Teletorn.ee","description":"","potentialAction":[{"@type":"SearchAction","target":{"@type":"EntryPoint","urlTemplate":"https:\/\/tt.uptodate.ee\/?s={search_term_string}"},"query-input":{"@type":"PropertyValueSpecification","valueRequired":true,"valueName":"search_term_string"}}],"inLanguage":"fi"}]}},"_links":{"self":[{"href":"https:\/\/teletorn.ee\/fi\/wp-json\/wp\/v2\/pages\/1714","targetHints":{"allow":["GET"]}}],"collection":[{"href":"https:\/\/teletorn.ee\/fi\/wp-json\/wp\/v2\/pages"}],"about":[{"href":"https:\/\/teletorn.ee\/fi\/wp-json\/wp\/v2\/types\/page"}],"author":[{"embeddable":true,"href":"https:\/\/teletorn.ee\/fi\/wp-json\/wp\/v2\/users\/1"}],"replies":[{"embeddable":true,"href":"https:\/\/teletorn.ee\/fi\/wp-json\/wp\/v2\/comments?post=1714"}],"version-history":[{"count":2,"href":"https:\/\/teletorn.ee\/fi\/wp-json\/wp\/v2\/pages\/1714\/revisions"}],"predecessor-version":[{"id":10859,"href":"https:\/\/teletorn.ee\/fi\/wp-json\/wp\/v2\/pages\/1714\/revisions\/10859"}],"up":[{"embeddable":true,"href":"https:\/\/teletorn.ee\/fi\/wp-json\/wp\/v2\/pages\/2019"}],"wp:featuredmedia":[{"embeddable":true,"href":"https:\/\/teletorn.ee\/fi\/wp-json\/wp\/v2\/media\/12560"}],"wp:attachment":[{"href":"https:\/\/teletorn.ee\/fi\/wp-json\/wp\/v2\/media?parent=1714"}],"curies":[{"name":"wp","href":"https:\/\/api.w.org\/{rel}","templated":true}]}}