{"id":1718,"date":"2024-05-22T13:12:53","date_gmt":"2024-05-22T10:12:53","guid":{"rendered":"https:\/\/tt.uptodate.ee\/tapahtumien-arkisto\/"},"modified":"2024-07-19T11:07:58","modified_gmt":"2024-07-19T08:07:58","slug":"tapahtumien-arkisto","status":"publish","type":"page","link":"https:\/\/teletorn.ee\/fi\/tv-tornin-tapahtumat\/tapahtumien-arkisto\/","title":{"rendered":"Tapahtumien arkisto"},"content":{"rendered":"\n<div id=\"block_dbec66104811bd175831d7a4f34baced\" class=\"teletorn-banner featured-image\">\n\n  \n\n    \n    \n  <style> #block_dbec66104811bd175831d7a4f34baced{ background-image: url(https:\/\/teletorn.ee\/wp-content\/uploads\/2024\/06\/tallinn-tv-tower-BOOGIE3-1400x520-1.jpg)}<\/style>  <style>@media (max-width: 800px) { #block_dbec66104811bd175831d7a4f34baced{ background-image: url(https:\/\/teletorn.ee\/wp-content\/uploads\/2024\/06\/tallinn-tv-tower-BOOGIE3-1.jpg)}}<\/style>\n<\/div>\n\n\n\n<div id=\"block_856cea8cab82c77201487385e3bf7eec\" class=\"narrow-text-block with-inner-padding\" aria-hidden=\"true\">\n  <div class=\"wrap \">\n    <div class=\"wrap-inner\">\n      <h1 style=\"text-align: center;\">Tapahtumien arkisto<\/h1>\n<p>TV-tornin tapahtuma-arkisto tarjoaa runsaan valikoiman valokuvia, videoita ja kuvauksia erilaisista tapahtumista, alkaen suurista konserteista ja festivaaleista intiimeihin perhejuhliin ja yhteis\u00f6tapahtumiin. Tavoitteemme on tuoda teille n\u00e4m\u00e4 erityiset hetket ja antaa teid\u00e4n kokea uudelleen ilo, nauru ja yll\u00e4tykset, joita n\u00e4m\u00e4 tapahtumat ovat tarjonneet.<\/p>\n    <\/div>\n  <\/div>\n<\/div>\n\n\n\n<div id=\"block_af78473c9aed437aa8f1bf66d33d6315\" class=\"teletorn-events\" aria-hidden=\"true\">\n\n  <div class=\"wrap\">\n\n    \n      \n      <div class=\"all-events-wrap\">\n\n                  <div class=\"single-event-wrap\" style=\"background-image: url('https:\/\/teletorn.ee\/wp-content\/uploads\/2025\/12\/Taevatrummid-Teletornis-560-x-560-px-.png');\">\n            <div class=\"single-event-wrap-inner\">\n              <h2><a href=\"https:\/\/teletorn.ee\/fi\/tapahtumat\/taivaanrummut-tallinnan-tv-tornissa-satro-kutsuu-vibroakustiselle-aanimatkalle\/\">Taivaanrummut Tallinnan TV-tornissa<\/a><\/h2>\n              <div class=\"events-actions\">\n                              <a href=\"https:\/\/teletorn.ee\/fi\/tapahtumat\/taivaanrummut-tallinnan-tv-tornissa-satro-kutsuu-vibroakustiselle-aanimatkalle\/\" class=\"event-action sep\">Tutustu<\/a>\n                              <\/div>\n            <\/div>\n          <\/div>\n                  <div class=\"single-event-wrap\" style=\"background-image: url('https:\/\/teletorn.ee\/wp-content\/uploads\/2024\/06\/Teletorni-peidetud-lood-560-x-560-px-1-1.png');\">\n            <div class=\"single-event-wrap-inner\">\n              <h2><a href=\"https:\/\/teletorn.ee\/fi\/tapahtumat\/teletornin-piilotetut-tarinat\/\">Valokuvan\u00e4yttely &#8221;Teletornin piilotetut tarinat&#8221;<\/a><\/h2>\n              <div class=\"events-actions\">\n                              <a href=\"https:\/\/teletorn.ee\/fi\/tapahtumat\/teletornin-piilotetut-tarinat\/\" class=\"event-action\">Tutustu<\/a>\n                              <\/div>\n            <\/div>\n          <\/div>\n                  <div class=\"single-event-wrap\" style=\"background-image: url('https:\/\/teletorn.ee\/wp-content\/uploads\/2024\/07\/Ponnihommikud-560-x-560-px-.png');\">\n            <div class=\"single-event-wrap-inner\">\n              <h2><a href=\"https:\/\/teletorn.ee\/fi\/tapahtumat\/pikkuvaen-aamut-tv-torni\/\">Pikkuv\u00e4en Aamut TV-tornissa<\/a><\/h2>\n              <div class=\"events-actions\">\n                              <a href=\"https:\/\/teletorn.ee\/fi\/tapahtumat\/pikkuvaen-aamut-tv-torni\/\" class=\"event-action sep\">Tutustu<\/a>\n                              <\/div>\n            <\/div>\n          <\/div>\n                  <div class=\"single-event-wrap\" style=\"background-image: url('https:\/\/teletorn.ee\/wp-content\/uploads\/2024\/07\/Teletorn_Sobrakuu_kampaania_koduleht_560x560.png');\">\n            <div class=\"single-event-wrap-inner\">\n              <h2><a href=\"https:\/\/teletorn.ee\/fi\/tapahtumat\/tv-torni-vuosikortti-ystavankuu-2026\/\">Vuosikortti vain yhden k\u00e4yntilipun hinnalla<\/a><\/h2>\n              <div class=\"events-actions\">\n                              <a href=\"https:\/\/teletorn.ee\/fi\/tapahtumat\/tv-torni-vuosikortti-ystavankuu-2026\/\" class=\"event-action\">Tutustu<\/a>\n                              <\/div>\n            <\/div>\n          <\/div>\n                  <div class=\"single-event-wrap\" style=\"background-image: url('https:\/\/teletorn.ee\/wp-content\/uploads\/2024\/07\/Talvised-koolivaheaja-programmid-560-x-560-px-6.png');\">\n            <div class=\"single-event-wrap-inner\">\n              <h2><a href=\"https:\/\/teletorn.ee\/fi\/tapahtumat\/koululoma-tallinnan-tv-tornissa\/\">Koululoma Tallinnan TV-tornissa<\/a><\/h2>\n              <div class=\"events-actions\">\n                              <a href=\"https:\/\/teletorn.ee\/fi\/tapahtumat\/koululoma-tallinnan-tv-tornissa\/\" class=\"event-action sep\">Tutustu<\/a>\n                              <\/div>\n            <\/div>\n          <\/div>\n                  <div class=\"single-event-wrap\" style=\"background-image: url('https:\/\/teletorn.ee\/wp-content\/uploads\/2025\/10\/560x560_esileht.png');\">\n            <div class=\"single-event-wrap-inner\">\n              <h2><a href=\"https:\/\/teletorn.ee\/fi\/tapahtumat\/tallinnan-tv-tornin-keskiviikkolippu-10-euroa\/\">Tallinnan TV-torni rikkoo viikon rutiinin keskiviikkoisin!<\/a><\/h2>\n              <div class=\"events-actions\">\n                              <a href=\"https:\/\/teletorn.ee\/fi\/tapahtumat\/tallinnan-tv-tornin-keskiviikkolippu-10-euroa\/\" class=\"event-action\">Tutustu<\/a>\n                              <\/div>\n            <\/div>\n          <\/div>\n                  <div class=\"single-event-wrap\" style=\"background-image: url('https:\/\/teletorn.ee\/wp-content\/uploads\/2025\/12\/Teletorn_Haridusprogramm_mobiil-570x600.png');\">\n            <div class=\"single-event-wrap-inner\">\n              <h2><a href=\"https:\/\/teletorn.ee\/fi\/tapahtumat\/tv-tornin-opinto-ohjelmat-rohejaht-kouluille\/\">Erikoistarjous Rohejaht-kouluille<\/a><\/h2>\n              <div class=\"events-actions\">\n                              <a href=\"https:\/\/teletorn.ee\/fi\/tapahtumat\/tv-tornin-opinto-ohjelmat-rohejaht-kouluille\/\" class=\"event-action\">Tutustu<\/a>\n                              <\/div>\n            <\/div>\n          <\/div>\n                  <div class=\"single-event-wrap\" style=\"background-image: url('https:\/\/teletorn.ee\/wp-content\/uploads\/2025\/07\/Teletorn_ohtupilet_talv_mobiil.png');\">\n            <div class=\"single-event-wrap-inner\">\n              <h2><a href=\"https:\/\/teletorn.ee\/fi\/tapahtumat\/tv-torni-iltalippu\/\">Illat pitenev\u00e4t \u2013 ja vierailu TV-tornissa on nyt edullisempaa kuin koskaan!<\/a><\/h2>\n              <div class=\"events-actions\">\n                              <a href=\"https:\/\/teletorn.ee\/fi\/tapahtumat\/tv-torni-iltalippu\/\" class=\"event-action sep\">Tutustu<\/a>\n                              <\/div>\n            <\/div>\n          <\/div>\n                  <div class=\"single-event-wrap\" style=\"background-image: url('https:\/\/teletorn.ee\/wp-content\/uploads\/2024\/09\/Ounamahla-pressimise-talgud-ja-sugislaat-560-x-560-px.png');\">\n            <div class=\"single-event-wrap-inner\">\n              <h2><a href=\"https:\/\/teletorn.ee\/fi\/tapahtumat\/omenamehun-puristuspaiva-syysmarkkinat-tallinnan-tv-torni\/\">Omenamehun puristusp\u00e4iv\u00e4 ja syysmarkkinat<\/a><\/h2>\n              <div class=\"events-actions\">\n                              <a href=\"https:\/\/teletorn.ee\/fi\/tapahtumat\/omenamehun-puristuspaiva-syysmarkkinat-tallinnan-tv-torni\/\" class=\"event-action\">Tutustu<\/a>\n                              <\/div>\n            <\/div>\n          <\/div>\n                  <div class=\"single-event-wrap\" style=\"background-image: url('https:\/\/teletorn.ee\/wp-content\/uploads\/2025\/09\/Teletorn-kontsertKaleva-560-x-560-px.png');\">\n            <div class=\"single-event-wrap-inner\">\n              <h2><a href=\"https:\/\/teletorn.ee\/fi\/tapahtumat\/konsertti-kaleva-tallinnan-tv-tornissa\/\">Konsertti \u201cKaleva\u201d<\/a><\/h2>\n              <div class=\"events-actions\">\n                              <a href=\"https:\/\/teletorn.ee\/fi\/tapahtumat\/konsertti-kaleva-tallinnan-tv-tornissa\/\" class=\"event-action sep\">Tutustu<\/a>\n                              <\/div>\n            <\/div>\n          <\/div>\n                  <div class=\"single-event-wrap\" style=\"background-image: url('https:\/\/teletorn.ee\/wp-content\/uploads\/2024\/09\/Muusikapaev-Teletornis_esileht-1.png');\">\n            <div class=\"single-event-wrap-inner\">\n              <h2><a href=\"https:\/\/teletorn.ee\/fi\/tapahtumat\/musiikkipaivan-konsertti-tallinnan-tv-tornissa\/\">Musiikkip\u00e4iv\u00e4n konsertti Tallinnan TV-tornissa<\/a><\/h2>\n              <div class=\"events-actions\">\n                              <a href=\"https:\/\/teletorn.ee\/fi\/tapahtumat\/musiikkipaivan-konsertti-tallinnan-tv-tornissa\/\" class=\"event-action sep\">Tutustu<\/a>\n                              <\/div>\n            <\/div>\n          <\/div>\n                  <div class=\"single-event-wrap\" style=\"background-image: url('https:\/\/teletorn.ee\/wp-content\/uploads\/2025\/09\/Pooripaeva-gong_esileht.png');\">\n            <div class=\"single-event-wrap-inner\">\n              <h2><a href=\"https:\/\/teletorn.ee\/fi\/tapahtumat\/syyspaivantasauksen-gongimatka-tv-torni\/\">Syys\u00adp\u00e4iv\u00e4n\u00adtasauksen gongimatka<\/a><\/h2>\n              <div class=\"events-actions\">\n                              <a href=\"https:\/\/teletorn.ee\/fi\/tapahtumat\/syyspaivantasauksen-gongimatka-tv-torni\/\" class=\"event-action sep\">Tutustu<\/a>\n                              <\/div>\n            <\/div>\n          <\/div>\n        \n      <\/div><!-- all-events-wrap -->\n\n      <div class=\"pagination-wrap\">\n        <ul class='page-numbers'>\n\t<li><span aria-current=\"page\" class=\"page-numbers current\">1<\/span><\/li>\n\t<li><a class=\"page-numbers\" href=\"https:\/\/teletorn.ee\/fi\/wp-json\/wp\/v2\/pages\/1718\/page\/2\/\">2<\/a><\/li>\n\t<li><a class=\"page-numbers\" href=\"https:\/\/teletorn.ee\/fi\/wp-json\/wp\/v2\/pages\/1718\/page\/3\/\">3<\/a><\/li>\n\t<li><a class=\"next page-numbers\" href=\"https:\/\/teletorn.ee\/fi\/wp-json\/wp\/v2\/pages\/1718\/page\/2\/\"><img decoding=\"async\" src=\"https:\/\/teletorn.ee\/wp-content\/themes\/teletorn\/img\/triangle-white.svg\" alt=\"Next\"><\/a><\/li>\n<\/ul>\n      <\/div><!-- pagination-wrap -->\n\n      \n  <\/div>\n<\/div>\n\n\n\n<div id=\"block_9851d7b9f00020dc7d740ad33ffac160\" class=\"wp-block-spacer-custom\" aria-hidden=\"true\">\n\n<style media=\"screen\">\n  #block_9851d7b9f00020dc7d740ad33ffac160{\n    clear: both;\n    height: 96px;\n  }\n  @media(max-width: 800px){\n    #block_9851d7b9f00020dc7d740ad33ffac160{\n      height: 48px;\n    }\n  }\n<\/style>\n<\/div>\n","protected":false},"excerpt":{"rendered":"","protected":false},"author":1,"featured_media":1888,"parent":2019,"menu_order":97,"comment_status":"closed","ping_status":"closed","template":"","meta":{"_acf_changed":false,"footnotes":""},"class_list":["post-1718","page","type-page","status-publish","has-post-thumbnail","hentry"],"acf":[],"yoast_head":"<!-- This site is optimized with the Yoast SEO Premium plugin v23.4 (Yoast SEO v27.3) - https:\/\/yoast.com\/product\/yoast-seo-premium-wordpress\/ -->\n<title>Tapahtumien arkisto - Teletorn.ee<\/title>\n<meta name=\"description\" content=\"TV-tornin tapahtuma-arkisto tarjoaa runsaan valikoiman valokuvia, videoita ja kuvauksia erilaisista tapahtumista, alkaen suurista konserteista ja festivaaleista intiimeihin perhejuhliin ja yhteis\u00f6tapahtumiin.\" \/>\n<meta name=\"robots\" content=\"index, follow, max-snippet:-1, max-image-preview:large, max-video-preview:-1\" \/>\n<link rel=\"canonical\" href=\"https:\/\/teletorn.ee\/fi\/tv-tornin-tapahtumat\/tapahtumien-arkisto\/\" \/>\n<meta property=\"og:locale\" content=\"fi_FI\" \/>\n<meta property=\"og:type\" content=\"article\" \/>\n<meta property=\"og:title\" content=\"Tapahtumien arkisto\" \/>\n<meta property=\"og:description\" content=\"TV-tornin tapahtuma-arkisto tarjoaa runsaan valikoiman valokuvia, videoita ja kuvauksia erilaisista tapahtumista, alkaen suurista konserteista ja festivaaleista intiimeihin perhejuhliin ja yhteis\u00f6tapahtumiin.\" \/>\n<meta property=\"og:url\" content=\"https:\/\/teletorn.ee\/fi\/tv-tornin-tapahtumat\/tapahtumien-arkisto\/\" \/>\n<meta property=\"og:site_name\" content=\"Teletorn.ee\" \/>\n<meta property=\"article:modified_time\" content=\"2024-07-19T08:07:58+00:00\" \/>\n<meta property=\"og:image\" content=\"https:\/\/tt.uptodate.ee\/wp-content\/uploads\/2024\/06\/tallinn-tv-tower-BOOGIE3-1.jpg\" \/>\n\t<meta property=\"og:image:width\" content=\"560\" \/>\n\t<meta property=\"og:image:height\" content=\"560\" \/>\n\t<meta property=\"og:image:type\" content=\"image\/jpeg\" \/>\n<meta name=\"twitter:card\" content=\"summary_large_image\" \/>\n<meta name=\"twitter:label1\" content=\"Arvioitu lukuaika\" \/>\n\t<meta name=\"twitter:data1\" content=\"1 minuutti\" \/>\n<script type=\"application\/ld+json\" class=\"yoast-schema-graph\">{\"@context\":\"https:\\\/\\\/schema.org\",\"@graph\":[{\"@type\":\"WebPage\",\"@id\":\"https:\\\/\\\/teletorn.ee\\\/fi\\\/tv-tornin-tapahtumat\\\/tapahtumien-arkisto\\\/\",\"url\":\"https:\\\/\\\/teletorn.ee\\\/fi\\\/tv-tornin-tapahtumat\\\/tapahtumien-arkisto\\\/\",\"name\":\"Tapahtumien arkisto - Teletorn.ee\",\"isPartOf\":{\"@id\":\"https:\\\/\\\/tt.uptodate.ee\\\/#website\"},\"primaryImageOfPage\":{\"@id\":\"https:\\\/\\\/teletorn.ee\\\/fi\\\/tv-tornin-tapahtumat\\\/tapahtumien-arkisto\\\/#primaryimage\"},\"image\":{\"@id\":\"https:\\\/\\\/teletorn.ee\\\/fi\\\/tv-tornin-tapahtumat\\\/tapahtumien-arkisto\\\/#primaryimage\"},\"thumbnailUrl\":\"https:\\\/\\\/teletorn.ee\\\/wp-content\\\/uploads\\\/2024\\\/06\\\/tallinn-tv-tower-BOOGIE3-1.jpg\",\"datePublished\":\"2024-05-22T10:12:53+00:00\",\"dateModified\":\"2024-07-19T08:07:58+00:00\",\"description\":\"TV-tornin tapahtuma-arkisto tarjoaa runsaan valikoiman valokuvia, videoita ja kuvauksia erilaisista tapahtumista, alkaen suurista konserteista ja festivaaleista intiimeihin perhejuhliin ja yhteis\u00f6tapahtumiin.\",\"breadcrumb\":{\"@id\":\"https:\\\/\\\/teletorn.ee\\\/fi\\\/tv-tornin-tapahtumat\\\/tapahtumien-arkisto\\\/#breadcrumb\"},\"inLanguage\":\"fi\",\"potentialAction\":[{\"@type\":\"ReadAction\",\"target\":[\"https:\\\/\\\/teletorn.ee\\\/fi\\\/tv-tornin-tapahtumat\\\/tapahtumien-arkisto\\\/\"]}]},{\"@type\":\"ImageObject\",\"inLanguage\":\"fi\",\"@id\":\"https:\\\/\\\/teletorn.ee\\\/fi\\\/tv-tornin-tapahtumat\\\/tapahtumien-arkisto\\\/#primaryimage\",\"url\":\"https:\\\/\\\/teletorn.ee\\\/wp-content\\\/uploads\\\/2024\\\/06\\\/tallinn-tv-tower-BOOGIE3-1.jpg\",\"contentUrl\":\"https:\\\/\\\/teletorn.ee\\\/wp-content\\\/uploads\\\/2024\\\/06\\\/tallinn-tv-tower-BOOGIE3-1.jpg\",\"width\":560,\"height\":560,\"caption\":\"Eti flying with a parachute\"},{\"@type\":\"BreadcrumbList\",\"@id\":\"https:\\\/\\\/teletorn.ee\\\/fi\\\/tv-tornin-tapahtumat\\\/tapahtumien-arkisto\\\/#breadcrumb\",\"itemListElement\":[{\"@type\":\"ListItem\",\"position\":1,\"name\":\"Home\",\"item\":\"https:\\\/\\\/teletorn.ee\\\/fi\\\/\"},{\"@type\":\"ListItem\",\"position\":2,\"name\":\"TV-tornin tapahtumat\",\"item\":\"https:\\\/\\\/teletorn.ee\\\/fi\\\/tv-tornin-tapahtumat\\\/\"},{\"@type\":\"ListItem\",\"position\":3,\"name\":\"Tapahtumien arkisto\"}]},{\"@type\":\"WebSite\",\"@id\":\"https:\\\/\\\/tt.uptodate.ee\\\/#website\",\"url\":\"https:\\\/\\\/tt.uptodate.ee\\\/\",\"name\":\"Teletorn.ee\",\"description\":\"\",\"potentialAction\":[{\"@type\":\"SearchAction\",\"target\":{\"@type\":\"EntryPoint\",\"urlTemplate\":\"https:\\\/\\\/tt.uptodate.ee\\\/?s={search_term_string}\"},\"query-input\":{\"@type\":\"PropertyValueSpecification\",\"valueRequired\":true,\"valueName\":\"search_term_string\"}}],\"inLanguage\":\"fi\"}]}<\/script>\n<!-- \/ Yoast SEO Premium plugin. -->","yoast_head_json":{"title":"Tapahtumien arkisto - Teletorn.ee","description":"TV-tornin tapahtuma-arkisto tarjoaa runsaan valikoiman valokuvia, videoita ja kuvauksia erilaisista tapahtumista, alkaen suurista konserteista ja festivaaleista intiimeihin perhejuhliin ja yhteis\u00f6tapahtumiin.","robots":{"index":"index","follow":"follow","max-snippet":"max-snippet:-1","max-image-preview":"max-image-preview:large","max-video-preview":"max-video-preview:-1"},"canonical":"https:\/\/teletorn.ee\/fi\/tv-tornin-tapahtumat\/tapahtumien-arkisto\/","og_locale":"fi_FI","og_type":"article","og_title":"Tapahtumien arkisto","og_description":"TV-tornin tapahtuma-arkisto tarjoaa runsaan valikoiman valokuvia, videoita ja kuvauksia erilaisista tapahtumista, alkaen suurista konserteista ja festivaaleista intiimeihin perhejuhliin ja yhteis\u00f6tapahtumiin.","og_url":"https:\/\/teletorn.ee\/fi\/tv-tornin-tapahtumat\/tapahtumien-arkisto\/","og_site_name":"Teletorn.ee","article_modified_time":"2024-07-19T08:07:58+00:00","og_image":[{"width":560,"height":560,"url":"https:\/\/tt.uptodate.ee\/wp-content\/uploads\/2024\/06\/tallinn-tv-tower-BOOGIE3-1.jpg","type":"image\/jpeg"}],"twitter_card":"summary_large_image","twitter_misc":{"Arvioitu lukuaika":"1 minuutti"},"schema":{"@context":"https:\/\/schema.org","@graph":[{"@type":"WebPage","@id":"https:\/\/teletorn.ee\/fi\/tv-tornin-tapahtumat\/tapahtumien-arkisto\/","url":"https:\/\/teletorn.ee\/fi\/tv-tornin-tapahtumat\/tapahtumien-arkisto\/","name":"Tapahtumien arkisto - Teletorn.ee","isPartOf":{"@id":"https:\/\/tt.uptodate.ee\/#website"},"primaryImageOfPage":{"@id":"https:\/\/teletorn.ee\/fi\/tv-tornin-tapahtumat\/tapahtumien-arkisto\/#primaryimage"},"image":{"@id":"https:\/\/teletorn.ee\/fi\/tv-tornin-tapahtumat\/tapahtumien-arkisto\/#primaryimage"},"thumbnailUrl":"https:\/\/teletorn.ee\/wp-content\/uploads\/2024\/06\/tallinn-tv-tower-BOOGIE3-1.jpg","datePublished":"2024-05-22T10:12:53+00:00","dateModified":"2024-07-19T08:07:58+00:00","description":"TV-tornin tapahtuma-arkisto tarjoaa runsaan valikoiman valokuvia, videoita ja kuvauksia erilaisista tapahtumista, alkaen suurista konserteista ja festivaaleista intiimeihin perhejuhliin ja yhteis\u00f6tapahtumiin.","breadcrumb":{"@id":"https:\/\/teletorn.ee\/fi\/tv-tornin-tapahtumat\/tapahtumien-arkisto\/#breadcrumb"},"inLanguage":"fi","potentialAction":[{"@type":"ReadAction","target":["https:\/\/teletorn.ee\/fi\/tv-tornin-tapahtumat\/tapahtumien-arkisto\/"]}]},{"@type":"ImageObject","inLanguage":"fi","@id":"https:\/\/teletorn.ee\/fi\/tv-tornin-tapahtumat\/tapahtumien-arkisto\/#primaryimage","url":"https:\/\/teletorn.ee\/wp-content\/uploads\/2024\/06\/tallinn-tv-tower-BOOGIE3-1.jpg","contentUrl":"https:\/\/teletorn.ee\/wp-content\/uploads\/2024\/06\/tallinn-tv-tower-BOOGIE3-1.jpg","width":560,"height":560,"caption":"Eti flying with a parachute"},{"@type":"BreadcrumbList","@id":"https:\/\/teletorn.ee\/fi\/tv-tornin-tapahtumat\/tapahtumien-arkisto\/#breadcrumb","itemListElement":[{"@type":"ListItem","position":1,"name":"Home","item":"https:\/\/teletorn.ee\/fi\/"},{"@type":"ListItem","position":2,"name":"TV-tornin tapahtumat","item":"https:\/\/teletorn.ee\/fi\/tv-tornin-tapahtumat\/"},{"@type":"ListItem","position":3,"name":"Tapahtumien arkisto"}]},{"@type":"WebSite","@id":"https:\/\/tt.uptodate.ee\/#website","url":"https:\/\/tt.uptodate.ee\/","name":"Teletorn.ee","description":"","potentialAction":[{"@type":"SearchAction","target":{"@type":"EntryPoint","urlTemplate":"https:\/\/tt.uptodate.ee\/?s={search_term_string}"},"query-input":{"@type":"PropertyValueSpecification","valueRequired":true,"valueName":"search_term_string"}}],"inLanguage":"fi"}]}},"_links":{"self":[{"href":"https:\/\/teletorn.ee\/fi\/wp-json\/wp\/v2\/pages\/1718","targetHints":{"allow":["GET"]}}],"collection":[{"href":"https:\/\/teletorn.ee\/fi\/wp-json\/wp\/v2\/pages"}],"about":[{"href":"https:\/\/teletorn.ee\/fi\/wp-json\/wp\/v2\/types\/page"}],"author":[{"embeddable":true,"href":"https:\/\/teletorn.ee\/fi\/wp-json\/wp\/v2\/users\/1"}],"replies":[{"embeddable":true,"href":"https:\/\/teletorn.ee\/fi\/wp-json\/wp\/v2\/comments?post=1718"}],"version-history":[{"count":0,"href":"https:\/\/teletorn.ee\/fi\/wp-json\/wp\/v2\/pages\/1718\/revisions"}],"up":[{"embeddable":true,"href":"https:\/\/teletorn.ee\/fi\/wp-json\/wp\/v2\/pages\/2019"}],"wp:featuredmedia":[{"embeddable":true,"href":"https:\/\/teletorn.ee\/fi\/wp-json\/wp\/v2\/media\/1888"}],"wp:attachment":[{"href":"https:\/\/teletorn.ee\/fi\/wp-json\/wp\/v2\/media?parent=1718"}],"curies":[{"name":"wp","href":"https:\/\/api.w.org\/{rel}","templated":true}]}}