{"id":1726,"date":"2024-07-01T14:16:22","date_gmt":"2024-07-01T11:16:22","guid":{"rendered":"https:\/\/tt.uptodate.ee\/vierailijalle\/"},"modified":"2024-07-01T14:16:24","modified_gmt":"2024-07-01T11:16:24","slug":"vierailijalle","status":"publish","type":"page","link":"https:\/\/teletorn.ee\/fi\/vierailijalle\/","title":{"rendered":"Vierailijalle"},"content":{"rendered":"\n<div id=\"block_ceca2746f36b1fb2e1d98e3445a9a5e8\" class=\"teletorn-banner featured-image\">\n\n  \n\n    \n    \n    \n<\/div>\n\n<div id=\"block_7a271ba12f6b0002ef7610704354dbcf\" class=\"narrow-text-block with-inner-padding\" aria-hidden=\"true\">\n  <div class=\"wrap \">\n    <div class=\"wrap-inner\">\n      <h1 style=\"text-align: center;\">Vierailijalle<\/h1>\n    <\/div>\n  <\/div>\n<\/div>\n\n<div id=\"block_3a2cd49939c10f100de6a858b5666c72\" class=\"narrow-text-block with-inner-padding\" aria-hidden=\"true\">\n  <div class=\"wrap \">\n    <div class=\"wrap-inner\">\n      <p>Tallinnan TV-torni &#8211; maamerkki, joka muuttaa n\u00e4k\u00f6kulmaa ja luo unohtumattomia el\u00e4myksi\u00e4.<\/p>\n    <\/div>\n  <\/div>\n<\/div>\n","protected":false},"excerpt":{"rendered":"","protected":false},"author":1,"featured_media":0,"parent":0,"menu_order":110,"comment_status":"closed","ping_status":"closed","template":"","meta":{"_acf_changed":false,"footnotes":""},"class_list":["post-1726","page","type-page","status-publish","hentry"],"acf":[],"yoast_head":"<!-- This site is optimized with the Yoast SEO Premium plugin v23.4 (Yoast SEO v27.3) - https:\/\/yoast.com\/product\/yoast-seo-premium-wordpress\/ -->\n<title>Vierailijalle - Teletorn.ee<\/title>\n<meta name=\"description\" content=\"Teletorn.ee - Vierailijalle\" \/>\n<meta name=\"robots\" content=\"index, follow, max-snippet:-1, max-image-preview:large, max-video-preview:-1\" \/>\n<link rel=\"canonical\" href=\"https:\/\/tt.uptodate.ee\/fi\/vierailijalle\/\" \/>\n<meta property=\"og:locale\" content=\"fi_FI\" \/>\n<meta property=\"og:type\" content=\"article\" \/>\n<meta property=\"og:title\" content=\"Vierailijalle\" \/>\n<meta property=\"og:description\" content=\"Teletorn.ee - Vierailijalle\" \/>\n<meta property=\"og:url\" content=\"https:\/\/tt.uptodate.ee\/fi\/vierailijalle\/\" \/>\n<meta property=\"og:site_name\" content=\"Teletorn.ee\" \/>\n<meta property=\"article:modified_time\" content=\"2024-07-01T11:16:24+00:00\" \/>\n<meta name=\"twitter:card\" content=\"summary_large_image\" \/>\n<script type=\"application\/ld+json\" class=\"yoast-schema-graph\">{\"@context\":\"https:\\\/\\\/schema.org\",\"@graph\":[{\"@type\":\"WebPage\",\"@id\":\"https:\\\/\\\/tt.uptodate.ee\\\/fi\\\/vierailijalle\\\/\",\"url\":\"https:\\\/\\\/tt.uptodate.ee\\\/fi\\\/vierailijalle\\\/\",\"name\":\"Vierailijalle - Teletorn.ee\",\"isPartOf\":{\"@id\":\"https:\\\/\\\/tt.uptodate.ee\\\/#website\"},\"datePublished\":\"2024-07-01T11:16:22+00:00\",\"dateModified\":\"2024-07-01T11:16:24+00:00\",\"description\":\"Teletorn.ee - Vierailijalle\",\"breadcrumb\":{\"@id\":\"https:\\\/\\\/tt.uptodate.ee\\\/fi\\\/vierailijalle\\\/#breadcrumb\"},\"inLanguage\":\"fi\",\"potentialAction\":[{\"@type\":\"ReadAction\",\"target\":[\"https:\\\/\\\/tt.uptodate.ee\\\/fi\\\/vierailijalle\\\/\"]}]},{\"@type\":\"BreadcrumbList\",\"@id\":\"https:\\\/\\\/tt.uptodate.ee\\\/fi\\\/vierailijalle\\\/#breadcrumb\",\"itemListElement\":[{\"@type\":\"ListItem\",\"position\":1,\"name\":\"Home\",\"item\":\"https:\\\/\\\/teletorn.ee\\\/fi\\\/\"},{\"@type\":\"ListItem\",\"position\":2,\"name\":\"Vierailijalle\"}]},{\"@type\":\"WebSite\",\"@id\":\"https:\\\/\\\/tt.uptodate.ee\\\/#website\",\"url\":\"https:\\\/\\\/tt.uptodate.ee\\\/\",\"name\":\"Teletorn.ee\",\"description\":\"\",\"potentialAction\":[{\"@type\":\"SearchAction\",\"target\":{\"@type\":\"EntryPoint\",\"urlTemplate\":\"https:\\\/\\\/tt.uptodate.ee\\\/?s={search_term_string}\"},\"query-input\":{\"@type\":\"PropertyValueSpecification\",\"valueRequired\":true,\"valueName\":\"search_term_string\"}}],\"inLanguage\":\"fi\"}]}<\/script>\n<!-- \/ Yoast SEO Premium plugin. -->","yoast_head_json":{"title":"Vierailijalle - Teletorn.ee","description":"Teletorn.ee - Vierailijalle","robots":{"index":"index","follow":"follow","max-snippet":"max-snippet:-1","max-image-preview":"max-image-preview:large","max-video-preview":"max-video-preview:-1"},"canonical":"https:\/\/tt.uptodate.ee\/fi\/vierailijalle\/","og_locale":"fi_FI","og_type":"article","og_title":"Vierailijalle","og_description":"Teletorn.ee - Vierailijalle","og_url":"https:\/\/tt.uptodate.ee\/fi\/vierailijalle\/","og_site_name":"Teletorn.ee","article_modified_time":"2024-07-01T11:16:24+00:00","twitter_card":"summary_large_image","schema":{"@context":"https:\/\/schema.org","@graph":[{"@type":"WebPage","@id":"https:\/\/tt.uptodate.ee\/fi\/vierailijalle\/","url":"https:\/\/tt.uptodate.ee\/fi\/vierailijalle\/","name":"Vierailijalle - Teletorn.ee","isPartOf":{"@id":"https:\/\/tt.uptodate.ee\/#website"},"datePublished":"2024-07-01T11:16:22+00:00","dateModified":"2024-07-01T11:16:24+00:00","description":"Teletorn.ee - Vierailijalle","breadcrumb":{"@id":"https:\/\/tt.uptodate.ee\/fi\/vierailijalle\/#breadcrumb"},"inLanguage":"fi","potentialAction":[{"@type":"ReadAction","target":["https:\/\/tt.uptodate.ee\/fi\/vierailijalle\/"]}]},{"@type":"BreadcrumbList","@id":"https:\/\/tt.uptodate.ee\/fi\/vierailijalle\/#breadcrumb","itemListElement":[{"@type":"ListItem","position":1,"name":"Home","item":"https:\/\/teletorn.ee\/fi\/"},{"@type":"ListItem","position":2,"name":"Vierailijalle"}]},{"@type":"WebSite","@id":"https:\/\/tt.uptodate.ee\/#website","url":"https:\/\/tt.uptodate.ee\/","name":"Teletorn.ee","description":"","potentialAction":[{"@type":"SearchAction","target":{"@type":"EntryPoint","urlTemplate":"https:\/\/tt.uptodate.ee\/?s={search_term_string}"},"query-input":{"@type":"PropertyValueSpecification","valueRequired":true,"valueName":"search_term_string"}}],"inLanguage":"fi"}]}},"_links":{"self":[{"href":"https:\/\/teletorn.ee\/fi\/wp-json\/wp\/v2\/pages\/1726","targetHints":{"allow":["GET"]}}],"collection":[{"href":"https:\/\/teletorn.ee\/fi\/wp-json\/wp\/v2\/pages"}],"about":[{"href":"https:\/\/teletorn.ee\/fi\/wp-json\/wp\/v2\/types\/page"}],"author":[{"embeddable":true,"href":"https:\/\/teletorn.ee\/fi\/wp-json\/wp\/v2\/users\/1"}],"replies":[{"embeddable":true,"href":"https:\/\/teletorn.ee\/fi\/wp-json\/wp\/v2\/comments?post=1726"}],"version-history":[{"count":0,"href":"https:\/\/teletorn.ee\/fi\/wp-json\/wp\/v2\/pages\/1726\/revisions"}],"wp:attachment":[{"href":"https:\/\/teletorn.ee\/fi\/wp-json\/wp\/v2\/media?parent=1726"}],"curies":[{"name":"wp","href":"https:\/\/api.w.org\/{rel}","templated":true}]}}