{"id":1730,"date":"2024-03-20T11:27:05","date_gmt":"2024-03-20T09:27:05","guid":{"rendered":"https:\/\/tt.uptodate.ee\/etusivu\/"},"modified":"2026-04-08T20:47:03","modified_gmt":"2026-04-08T17:47:03","slug":"etusivu","status":"publish","type":"page","link":"https:\/\/teletorn.ee\/fi\/","title":{"rendered":"Etusivu"},"content":{"rendered":"\n<div id=\"block_c1f5fb73c9df26fa051a46962f1c944c\" class=\"teletorn-banner featured-image\">\n\n      <div class=\"video-container\">\n      <video autoplay muted loop playsinline id=\"video-bg\" poster=\"https:\/\/teletorn.ee\/wp-content\/uploads\/2024\/07\/Home-page-start.jpg\">\n        <source src=\"https:\/\/teletorn.ee\/wp-content\/uploads\/2024\/06\/Alla-poorab_8-Mbps.mp4\" type=\"video\/mp4\">\n        Your browser does not support the video tag.\n      <\/video>\n    <\/div>\n  \n\n    \n    \n    <div class=\"teletorn-banner-content\">\n\n      <div class=\"teletorn-banner-content-inner\">\n        <h1>Tallinnan TV-torni<\/h1>        <p>Maamerkki, joka muuttaa n\u00e4k\u00f6kulmaa ja luo unohtumattomia el\u00e4myksi\u00e4.<\/p>      <\/div>\n\n    \n        \n\n              \n  <\/div>\n\n  \n  <style> #block_c1f5fb73c9df26fa051a46962f1c944c{ background-image: url(https:\/\/teletorn.ee\/wp-content\/uploads\/2024\/07\/Home-page-start.jpg)}<\/style>  \n<\/div>\n\n\n\n<div id=\"block_f844d7e72559babec6f6919e1444ce10\" class=\"button-blocks\" aria-hidden=\"true\">\n\n  <div class=\"wrap\">\n\n  \n    <div class=\"button-blocks-col\">\n      <div class=\"button-blocks-title\">\n        <img decoding=\"async\" src=\"https:\/\/teletorn.ee\/wp-content\/uploads\/2024\/04\/tickets-icon.svg\" alt=\"tickets-icon\">\n        <h2>Liput<\/h2>      <\/div>\n      <div class=\"button-blocks-content\">\n        <p data-start=\"0\" data-end=\"23\">Avoinna klo 10.00\u201318.00<\/p>\n<p data-start=\"25\" data-end=\"80\" data-is-last-node=\"\" data-is-only-node=\"\">Lipunmyynti p\u00e4\u00e4ttyy 1 tunti ennen TV-tornin sulkemista.<\/p>\n<p><span style=\"color: #ff0000;\"><strong>22.\u201324.4.2026 on Teletorni suljettu suunniteltujen s\u00e4hk\u00f6t\u00f6iden vuoksi.<\/strong><\/span><\/p>\n      <\/div>\n      \n              \n                  <div class=\"button-blocks-button\">\n            <a href=\"https:\/\/teletorn.ee\/fi\/osta-lippu\/\" class=\"blue-btn\" >\n              Osta lippu            <\/a>\n          <\/div>\n        \n                  \n    <\/div>\n\n  \n    <div class=\"button-blocks-col\">\n      <div class=\"button-blocks-title\">\n        <img decoding=\"async\" src=\"https:\/\/teletorn.ee\/wp-content\/uploads\/2024\/06\/Restoran-ikoon.svg\" alt=\"Restoran ikoon\">\n        <h2>KAHVILA-RAVINTOLA<\/h2>      <\/div>\n      <div class=\"button-blocks-content\">\n        <div class=\"flex max-w-full flex-col flex-grow\">\n<div class=\"min-h-8 text-message flex w-full flex-col items-end gap-2 whitespace-normal break-words [.text-message+&amp;]:mt-5\" dir=\"auto\" data-message-author-role=\"assistant\" data-message-id=\"78cee8f9-b2a1-4c88-b3b6-f7d309c77115\">\n<div class=\"flex w-full flex-col gap-1 empty:hidden first:pt-[3px]\">\n<div class=\"markdown prose w-full break-words dark:prose-invert dark\">\n<p>Avoinna: 10.00 &#8211; 18.00<\/p>\n<p>Keitti\u00f6mme palvelee asiakkaita<b>\u00a0tunnin verran ennen ravintolan sulkeutumista.<\/b><\/p>\n<p>Ravintola sijaitsee 22. kerroksessa, jonne p\u00e4\u00e4see TV-tornin lipulla \u2013 <strong>yksi upea el\u00e4mys kahdessa ulottuvuudessa.<\/strong><\/p>\n<\/div>\n<\/div>\n<\/div>\n<\/div>\n      <\/div>\n      \n              \n                  <div class=\"button-blocks-button\">\n            <a href=\"https:\/\/teletorn.ee\/fi\/tv-torni-kahvila-ravintola\/\" class=\"blue-btn\" >\n              Lue lis\u00e4\u00e4            <\/a>\n          <\/div>\n        \n                  \n    <\/div>\n\n  \n    <div class=\"button-blocks-col\">\n      <div class=\"button-blocks-title\">\n        <img decoding=\"async\" src=\"https:\/\/teletorn.ee\/wp-content\/uploads\/2024\/04\/sky-view-icon.svg\" alt=\"sky-view-icon\">\n        <h2>N\u00e4kym\u00e4 TV-tornista<\/h2>      <\/div>\n      <div class=\"button-blocks-content\">\n        <p data-start=\"0\" data-end=\"66\">Teletorni joka s\u00e4\u00e4ll\u00e4 eli \u201cHyv\u00e4n s\u00e4\u00e4n takuu\u201d \u2013 mit\u00e4 se tarkoittaa?<\/p>\n<p data-start=\"68\" data-end=\"137\" data-is-last-node=\"\" data-is-only-node=\"\">Hyv\u00e4n s\u00e4\u00e4n takuu on voimassa <strong>2 kuukautta<\/strong> ensimm\u00e4isest\u00e4 vierailustasi!<\/p>\n      <\/div>\n      \n              \n                  <div class=\"button-blocks-button\">\n            <a href=\"https:\/\/teletorn.ee\/fi\/webkamera\/\" class=\"blue-btn\" >\n              webkamera            <\/a>\n          <\/div>\n        \n                  \n    <\/div>\n\n    \n  <\/div>\n\n<\/div>\n\n\n\n<div id=\"block_6345f7cfe38b0e2aa7e8d27b922c8314\" class=\"featured-blocks\" aria-hidden=\"true\">\n  <div class=\"wrap\">\n\n                  <div class=\"featured-blocks-col\" style=\"background-image: url(https:\/\/teletorn.ee\/wp-content\/uploads\/2026\/03\/teletorn-andres-roots-50-fienta-560x560px.png)\">\n          <div class=\"featured-blocks-col-content\">\n            <div class=\"featured-blocks-col-content-inner\">\n              <h3>Konsertti-illallinen Tallinnan TV-tornin kahvila-ravintolassa &#8211; Andres Roots 50<\/h3>                          <\/div>\n                                          <a href=\"https:\/\/teletorn.ee\/fi\/tapahtumat\/andres-roots-50-konsertti-illallinen-tallinnan-tv-tornissa\/\" class=\"banner-button\" >\n                  Lue lis\u00e4\u00e4                <\/a>\n              \n                           \n          <\/div>\n        <\/div>\n              <div class=\"featured-blocks-col\" style=\"background-image: url(https:\/\/teletorn.ee\/wp-content\/uploads\/2026\/04\/teletorn-reelslab-esileht-1.png)\">\n          <div class=\"featured-blocks-col-content\">\n            <div class=\"featured-blocks-col-content-inner\">\n              <h3>Koululomaohjelma ReelsLab<\/h3>                          <\/div>\n                                          <a href=\"https:\/\/teletorn.ee\/fi\/tapahtumat\/reelslab-koululomaohjelma\/\" class=\"banner-button\" target=\"_blank\">\n                  LUE LIS\u00c4\u00c4                <\/a>\n              \n                           \n          <\/div>\n        <\/div>\n          \n  <\/div>\n<\/div>\n\n\n\n<hr class=\"wp-block-separator has-alpha-channel-opacity\"\/>\n\n\n\n<div id=\"block_c724190e0d216104919d373ab6665364\" class=\"featured-blocks\" aria-hidden=\"true\">\n  <div class=\"wrap\">\n\n                  <div class=\"featured-blocks-col\" style=\"background-image: url(https:\/\/teletorn.ee\/wp-content\/uploads\/2024\/06\/oppepaev-3.jpg)\">\n          <div class=\"featured-blocks-col-content\">\n            <div class=\"featured-blocks-col-content-inner\">\n              <h3>UUDEN TIEDON LUOMINEN YHDESS\u00c4<\/h3>              <p>Tallinnan TV-tornin koulutusohjelmat tarjoavat rikastuttavia ja opettavaisia \u200b\u200bkokemuksia sek\u00e4 koululaisille ett\u00e4 yliopisto-opiskelijoille. Ohjelmat ovat saatavilla viroksi, englanniksi ja ven\u00e4j\u00e4ksi.<\/p>            <\/div>\n                                          <a href=\"https:\/\/teletorn.ee\/fi\/koulutusohjelmat\/\" class=\"banner-button\" >\n                  Lue lis\u00e4\u00e4                <\/a>\n              \n                           \n          <\/div>\n        <\/div>\n              <div class=\"featured-blocks-col\" style=\"background-image: url(https:\/\/teletorn.ee\/wp-content\/uploads\/2024\/05\/Tunnel-1-2000x1000.webp)\">\n          <div class=\"featured-blocks-col-content\">\n            <div class=\"featured-blocks-col-content-inner\">\n              <h3>J\u00c4RJEST\u00c4 UNOHTUMATON TAPAHTUMA!<\/h3>              <p>J\u00e4rjest\u00e4 seuraava tapahtumasi TV-tornissa ja tarjoa vieraillesi unohtumattomia el\u00e4myksi\u00e4 175 metrin korkeudessa. Meid\u00e4n ammattitaitoinen tiimimme auttaa sinua suunnittelemaan jokaisen yksityiskohdan, jotta tapahtumastasi tulee t\u00e4ydellinen.<\/p>            <\/div>\n                                          <a href=\"https:\/\/teletorn.ee\/fi\/tv-tornin-tapahtumat\/jarjesta-tapahtuma\/\" class=\"banner-button\" >\n                  Lue lis\u00e4\u00e4                <\/a>\n              \n                           \n          <\/div>\n        <\/div>\n          \n  <\/div>\n<\/div>\n\n\n\n<div id=\"block_3dd7983b1f08db79f6be237387011a27\" class=\"wp-block-spacer-custom\" aria-hidden=\"true\">\n\n<style media=\"screen\">\n  #block_3dd7983b1f08db79f6be237387011a27{\n    clear: both;\n    height: 8px;\n  }\n  @media(max-width: 800px){\n    #block_3dd7983b1f08db79f6be237387011a27{\n      height: 8px;\n    }\n  }\n<\/style>\n<\/div>\n\n\n\n<hr class=\"wp-block-separator has-alpha-channel-opacity\"\/>\n","protected":false},"excerpt":{"rendered":"","protected":false},"author":1,"featured_media":2836,"parent":0,"menu_order":109,"comment_status":"closed","ping_status":"closed","template":"","meta":{"_acf_changed":false,"footnotes":""},"class_list":["post-1730","page","type-page","status-publish","has-post-thumbnail","hentry"],"acf":[],"yoast_head":"<!-- This site is optimized with the Yoast SEO Premium plugin v23.4 (Yoast SEO v27.3) - https:\/\/yoast.com\/product\/yoast-seo-premium-wordpress\/ -->\n<title>Etusivu - Teletorn.ee<\/title>\n<meta name=\"description\" content=\"Tervetuloa Tallinnan TV-tornille, Pohjois-Euroopan korkeimmalle avoimelle katselutasolle! Maamerkki, joka muuttaa n\u00e4k\u00f6kulmaa ja luo unohtumattomia el\u00e4myksi\u00e4.\" \/>\n<meta name=\"robots\" content=\"index, follow, max-snippet:-1, max-image-preview:large, max-video-preview:-1\" \/>\n<link rel=\"canonical\" href=\"https:\/\/teletorn.ee\/fi\/\" \/>\n<meta property=\"og:locale\" content=\"fi_FI\" \/>\n<meta property=\"og:type\" content=\"article\" \/>\n<meta property=\"og:title\" content=\"Etusivu\" \/>\n<meta property=\"og:description\" content=\"Tervetuloa Tallinnan TV-tornille, Pohjois-Euroopan korkeimmalle avoimelle katselutasolle! Maamerkki, joka muuttaa n\u00e4k\u00f6kulmaa ja luo unohtumattomia el\u00e4myksi\u00e4.\" \/>\n<meta property=\"og:url\" content=\"https:\/\/teletorn.ee\/fi\/\" \/>\n<meta property=\"og:site_name\" content=\"Teletorn.ee\" \/>\n<meta property=\"article:modified_time\" content=\"2026-04-08T17:47:03+00:00\" \/>\n<meta property=\"og:image\" content=\"https:\/\/teletorn.ee\/wp-content\/uploads\/2024\/07\/Teletorn-loojang.jpg\" \/>\n\t<meta property=\"og:image:width\" content=\"560\" \/>\n\t<meta property=\"og:image:height\" content=\"560\" \/>\n\t<meta property=\"og:image:type\" content=\"image\/jpeg\" \/>\n<meta name=\"twitter:card\" content=\"summary_large_image\" \/>\n<meta name=\"twitter:label1\" content=\"Arvioitu lukuaika\" \/>\n\t<meta name=\"twitter:data1\" content=\"1 minuutti\" \/>\n<script type=\"application\/ld+json\" class=\"yoast-schema-graph\">{\"@context\":\"https:\\\/\\\/schema.org\",\"@graph\":[{\"@type\":\"WebPage\",\"@id\":\"https:\\\/\\\/teletorn.ee\\\/fi\\\/\",\"url\":\"https:\\\/\\\/teletorn.ee\\\/fi\\\/\",\"name\":\"Etusivu - Teletorn.ee\",\"isPartOf\":{\"@id\":\"https:\\\/\\\/tt.uptodate.ee\\\/#website\"},\"primaryImageOfPage\":{\"@id\":\"https:\\\/\\\/teletorn.ee\\\/fi\\\/#primaryimage\"},\"image\":{\"@id\":\"https:\\\/\\\/teletorn.ee\\\/fi\\\/#primaryimage\"},\"thumbnailUrl\":\"https:\\\/\\\/teletorn.ee\\\/wp-content\\\/uploads\\\/2024\\\/07\\\/Teletorn-loojang.jpg\",\"datePublished\":\"2024-03-20T09:27:05+00:00\",\"dateModified\":\"2026-04-08T17:47:03+00:00\",\"description\":\"Tervetuloa Tallinnan TV-tornille, Pohjois-Euroopan korkeimmalle avoimelle katselutasolle! Maamerkki, joka muuttaa n\u00e4k\u00f6kulmaa ja luo unohtumattomia el\u00e4myksi\u00e4.\",\"breadcrumb\":{\"@id\":\"https:\\\/\\\/teletorn.ee\\\/fi\\\/#breadcrumb\"},\"inLanguage\":\"fi\",\"potentialAction\":[{\"@type\":\"ReadAction\",\"target\":[\"https:\\\/\\\/teletorn.ee\\\/fi\\\/\"]}]},{\"@type\":\"ImageObject\",\"inLanguage\":\"fi\",\"@id\":\"https:\\\/\\\/teletorn.ee\\\/fi\\\/#primaryimage\",\"url\":\"https:\\\/\\\/teletorn.ee\\\/wp-content\\\/uploads\\\/2024\\\/07\\\/Teletorn-loojang.jpg\",\"contentUrl\":\"https:\\\/\\\/teletorn.ee\\\/wp-content\\\/uploads\\\/2024\\\/07\\\/Teletorn-loojang.jpg\",\"width\":560,\"height\":560},{\"@type\":\"BreadcrumbList\",\"@id\":\"https:\\\/\\\/teletorn.ee\\\/fi\\\/#breadcrumb\",\"itemListElement\":[{\"@type\":\"ListItem\",\"position\":1,\"name\":\"Home\",\"item\":\"https:\\\/\\\/teletorn.ee\\\/fi\\\/\"},{\"@type\":\"ListItem\",\"position\":2,\"name\":\"Etusivu\"}]},{\"@type\":\"WebSite\",\"@id\":\"https:\\\/\\\/tt.uptodate.ee\\\/#website\",\"url\":\"https:\\\/\\\/tt.uptodate.ee\\\/\",\"name\":\"Teletorn.ee\",\"description\":\"\",\"potentialAction\":[{\"@type\":\"SearchAction\",\"target\":{\"@type\":\"EntryPoint\",\"urlTemplate\":\"https:\\\/\\\/tt.uptodate.ee\\\/?s={search_term_string}\"},\"query-input\":{\"@type\":\"PropertyValueSpecification\",\"valueRequired\":true,\"valueName\":\"search_term_string\"}}],\"inLanguage\":\"fi\"}]}<\/script>\n<!-- \/ Yoast SEO Premium plugin. -->","yoast_head_json":{"title":"Etusivu - Teletorn.ee","description":"Tervetuloa Tallinnan TV-tornille, Pohjois-Euroopan korkeimmalle avoimelle katselutasolle! Maamerkki, joka muuttaa n\u00e4k\u00f6kulmaa ja luo unohtumattomia el\u00e4myksi\u00e4.","robots":{"index":"index","follow":"follow","max-snippet":"max-snippet:-1","max-image-preview":"max-image-preview:large","max-video-preview":"max-video-preview:-1"},"canonical":"https:\/\/teletorn.ee\/fi\/","og_locale":"fi_FI","og_type":"article","og_title":"Etusivu","og_description":"Tervetuloa Tallinnan TV-tornille, Pohjois-Euroopan korkeimmalle avoimelle katselutasolle! Maamerkki, joka muuttaa n\u00e4k\u00f6kulmaa ja luo unohtumattomia el\u00e4myksi\u00e4.","og_url":"https:\/\/teletorn.ee\/fi\/","og_site_name":"Teletorn.ee","article_modified_time":"2026-04-08T17:47:03+00:00","og_image":[{"width":560,"height":560,"url":"https:\/\/teletorn.ee\/wp-content\/uploads\/2024\/07\/Teletorn-loojang.jpg","type":"image\/jpeg"}],"twitter_card":"summary_large_image","twitter_misc":{"Arvioitu lukuaika":"1 minuutti"},"schema":{"@context":"https:\/\/schema.org","@graph":[{"@type":"WebPage","@id":"https:\/\/teletorn.ee\/fi\/","url":"https:\/\/teletorn.ee\/fi\/","name":"Etusivu - Teletorn.ee","isPartOf":{"@id":"https:\/\/tt.uptodate.ee\/#website"},"primaryImageOfPage":{"@id":"https:\/\/teletorn.ee\/fi\/#primaryimage"},"image":{"@id":"https:\/\/teletorn.ee\/fi\/#primaryimage"},"thumbnailUrl":"https:\/\/teletorn.ee\/wp-content\/uploads\/2024\/07\/Teletorn-loojang.jpg","datePublished":"2024-03-20T09:27:05+00:00","dateModified":"2026-04-08T17:47:03+00:00","description":"Tervetuloa Tallinnan TV-tornille, Pohjois-Euroopan korkeimmalle avoimelle katselutasolle! Maamerkki, joka muuttaa n\u00e4k\u00f6kulmaa ja luo unohtumattomia el\u00e4myksi\u00e4.","breadcrumb":{"@id":"https:\/\/teletorn.ee\/fi\/#breadcrumb"},"inLanguage":"fi","potentialAction":[{"@type":"ReadAction","target":["https:\/\/teletorn.ee\/fi\/"]}]},{"@type":"ImageObject","inLanguage":"fi","@id":"https:\/\/teletorn.ee\/fi\/#primaryimage","url":"https:\/\/teletorn.ee\/wp-content\/uploads\/2024\/07\/Teletorn-loojang.jpg","contentUrl":"https:\/\/teletorn.ee\/wp-content\/uploads\/2024\/07\/Teletorn-loojang.jpg","width":560,"height":560},{"@type":"BreadcrumbList","@id":"https:\/\/teletorn.ee\/fi\/#breadcrumb","itemListElement":[{"@type":"ListItem","position":1,"name":"Home","item":"https:\/\/teletorn.ee\/fi\/"},{"@type":"ListItem","position":2,"name":"Etusivu"}]},{"@type":"WebSite","@id":"https:\/\/tt.uptodate.ee\/#website","url":"https:\/\/tt.uptodate.ee\/","name":"Teletorn.ee","description":"","potentialAction":[{"@type":"SearchAction","target":{"@type":"EntryPoint","urlTemplate":"https:\/\/tt.uptodate.ee\/?s={search_term_string}"},"query-input":{"@type":"PropertyValueSpecification","valueRequired":true,"valueName":"search_term_string"}}],"inLanguage":"fi"}]}},"_links":{"self":[{"href":"https:\/\/teletorn.ee\/fi\/wp-json\/wp\/v2\/pages\/1730","targetHints":{"allow":["GET"]}}],"collection":[{"href":"https:\/\/teletorn.ee\/fi\/wp-json\/wp\/v2\/pages"}],"about":[{"href":"https:\/\/teletorn.ee\/fi\/wp-json\/wp\/v2\/types\/page"}],"author":[{"embeddable":true,"href":"https:\/\/teletorn.ee\/fi\/wp-json\/wp\/v2\/users\/1"}],"replies":[{"embeddable":true,"href":"https:\/\/teletorn.ee\/fi\/wp-json\/wp\/v2\/comments?post=1730"}],"version-history":[{"count":5,"href":"https:\/\/teletorn.ee\/fi\/wp-json\/wp\/v2\/pages\/1730\/revisions"}],"predecessor-version":[{"id":13185,"href":"https:\/\/teletorn.ee\/fi\/wp-json\/wp\/v2\/pages\/1730\/revisions\/13185"}],"wp:featuredmedia":[{"embeddable":true,"href":"https:\/\/teletorn.ee\/fi\/wp-json\/wp\/v2\/media\/2836"}],"wp:attachment":[{"href":"https:\/\/teletorn.ee\/fi\/wp-json\/wp\/v2\/media?parent=1730"}],"curies":[{"name":"wp","href":"https:\/\/api.w.org\/{rel}","templated":true}]}}