{"id":1744,"date":"2024-04-16T13:18:13","date_gmt":"2024-04-16T10:18:13","guid":{"rendered":"https:\/\/tt.uptodate.ee\/yhteystiedot\/"},"modified":"2024-11-06T17:12:40","modified_gmt":"2024-11-06T15:12:40","slug":"paasy","status":"publish","type":"page","link":"https:\/\/teletorn.ee\/fi\/paasy\/","title":{"rendered":"Yhteystiedot"},"content":{"rendered":"\n<div id=\"block_c1cb7425dec079b6936e2429f872017f\" class=\"teletorn-banner featured-image\">\n\n      <div class=\"video-container\">\n      <video autoplay muted loop playsinline id=\"video-bg\" poster=\"https:\/\/teletorn.ee\/wp-content\/uploads\/2024\/07\/Teletorn-loojang-2.jpg\">\n        <source src=\"https:\/\/teletorn.ee\/wp-content\/uploads\/2024\/06\/Loojang-peegeldab_8-Mbps.mp4\" type=\"video\/mp4\">\n        Your browser does not support the video tag.\n      <\/video>\n    <\/div>\n  \n\n    \n    \n  <style> #block_c1cb7425dec079b6936e2429f872017f{ background-image: url(https:\/\/teletorn.ee\/wp-content\/uploads\/2024\/07\/Teletorn-loojang-2.jpg)}<\/style>  <style>@media (max-width: 800px) { #block_c1cb7425dec079b6936e2429f872017f{ background-image: url(https:\/\/teletorn.ee\/wp-content\/uploads\/2024\/07\/Teletorn-loojang.jpg)}}<\/style>\n<\/div>\n\n\n\n<div id=\"block_10ca27882e6c1a88a609ae2960ca7e5f\" class=\"wp-block-spacer-custom\" aria-hidden=\"true\">\n\n<style media=\"screen\">\n  #block_10ca27882e6c1a88a609ae2960ca7e5f{\n    clear: both;\n    height: 48px;\n  }\n  @media(max-width: 800px){\n    #block_10ca27882e6c1a88a609ae2960ca7e5f{\n      height: 24px;\n    }\n  }\n<\/style>\n<\/div>\n\n\n\n<div id=\"block_1f8d6c2ad9445f0fc43d4c0fa37fe0f2\" class=\"narrow-text-block with-inner-padding\" aria-hidden=\"true\">\n  <div class=\"wrap \">\n    <div class=\"wrap-inner\">\n      <h1 style=\"text-align: center;\">Miten tulla<\/h1>\n<p><span style=\"font-weight: 400;\">Suunnittele matkallasi Tallinnan TV-tornille henkil\u00f6kohtainen lista viihteest\u00e4 ja n\u00e4ht\u00e4vyyksist\u00e4, joista voit nauttia!<\/span><\/p>\n<p><span style=\"font-weight: 400;\">Tallinnan TV-torni on helposti saavutettavissa, vain lyhyen 20 min ajomatkan p\u00e4\u00e4ss\u00e4 kaupungin keskustasta. P\u00e4\u00e4set meille k\u00e4tev\u00e4sti julkisilla kulkuv\u00e4lineill\u00e4, polkupy\u00f6r\u00e4ll\u00e4, <strong>Forus<\/strong> taksilla, <strong>Boltilla<\/strong>, s\u00e4hk\u00f6potkulaudalla, henkil\u00f6kohtaisella ajoneuvolla tai retkibussilla. Tarjoamme erilaisia \u200b\u200bpys\u00e4k\u00f6intivaihtoehtoja varmistaaksemme matkasi sujuvan. Alla on yksityiskohtaiset ohjeet ja suositukset siit\u00e4, miten p\u00e4\u00e4set parhaiten TV-tornille ja saat kaiken irti vierailustasi.<\/span><\/p>\n<h2>Bussitiedot<\/h2>\n<p><span style=\"font-weight: 400;\">Tallinnan TV-tornille p\u00e4\u00e4see k\u00e4tev\u00e4sti julkisilla kulkuneuvoilla. Keskustasta meille kulkevat <strong>bussit numero 34 ja 38<\/strong>, jotka l\u00e4htev\u00e4t <strong>Viru Keskuksen<\/strong> bussiterminaalista. <strong>Lasnam\u00e4elt\u00e4<\/strong> p\u00e4\u00e4see Televisiotornille <strong>bussilla numero 48<\/strong>. <strong>Viimsist<\/strong>\u00e4 meille p\u00e4\u00e4see vaihtoyhteydell\u00e4. Ensin <strong>bussilla numero 49<\/strong> Pirita Keskuksen pys\u00e4kille, ja sielt\u00e4 tulee vaihtaa <strong>bussiin numero 4<\/strong>8, joka tuo Televisiotornille. Televisiotornin pys\u00e4kki on &#8217;Teletorn&#8217;, josta on lyhyt k\u00e4velymatka tornille Tarkemmat aikataulut ja pys\u00e4kkipaikat l\u00f6ytyv\u00e4t Tallinnan joukkoliikenteen <a href=\"https:\/\/transport.tallinn.ee\/#tallinna-linn\/map\/fi\">verkkosivuilta<\/a>.<\/span><\/p>\n<h2>Pys\u00e4k\u00f6inti<\/h2>\n<p><span style=\"font-weight: 400;\">Tallinnan TV-tornin vieraille on varattu <strong>ilmaisia parkkipaikkoja<\/strong>. Parkkipaikka sijaitsee suoraan TV-tornin sis\u00e4\u00e4nk\u00e4ynnin edess\u00e4, jolloin saavutettavuus on hyv\u00e4. TV-tornilla on yhteens\u00e4 <strong>60 vapaata parkkipaikkaa<\/strong> mukaan lukien erityiset pys\u00e4k\u00f6intipaikat liikuntarajoitteisille, jotta kaikille taataan mukava ja turvallinen p\u00e4\u00e4sy TV-torniin, sek\u00e4 <strong>2 parkkipaikkaa BoltDrive<\/strong>-autoille. Autopaikkojen lis\u00e4ksi TV-tornin parkkipaikalla on <strong>2 erillist\u00e4 paikkaa turistibusseille<\/strong>. Pihalla on my\u00f6s mahdollisuus s\u00e4ilytt\u00e4\u00e4 <strong>Bolt<\/strong>&#8211; ja <strong>Tuul<\/strong>&#8211;<strong>s\u00e4hk\u00f6potkulautoja<\/strong>. <strong>Py\u00f6r\u00e4ilij\u00f6ille<\/strong> olemme varanneet kaksi paikkaa py\u00f6rien s\u00e4ilytykseen; yksi sis\u00e4\u00e4nk\u00e4ynti <\/span><span style=\"font-weight: 400;\">tunnelin vasemmalla puolella ja toinen l\u00e4hell\u00e4 sivuovea, joka johtaa TV-tornin ulkoalueelle.\u00a0\u00a0\u00a0<\/span><\/p>\n<h2>Sijainti<\/h2>\n<p><img decoding=\"async\" class=\"alignnone wp-image-2783\" src=\"https:\/\/teletorn.ee\/wp-content\/uploads\/2024\/07\/Location-2.svg\" alt=\"\" width=\"24\" \/>\u00a0<a href=\"https:\/\/maps.app.goo.gl\/2fMmMjvNWNjkN6Ru6\" target=\"_blank\" rel=\"noopener\">Kloostrimetsa tee 58 A, Tallinn, Viro<\/a><\/p>\n    <\/div>\n  <\/div>\n<\/div>\n\n\n\n<div id=\"block_de65b6b2f5f0c9d35527a9aac8291893\" class=\"wp-block-spacer-custom\" aria-hidden=\"true\">\n\n<style media=\"screen\">\n  #block_de65b6b2f5f0c9d35527a9aac8291893{\n    clear: both;\n    height: 96px;\n  }\n  @media(max-width: 800px){\n    #block_de65b6b2f5f0c9d35527a9aac8291893{\n      height: 48px;\n    }\n  }\n<\/style>\n<\/div>\n\n\n\n<p><\/p>\n","protected":false},"excerpt":{"rendered":"","protected":false},"author":1,"featured_media":2836,"parent":0,"menu_order":104,"comment_status":"closed","ping_status":"closed","template":"","meta":{"_acf_changed":false,"footnotes":""},"class_list":["post-1744","page","type-page","status-publish","has-post-thumbnail","hentry"],"acf":[],"yoast_head":"<!-- This site is optimized with the Yoast SEO Premium plugin v23.4 (Yoast SEO v27.3) - https:\/\/yoast.com\/product\/yoast-seo-premium-wordpress\/ -->\n<title>Yhteystiedot - Teletorn.ee<\/title>\n<meta name=\"description\" content=\"TV-torni tarjoaa pys\u00e4k\u00f6intimahdollisuuden turistibusseille ja autoille, ja sinne p\u00e4\u00e4see my\u00f6s julkisilla kulkuv\u00e4lineill\u00e4, takseilla ja polkupy\u00f6rill\u00e4.\" \/>\n<meta name=\"robots\" content=\"index, follow, max-snippet:-1, max-image-preview:large, max-video-preview:-1\" \/>\n<link rel=\"canonical\" href=\"https:\/\/teletorn.ee\/fi\/paasy\/\" \/>\n<meta property=\"og:locale\" content=\"fi_FI\" \/>\n<meta property=\"og:type\" content=\"article\" \/>\n<meta property=\"og:title\" content=\"Yhteystiedot\" \/>\n<meta property=\"og:description\" content=\"TV-torni tarjoaa pys\u00e4k\u00f6intimahdollisuuden turistibusseille ja autoille, ja sinne p\u00e4\u00e4see my\u00f6s julkisilla kulkuv\u00e4lineill\u00e4, takseilla ja polkupy\u00f6rill\u00e4.\" \/>\n<meta property=\"og:url\" content=\"https:\/\/teletorn.ee\/fi\/paasy\/\" \/>\n<meta property=\"og:site_name\" content=\"Teletorn.ee\" \/>\n<meta property=\"article:modified_time\" content=\"2024-11-06T15:12:40+00:00\" \/>\n<meta property=\"og:image\" content=\"https:\/\/teletorn.ee\/wp-content\/uploads\/2024\/07\/Teletorn-loojang.jpg\" \/>\n\t<meta property=\"og:image:width\" content=\"560\" \/>\n\t<meta property=\"og:image:height\" content=\"560\" \/>\n\t<meta property=\"og:image:type\" content=\"image\/jpeg\" \/>\n<meta name=\"twitter:card\" content=\"summary_large_image\" \/>\n<meta name=\"twitter:label1\" content=\"Arvioitu lukuaika\" \/>\n\t<meta name=\"twitter:data1\" content=\"1 minuutti\" \/>\n<script type=\"application\/ld+json\" class=\"yoast-schema-graph\">{\"@context\":\"https:\\\/\\\/schema.org\",\"@graph\":[{\"@type\":\"WebPage\",\"@id\":\"https:\\\/\\\/teletorn.ee\\\/fi\\\/paasy\\\/\",\"url\":\"https:\\\/\\\/teletorn.ee\\\/fi\\\/paasy\\\/\",\"name\":\"Yhteystiedot - Teletorn.ee\",\"isPartOf\":{\"@id\":\"https:\\\/\\\/tt.uptodate.ee\\\/#website\"},\"primaryImageOfPage\":{\"@id\":\"https:\\\/\\\/teletorn.ee\\\/fi\\\/paasy\\\/#primaryimage\"},\"image\":{\"@id\":\"https:\\\/\\\/teletorn.ee\\\/fi\\\/paasy\\\/#primaryimage\"},\"thumbnailUrl\":\"https:\\\/\\\/teletorn.ee\\\/wp-content\\\/uploads\\\/2024\\\/07\\\/Teletorn-loojang.jpg\",\"datePublished\":\"2024-04-16T10:18:13+00:00\",\"dateModified\":\"2024-11-06T15:12:40+00:00\",\"description\":\"TV-torni tarjoaa pys\u00e4k\u00f6intimahdollisuuden turistibusseille ja autoille, ja sinne p\u00e4\u00e4see my\u00f6s julkisilla kulkuv\u00e4lineill\u00e4, takseilla ja polkupy\u00f6rill\u00e4.\",\"breadcrumb\":{\"@id\":\"https:\\\/\\\/teletorn.ee\\\/fi\\\/paasy\\\/#breadcrumb\"},\"inLanguage\":\"fi\",\"potentialAction\":[{\"@type\":\"ReadAction\",\"target\":[\"https:\\\/\\\/teletorn.ee\\\/fi\\\/paasy\\\/\"]}]},{\"@type\":\"ImageObject\",\"inLanguage\":\"fi\",\"@id\":\"https:\\\/\\\/teletorn.ee\\\/fi\\\/paasy\\\/#primaryimage\",\"url\":\"https:\\\/\\\/teletorn.ee\\\/wp-content\\\/uploads\\\/2024\\\/07\\\/Teletorn-loojang.jpg\",\"contentUrl\":\"https:\\\/\\\/teletorn.ee\\\/wp-content\\\/uploads\\\/2024\\\/07\\\/Teletorn-loojang.jpg\",\"width\":560,\"height\":560},{\"@type\":\"BreadcrumbList\",\"@id\":\"https:\\\/\\\/teletorn.ee\\\/fi\\\/paasy\\\/#breadcrumb\",\"itemListElement\":[{\"@type\":\"ListItem\",\"position\":1,\"name\":\"Home\",\"item\":\"https:\\\/\\\/teletorn.ee\\\/fi\\\/\"},{\"@type\":\"ListItem\",\"position\":2,\"name\":\"Yhteystiedot\"}]},{\"@type\":\"WebSite\",\"@id\":\"https:\\\/\\\/tt.uptodate.ee\\\/#website\",\"url\":\"https:\\\/\\\/tt.uptodate.ee\\\/\",\"name\":\"Teletorn.ee\",\"description\":\"\",\"potentialAction\":[{\"@type\":\"SearchAction\",\"target\":{\"@type\":\"EntryPoint\",\"urlTemplate\":\"https:\\\/\\\/tt.uptodate.ee\\\/?s={search_term_string}\"},\"query-input\":{\"@type\":\"PropertyValueSpecification\",\"valueRequired\":true,\"valueName\":\"search_term_string\"}}],\"inLanguage\":\"fi\"}]}<\/script>\n<!-- \/ Yoast SEO Premium plugin. -->","yoast_head_json":{"title":"Yhteystiedot - Teletorn.ee","description":"TV-torni tarjoaa pys\u00e4k\u00f6intimahdollisuuden turistibusseille ja autoille, ja sinne p\u00e4\u00e4see my\u00f6s julkisilla kulkuv\u00e4lineill\u00e4, takseilla ja polkupy\u00f6rill\u00e4.","robots":{"index":"index","follow":"follow","max-snippet":"max-snippet:-1","max-image-preview":"max-image-preview:large","max-video-preview":"max-video-preview:-1"},"canonical":"https:\/\/teletorn.ee\/fi\/paasy\/","og_locale":"fi_FI","og_type":"article","og_title":"Yhteystiedot","og_description":"TV-torni tarjoaa pys\u00e4k\u00f6intimahdollisuuden turistibusseille ja autoille, ja sinne p\u00e4\u00e4see my\u00f6s julkisilla kulkuv\u00e4lineill\u00e4, takseilla ja polkupy\u00f6rill\u00e4.","og_url":"https:\/\/teletorn.ee\/fi\/paasy\/","og_site_name":"Teletorn.ee","article_modified_time":"2024-11-06T15:12:40+00:00","og_image":[{"width":560,"height":560,"url":"https:\/\/teletorn.ee\/wp-content\/uploads\/2024\/07\/Teletorn-loojang.jpg","type":"image\/jpeg"}],"twitter_card":"summary_large_image","twitter_misc":{"Arvioitu lukuaika":"1 minuutti"},"schema":{"@context":"https:\/\/schema.org","@graph":[{"@type":"WebPage","@id":"https:\/\/teletorn.ee\/fi\/paasy\/","url":"https:\/\/teletorn.ee\/fi\/paasy\/","name":"Yhteystiedot - Teletorn.ee","isPartOf":{"@id":"https:\/\/tt.uptodate.ee\/#website"},"primaryImageOfPage":{"@id":"https:\/\/teletorn.ee\/fi\/paasy\/#primaryimage"},"image":{"@id":"https:\/\/teletorn.ee\/fi\/paasy\/#primaryimage"},"thumbnailUrl":"https:\/\/teletorn.ee\/wp-content\/uploads\/2024\/07\/Teletorn-loojang.jpg","datePublished":"2024-04-16T10:18:13+00:00","dateModified":"2024-11-06T15:12:40+00:00","description":"TV-torni tarjoaa pys\u00e4k\u00f6intimahdollisuuden turistibusseille ja autoille, ja sinne p\u00e4\u00e4see my\u00f6s julkisilla kulkuv\u00e4lineill\u00e4, takseilla ja polkupy\u00f6rill\u00e4.","breadcrumb":{"@id":"https:\/\/teletorn.ee\/fi\/paasy\/#breadcrumb"},"inLanguage":"fi","potentialAction":[{"@type":"ReadAction","target":["https:\/\/teletorn.ee\/fi\/paasy\/"]}]},{"@type":"ImageObject","inLanguage":"fi","@id":"https:\/\/teletorn.ee\/fi\/paasy\/#primaryimage","url":"https:\/\/teletorn.ee\/wp-content\/uploads\/2024\/07\/Teletorn-loojang.jpg","contentUrl":"https:\/\/teletorn.ee\/wp-content\/uploads\/2024\/07\/Teletorn-loojang.jpg","width":560,"height":560},{"@type":"BreadcrumbList","@id":"https:\/\/teletorn.ee\/fi\/paasy\/#breadcrumb","itemListElement":[{"@type":"ListItem","position":1,"name":"Home","item":"https:\/\/teletorn.ee\/fi\/"},{"@type":"ListItem","position":2,"name":"Yhteystiedot"}]},{"@type":"WebSite","@id":"https:\/\/tt.uptodate.ee\/#website","url":"https:\/\/tt.uptodate.ee\/","name":"Teletorn.ee","description":"","potentialAction":[{"@type":"SearchAction","target":{"@type":"EntryPoint","urlTemplate":"https:\/\/tt.uptodate.ee\/?s={search_term_string}"},"query-input":{"@type":"PropertyValueSpecification","valueRequired":true,"valueName":"search_term_string"}}],"inLanguage":"fi"}]}},"_links":{"self":[{"href":"https:\/\/teletorn.ee\/fi\/wp-json\/wp\/v2\/pages\/1744","targetHints":{"allow":["GET"]}}],"collection":[{"href":"https:\/\/teletorn.ee\/fi\/wp-json\/wp\/v2\/pages"}],"about":[{"href":"https:\/\/teletorn.ee\/fi\/wp-json\/wp\/v2\/types\/page"}],"author":[{"embeddable":true,"href":"https:\/\/teletorn.ee\/fi\/wp-json\/wp\/v2\/users\/1"}],"replies":[{"embeddable":true,"href":"https:\/\/teletorn.ee\/fi\/wp-json\/wp\/v2\/comments?post=1744"}],"version-history":[{"count":3,"href":"https:\/\/teletorn.ee\/fi\/wp-json\/wp\/v2\/pages\/1744\/revisions"}],"predecessor-version":[{"id":7966,"href":"https:\/\/teletorn.ee\/fi\/wp-json\/wp\/v2\/pages\/1744\/revisions\/7966"}],"wp:featuredmedia":[{"embeddable":true,"href":"https:\/\/teletorn.ee\/fi\/wp-json\/wp\/v2\/media\/2836"}],"wp:attachment":[{"href":"https:\/\/teletorn.ee\/fi\/wp-json\/wp\/v2\/media?parent=1744"}],"curies":[{"name":"wp","href":"https:\/\/api.w.org\/{rel}","templated":true}]}}