{"id":1754,"date":"2024-05-22T16:06:30","date_gmt":"2024-05-22T13:06:30","guid":{"rendered":"https:\/\/tt.uptodate.ee\/tallinnan-tv-torni-saation-tietosuojakaytanto\/"},"modified":"2024-06-20T13:36:20","modified_gmt":"2024-06-20T10:36:20","slug":"tallinnan-tv-torni-saation-tietosuojakaytanto","status":"publish","type":"page","link":"https:\/\/teletorn.ee\/fi\/tallinnan-tv-torni-saation-tietosuojakaytanto\/","title":{"rendered":"Tallinnan TV-torni s\u00e4\u00e4ti\u00f6n tietosuojak\u00e4yt\u00e4nt\u00f6"},"content":{"rendered":"\n<div id=\"block_2fc4c3e6f25d9848704e8d8c30ea69b9\" class=\"teletorn-banner featured-image\">\n\n  \n\n    \n    \n    <div class=\"teletorn-banner-content\">\n\n      <div class=\"teletorn-banner-content-inner\">\n        <h1>Tietosuojak\u00e4yt\u00e4nn\u00f6t<\/h1>              <\/div>\n\n    \n        \n\n              \n  <\/div>\n\n  \n  <style> #block_2fc4c3e6f25d9848704e8d8c30ea69b9{ background-image: url(https:\/\/teletorn.ee\/wp-content\/uploads\/2024\/05\/TonuTunnel_Teletorn__TTP2959-HDR-1024x684-1.jpg)}<\/style>  \n<\/div>\n\n\n\n<div id=\"block_786c55973350068bacc3b7ffde488f03\" class=\"narrow-text-block with-inner-padding\" aria-hidden=\"true\">\n  <div class=\"wrap \">\n    <div class=\"wrap-inner\">\n      <h1 style=\"text-align: center;\">Tietosuojak\u00e4yt\u00e4nn\u00f6t<\/h1>\n<p>Asiakkaidemme ja liikekumppaneiden tietosuojan s\u00e4ilytt\u00e4minen on Tallinnan TV-tornin s\u00e4\u00e4ti\u00f6lle (Tallinn Tower Foundation) eritt\u00e4in t\u00e4rke\u00e4\u00e4. T\u00e4st\u00e4 syyst\u00e4 Tallinnan TV-torni on laatinut t\u00e4m\u00e4n tietosuojak\u00e4yt\u00e4nn\u00f6n ja noudattaa sit\u00e4, joka kattaa asiakkaiden\/liikekumppaneiden tietojen k\u00e4sittelyn Virossa sovellettavien asiaankuuluvien lakien mukaisesti.<\/p>\n<h2>Tietojen ker\u00e4\u00e4minen ja k\u00e4ytt\u00f6<\/h2>\n<p>Tallinnan TV-tornin asiakkaat ja liikekumppanit ovat yksityisi\u00e4 ja juridisia henkil\u00f6it\u00e4. Ker\u00e4\u00e4mme tietoja asiakkaistamme ja liikekumppaneistamme (jotka ovat oikeushenkil\u00f6it\u00e4) t\u00e4ytt\u00e4\u00e4ksemme heid\u00e4n kanssaan tehdyt sopimukset, tarjotaksemme heid\u00e4n meilt\u00e4 hakemiaan palveluita tai ottaaksemme heihin yhteytt\u00e4. My\u00f6nn\u00e4mme muun muassa asiakkaidemme meihin luottamien tietov\u00e4lineiden turvallisuuden, poissulkemalla mahdollisuudet luvatta p\u00e4\u00e4syyn ja tietojen v\u00e4\u00e4rink\u00e4ytt\u00f6\u00f6n. Kehit\u00e4mme jatkuvasti turvatoimiamme ja tietoj\u00e4rjestelmi\u00e4mme takaamaan mainittujen velvoitteiden keskeytykset\u00f6n ja kokonaisvaltainen toteutuminen.<\/p>\n<p>Jaamme asiakkaidemme tietoja siin\u00e4 m\u00e4\u00e4rin kuin se on tarpeen konkreettisen palvelun tarjoamiseksi asiakkaillemme tai heid\u00e4n kanssaan tehtyjen sopimusten toimeenpanemiseksi (luovuttamalla n\u00e4it\u00e4 tietoja posti- ja kuriiripalveluntarjoajille, maksupalveluntarjoajille ja pankeille) sek\u00e4 s\u00e4\u00e4d\u00f6ksist\u00e4 johtuvien asiaankuuluvien velvoitteiden t\u00e4ytt\u00e4miseksi (paljastamalla asiaankuuluvat tiedot lainvalvontaviranomaisille ja hallintoviranomaisille).<\/p>\n<p>K\u00e4sittelemme asiakkaidemme ja liikekumppaneiden tietoja t\u00e4ll\u00e4 hetkell\u00e4 vain Euroopan unionin tai Euroopan talousalueen sis\u00e4ll\u00e4. Jos asiakkaallemme tarjoamamme palvelun erityispiirteist\u00e4 johtuen n\u00e4ytt\u00e4\u00e4 tarpeelliselta k\u00e4sitell\u00e4 tietoja my\u00f6s kolmansissa maissa, my\u00f6nn\u00e4mme, ett\u00e4 asiakkaalta pyydet\u00e4\u00e4n asiaankuuluvaa suostumusta sek\u00e4 toteutetaan kaikki asiaankuuluvat standardien mukaiset tietosuojatoimenpiteet. Euroopan tietosuoja-asetuksen (GDPR) perusteella.<\/p>\n<p>K\u00e4sittelemme asiakastietoja tarkoituksenmukaisuuden ja minimalismin periaatteita noudattaen asiakassopimusten toteuttamisen edellytt\u00e4m\u00e4n ajan ja m\u00e4\u00e4r\u00e4\u00e4n asti.<\/p>\n<h2>Tietojen turvallisuus ja suojaus<\/h2>\n<p>Tallinnan TV-torni soveltaa asiaankuuluvia teknisi\u00e4 ja ohjeellisia turvatoimenpiteit\u00e4 asiakkaiden tietosuojan suojelemiseksi, mahdollistaen asianmukaisten liiketoimintaprosessien ja tietoj\u00e4rjestelmien avulla tietojen vahingossa tapahtuvan tai laittoman tuhoutumisen, keskenmenon ja muuttumisen sek\u00e4 luvattoman p\u00e4\u00e4syn ja luovuttamisen v\u00e4ltt\u00e4misen.<\/p>\n<p>Kaikissa Tallinnan TV-tornin tietosuojak\u00e4yt\u00e4nt\u00f6\u00f6n liittyviss\u00e4 kysymyksiss\u00e4 tai huolenaiheissa tai meid\u00e4n suorittamassamme tietojenk\u00e4sittelyss\u00e4 voit ottaa meihin yhteytt\u00e4 puhelimitse: +372 5911 9335 tai s\u00e4hk\u00f6postitse: teletorn@teletorn.ee.<\/p>\n    <\/div>\n  <\/div>\n<\/div>\n","protected":false},"excerpt":{"rendered":"","protected":false},"author":7,"featured_media":769,"parent":0,"menu_order":98,"comment_status":"closed","ping_status":"closed","template":"","meta":{"_acf_changed":false,"footnotes":""},"class_list":["post-1754","page","type-page","status-publish","has-post-thumbnail","hentry"],"acf":[],"yoast_head":"<!-- This site is optimized with the Yoast SEO Premium plugin v23.4 (Yoast SEO v27.3) - https:\/\/yoast.com\/product\/yoast-seo-premium-wordpress\/ -->\n<title>Tallinnan TV-torni s\u00e4\u00e4ti\u00f6n tietosuojak\u00e4yt\u00e4nt\u00f6 - Teletorn.ee<\/title>\n<meta name=\"description\" content=\"Tutustu Tallinnan TV-tornin tietosuojak\u00e4yt\u00e4nt\u00f6\u00f6n. Panostamme asiakas- ja liikekumppanitietojen suojaamisen etusijalle.\" \/>\n<meta name=\"robots\" content=\"index, follow, max-snippet:-1, max-image-preview:large, max-video-preview:-1\" \/>\n<link rel=\"canonical\" href=\"https:\/\/tt.uptodate.ee\/fi\/tallinnan-tv-torni-saation-tietosuojakaytanto\/\" \/>\n<meta property=\"og:locale\" content=\"fi_FI\" \/>\n<meta property=\"og:type\" content=\"article\" \/>\n<meta property=\"og:title\" content=\"Tallinnan TV-torni s\u00e4\u00e4ti\u00f6n tietosuojak\u00e4yt\u00e4nt\u00f6\" \/>\n<meta property=\"og:description\" content=\"Tutustu Tallinnan TV-tornin tietosuojak\u00e4yt\u00e4nt\u00f6\u00f6n. Panostamme asiakas- ja liikekumppanitietojen suojaamisen etusijalle.\" \/>\n<meta property=\"og:url\" content=\"https:\/\/tt.uptodate.ee\/fi\/tallinnan-tv-torni-saation-tietosuojakaytanto\/\" \/>\n<meta property=\"og:site_name\" content=\"Teletorn.ee\" \/>\n<meta property=\"article:modified_time\" content=\"2024-06-20T10:36:20+00:00\" \/>\n<meta property=\"og:image\" content=\"https:\/\/tt.uptodate.ee\/wp-content\/uploads\/2024\/05\/Placeholder-scaled.jpg\" \/>\n\t<meta property=\"og:image:width\" content=\"2560\" \/>\n\t<meta property=\"og:image:height\" content=\"1091\" \/>\n\t<meta property=\"og:image:type\" content=\"image\/jpeg\" \/>\n<meta name=\"twitter:card\" content=\"summary_large_image\" \/>\n<meta name=\"twitter:label1\" content=\"Arvioitu lukuaika\" \/>\n\t<meta name=\"twitter:data1\" content=\"1 minuutti\" \/>\n<script type=\"application\/ld+json\" class=\"yoast-schema-graph\">{\"@context\":\"https:\\\/\\\/schema.org\",\"@graph\":[{\"@type\":\"WebPage\",\"@id\":\"https:\\\/\\\/tt.uptodate.ee\\\/fi\\\/tallinnan-tv-torni-saation-tietosuojakaytanto\\\/\",\"url\":\"https:\\\/\\\/tt.uptodate.ee\\\/fi\\\/tallinnan-tv-torni-saation-tietosuojakaytanto\\\/\",\"name\":\"Tallinnan TV-torni s\u00e4\u00e4ti\u00f6n tietosuojak\u00e4yt\u00e4nt\u00f6 - Teletorn.ee\",\"isPartOf\":{\"@id\":\"https:\\\/\\\/tt.uptodate.ee\\\/#website\"},\"primaryImageOfPage\":{\"@id\":\"https:\\\/\\\/tt.uptodate.ee\\\/fi\\\/tallinnan-tv-torni-saation-tietosuojakaytanto\\\/#primaryimage\"},\"image\":{\"@id\":\"https:\\\/\\\/tt.uptodate.ee\\\/fi\\\/tallinnan-tv-torni-saation-tietosuojakaytanto\\\/#primaryimage\"},\"thumbnailUrl\":\"https:\\\/\\\/teletorn.ee\\\/wp-content\\\/uploads\\\/2024\\\/05\\\/Tallinna-vaade.jpg\",\"datePublished\":\"2024-05-22T13:06:30+00:00\",\"dateModified\":\"2024-06-20T10:36:20+00:00\",\"description\":\"Tutustu Tallinnan TV-tornin tietosuojak\u00e4yt\u00e4nt\u00f6\u00f6n. Panostamme asiakas- ja liikekumppanitietojen suojaamisen etusijalle.\",\"breadcrumb\":{\"@id\":\"https:\\\/\\\/tt.uptodate.ee\\\/fi\\\/tallinnan-tv-torni-saation-tietosuojakaytanto\\\/#breadcrumb\"},\"inLanguage\":\"fi\",\"potentialAction\":[{\"@type\":\"ReadAction\",\"target\":[\"https:\\\/\\\/tt.uptodate.ee\\\/fi\\\/tallinnan-tv-torni-saation-tietosuojakaytanto\\\/\"]}]},{\"@type\":\"ImageObject\",\"inLanguage\":\"fi\",\"@id\":\"https:\\\/\\\/tt.uptodate.ee\\\/fi\\\/tallinnan-tv-torni-saation-tietosuojakaytanto\\\/#primaryimage\",\"url\":\"https:\\\/\\\/teletorn.ee\\\/wp-content\\\/uploads\\\/2024\\\/05\\\/Tallinna-vaade.jpg\",\"contentUrl\":\"https:\\\/\\\/teletorn.ee\\\/wp-content\\\/uploads\\\/2024\\\/05\\\/Tallinna-vaade.jpg\",\"width\":1024,\"height\":684,\"caption\":\"SA Tallinna Teletorn privaatsustingimused - teletorn.ee\"},{\"@type\":\"BreadcrumbList\",\"@id\":\"https:\\\/\\\/tt.uptodate.ee\\\/fi\\\/tallinnan-tv-torni-saation-tietosuojakaytanto\\\/#breadcrumb\",\"itemListElement\":[{\"@type\":\"ListItem\",\"position\":1,\"name\":\"Home\",\"item\":\"https:\\\/\\\/teletorn.ee\\\/fi\\\/\"},{\"@type\":\"ListItem\",\"position\":2,\"name\":\"Tallinnan TV-torni s\u00e4\u00e4ti\u00f6n tietosuojak\u00e4yt\u00e4nt\u00f6\"}]},{\"@type\":\"WebSite\",\"@id\":\"https:\\\/\\\/tt.uptodate.ee\\\/#website\",\"url\":\"https:\\\/\\\/tt.uptodate.ee\\\/\",\"name\":\"Teletorn.ee\",\"description\":\"\",\"potentialAction\":[{\"@type\":\"SearchAction\",\"target\":{\"@type\":\"EntryPoint\",\"urlTemplate\":\"https:\\\/\\\/tt.uptodate.ee\\\/?s={search_term_string}\"},\"query-input\":{\"@type\":\"PropertyValueSpecification\",\"valueRequired\":true,\"valueName\":\"search_term_string\"}}],\"inLanguage\":\"fi\"}]}<\/script>\n<!-- \/ Yoast SEO Premium plugin. -->","yoast_head_json":{"title":"Tallinnan TV-torni s\u00e4\u00e4ti\u00f6n tietosuojak\u00e4yt\u00e4nt\u00f6 - Teletorn.ee","description":"Tutustu Tallinnan TV-tornin tietosuojak\u00e4yt\u00e4nt\u00f6\u00f6n. Panostamme asiakas- ja liikekumppanitietojen suojaamisen etusijalle.","robots":{"index":"index","follow":"follow","max-snippet":"max-snippet:-1","max-image-preview":"max-image-preview:large","max-video-preview":"max-video-preview:-1"},"canonical":"https:\/\/tt.uptodate.ee\/fi\/tallinnan-tv-torni-saation-tietosuojakaytanto\/","og_locale":"fi_FI","og_type":"article","og_title":"Tallinnan TV-torni s\u00e4\u00e4ti\u00f6n tietosuojak\u00e4yt\u00e4nt\u00f6","og_description":"Tutustu Tallinnan TV-tornin tietosuojak\u00e4yt\u00e4nt\u00f6\u00f6n. Panostamme asiakas- ja liikekumppanitietojen suojaamisen etusijalle.","og_url":"https:\/\/tt.uptodate.ee\/fi\/tallinnan-tv-torni-saation-tietosuojakaytanto\/","og_site_name":"Teletorn.ee","article_modified_time":"2024-06-20T10:36:20+00:00","og_image":[{"width":2560,"height":1091,"url":"https:\/\/tt.uptodate.ee\/wp-content\/uploads\/2024\/05\/Placeholder-scaled.jpg","type":"image\/jpeg"}],"twitter_card":"summary_large_image","twitter_misc":{"Arvioitu lukuaika":"1 minuutti"},"schema":{"@context":"https:\/\/schema.org","@graph":[{"@type":"WebPage","@id":"https:\/\/tt.uptodate.ee\/fi\/tallinnan-tv-torni-saation-tietosuojakaytanto\/","url":"https:\/\/tt.uptodate.ee\/fi\/tallinnan-tv-torni-saation-tietosuojakaytanto\/","name":"Tallinnan TV-torni s\u00e4\u00e4ti\u00f6n tietosuojak\u00e4yt\u00e4nt\u00f6 - Teletorn.ee","isPartOf":{"@id":"https:\/\/tt.uptodate.ee\/#website"},"primaryImageOfPage":{"@id":"https:\/\/tt.uptodate.ee\/fi\/tallinnan-tv-torni-saation-tietosuojakaytanto\/#primaryimage"},"image":{"@id":"https:\/\/tt.uptodate.ee\/fi\/tallinnan-tv-torni-saation-tietosuojakaytanto\/#primaryimage"},"thumbnailUrl":"https:\/\/teletorn.ee\/wp-content\/uploads\/2024\/05\/Tallinna-vaade.jpg","datePublished":"2024-05-22T13:06:30+00:00","dateModified":"2024-06-20T10:36:20+00:00","description":"Tutustu Tallinnan TV-tornin tietosuojak\u00e4yt\u00e4nt\u00f6\u00f6n. Panostamme asiakas- ja liikekumppanitietojen suojaamisen etusijalle.","breadcrumb":{"@id":"https:\/\/tt.uptodate.ee\/fi\/tallinnan-tv-torni-saation-tietosuojakaytanto\/#breadcrumb"},"inLanguage":"fi","potentialAction":[{"@type":"ReadAction","target":["https:\/\/tt.uptodate.ee\/fi\/tallinnan-tv-torni-saation-tietosuojakaytanto\/"]}]},{"@type":"ImageObject","inLanguage":"fi","@id":"https:\/\/tt.uptodate.ee\/fi\/tallinnan-tv-torni-saation-tietosuojakaytanto\/#primaryimage","url":"https:\/\/teletorn.ee\/wp-content\/uploads\/2024\/05\/Tallinna-vaade.jpg","contentUrl":"https:\/\/teletorn.ee\/wp-content\/uploads\/2024\/05\/Tallinna-vaade.jpg","width":1024,"height":684,"caption":"SA Tallinna Teletorn privaatsustingimused - teletorn.ee"},{"@type":"BreadcrumbList","@id":"https:\/\/tt.uptodate.ee\/fi\/tallinnan-tv-torni-saation-tietosuojakaytanto\/#breadcrumb","itemListElement":[{"@type":"ListItem","position":1,"name":"Home","item":"https:\/\/teletorn.ee\/fi\/"},{"@type":"ListItem","position":2,"name":"Tallinnan TV-torni s\u00e4\u00e4ti\u00f6n tietosuojak\u00e4yt\u00e4nt\u00f6"}]},{"@type":"WebSite","@id":"https:\/\/tt.uptodate.ee\/#website","url":"https:\/\/tt.uptodate.ee\/","name":"Teletorn.ee","description":"","potentialAction":[{"@type":"SearchAction","target":{"@type":"EntryPoint","urlTemplate":"https:\/\/tt.uptodate.ee\/?s={search_term_string}"},"query-input":{"@type":"PropertyValueSpecification","valueRequired":true,"valueName":"search_term_string"}}],"inLanguage":"fi"}]}},"_links":{"self":[{"href":"https:\/\/teletorn.ee\/fi\/wp-json\/wp\/v2\/pages\/1754","targetHints":{"allow":["GET"]}}],"collection":[{"href":"https:\/\/teletorn.ee\/fi\/wp-json\/wp\/v2\/pages"}],"about":[{"href":"https:\/\/teletorn.ee\/fi\/wp-json\/wp\/v2\/types\/page"}],"author":[{"embeddable":true,"href":"https:\/\/teletorn.ee\/fi\/wp-json\/wp\/v2\/users\/7"}],"replies":[{"embeddable":true,"href":"https:\/\/teletorn.ee\/fi\/wp-json\/wp\/v2\/comments?post=1754"}],"version-history":[{"count":0,"href":"https:\/\/teletorn.ee\/fi\/wp-json\/wp\/v2\/pages\/1754\/revisions"}],"wp:featuredmedia":[{"embeddable":true,"href":"https:\/\/teletorn.ee\/fi\/wp-json\/wp\/v2\/media\/769"}],"wp:attachment":[{"href":"https:\/\/teletorn.ee\/fi\/wp-json\/wp\/v2\/media?parent=1754"}],"curies":[{"name":"wp","href":"https:\/\/api.w.org\/{rel}","templated":true}]}}