{"id":1761,"date":"2024-05-25T13:21:10","date_gmt":"2024-05-25T10:21:10","guid":{"rendered":"https:\/\/tt.uptodate.ee\/reunalla-kavely-vastuuvapautussopimus\/"},"modified":"2025-07-29T12:40:33","modified_gmt":"2025-07-29T09:40:33","slug":"reunalla-kavely-vastuuvapautussopimus","status":"publish","type":"page","link":"https:\/\/teletorn.ee\/fi\/reunalla-kavely-vastuuvapautussopimus\/","title":{"rendered":"Reunalla k\u00e4vely &#8211; vastuuvapautussopimus"},"content":{"rendered":"\n<div id=\"block_516bbb981f92b15e0785e8dac9bc2f15\" class=\"narrow-text-block with-inner-padding\" aria-hidden=\"true\">\n  <div class=\"wrap \">\n    <div class=\"wrap-inner\">\n      <article class=\"main-content__section\">\n<h1 class=\"page-hero__title\" style=\"text-align: center;\">Reunalla k\u00e4vely &#8211; vastuuvapautussopimus<\/h1>\n<h3>TALLINNAN TELEVISIOTORNIN REUNAK\u00c4VELY-RADAN VAATIMUKSET JA K\u00c4YTT\u00d6EHDOT<\/h3>\n<p style=\"text-align: left;\" align=\"center\">1. N\u00e4ill\u00e4 reunak\u00e4vely-radan (servak\u00f5nd) (j\u00e4ljemp\u00e4n\u00e4a reunak\u00e4vely) vaatimuksilla ja k\u00e4ytt\u00f6ehdoilla (j\u00e4ljemp\u00e4n\u00e4 ehdot) m\u00e4\u00e4ritell\u00e4\u00e4n Tallinna Teletorn SA:n (rekisteritunnus 90012142, j\u00e4ljemp\u00e4n\u00e4Tallinnan televisiotorni) ja reunak\u00e4vely-radalle osallistujan (j\u00e4ljemp\u00e4n\u00e4 osallistuja) oikeudet, velvollisuudet ja vastuu Tallinnan televisiotornissa j\u00e4rjestett\u00e4v\u00e4\u00e4n reunak\u00e4vely-rataan liittyen.<\/p>\n<p>2. Ehtoja sovelletaan kaikkiin osallistujiin, jotka osallistuvat reunak\u00e4vely-radalle.<\/p>\n<p>3. Osallistujan tulee:<\/p>\n<p>a) painaa yli 34 kg ja alle 120 kg;<\/p>\n<p>b) olla v\u00e4hint\u00e4\u00e4n 13-vuotias. 13\u201317-vuotiaat henkil\u00f6t voivat osallistua reunak\u00e4vely-radalle vain heid\u00e4n seurassaan olevan t\u00e4ysi-ik\u00e4isen laillisen edustajan suostumuksella, joka sitoutuu valvomaan ja takaamaan, ett\u00e4 h\u00e4nen mukanaan olevat 13\u201317-vuotiaat henkil\u00f6t noudattaisivat asianmukaisesti kaikkia ehtoja;<\/p>\n<p>c) omata hyv\u00e4 fyysinen terveys, kontrolloida omaa kehoaan, omata silm\u00e4n-k\u00e4den-suun koordinaatio sek\u00e4 pysty\u00e4 k\u00e4velem\u00e4\u00e4n itsen\u00e4isesti (ilman apuv\u00e4lineit\u00e4 tai l\u00e4\u00e4kint\u00e4laitteita).<\/p>\n<p>4. Reunak\u00e4vely-radalle ei voi osallistua, jos:<\/p>\n<p>a) osallistuja on raskaana;<\/p>\n<p>b) osallistujalla on luunmurtuma;<\/p>\n<p>c) osallistuja on k\u00e4ynyt leikkauksessa viimeisen kuuden kuukauden aikana;<\/p>\n<p>d) osallistujalla on ollut viimeisen kuuden kuukauden aikana sairauskohtauksia, joiden seurauksena h\u00e4n ei saa kuljettaa moottoriajoneuvoa;<\/p>\n<p>e) osallistujalla on tuntenut kipua rinnassaan tai h\u00e4n k\u00e4rsii hapenpuutteesta;<\/p>\n<p>f) osallistuja on jonkin l\u00e4\u00e4kkeen, alkoholin tai huumaavan aineen vaikutuksen alainen.<\/p>\n<p>5. Turvalliseen k\u00e4velyyn saattavat vaikuttaa edell\u00e4 mainittujen seikkojen lis\u00e4ksi seuraavat tilat:<\/p>\n<p>a) kaikki syd\u00e4nsairaudet (mm. korkea verenpaine);<\/p>\n<p>b) kaikki hengitysteiden sairaudet;<\/p>\n<p>c) kokonaan tai osittain puuttuvat raajat (proteesit eiv\u00e4t ole sallittuja);<\/p>\n<p>d) huimaus tai tasapainoh\u00e4iri\u00f6t;<\/p>\n<p>e) n\u00e4k\u00f6h\u00e4iri\u00f6t (silm\u00e4lasien tai piilolasien k\u00e4ytt\u00e4ji\u00e4 lukuun ottamatta).<\/p>\n<p>6. Ennen reunak\u00e4velyn aloittamista osallistuja tarkastetaan silm\u00e4m\u00e4\u00e4r\u00e4isesti, jotta h\u00e4n ole k\u00e4ytt\u00e4nyt huumaavia aineita tai alkoholia tai ettei h\u00e4nell\u00e4 ole r\u00e4j\u00e4hdysaineita.<\/p>\n<p>7. Reunak\u00e4vely-radalle ei saa ottaa mukaan mit\u00e4\u00e4n esineit\u00e4 p\u00e4\u00e4ll\u00e4 olevien vaatteiden ja silm\u00e4lasien lis\u00e4ksi.<\/p>\n<p>8. Tallinnan televisiotornilla on oikeus pyyt\u00e4\u00e4 lipun ostajaa ja h\u00e4nen laillista edustajaansa todistamaan ik\u00e4ns\u00e4 henkil\u00f6llisyystodistuksella, mik\u00e4li lipun ostaja on alaik\u00e4inen.<\/p>\n<p>9. Reunak\u00e4vely-radan lippu on voimassa varattuna p\u00e4iv\u00e4n\u00e4 ja kellonaikana. Lipusta maksettu summa palautetaan tai korvataan osallistujalle vain siin\u00e4 tapauksessa, ett\u00e4 reunak\u00e4velyn suorittaminen osoittautuu mahdottomaksi Tallinnan televisiotornista johtuvasta syyst\u00e4. Varatun p\u00e4iv\u00e4n\/kellonajan muuttamisesta tulee ilmoittaa Tallinnan televisiotornille 72 tuntia ennen varauksen alkua.<\/p>\n<p>10. Tallinnan televisiotorni pid\u00e4tt\u00e4\u00e4 oikeuden peruuttaa reunak\u00e4velyn etuk\u00e4teen ilmoittamatta s\u00e4\u00e4olosuhteiden vuoksi. Mik\u00e4li reunak\u00e4vely peruutetaan edellisess\u00e4 lauseessa mainitusta syyst\u00e4, tapahtuma j\u00e4rjestet\u00e4\u00e4n uudelleen. Lippuja ei osteta takaisin. Tallinnan televisiotorni tekee kaikkensa j\u00e4rjest\u00e4\u00e4kseen lipun ostaneille osallistujille sopivana ajankohtana uuden reunak\u00e4vely-tapahtuman peruutetun tapahtuman tilalle mahdollisimman pian.<\/p>\n<p>11. Reunak\u00e4vely-radan lippu sis\u00e4lt\u00e4\u00e4 kertaluontoisen sis\u00e4\u00e4np\u00e4\u00e4syn Tallinnan televisiotorniin sek\u00e4 kaikki Tallinnan televisiotornin tavanomaiseen lippuun liittyv\u00e4t palvelut.<\/p>\n<p>12. Tallinnan televisiotornilla on oikeus olla p\u00e4\u00e4st\u00e4m\u00e4tt\u00e4 reunak\u00e4vely-radalle henkil\u00f6\u00e4, jonka tila ja\/tai kyvyt eiv\u00e4t ole Tallinnan televisiotornin edustajien silm\u00e4m\u00e4\u00e4r\u00e4isen tarkastuksen mukaan n\u00e4iden ehtojen mukaisia tai reunak\u00e4vely-radan suorittaminen ei ole muusta syyst\u00e4 turvallista. Siin\u00e4 tapauksessa Tallinnan televisiotornilla ei ole velvollisuutta korvata lipun ostaneille lipun hintaa eik\u00e4 antaa mahdollisuutta osallistua samalla lipulla korvaavaan tapahtumaan.<\/p>\n<p>13. Osallistuja ei saa k\u00e4ytt\u00e4\u00e4 reunak\u00e4vely-rataa ennen kuin on saanut Tallinnan televisiotornin ty\u00f6ntekij\u00e4lt\u00e4 reunak\u00e4vely-radan turvallista suorittamista varten asianmukaiset ohjeet ja turvavarustuksen. Reunak\u00e4vely-radan suorittamista varmistettava, ett\u00e4 rata vastaa h\u00e4nen fyysisi\u00e4 kykyj\u00e4, terveydentilaa ja taitoja.<\/p>\n<p>14. Osallistuja on reunak\u00e4vely-rataa suorittaessaan velvollinen noudattamaan kaikkia ehtoja, Tallinnan televisiotornin t\u00e4ydent\u00e4vi\u00e4 ohjeita ja m\u00e4\u00e4r\u00e4yksi\u00e4 sek\u00e4 radan varrella sijaitsevia ohjeita ja merkkej\u00e4.<\/p>\n<p>15. Osallistuja on tietoinen siit\u00e4, ett\u00e4 reunak\u00e4vely-radan suorittaminen saattaa vahingoittaa h\u00e4nen vaatteitaan ja mukana olevia esineit\u00e4 sek\u00e4 vaarantaa osallistujan henke\u00e4 ja terveytt\u00e4, mik\u00e4li osallistuja ei noudata tarkoin kaikkia Tallinnan televisiotornin ty\u00f6ntekij\u00f6iden antamia ohjeita, turvallisuusvaatimuksia sek\u00e4 n\u00e4iss\u00e4 ehdoissa s\u00e4\u00e4dettyj\u00e4 vaatimuksia. Reunak\u00e4vely-radan k\u00e4ytt\u00f6 tapahtuu osallistujan omalla vastuulla ja Tallinnan televisiotorni ei ota vastuuta mahdollisista osallistujalle syntyneist\u00e4 vahingoista (mm. terveydelle ja omaisuudelle syntyneist\u00e4 haitoista), jos vahinko on aiheutunut osallistujan laiminly\u00f6dess\u00e4 n\u00e4it\u00e4 ehtoja ja\/tai osallistujan huolimattomuudesta reunak\u00e4vely-rataa l\u00e4p\u00e4istess\u00e4\u00e4n.<\/p>\n<p>16. Tallinnan televisiotornin ty\u00f6ntekij\u00e4ll\u00e4 on oikeus kutsua osallistuja v\u00e4litt\u00f6m\u00e4sti pois reunak\u00e4vely-radalta, jos osallistuja ei noudata ehtoja, ei noudata Tallinnan televisiotornin ty\u00f6ntekij\u00e4n m\u00e4\u00e4r\u00e4yksi\u00e4 tai jos reunak\u00e4vely-radan suorittaminen ei ole Tallinnan televisiotornin ty\u00f6ntekij\u00e4n arvion mukaan en\u00e4\u00e4 turvallista. Osallistujan kunnon huonontuessa tai s\u00e4\u00e4olosuhteiden muuttuessa sellaisiksi, ett\u00e4 reunak\u00e4vely ei ole en\u00e4\u00e4 turvallista, on osallistujan poistuttava v\u00e4litt\u00f6m\u00e4sti radalta.<\/p>\n<p>17. Reunak\u00e4vely-radan k\u00e4ytt\u00f6 ilman turvavarusteita on ankarasti kielletty\u00e4 ja se vaarantaa hengen ja terveyden.<\/p>\n<p>18. Turvavarusteiden siirt\u00e4minen toiselle henkil\u00f6lle on kielletty\u00e4 ja turvavarustus on palautettava heti radan suorittamisen j\u00e4lkeen Tallinnan televisiotornille. Osallistuja on velvollinen k\u00e4ytt\u00e4m\u00e4\u00e4n reunak\u00e4vely-radan turvavarusteita huolellisesti ja olemaan rikkomatta tai muulla tapaa vahingoittamatta niit\u00e4. Osallistuja korvaa Tallinnan televisiotornille kaikki vahingot, jotka osallistuja on aiheuttanut turvavarusteille.<\/p>\n<p>19. Lippua ostaessaan osallistuja suostuu noudattamaan kaikkia Tallinnan televisiotornin yleisi\u00e4 j\u00e4rjestyss\u00e4\u00e4nt\u00f6j\u00e4 sek\u00e4 n\u00e4it\u00e4 ehtoja.<\/p>\n<p>20. Reunak\u00e4vely-radan suorittamisesta Tallinnan televisiotornille maksetun lipun hinta palautetaan osallistujalle vain siin\u00e4 tapauksessa, ett\u00e4 reunak\u00e4vely-radan k\u00e4ytt\u00f6 ei ole mahdollista Tallinnan televisiotornista johtuvasta syyst\u00e4.<\/p>\n<p>21. Osallistuja vastaa kaikista riskeist\u00e4 ja vaaroista ja vapauttaa Tallinnan televisiotornin ja sen hallinnoijat, kumppanit ja ty\u00f6ntekij\u00e4t kaikista vastuista koskien osallistujan ruumiinvammoja, omaisuuden h\u00e4vi\u00e4mist\u00e4, tuhoutumista tai vahingoittumista tai muita vahinkoja, jotka eiv\u00e4t ole aiheutuneet Tallinnan televisiotornin t\u00f6rke\u00e4st\u00e4 huolimattomuudesta tai tahallisuudesta.<\/p>\n<p>22. Lis\u00e4tietoja voi pyyt\u00e4\u00e4 numerosta (+372) 686 3000.<\/p>\n<hr \/>\n<p>&nbsp;<\/p>\n<p>Osallistuja vahvistaa allekirjoituksellaan, ett\u00e4 h\u00e4n on lukenut ehdot, ymm\u00e4rt\u00e4nyt ne t\u00e4ysin, hyv\u00e4ksyy ehdot ja sitoutuu noudattamaan niit\u00e4.<\/p>\n<p>&nbsp;<\/p>\n<p>Nimi\u2026\u2026\u2026\u2026\u2026\u2026\u2026\u2026\u2026\u2026 Allekirjoitus \u2026\u2026\u2026\u2026\u2026\u2026\u2026\u2026\u2026\u2026\u2026\u2026.<\/p>\n<p>&nbsp;<\/p>\n<p>T\u00c4YSI-IK\u00c4ISEN LAILLISEN EDUSTAJAN VAKUUTUS: OLEN SAAPUNUT REUNAK\u00c4VELY-RADALLE YHDESS\u00c4 ALAIK\u00c4ISTEN (ALLE 18-VUOTIAIDEN) HENKIL\u00d6IDEN KANSSA, JOIDEN LAILLINEN EDUSTAJA (VANHEMPI TAI HUOLTAJA) OLEN. VAKUUTAN ALLEKIRJOITUKSELLANI, ETT\u00c4 SUOSTUN SIIHEN, ETT\u00c4 ALLA MAINITUT ALAIK\u00c4ISET HENKIL\u00d6T K\u00c4YTT\u00c4V\u00c4T REUNAK\u00c4VELY-RATAA JA SITOUDUN VASTAAMAAN HEIST\u00c4 EHTOJEN MUKAISESTI.<\/p>\n<hr \/>\n<p>Osallistuja 1<\/p>\n<hr \/>\n<p>Osallistuja 2<\/p>\n<hr \/>\n<p>Osallistuja 3<\/p>\n<hr \/>\n<p>Osallistuja 4<\/p>\n<hr \/>\n<p>&nbsp;<\/p>\n<p>Nimi \u2026\u2026\u2026\u2026\u2026\u2026\u2026\u2026\u2026\u2026\u2026\u2026 Allekirjoitus\u2026\u2026\u2026\u2026\u2026\u2026\u2026\u2026\u2026\u2026\u2026\u2026\u2026<\/p>\n<\/article>\n    <\/div>\n  <\/div>\n<\/div>\n","protected":false},"excerpt":{"rendered":"","protected":false},"author":7,"featured_media":814,"parent":0,"menu_order":87,"comment_status":"closed","ping_status":"closed","template":"","meta":{"_acf_changed":false,"footnotes":""},"class_list":["post-1761","page","type-page","status-publish","has-post-thumbnail","hentry"],"acf":[],"yoast_head":"<!-- This site is optimized with the Yoast SEO Premium plugin v23.4 (Yoast SEO v27.3) - https:\/\/yoast.com\/product\/yoast-seo-premium-wordpress\/ -->\n<title>Reunalla k\u00e4vely - vastuuvapautussopimus - Teletorn.ee<\/title>\n<meta name=\"description\" content=\"Koe j\u00e4nnitt\u00e4v\u00e4 reunalla k\u00e4vely -n\u00e4ht\u00e4vyys Tallinnan TV-tornissa luottavaisin mielin!\" \/>\n<meta name=\"robots\" content=\"index, follow, max-snippet:-1, max-image-preview:large, max-video-preview:-1\" \/>\n<link rel=\"canonical\" href=\"https:\/\/teletorn.ee\/fi\/reunalla-kavely-vastuuvapautussopimus\/\" \/>\n<meta property=\"og:locale\" content=\"fi_FI\" \/>\n<meta property=\"og:type\" content=\"article\" \/>\n<meta property=\"og:title\" content=\"Reunalla k\u00e4vely - vastuuvapautussopimus\" \/>\n<meta property=\"og:description\" content=\"Koe j\u00e4nnitt\u00e4v\u00e4 reunalla k\u00e4vely -n\u00e4ht\u00e4vyys Tallinnan TV-tornissa luottavaisin mielin!\" \/>\n<meta property=\"og:url\" content=\"https:\/\/teletorn.ee\/fi\/reunalla-kavely-vastuuvapautussopimus\/\" \/>\n<meta property=\"og:site_name\" content=\"Teletorn.ee\" \/>\n<meta property=\"article:modified_time\" content=\"2025-07-29T09:40:33+00:00\" \/>\n<meta property=\"og:image\" content=\"https:\/\/teletorn.ee\/wp-content\/uploads\/2024\/05\/servalkond-teletorn-2.jpg\" \/>\n\t<meta property=\"og:image:width\" content=\"1024\" \/>\n\t<meta property=\"og:image:height\" content=\"522\" \/>\n\t<meta property=\"og:image:type\" content=\"image\/jpeg\" \/>\n<meta name=\"twitter:card\" content=\"summary_large_image\" \/>\n<meta name=\"twitter:label1\" content=\"Arvioitu lukuaika\" \/>\n\t<meta name=\"twitter:data1\" content=\"1 minuutti\" \/>\n<script type=\"application\/ld+json\" class=\"yoast-schema-graph\">{\"@context\":\"https:\\\/\\\/schema.org\",\"@graph\":[{\"@type\":\"WebPage\",\"@id\":\"https:\\\/\\\/teletorn.ee\\\/fi\\\/reunalla-kavely-vastuuvapautussopimus\\\/\",\"url\":\"https:\\\/\\\/teletorn.ee\\\/fi\\\/reunalla-kavely-vastuuvapautussopimus\\\/\",\"name\":\"Reunalla k\u00e4vely - vastuuvapautussopimus - Teletorn.ee\",\"isPartOf\":{\"@id\":\"https:\\\/\\\/tt.uptodate.ee\\\/#website\"},\"primaryImageOfPage\":{\"@id\":\"https:\\\/\\\/teletorn.ee\\\/fi\\\/reunalla-kavely-vastuuvapautussopimus\\\/#primaryimage\"},\"image\":{\"@id\":\"https:\\\/\\\/teletorn.ee\\\/fi\\\/reunalla-kavely-vastuuvapautussopimus\\\/#primaryimage\"},\"thumbnailUrl\":\"https:\\\/\\\/teletorn.ee\\\/wp-content\\\/uploads\\\/2024\\\/05\\\/servalkond-teletorn-2.jpg\",\"datePublished\":\"2024-05-25T10:21:10+00:00\",\"dateModified\":\"2025-07-29T09:40:33+00:00\",\"description\":\"Koe j\u00e4nnitt\u00e4v\u00e4 reunalla k\u00e4vely -n\u00e4ht\u00e4vyys Tallinnan TV-tornissa luottavaisin mielin!\",\"breadcrumb\":{\"@id\":\"https:\\\/\\\/teletorn.ee\\\/fi\\\/reunalla-kavely-vastuuvapautussopimus\\\/#breadcrumb\"},\"inLanguage\":\"fi\",\"potentialAction\":[{\"@type\":\"ReadAction\",\"target\":[\"https:\\\/\\\/teletorn.ee\\\/fi\\\/reunalla-kavely-vastuuvapautussopimus\\\/\"]}]},{\"@type\":\"ImageObject\",\"inLanguage\":\"fi\",\"@id\":\"https:\\\/\\\/teletorn.ee\\\/fi\\\/reunalla-kavely-vastuuvapautussopimus\\\/#primaryimage\",\"url\":\"https:\\\/\\\/teletorn.ee\\\/wp-content\\\/uploads\\\/2024\\\/05\\\/servalkond-teletorn-2.jpg\",\"contentUrl\":\"https:\\\/\\\/teletorn.ee\\\/wp-content\\\/uploads\\\/2024\\\/05\\\/servalkond-teletorn-2.jpg\",\"width\":1024,\"height\":522,\"caption\":\"Photo by Tonu Tunnel\"},{\"@type\":\"BreadcrumbList\",\"@id\":\"https:\\\/\\\/teletorn.ee\\\/fi\\\/reunalla-kavely-vastuuvapautussopimus\\\/#breadcrumb\",\"itemListElement\":[{\"@type\":\"ListItem\",\"position\":1,\"name\":\"Home\",\"item\":\"https:\\\/\\\/teletorn.ee\\\/fi\\\/\"},{\"@type\":\"ListItem\",\"position\":2,\"name\":\"Reunalla k\u00e4vely &#8211; vastuuvapautussopimus\"}]},{\"@type\":\"WebSite\",\"@id\":\"https:\\\/\\\/tt.uptodate.ee\\\/#website\",\"url\":\"https:\\\/\\\/tt.uptodate.ee\\\/\",\"name\":\"Teletorn.ee\",\"description\":\"\",\"potentialAction\":[{\"@type\":\"SearchAction\",\"target\":{\"@type\":\"EntryPoint\",\"urlTemplate\":\"https:\\\/\\\/tt.uptodate.ee\\\/?s={search_term_string}\"},\"query-input\":{\"@type\":\"PropertyValueSpecification\",\"valueRequired\":true,\"valueName\":\"search_term_string\"}}],\"inLanguage\":\"fi\"}]}<\/script>\n<!-- \/ Yoast SEO Premium plugin. -->","yoast_head_json":{"title":"Reunalla k\u00e4vely - vastuuvapautussopimus - Teletorn.ee","description":"Koe j\u00e4nnitt\u00e4v\u00e4 reunalla k\u00e4vely -n\u00e4ht\u00e4vyys Tallinnan TV-tornissa luottavaisin mielin!","robots":{"index":"index","follow":"follow","max-snippet":"max-snippet:-1","max-image-preview":"max-image-preview:large","max-video-preview":"max-video-preview:-1"},"canonical":"https:\/\/teletorn.ee\/fi\/reunalla-kavely-vastuuvapautussopimus\/","og_locale":"fi_FI","og_type":"article","og_title":"Reunalla k\u00e4vely - vastuuvapautussopimus","og_description":"Koe j\u00e4nnitt\u00e4v\u00e4 reunalla k\u00e4vely -n\u00e4ht\u00e4vyys Tallinnan TV-tornissa luottavaisin mielin!","og_url":"https:\/\/teletorn.ee\/fi\/reunalla-kavely-vastuuvapautussopimus\/","og_site_name":"Teletorn.ee","article_modified_time":"2025-07-29T09:40:33+00:00","og_image":[{"width":1024,"height":522,"url":"https:\/\/teletorn.ee\/wp-content\/uploads\/2024\/05\/servalkond-teletorn-2.jpg","type":"image\/jpeg"}],"twitter_card":"summary_large_image","twitter_misc":{"Arvioitu lukuaika":"1 minuutti"},"schema":{"@context":"https:\/\/schema.org","@graph":[{"@type":"WebPage","@id":"https:\/\/teletorn.ee\/fi\/reunalla-kavely-vastuuvapautussopimus\/","url":"https:\/\/teletorn.ee\/fi\/reunalla-kavely-vastuuvapautussopimus\/","name":"Reunalla k\u00e4vely - vastuuvapautussopimus - Teletorn.ee","isPartOf":{"@id":"https:\/\/tt.uptodate.ee\/#website"},"primaryImageOfPage":{"@id":"https:\/\/teletorn.ee\/fi\/reunalla-kavely-vastuuvapautussopimus\/#primaryimage"},"image":{"@id":"https:\/\/teletorn.ee\/fi\/reunalla-kavely-vastuuvapautussopimus\/#primaryimage"},"thumbnailUrl":"https:\/\/teletorn.ee\/wp-content\/uploads\/2024\/05\/servalkond-teletorn-2.jpg","datePublished":"2024-05-25T10:21:10+00:00","dateModified":"2025-07-29T09:40:33+00:00","description":"Koe j\u00e4nnitt\u00e4v\u00e4 reunalla k\u00e4vely -n\u00e4ht\u00e4vyys Tallinnan TV-tornissa luottavaisin mielin!","breadcrumb":{"@id":"https:\/\/teletorn.ee\/fi\/reunalla-kavely-vastuuvapautussopimus\/#breadcrumb"},"inLanguage":"fi","potentialAction":[{"@type":"ReadAction","target":["https:\/\/teletorn.ee\/fi\/reunalla-kavely-vastuuvapautussopimus\/"]}]},{"@type":"ImageObject","inLanguage":"fi","@id":"https:\/\/teletorn.ee\/fi\/reunalla-kavely-vastuuvapautussopimus\/#primaryimage","url":"https:\/\/teletorn.ee\/wp-content\/uploads\/2024\/05\/servalkond-teletorn-2.jpg","contentUrl":"https:\/\/teletorn.ee\/wp-content\/uploads\/2024\/05\/servalkond-teletorn-2.jpg","width":1024,"height":522,"caption":"Photo by Tonu Tunnel"},{"@type":"BreadcrumbList","@id":"https:\/\/teletorn.ee\/fi\/reunalla-kavely-vastuuvapautussopimus\/#breadcrumb","itemListElement":[{"@type":"ListItem","position":1,"name":"Home","item":"https:\/\/teletorn.ee\/fi\/"},{"@type":"ListItem","position":2,"name":"Reunalla k\u00e4vely &#8211; vastuuvapautussopimus"}]},{"@type":"WebSite","@id":"https:\/\/tt.uptodate.ee\/#website","url":"https:\/\/tt.uptodate.ee\/","name":"Teletorn.ee","description":"","potentialAction":[{"@type":"SearchAction","target":{"@type":"EntryPoint","urlTemplate":"https:\/\/tt.uptodate.ee\/?s={search_term_string}"},"query-input":{"@type":"PropertyValueSpecification","valueRequired":true,"valueName":"search_term_string"}}],"inLanguage":"fi"}]}},"_links":{"self":[{"href":"https:\/\/teletorn.ee\/fi\/wp-json\/wp\/v2\/pages\/1761","targetHints":{"allow":["GET"]}}],"collection":[{"href":"https:\/\/teletorn.ee\/fi\/wp-json\/wp\/v2\/pages"}],"about":[{"href":"https:\/\/teletorn.ee\/fi\/wp-json\/wp\/v2\/types\/page"}],"author":[{"embeddable":true,"href":"https:\/\/teletorn.ee\/fi\/wp-json\/wp\/v2\/users\/7"}],"replies":[{"embeddable":true,"href":"https:\/\/teletorn.ee\/fi\/wp-json\/wp\/v2\/comments?post=1761"}],"version-history":[{"count":1,"href":"https:\/\/teletorn.ee\/fi\/wp-json\/wp\/v2\/pages\/1761\/revisions"}],"predecessor-version":[{"id":10568,"href":"https:\/\/teletorn.ee\/fi\/wp-json\/wp\/v2\/pages\/1761\/revisions\/10568"}],"wp:featuredmedia":[{"embeddable":true,"href":"https:\/\/teletorn.ee\/fi\/wp-json\/wp\/v2\/media\/814"}],"wp:attachment":[{"href":"https:\/\/teletorn.ee\/fi\/wp-json\/wp\/v2\/media?parent=1761"}],"curies":[{"name":"wp","href":"https:\/\/api.w.org\/{rel}","templated":true}]}}