{"id":1765,"date":"2024-05-27T22:07:06","date_gmt":"2024-05-27T19:07:06","guid":{"rendered":"https:\/\/tt.uptodate.ee\/ryhmavierailut\/"},"modified":"2025-11-11T15:38:06","modified_gmt":"2025-11-11T13:38:06","slug":"ryhmavierailut","status":"publish","type":"page","link":"https:\/\/teletorn.ee\/fi\/ryhmavierailut\/","title":{"rendered":"Ryhm\u00e4vierailut"},"content":{"rendered":"\n<div id=\"block_57a409d15fc758c1a7721b846aa66881\" class=\"teletorn-banner featured-image\">\n\n  \n\n    \n    \n  <style> #block_57a409d15fc758c1a7721b846aa66881{ background-image: url(https:\/\/teletorn.ee\/wp-content\/uploads\/2024\/06\/panoraamkorrus_grupid_001_full_size_Tarvo-Tiivits_2024.jpg)}<\/style>  <style>@media (max-width: 800px) { #block_57a409d15fc758c1a7721b846aa66881{ background-image: url(https:\/\/teletorn.ee\/wp-content\/uploads\/2024\/06\/Teletorn-grupikulastused-2-600x1120.jpg)}}<\/style>\n<\/div>\n\n\n\n<div id=\"block_2efc0ae26522e43158289f3e2cfe3b8b\" class=\"narrow-text-block with-inner-padding\" aria-hidden=\"true\">\n  <div class=\"wrap \">\n    <div class=\"wrap-inner\">\n      <h1 style=\"text-align: center;\">Ryhm\u00e4vierailut<\/h1>\n<p>TV-torni ottaa mielell\u00e4\u00e4n vastaan my\u00f6s suurempia ryhmi\u00e4 eli yli 10 hengen seurueita. Tarjoamme opastettuja kierroksia ja torniesittelyj\u00e4 eri kielill\u00e4.<\/p>\n<ul>\n<li>Yli 10 hengen ryhmille vierailulipun alennettu hinta on 14 \u20ac \/henkil\u00f6.<\/li>\n<li>L\u00e4het\u00e4 ryhm\u00e4vierailun varaukset osoitteeseen teletorn@teletorn.ee.<\/li>\n<li>Varaamme ryhm\u00e4vierailuja tasatunnein enint\u00e4\u00e4n 30 hengelle.<\/li>\n<li>Torniesittelyn (49 \u20ac \/30 min) ja opastetun kierroksen (90 \u20ac \/1 h) voi tilata eri kielill\u00e4 (viro, englanti, suomi, ven\u00e4j\u00e4).<\/li>\n<li>Pyyd\u00e4mme tekem\u00e4\u00e4n tilauksen v\u00e4hint\u00e4\u00e4n 3 ty\u00f6p\u00e4iv\u00e4\u00e4 ennen vierailun alkua.<\/li>\n<li>Koululaisryhmien mukana tuleva aikuinen p\u00e4\u00e4see ilmaiseksi (yksi aikuinen jokaista 10 lasta kohden).<\/li>\n<li>Ruokailun tilaamiseksi tutustu <a href=\"https:\/\/teletorn.ee\/wp-content\/uploads\/2025\/11\/2-ruoakaljin-ryhmamenu.pdf\" target=\"_blank\" rel=\"noopener\">Ryhm\u00e4menuun<\/a> tai tiedustele mahdollisuuksista osoitteessa restaurant@teletorn.ee.<\/li>\n<\/ul>\n<p>Huom! Jos opastuspalvelun peruutuksesta ilmoitetaan alle 48 tuntia ennen vierailun alkua, peruutusmaksu vastaa varatun opastuspalvelun hintaa.<\/p>\n<p>&nbsp;<\/p>\n<p>&nbsp;<\/p>\n<p><a href=\"https:\/\/teletorn.ee\/fi\/rekisteroi-ryhmavierailu\/\" target=\"_blank\" class=\"blue-btn \">Rekister\u00f6i ryhm\u00e4vierailusi<\/a><\/p>\n    <\/div>\n  <\/div>\n<\/div>\n","protected":false},"excerpt":{"rendered":"","protected":false},"author":7,"featured_media":1539,"parent":0,"menu_order":76,"comment_status":"closed","ping_status":"closed","template":"","meta":{"_acf_changed":false,"footnotes":""},"class_list":["post-1765","page","type-page","status-publish","has-post-thumbnail","hentry"],"acf":[],"yoast_head":"<!-- This site is optimized with the Yoast SEO Premium plugin v23.4 (Yoast SEO v27.3) - https:\/\/yoast.com\/product\/yoast-seo-premium-wordpress\/ -->\n<title>Ryhm\u00e4vierailut - Teletorn.ee<\/title>\n<meta name=\"description\" content=\"Suunnittele ryhm\u00e4vierailua TV-torniin ja nauti alennetuista hinnoista ryhmille, joissa on v\u00e4hint\u00e4\u00e4n 10 henkil\u00f6\u00e4. Opastettuja kierroksia ja esittelyj\u00e4 on saatavilla useilla eri kielill\u00e4.\" \/>\n<meta name=\"robots\" content=\"index, follow, max-snippet:-1, max-image-preview:large, max-video-preview:-1\" \/>\n<link rel=\"canonical\" href=\"https:\/\/teletorn.ee\/fi\/ryhmavierailut\/\" \/>\n<meta property=\"og:locale\" content=\"fi_FI\" \/>\n<meta property=\"og:type\" content=\"article\" \/>\n<meta property=\"og:title\" content=\"Ryhm\u00e4vierailut\" \/>\n<meta property=\"og:description\" content=\"Suunnittele ryhm\u00e4vierailua TV-torniin ja nauti alennetuista hinnoista ryhmille, joissa on v\u00e4hint\u00e4\u00e4n 10 henkil\u00f6\u00e4. Opastettuja kierroksia ja esittelyj\u00e4 on saatavilla useilla eri kielill\u00e4.\" \/>\n<meta property=\"og:url\" content=\"https:\/\/teletorn.ee\/fi\/ryhmavierailut\/\" \/>\n<meta property=\"og:site_name\" content=\"Teletorn.ee\" \/>\n<meta property=\"article:modified_time\" content=\"2025-11-11T13:38:06+00:00\" \/>\n<meta property=\"og:image\" content=\"https:\/\/teletorn.ee\/wp-content\/uploads\/2024\/06\/Teletorn-grupikulastused-2.jpg\" \/>\n\t<meta property=\"og:image:width\" content=\"1120\" \/>\n\t<meta property=\"og:image:height\" content=\"1120\" \/>\n\t<meta property=\"og:image:type\" content=\"image\/jpeg\" \/>\n<meta name=\"twitter:card\" content=\"summary_large_image\" \/>\n<meta name=\"twitter:label1\" content=\"Arvioitu lukuaika\" \/>\n\t<meta name=\"twitter:data1\" content=\"1 minuutti\" \/>\n<script type=\"application\/ld+json\" class=\"yoast-schema-graph\">{\"@context\":\"https:\\\/\\\/schema.org\",\"@graph\":[{\"@type\":\"WebPage\",\"@id\":\"https:\\\/\\\/teletorn.ee\\\/fi\\\/ryhmavierailut\\\/\",\"url\":\"https:\\\/\\\/teletorn.ee\\\/fi\\\/ryhmavierailut\\\/\",\"name\":\"Ryhm\u00e4vierailut - Teletorn.ee\",\"isPartOf\":{\"@id\":\"https:\\\/\\\/tt.uptodate.ee\\\/#website\"},\"primaryImageOfPage\":{\"@id\":\"https:\\\/\\\/teletorn.ee\\\/fi\\\/ryhmavierailut\\\/#primaryimage\"},\"image\":{\"@id\":\"https:\\\/\\\/teletorn.ee\\\/fi\\\/ryhmavierailut\\\/#primaryimage\"},\"thumbnailUrl\":\"https:\\\/\\\/teletorn.ee\\\/wp-content\\\/uploads\\\/2024\\\/06\\\/Teletorn-grupikulastused-2.jpg\",\"datePublished\":\"2024-05-27T19:07:06+00:00\",\"dateModified\":\"2025-11-11T13:38:06+00:00\",\"description\":\"Suunnittele ryhm\u00e4vierailua TV-torniin ja nauti alennetuista hinnoista ryhmille, joissa on v\u00e4hint\u00e4\u00e4n 10 henkil\u00f6\u00e4. Opastettuja kierroksia ja esittelyj\u00e4 on saatavilla useilla eri kielill\u00e4.\",\"breadcrumb\":{\"@id\":\"https:\\\/\\\/teletorn.ee\\\/fi\\\/ryhmavierailut\\\/#breadcrumb\"},\"inLanguage\":\"fi\",\"potentialAction\":[{\"@type\":\"ReadAction\",\"target\":[\"https:\\\/\\\/teletorn.ee\\\/fi\\\/ryhmavierailut\\\/\"]}]},{\"@type\":\"ImageObject\",\"inLanguage\":\"fi\",\"@id\":\"https:\\\/\\\/teletorn.ee\\\/fi\\\/ryhmavierailut\\\/#primaryimage\",\"url\":\"https:\\\/\\\/teletorn.ee\\\/wp-content\\\/uploads\\\/2024\\\/06\\\/Teletorn-grupikulastused-2.jpg\",\"contentUrl\":\"https:\\\/\\\/teletorn.ee\\\/wp-content\\\/uploads\\\/2024\\\/06\\\/Teletorn-grupikulastused-2.jpg\",\"width\":1120,\"height\":1120,\"caption\":\"Ryhm\u00e4 kuuntelee opasta\"},{\"@type\":\"BreadcrumbList\",\"@id\":\"https:\\\/\\\/teletorn.ee\\\/fi\\\/ryhmavierailut\\\/#breadcrumb\",\"itemListElement\":[{\"@type\":\"ListItem\",\"position\":1,\"name\":\"Home\",\"item\":\"https:\\\/\\\/teletorn.ee\\\/fi\\\/\"},{\"@type\":\"ListItem\",\"position\":2,\"name\":\"Ryhm\u00e4vierailut\"}]},{\"@type\":\"WebSite\",\"@id\":\"https:\\\/\\\/tt.uptodate.ee\\\/#website\",\"url\":\"https:\\\/\\\/tt.uptodate.ee\\\/\",\"name\":\"Teletorn.ee\",\"description\":\"\",\"potentialAction\":[{\"@type\":\"SearchAction\",\"target\":{\"@type\":\"EntryPoint\",\"urlTemplate\":\"https:\\\/\\\/tt.uptodate.ee\\\/?s={search_term_string}\"},\"query-input\":{\"@type\":\"PropertyValueSpecification\",\"valueRequired\":true,\"valueName\":\"search_term_string\"}}],\"inLanguage\":\"fi\"}]}<\/script>\n<!-- \/ Yoast SEO Premium plugin. -->","yoast_head_json":{"title":"Ryhm\u00e4vierailut - Teletorn.ee","description":"Suunnittele ryhm\u00e4vierailua TV-torniin ja nauti alennetuista hinnoista ryhmille, joissa on v\u00e4hint\u00e4\u00e4n 10 henkil\u00f6\u00e4. Opastettuja kierroksia ja esittelyj\u00e4 on saatavilla useilla eri kielill\u00e4.","robots":{"index":"index","follow":"follow","max-snippet":"max-snippet:-1","max-image-preview":"max-image-preview:large","max-video-preview":"max-video-preview:-1"},"canonical":"https:\/\/teletorn.ee\/fi\/ryhmavierailut\/","og_locale":"fi_FI","og_type":"article","og_title":"Ryhm\u00e4vierailut","og_description":"Suunnittele ryhm\u00e4vierailua TV-torniin ja nauti alennetuista hinnoista ryhmille, joissa on v\u00e4hint\u00e4\u00e4n 10 henkil\u00f6\u00e4. Opastettuja kierroksia ja esittelyj\u00e4 on saatavilla useilla eri kielill\u00e4.","og_url":"https:\/\/teletorn.ee\/fi\/ryhmavierailut\/","og_site_name":"Teletorn.ee","article_modified_time":"2025-11-11T13:38:06+00:00","og_image":[{"width":1120,"height":1120,"url":"https:\/\/teletorn.ee\/wp-content\/uploads\/2024\/06\/Teletorn-grupikulastused-2.jpg","type":"image\/jpeg"}],"twitter_card":"summary_large_image","twitter_misc":{"Arvioitu lukuaika":"1 minuutti"},"schema":{"@context":"https:\/\/schema.org","@graph":[{"@type":"WebPage","@id":"https:\/\/teletorn.ee\/fi\/ryhmavierailut\/","url":"https:\/\/teletorn.ee\/fi\/ryhmavierailut\/","name":"Ryhm\u00e4vierailut - Teletorn.ee","isPartOf":{"@id":"https:\/\/tt.uptodate.ee\/#website"},"primaryImageOfPage":{"@id":"https:\/\/teletorn.ee\/fi\/ryhmavierailut\/#primaryimage"},"image":{"@id":"https:\/\/teletorn.ee\/fi\/ryhmavierailut\/#primaryimage"},"thumbnailUrl":"https:\/\/teletorn.ee\/wp-content\/uploads\/2024\/06\/Teletorn-grupikulastused-2.jpg","datePublished":"2024-05-27T19:07:06+00:00","dateModified":"2025-11-11T13:38:06+00:00","description":"Suunnittele ryhm\u00e4vierailua TV-torniin ja nauti alennetuista hinnoista ryhmille, joissa on v\u00e4hint\u00e4\u00e4n 10 henkil\u00f6\u00e4. Opastettuja kierroksia ja esittelyj\u00e4 on saatavilla useilla eri kielill\u00e4.","breadcrumb":{"@id":"https:\/\/teletorn.ee\/fi\/ryhmavierailut\/#breadcrumb"},"inLanguage":"fi","potentialAction":[{"@type":"ReadAction","target":["https:\/\/teletorn.ee\/fi\/ryhmavierailut\/"]}]},{"@type":"ImageObject","inLanguage":"fi","@id":"https:\/\/teletorn.ee\/fi\/ryhmavierailut\/#primaryimage","url":"https:\/\/teletorn.ee\/wp-content\/uploads\/2024\/06\/Teletorn-grupikulastused-2.jpg","contentUrl":"https:\/\/teletorn.ee\/wp-content\/uploads\/2024\/06\/Teletorn-grupikulastused-2.jpg","width":1120,"height":1120,"caption":"Ryhm\u00e4 kuuntelee opasta"},{"@type":"BreadcrumbList","@id":"https:\/\/teletorn.ee\/fi\/ryhmavierailut\/#breadcrumb","itemListElement":[{"@type":"ListItem","position":1,"name":"Home","item":"https:\/\/teletorn.ee\/fi\/"},{"@type":"ListItem","position":2,"name":"Ryhm\u00e4vierailut"}]},{"@type":"WebSite","@id":"https:\/\/tt.uptodate.ee\/#website","url":"https:\/\/tt.uptodate.ee\/","name":"Teletorn.ee","description":"","potentialAction":[{"@type":"SearchAction","target":{"@type":"EntryPoint","urlTemplate":"https:\/\/tt.uptodate.ee\/?s={search_term_string}"},"query-input":{"@type":"PropertyValueSpecification","valueRequired":true,"valueName":"search_term_string"}}],"inLanguage":"fi"}]}},"_links":{"self":[{"href":"https:\/\/teletorn.ee\/fi\/wp-json\/wp\/v2\/pages\/1765","targetHints":{"allow":["GET"]}}],"collection":[{"href":"https:\/\/teletorn.ee\/fi\/wp-json\/wp\/v2\/pages"}],"about":[{"href":"https:\/\/teletorn.ee\/fi\/wp-json\/wp\/v2\/types\/page"}],"author":[{"embeddable":true,"href":"https:\/\/teletorn.ee\/fi\/wp-json\/wp\/v2\/users\/7"}],"replies":[{"embeddable":true,"href":"https:\/\/teletorn.ee\/fi\/wp-json\/wp\/v2\/comments?post=1765"}],"version-history":[{"count":5,"href":"https:\/\/teletorn.ee\/fi\/wp-json\/wp\/v2\/pages\/1765\/revisions"}],"predecessor-version":[{"id":11765,"href":"https:\/\/teletorn.ee\/fi\/wp-json\/wp\/v2\/pages\/1765\/revisions\/11765"}],"wp:featuredmedia":[{"embeddable":true,"href":"https:\/\/teletorn.ee\/fi\/wp-json\/wp\/v2\/media\/1539"}],"wp:attachment":[{"href":"https:\/\/teletorn.ee\/fi\/wp-json\/wp\/v2\/media?parent=1765"}],"curies":[{"name":"wp","href":"https:\/\/api.w.org\/{rel}","templated":true}]}}