{"id":1771,"date":"2024-05-27T22:15:26","date_gmt":"2024-05-27T19:15:26","guid":{"rendered":"https:\/\/tt.uptodate.ee\/tv-torni-ravintola\/"},"modified":"2026-03-05T17:55:52","modified_gmt":"2026-03-05T15:55:52","slug":"tv-torni-kahvila-ravintola","status":"publish","type":"page","link":"https:\/\/teletorn.ee\/fi\/tv-torni-kahvila-ravintola\/","title":{"rendered":"TV-tornin ravintola"},"content":{"rendered":"\n<div id=\"block_cff6f6a40ed81056b81fe419bdab70a1\" class=\"teletorn-banner featured-image\">\n\n  \n\n    \n    \n  <style> #block_cff6f6a40ed81056b81fe419bdab70a1{ background-image: url(https:\/\/teletorn.ee\/wp-content\/uploads\/2025\/07\/Desktopi-banner.png)}<\/style>  <style>@media (max-width: 800px) { #block_cff6f6a40ed81056b81fe419bdab70a1{ background-image: url(https:\/\/teletorn.ee\/wp-content\/uploads\/2025\/07\/Mobiili-banner-560x560px.png)}}<\/style>\n<\/div>\n\n\n\n<div id=\"block_3fa8976156f91d4b7c1eebf0bd6a4031\" class=\"narrow-text-block with-inner-padding\" aria-hidden=\"true\">\n  <div class=\"wrap \">\n    <div class=\"wrap-inner\">\n      <h1 style=\"text-align: center;\">TV-TORNIN KAHVILA-RAVINTOLA<\/h1>\n<p><span style=\"font-weight: 400;\">Tallinnan TV-tornin kahvila-ravintola on <strong>avoinna <\/strong><\/span><b>10.00 \u2013 18.00<\/b><b>.<\/b><\/p>\n<p>Keitti\u00f6mme palvelee asiakkaita<b> tunnin verran ennen ravintolan sulkeutumista.<\/b><\/p>\n<p>Ravintola sijaitsee 22. kerroksessa, jonne p\u00e4\u00e4see TV-tornin lipulla \u2013 <strong>yksi upea el\u00e4mys kahdessa ulottuvuudessa.<\/strong><\/p>\n<p><b>Puhelin:<\/b><span style=\"font-weight: 400;\"> +37256669111<br \/>\n<\/span><b>S\u00e4hk\u00f6posti:<\/b><span style=\"font-weight: 400;\"> restoran@teletorn.ee<\/span><\/p>\n<p style=\"text-align: center;\"><a href=\"https:\/\/teletorn.ee\/wp-content\/uploads\/2026\/03\/20260302_Menue-TV-tower-restaurant__ENG.pdf\" target=\"_blank\" rel=\"noopener\"><strong><span style=\"color: #008000;\"><em>Katso ajankohtainen kausimenu t\u00e4\u00e4lt\u00e4!<\/em><\/span><\/strong><\/a><\/p>\n<hr \/>\n<h2 style=\"text-align: center;\"><span style=\"color: #007696;\">N\u00e4kym\u00e4, joka hivelee silmi\u00e4 \u2013 maku, joka j\u00e4\u00e4 mieleen<\/span><\/h2>\n<p>Tallinnan TV-tornin 22. kerroksessa sijaitseva kahvila-ravintola on enemm\u00e4n kuin vain ruokapaikka \u2013 se on el\u00e4mys 175 metrin korkeudessa. T\u00e4\u00e4ll\u00e4 kohtaavat kauden maut, l\u00e4mmin palvelu ja horisonttiin asti avautuvat panoraaman\u00e4kym\u00e4t.<\/p>\n<p>Olipa kyseess\u00e4 <strong>lounas perheen kanssa<\/strong>, <strong>illallinen yst\u00e4vien kesken<\/strong>, <strong>erityinen tapaaminen<\/strong> tai <strong>rauhallinen hetki itsellesi<\/strong> \u2013 jokainen vierailu on ainutlaatuinen.<\/p>\n<p><strong>Etsitk\u00f6 unohtumatonta paikkaa syntym\u00e4p\u00e4iville, yritystilaisuudelle<\/strong> tai <strong>seminaaritarjoilulle<\/strong>? Kahvila-ravintolamme soveltuu mainiosti jopa 100 hengen tapahtumiin.<br \/>\n<em>Ota yhteytt\u00e4, niin r\u00e4\u00e4t\u00e4l\u00f6imme sinulle sopivan tarjouksen: <a href=\"mailto:restoran@teletorn.ee\">restoran@teletorn.ee<\/a><\/em><\/p>\n<hr \/>\n<h2><span style=\"color: #007696;\">Herkuttelijoille erikoistarjous!<\/span><\/h2>\n<p><img loading=\"lazy\" decoding=\"async\" class=\"alignnone size-full wp-image-12604\" src=\"https:\/\/teletorn.ee\/wp-content\/uploads\/2026\/03\/20260303_Pakkumine_FIN.jpg\" alt=\"\" width=\"551\" height=\"549\" srcset=\"https:\/\/teletorn.ee\/wp-content\/uploads\/2026\/03\/20260303_Pakkumine_FIN.jpg 551w, https:\/\/teletorn.ee\/wp-content\/uploads\/2026\/03\/20260303_Pakkumine_FIN-300x300.jpg 300w\" sizes=\"auto, (max-width: 551px) 100vw, 551px\" \/><\/p>\n    <\/div>\n  <\/div>\n<\/div>\n\n\n\n<hr class=\"wp-block-separator has-alpha-channel-opacity\"\/>\n","protected":false},"excerpt":{"rendered":"","protected":false},"author":7,"featured_media":10454,"parent":0,"menu_order":73,"comment_status":"closed","ping_status":"closed","template":"","meta":{"_acf_changed":false,"footnotes":""},"class_list":["post-1771","page","type-page","status-publish","has-post-thumbnail","hentry"],"acf":[],"yoast_head":"<!-- This site is optimized with the Yoast SEO Premium plugin v23.4 (Yoast SEO v27.3) - https:\/\/yoast.com\/product\/yoast-seo-premium-wordpress\/ -->\n<title>Tallinnan TV-tornin kahvila-ravintola \u2013 175 m el\u00e4mys<\/title>\n<meta name=\"description\" content=\"Nauti kauden mauista ja upeista n\u00e4kymist\u00e4 175 metrin korkeudessa. Tallinnan TV-tornin kahvila-ravintola sopii my\u00f6s juhliin ja yritystilaisuuksiin.\" \/>\n<meta name=\"robots\" content=\"index, follow, max-snippet:-1, max-image-preview:large, max-video-preview:-1\" \/>\n<link rel=\"canonical\" href=\"https:\/\/teletorn.ee\/fi\/tv-torni-kahvila-ravintola\/\" \/>\n<meta property=\"og:locale\" content=\"fi_FI\" \/>\n<meta property=\"og:type\" content=\"article\" \/>\n<meta property=\"og:title\" content=\"TV-tornin ravintola\" \/>\n<meta property=\"og:description\" content=\"Nauti kauden mauista ja upeista n\u00e4kymist\u00e4 175 metrin korkeudessa. Tallinnan TV-tornin kahvila-ravintola sopii my\u00f6s juhliin ja yritystilaisuuksiin.\" \/>\n<meta property=\"og:url\" content=\"https:\/\/teletorn.ee\/fi\/tv-torni-kahvila-ravintola\/\" \/>\n<meta property=\"og:site_name\" content=\"Teletorn.ee\" \/>\n<meta property=\"article:modified_time\" content=\"2026-03-05T15:55:52+00:00\" \/>\n<meta property=\"og:image\" content=\"https:\/\/teletorn.ee\/wp-content\/uploads\/2025\/07\/Mobiili-banner-560x560px.png\" \/>\n\t<meta property=\"og:image:width\" content=\"560\" \/>\n\t<meta property=\"og:image:height\" content=\"560\" \/>\n\t<meta property=\"og:image:type\" content=\"image\/png\" \/>\n<meta name=\"twitter:card\" content=\"summary_large_image\" \/>\n<meta name=\"twitter:label1\" content=\"Arvioitu lukuaika\" \/>\n\t<meta name=\"twitter:data1\" content=\"1 minuutti\" \/>\n<script type=\"application\/ld+json\" class=\"yoast-schema-graph\">{\"@context\":\"https:\\\/\\\/schema.org\",\"@graph\":[{\"@type\":\"WebPage\",\"@id\":\"https:\\\/\\\/teletorn.ee\\\/fi\\\/tv-torni-kahvila-ravintola\\\/\",\"url\":\"https:\\\/\\\/teletorn.ee\\\/fi\\\/tv-torni-kahvila-ravintola\\\/\",\"name\":\"Tallinnan TV-tornin kahvila-ravintola \u2013 175 m el\u00e4mys\",\"isPartOf\":{\"@id\":\"https:\\\/\\\/tt.uptodate.ee\\\/#website\"},\"primaryImageOfPage\":{\"@id\":\"https:\\\/\\\/teletorn.ee\\\/fi\\\/tv-torni-kahvila-ravintola\\\/#primaryimage\"},\"image\":{\"@id\":\"https:\\\/\\\/teletorn.ee\\\/fi\\\/tv-torni-kahvila-ravintola\\\/#primaryimage\"},\"thumbnailUrl\":\"https:\\\/\\\/teletorn.ee\\\/wp-content\\\/uploads\\\/2025\\\/07\\\/Mobiili-banner-560x560px.png\",\"datePublished\":\"2024-05-27T19:15:26+00:00\",\"dateModified\":\"2026-03-05T15:55:52+00:00\",\"description\":\"Nauti kauden mauista ja upeista n\u00e4kymist\u00e4 175 metrin korkeudessa. Tallinnan TV-tornin kahvila-ravintola sopii my\u00f6s juhliin ja yritystilaisuuksiin.\",\"breadcrumb\":{\"@id\":\"https:\\\/\\\/teletorn.ee\\\/fi\\\/tv-torni-kahvila-ravintola\\\/#breadcrumb\"},\"inLanguage\":\"fi\",\"potentialAction\":[{\"@type\":\"ReadAction\",\"target\":[\"https:\\\/\\\/teletorn.ee\\\/fi\\\/tv-torni-kahvila-ravintola\\\/\"]}]},{\"@type\":\"ImageObject\",\"inLanguage\":\"fi\",\"@id\":\"https:\\\/\\\/teletorn.ee\\\/fi\\\/tv-torni-kahvila-ravintola\\\/#primaryimage\",\"url\":\"https:\\\/\\\/teletorn.ee\\\/wp-content\\\/uploads\\\/2025\\\/07\\\/Mobiili-banner-560x560px.png\",\"contentUrl\":\"https:\\\/\\\/teletorn.ee\\\/wp-content\\\/uploads\\\/2025\\\/07\\\/Mobiili-banner-560x560px.png\",\"width\":560,\"height\":560,\"caption\":\"Teletorni kohvik-resto\"},{\"@type\":\"BreadcrumbList\",\"@id\":\"https:\\\/\\\/teletorn.ee\\\/fi\\\/tv-torni-kahvila-ravintola\\\/#breadcrumb\",\"itemListElement\":[{\"@type\":\"ListItem\",\"position\":1,\"name\":\"Home\",\"item\":\"https:\\\/\\\/teletorn.ee\\\/fi\\\/\"},{\"@type\":\"ListItem\",\"position\":2,\"name\":\"TV-tornin ravintola\"}]},{\"@type\":\"WebSite\",\"@id\":\"https:\\\/\\\/tt.uptodate.ee\\\/#website\",\"url\":\"https:\\\/\\\/tt.uptodate.ee\\\/\",\"name\":\"Teletorn.ee\",\"description\":\"\",\"potentialAction\":[{\"@type\":\"SearchAction\",\"target\":{\"@type\":\"EntryPoint\",\"urlTemplate\":\"https:\\\/\\\/tt.uptodate.ee\\\/?s={search_term_string}\"},\"query-input\":{\"@type\":\"PropertyValueSpecification\",\"valueRequired\":true,\"valueName\":\"search_term_string\"}}],\"inLanguage\":\"fi\"}]}<\/script>\n<!-- \/ Yoast SEO Premium plugin. -->","yoast_head_json":{"title":"Tallinnan TV-tornin kahvila-ravintola \u2013 175 m el\u00e4mys","description":"Nauti kauden mauista ja upeista n\u00e4kymist\u00e4 175 metrin korkeudessa. Tallinnan TV-tornin kahvila-ravintola sopii my\u00f6s juhliin ja yritystilaisuuksiin.","robots":{"index":"index","follow":"follow","max-snippet":"max-snippet:-1","max-image-preview":"max-image-preview:large","max-video-preview":"max-video-preview:-1"},"canonical":"https:\/\/teletorn.ee\/fi\/tv-torni-kahvila-ravintola\/","og_locale":"fi_FI","og_type":"article","og_title":"TV-tornin ravintola","og_description":"Nauti kauden mauista ja upeista n\u00e4kymist\u00e4 175 metrin korkeudessa. Tallinnan TV-tornin kahvila-ravintola sopii my\u00f6s juhliin ja yritystilaisuuksiin.","og_url":"https:\/\/teletorn.ee\/fi\/tv-torni-kahvila-ravintola\/","og_site_name":"Teletorn.ee","article_modified_time":"2026-03-05T15:55:52+00:00","og_image":[{"width":560,"height":560,"url":"https:\/\/teletorn.ee\/wp-content\/uploads\/2025\/07\/Mobiili-banner-560x560px.png","type":"image\/png"}],"twitter_card":"summary_large_image","twitter_misc":{"Arvioitu lukuaika":"1 minuutti"},"schema":{"@context":"https:\/\/schema.org","@graph":[{"@type":"WebPage","@id":"https:\/\/teletorn.ee\/fi\/tv-torni-kahvila-ravintola\/","url":"https:\/\/teletorn.ee\/fi\/tv-torni-kahvila-ravintola\/","name":"Tallinnan TV-tornin kahvila-ravintola \u2013 175 m el\u00e4mys","isPartOf":{"@id":"https:\/\/tt.uptodate.ee\/#website"},"primaryImageOfPage":{"@id":"https:\/\/teletorn.ee\/fi\/tv-torni-kahvila-ravintola\/#primaryimage"},"image":{"@id":"https:\/\/teletorn.ee\/fi\/tv-torni-kahvila-ravintola\/#primaryimage"},"thumbnailUrl":"https:\/\/teletorn.ee\/wp-content\/uploads\/2025\/07\/Mobiili-banner-560x560px.png","datePublished":"2024-05-27T19:15:26+00:00","dateModified":"2026-03-05T15:55:52+00:00","description":"Nauti kauden mauista ja upeista n\u00e4kymist\u00e4 175 metrin korkeudessa. Tallinnan TV-tornin kahvila-ravintola sopii my\u00f6s juhliin ja yritystilaisuuksiin.","breadcrumb":{"@id":"https:\/\/teletorn.ee\/fi\/tv-torni-kahvila-ravintola\/#breadcrumb"},"inLanguage":"fi","potentialAction":[{"@type":"ReadAction","target":["https:\/\/teletorn.ee\/fi\/tv-torni-kahvila-ravintola\/"]}]},{"@type":"ImageObject","inLanguage":"fi","@id":"https:\/\/teletorn.ee\/fi\/tv-torni-kahvila-ravintola\/#primaryimage","url":"https:\/\/teletorn.ee\/wp-content\/uploads\/2025\/07\/Mobiili-banner-560x560px.png","contentUrl":"https:\/\/teletorn.ee\/wp-content\/uploads\/2025\/07\/Mobiili-banner-560x560px.png","width":560,"height":560,"caption":"Teletorni kohvik-resto"},{"@type":"BreadcrumbList","@id":"https:\/\/teletorn.ee\/fi\/tv-torni-kahvila-ravintola\/#breadcrumb","itemListElement":[{"@type":"ListItem","position":1,"name":"Home","item":"https:\/\/teletorn.ee\/fi\/"},{"@type":"ListItem","position":2,"name":"TV-tornin ravintola"}]},{"@type":"WebSite","@id":"https:\/\/tt.uptodate.ee\/#website","url":"https:\/\/tt.uptodate.ee\/","name":"Teletorn.ee","description":"","potentialAction":[{"@type":"SearchAction","target":{"@type":"EntryPoint","urlTemplate":"https:\/\/tt.uptodate.ee\/?s={search_term_string}"},"query-input":{"@type":"PropertyValueSpecification","valueRequired":true,"valueName":"search_term_string"}}],"inLanguage":"fi"}]}},"_links":{"self":[{"href":"https:\/\/teletorn.ee\/fi\/wp-json\/wp\/v2\/pages\/1771","targetHints":{"allow":["GET"]}}],"collection":[{"href":"https:\/\/teletorn.ee\/fi\/wp-json\/wp\/v2\/pages"}],"about":[{"href":"https:\/\/teletorn.ee\/fi\/wp-json\/wp\/v2\/types\/page"}],"author":[{"embeddable":true,"href":"https:\/\/teletorn.ee\/fi\/wp-json\/wp\/v2\/users\/7"}],"replies":[{"embeddable":true,"href":"https:\/\/teletorn.ee\/fi\/wp-json\/wp\/v2\/comments?post=1771"}],"version-history":[{"count":5,"href":"https:\/\/teletorn.ee\/fi\/wp-json\/wp\/v2\/pages\/1771\/revisions"}],"predecessor-version":[{"id":12617,"href":"https:\/\/teletorn.ee\/fi\/wp-json\/wp\/v2\/pages\/1771\/revisions\/12617"}],"wp:featuredmedia":[{"embeddable":true,"href":"https:\/\/teletorn.ee\/fi\/wp-json\/wp\/v2\/media\/10454"}],"wp:attachment":[{"href":"https:\/\/teletorn.ee\/fi\/wp-json\/wp\/v2\/media?parent=1771"}],"curies":[{"name":"wp","href":"https:\/\/api.w.org\/{rel}","templated":true}]}}