{"id":2064,"date":"2024-05-25T13:05:57","date_gmt":"2024-05-25T10:05:57","guid":{"rendered":"https:\/\/tt.uptodate.ee\/atraktsioonid-mida-teha\/"},"modified":"2024-08-26T17:33:54","modified_gmt":"2024-08-26T14:33:54","slug":"elamyksia","status":"publish","type":"page","link":"https:\/\/teletorn.ee\/fi\/elamyksia\/","title":{"rendered":"El\u00e4myksi\u00e4"},"content":{"rendered":"\n<div id=\"block_585587e3c9bb55a4ca2520217b648bce\" class=\"teletorn-banner featured-image\">\n\n  \n\n    \n    \n  <style> #block_585587e3c9bb55a4ca2520217b648bce{ background-image: url(https:\/\/teletorn.ee\/wp-content\/uploads\/2024\/06\/Elamused.jpg)}<\/style>  <style>@media (max-width: 800px) { #block_585587e3c9bb55a4ca2520217b648bce{ background-image: url(https:\/\/teletorn.ee\/wp-content\/uploads\/2024\/06\/Elamused-2.jpg)}}<\/style>\n<\/div>\n\n\n\n<div id=\"block_e2a8bfa62a53f50de0b079e7d6568147\" class=\"narrow-text-block with-inner-padding\" aria-hidden=\"true\">\n  <div class=\"wrap \">\n    <div class=\"wrap-inner\">\n      <h1 style=\"text-align: center;\">El\u00e4myksi\u00e4<\/h1>\n<h2>Mit\u00e4 tehd\u00e4?<\/h2>\n<p>On tyls\u00e4\u00e4 ja mietit, mit\u00e4 tehd\u00e4 perheen, lasten tai yksin?<\/p>\n<p>Tule vierailulle TV-torniin ja koe korkeus, j\u00e4nnitys ja historia. Lis\u00e4ksi sinua hemmotellaan herkullisilla mauilla pilvien yl\u00e4puolella sijaitsevassa ravintolassa.<\/p>\n<p>Yksi t\u00e4rkeimmist\u00e4 syist\u00e4 vierailla TV-tornissa on n\u00e4kym\u00e4: se on ainutlaatuinen Virossa ja Pohjois-Euroopassa. N\u00e4et Muugan mets\u00e4t, kauniin Tallinnan vanhankaupungin ja kimaltelevan It\u00e4meren koko majesteettisessa loistossaan.<\/p>\n<h2>Mit\u00e4 tehd\u00e4 lasten kanssa?<\/h2>\n<p>Televisiotorni tarjoaa paljon tekemist\u00e4 koko perheelle. Yhdess\u00e4 voitte:<\/p>\n<ul>\n<li>lukea oman tv-uutisen;<\/li>\n<li>tutkia maailman korkeita torneja interaktiivisilla n\u00e4yt\u00f6ill\u00e4;<\/li>\n<li>k\u00e4vell\u00e4 ymp\u00e4ri 21. kerroksen pysyv\u00e4isn\u00e4yttelysalia ja tutustua Tallinnan panoraaman\u00e4kym\u00e4\u00e4n;<\/li>\n<li>j\u00e4rjest\u00e4\u00e4 lapsen syntym\u00e4p\u00e4iv\u00e4juhlat;<\/li>\n<li>osallistua elokuussa televisiotornin perhep\u00e4iv\u00e4\u00e4n, joka on omistettu Viron uudelleenitsen\u00e4istymiselle ja jossa on mahdollista kokeilla laajaa m\u00e4\u00e4r\u00e4\u00e4 sotilasteknologiaa;<\/li>\n<li>tulla katsomaan, kuinka rohkeat base-hypp\u00e4\u00e4j\u00e4t hypp\u00e4\u00e4v\u00e4t tornista alas.<\/li>\n<\/ul>\n<p>Kysymys, mit\u00e4 tehd\u00e4 silloin kun on tyls\u00e4\u00e4 tai haluaisi tehd\u00e4 jotain hauskaa, ei pit\u00e4isi olla en\u00e4\u00e4 ongelma!<\/p>\n<p>Tallinnan televisiotorni on Viron korkein rakennus \u2013 tornin korkeus on 314 metri\u00e4. Tallinnan televisiotornin s\u00e4\u00e4ti\u00f6n tavoitteena on tarjota korkealaatuisia matkailu-, kulttuuri- ja vapaa-ajan palveluja Tallinnan televisiotornissa sek\u00e4 markkinoida televisiotornia kansainv\u00e4lisen\u00e4 n\u00e4ht\u00e4vyyten\u00e4 ja el\u00e4mysmatkailukohteena.<\/p>\n    <\/div>\n  <\/div>\n<\/div>\n\n\n\n<div id=\"block_0d6588574c0decffb75f71db9520165f\" class=\"teletorn-attractions\" aria-hidden=\"true\">\n\n  <div class=\"wrap\">\n  \n              <div class=\"all-attractions-wrap\">\n                        <div class=\"single-attraction-wrap\" style=\"background-image: url('https:\/\/teletorn.ee\/wp-content\/uploads\/2026\/03\/teletorn-reelslab-block.png');\">\n                  <div class=\"single-attraction-wrap-inner\">\n                    <h2>ReelsLab on mukaansatempaava digimedia-tila, jossa vierailustasi syntyy Reel tai Story<\/h2>\n                    <div class=\"events-actions\">\n                      <a href=\"https:\/\/teletorn.ee\/fi\/elamyksia\/reelslab-on-mukaansatempaava-digimedia-tila-jossa-vierailustasi-syntyy-reel-tai-story\/\" class=\"event-action\">Tutustu<\/a>\n                    <\/div>\n                  <\/div>\n              <\/div>\n                            <div class=\"single-attraction-wrap\" style=\"background-image: url('https:\/\/teletorn.ee\/wp-content\/uploads\/2024\/05\/IMG_4034-560x560px.png');\">\n                  <div class=\"single-attraction-wrap-inner\">\n                    <h2>\u00c4\u00e4rell\u00e4 k\u00e4vely 175 metri\u00e4 korkeudessa<\/h2>\n                    <div class=\"events-actions\">\n                      <a href=\"https:\/\/teletorn.ee\/fi\/elamyksia\/aarellakavely\/\" class=\"event-action\">Tutustu<\/a>\n                    <\/div>\n                  <\/div>\n              <\/div>\n                            <div class=\"single-attraction-wrap\" style=\"background-image: url('https:\/\/teletorn.ee\/wp-content\/uploads\/2024\/05\/20230917_202927-1-1024x768-1-800x600.jpg');\">\n                  <div class=\"single-attraction-wrap-inner\">\n                    <h2>Nopea nousu taivaalle<\/h2>\n                    <div class=\"events-actions\">\n                      <a href=\"https:\/\/teletorn.ee\/fi\/elamyksia\/nopea-nousu-taivaalle\/\" class=\"event-action\">Tutustu<\/a>\n                    <\/div>\n                  <\/div>\n              <\/div>\n                            <div class=\"single-attraction-wrap\" style=\"background-image: url('https:\/\/teletorn.ee\/wp-content\/uploads\/2024\/05\/TonuTunnel_Teletorn__TTP2959-HDR-1024x684-1-898x600.jpg');\">\n                  <div class=\"single-attraction-wrap-inner\">\n                    <h2>Pohjoismaiden korkein avoin n\u00e4k\u00f6alatasanne<\/h2>\n                    <div class=\"events-actions\">\n                      <a href=\"https:\/\/teletorn.ee\/fi\/elamyksia\/pohjoismaiden-korkein-avoin-nakoalatasanne\/\" class=\"event-action\">Tutustu<\/a>\n                    <\/div>\n                  <\/div>\n              <\/div>\n                            <div class=\"single-attraction-wrap\" style=\"background-image: url('https:\/\/teletorn.ee\/wp-content\/uploads\/2024\/05\/Teletorn-ajalooekspo-899x600.jpg');\">\n                  <div class=\"single-attraction-wrap-inner\">\n                    <h2>Televisiotornin historian\u00e4yttely<\/h2>\n                    <div class=\"events-actions\">\n                      <a href=\"https:\/\/teletorn.ee\/fi\/elamyksia\/televisiotornin-historianayttely\/\" class=\"event-action\">Tutustu<\/a>\n                    <\/div>\n                  <\/div>\n              <\/div>\n                            <div class=\"single-attraction-wrap\" style=\"background-image: url('https:\/\/teletorn.ee\/wp-content\/uploads\/2024\/06\/170_001_full_size_Tarvo-Tiivits_2024.jpg');\">\n                  <div class=\"single-attraction-wrap-inner\">\n                    <h2>170 m tyhjyytt\u00e4 allasi<\/h2>\n                    <div class=\"events-actions\">\n                      <a href=\"https:\/\/teletorn.ee\/fi\/elamyksia\/170-m-tyhjyytta-allasi\/\" class=\"event-action\">Tutustu<\/a>\n                    <\/div>\n                  <\/div>\n              <\/div>\n                            <div class=\"single-attraction-wrap\" style=\"background-image: url('https:\/\/teletorn.ee\/wp-content\/uploads\/2024\/05\/Teletorn-nutimang-1440.jpg');\">\n                  <div class=\"single-attraction-wrap-inner\">\n                    <h2>TV-tornin mobiilipeli<\/h2>\n                    <div class=\"events-actions\">\n                      <a href=\"https:\/\/teletorn.ee\/fi\/elamyksia\/tv-tornin-mobiilipeli\/\" class=\"event-action\">Tutustu<\/a>\n                    <\/div>\n                  <\/div>\n              <\/div>\n                            <div class=\"single-attraction-wrap\" style=\"background-image: url('https:\/\/teletorn.ee\/wp-content\/uploads\/2024\/05\/Teletorn-suveniiripood-560x560-1.jpg');\">\n                  <div class=\"single-attraction-wrap-inner\">\n                    <h2>TV-tornin matkamuistomyym\u00e4l\u00e4<\/h2>\n                    <div class=\"events-actions\">\n                      <a href=\"https:\/\/teletorn.ee\/fi\/elamyksia\/televisiotornin-matkamuistomyymala\/\" class=\"event-action\">Tutustu<\/a>\n                    <\/div>\n                  <\/div>\n              <\/div>\n                            <div class=\"single-attraction-wrap\" style=\"background-image: url('https:\/\/teletorn.ee\/wp-content\/uploads\/2024\/05\/Vitraazhisaal_full_size_Tarvo-Tiivits_2024.jpg');\">\n                  <div class=\"single-attraction-wrap-inner\">\n                    <h2>Dolores Hoffmannin lasimaalaus<\/h2>\n                    <div class=\"events-actions\">\n                      <a href=\"https:\/\/teletorn.ee\/fi\/elamyksia\/dolores-hoffmannin-lasimaalaus\/\" class=\"event-action\">Tutustu<\/a>\n                    <\/div>\n                  <\/div>\n              <\/div>\n                            <div class=\"single-attraction-wrap\" style=\"background-image: url('https:\/\/teletorn.ee\/wp-content\/uploads\/2024\/05\/VR-elamus-Lend-umber-Teletorni.jpg');\">\n                  <div class=\"single-attraction-wrap-inner\">\n                    <h2>VR-el\u00e4mys \u201dLento TV-tornin ymp\u00e4ri\u201d<\/h2>\n                    <div class=\"events-actions\">\n                      <a href=\"https:\/\/teletorn.ee\/fi\/elamyksia\/vr-elamys-lento-tv-tornin-ympari\/\" class=\"event-action\">Tutustu<\/a>\n                    <\/div>\n                  <\/div>\n              <\/div>\n                            <div class=\"single-attraction-wrap\" style=\"background-image: url('https:\/\/teletorn.ee\/wp-content\/uploads\/2024\/05\/Manguvaljak.jpg');\">\n                  <div class=\"single-attraction-wrap-inner\">\n                    <h2>J\u00e4nnitt\u00e4v\u00e4 leikkialue<\/h2>\n                    <div class=\"events-actions\">\n                      <a href=\"https:\/\/teletorn.ee\/fi\/elamyksia\/leikkialue\/\" class=\"event-action\">Tutustu<\/a>\n                    <\/div>\n                  <\/div>\n              <\/div>\n                            <div class=\"single-attraction-wrap\" style=\"background-image: url('https:\/\/teletorn.ee\/wp-content\/uploads\/2024\/05\/Trepijooks-899x600.jpg');\">\n                  <div class=\"single-attraction-wrap-inner\">\n                    <h2>Legendaarinen porrasjuoksu<\/h2>\n                    <div class=\"events-actions\">\n                      <a href=\"https:\/\/teletorn.ee\/fi\/elamyksia\/legendaarinen-porrasjuoksu\/\" class=\"event-action\">Tutustu<\/a>\n                    <\/div>\n                  <\/div>\n              <\/div>\n                            <div class=\"single-attraction-wrap\" style=\"background-image: url('https:\/\/teletorn.ee\/wp-content\/uploads\/2024\/05\/tallinn-TV-TOwer-Base-Jumpers-899x600.jpg');\">\n                  <div class=\"single-attraction-wrap-inner\">\n                    <h2>Base Jump Boogie<\/h2>\n                    <div class=\"events-actions\">\n                      <a href=\"https:\/\/teletorn.ee\/fi\/elamyksia\/base-jump-boogie\/\" class=\"event-action\">Tutustu<\/a>\n                    <\/div>\n                  <\/div>\n              <\/div>\n                    <\/div>\n\n      \n  <\/div>\n\n<\/div>\n\n\n\n<div id=\"block_1cb833a251c520185101a120cea16be3\" class=\"wp-block-spacer-custom\" aria-hidden=\"true\">\n\n<style media=\"screen\">\n  #block_1cb833a251c520185101a120cea16be3{\n    clear: both;\n    height: 96px;\n  }\n  @media(max-width: 800px){\n    #block_1cb833a251c520185101a120cea16be3{\n      height: 48px;\n    }\n  }\n<\/style>\n<\/div>\n","protected":false},"excerpt":{"rendered":"","protected":false},"author":7,"featured_media":1523,"parent":0,"menu_order":92,"comment_status":"closed","ping_status":"closed","template":"","meta":{"_acf_changed":false,"footnotes":""},"class_list":["post-2064","page","type-page","status-publish","has-post-thumbnail","hentry"],"acf":[],"yoast_head":"<!-- This site is optimized with the Yoast SEO Premium plugin v23.4 (Yoast SEO v27.3) - https:\/\/yoast.com\/product\/yoast-seo-premium-wordpress\/ -->\n<title>El\u00e4myksi\u00e4 - Teletorn.ee<\/title>\n<meta name=\"description\" content=\"Tutustu el\u00e4myksi\u00e4 ja historiaan Tallinnan TV-tornissa. Nauti henke\u00e4salpaavista n\u00e4kymist\u00e4 ja tutustu interaktiivisiin n\u00e4yttelyihin ja aktiviteetteihin perheille ja lapsille.\" \/>\n<meta name=\"robots\" content=\"index, follow, max-snippet:-1, max-image-preview:large, max-video-preview:-1\" \/>\n<link rel=\"canonical\" href=\"https:\/\/teletorn.ee\/fi\/elamyksia\/\" \/>\n<meta property=\"og:locale\" content=\"fi_FI\" \/>\n<meta property=\"og:type\" content=\"article\" \/>\n<meta property=\"og:title\" content=\"El\u00e4myksi\u00e4\" \/>\n<meta property=\"og:description\" content=\"Tutustu el\u00e4myksi\u00e4 ja historiaan Tallinnan TV-tornissa. Nauti henke\u00e4salpaavista n\u00e4kymist\u00e4 ja tutustu interaktiivisiin n\u00e4yttelyihin ja aktiviteetteihin perheille ja lapsille.\" \/>\n<meta property=\"og:url\" content=\"https:\/\/teletorn.ee\/fi\/elamyksia\/\" \/>\n<meta property=\"og:site_name\" content=\"Teletorn.ee\" \/>\n<meta property=\"article:modified_time\" content=\"2024-08-26T14:33:54+00:00\" \/>\n<meta property=\"og:image\" content=\"https:\/\/teletorn.ee\/wp-content\/uploads\/2024\/06\/Elamused.jpg\" \/>\n\t<meta property=\"og:image:width\" content=\"1440\" \/>\n\t<meta property=\"og:image:height\" content=\"560\" \/>\n\t<meta property=\"og:image:type\" content=\"image\/jpeg\" \/>\n<meta name=\"twitter:card\" content=\"summary_large_image\" \/>\n<meta name=\"twitter:label1\" content=\"Arvioitu lukuaika\" \/>\n\t<meta name=\"twitter:data1\" content=\"1 minuutti\" \/>\n<script type=\"application\/ld+json\" class=\"yoast-schema-graph\">{\"@context\":\"https:\\\/\\\/schema.org\",\"@graph\":[{\"@type\":\"WebPage\",\"@id\":\"https:\\\/\\\/teletorn.ee\\\/fi\\\/elamyksia\\\/\",\"url\":\"https:\\\/\\\/teletorn.ee\\\/fi\\\/elamyksia\\\/\",\"name\":\"El\u00e4myksi\u00e4 - Teletorn.ee\",\"isPartOf\":{\"@id\":\"https:\\\/\\\/tt.uptodate.ee\\\/#website\"},\"primaryImageOfPage\":{\"@id\":\"https:\\\/\\\/teletorn.ee\\\/fi\\\/elamyksia\\\/#primaryimage\"},\"image\":{\"@id\":\"https:\\\/\\\/teletorn.ee\\\/fi\\\/elamyksia\\\/#primaryimage\"},\"thumbnailUrl\":\"https:\\\/\\\/teletorn.ee\\\/wp-content\\\/uploads\\\/2024\\\/06\\\/Elamused.jpg\",\"datePublished\":\"2024-05-25T10:05:57+00:00\",\"dateModified\":\"2024-08-26T14:33:54+00:00\",\"description\":\"Tutustu el\u00e4myksi\u00e4 ja historiaan Tallinnan TV-tornissa. Nauti henke\u00e4salpaavista n\u00e4kymist\u00e4 ja tutustu interaktiivisiin n\u00e4yttelyihin ja aktiviteetteihin perheille ja lapsille.\",\"breadcrumb\":{\"@id\":\"https:\\\/\\\/teletorn.ee\\\/fi\\\/elamyksia\\\/#breadcrumb\"},\"inLanguage\":\"fi\",\"potentialAction\":[{\"@type\":\"ReadAction\",\"target\":[\"https:\\\/\\\/teletorn.ee\\\/fi\\\/elamyksia\\\/\"]}]},{\"@type\":\"ImageObject\",\"inLanguage\":\"fi\",\"@id\":\"https:\\\/\\\/teletorn.ee\\\/fi\\\/elamyksia\\\/#primaryimage\",\"url\":\"https:\\\/\\\/teletorn.ee\\\/wp-content\\\/uploads\\\/2024\\\/06\\\/Elamused.jpg\",\"contentUrl\":\"https:\\\/\\\/teletorn.ee\\\/wp-content\\\/uploads\\\/2024\\\/06\\\/Elamused.jpg\",\"width\":1440,\"height\":560,\"caption\":\"Mies ihailemassa n\u00e4kym\u00e4\u00e4 Tallinnan tv-tornin reunalta teleskoopin l\u00e4pi\"},{\"@type\":\"BreadcrumbList\",\"@id\":\"https:\\\/\\\/teletorn.ee\\\/fi\\\/elamyksia\\\/#breadcrumb\",\"itemListElement\":[{\"@type\":\"ListItem\",\"position\":1,\"name\":\"Home\",\"item\":\"https:\\\/\\\/teletorn.ee\\\/fi\\\/\"},{\"@type\":\"ListItem\",\"position\":2,\"name\":\"El\u00e4myksi\u00e4\"}]},{\"@type\":\"WebSite\",\"@id\":\"https:\\\/\\\/tt.uptodate.ee\\\/#website\",\"url\":\"https:\\\/\\\/tt.uptodate.ee\\\/\",\"name\":\"Teletorn.ee\",\"description\":\"\",\"potentialAction\":[{\"@type\":\"SearchAction\",\"target\":{\"@type\":\"EntryPoint\",\"urlTemplate\":\"https:\\\/\\\/tt.uptodate.ee\\\/?s={search_term_string}\"},\"query-input\":{\"@type\":\"PropertyValueSpecification\",\"valueRequired\":true,\"valueName\":\"search_term_string\"}}],\"inLanguage\":\"fi\"}]}<\/script>\n<!-- \/ Yoast SEO Premium plugin. -->","yoast_head_json":{"title":"El\u00e4myksi\u00e4 - Teletorn.ee","description":"Tutustu el\u00e4myksi\u00e4 ja historiaan Tallinnan TV-tornissa. Nauti henke\u00e4salpaavista n\u00e4kymist\u00e4 ja tutustu interaktiivisiin n\u00e4yttelyihin ja aktiviteetteihin perheille ja lapsille.","robots":{"index":"index","follow":"follow","max-snippet":"max-snippet:-1","max-image-preview":"max-image-preview:large","max-video-preview":"max-video-preview:-1"},"canonical":"https:\/\/teletorn.ee\/fi\/elamyksia\/","og_locale":"fi_FI","og_type":"article","og_title":"El\u00e4myksi\u00e4","og_description":"Tutustu el\u00e4myksi\u00e4 ja historiaan Tallinnan TV-tornissa. Nauti henke\u00e4salpaavista n\u00e4kymist\u00e4 ja tutustu interaktiivisiin n\u00e4yttelyihin ja aktiviteetteihin perheille ja lapsille.","og_url":"https:\/\/teletorn.ee\/fi\/elamyksia\/","og_site_name":"Teletorn.ee","article_modified_time":"2024-08-26T14:33:54+00:00","og_image":[{"width":1440,"height":560,"url":"https:\/\/teletorn.ee\/wp-content\/uploads\/2024\/06\/Elamused.jpg","type":"image\/jpeg"}],"twitter_card":"summary_large_image","twitter_misc":{"Arvioitu lukuaika":"1 minuutti"},"schema":{"@context":"https:\/\/schema.org","@graph":[{"@type":"WebPage","@id":"https:\/\/teletorn.ee\/fi\/elamyksia\/","url":"https:\/\/teletorn.ee\/fi\/elamyksia\/","name":"El\u00e4myksi\u00e4 - Teletorn.ee","isPartOf":{"@id":"https:\/\/tt.uptodate.ee\/#website"},"primaryImageOfPage":{"@id":"https:\/\/teletorn.ee\/fi\/elamyksia\/#primaryimage"},"image":{"@id":"https:\/\/teletorn.ee\/fi\/elamyksia\/#primaryimage"},"thumbnailUrl":"https:\/\/teletorn.ee\/wp-content\/uploads\/2024\/06\/Elamused.jpg","datePublished":"2024-05-25T10:05:57+00:00","dateModified":"2024-08-26T14:33:54+00:00","description":"Tutustu el\u00e4myksi\u00e4 ja historiaan Tallinnan TV-tornissa. Nauti henke\u00e4salpaavista n\u00e4kymist\u00e4 ja tutustu interaktiivisiin n\u00e4yttelyihin ja aktiviteetteihin perheille ja lapsille.","breadcrumb":{"@id":"https:\/\/teletorn.ee\/fi\/elamyksia\/#breadcrumb"},"inLanguage":"fi","potentialAction":[{"@type":"ReadAction","target":["https:\/\/teletorn.ee\/fi\/elamyksia\/"]}]},{"@type":"ImageObject","inLanguage":"fi","@id":"https:\/\/teletorn.ee\/fi\/elamyksia\/#primaryimage","url":"https:\/\/teletorn.ee\/wp-content\/uploads\/2024\/06\/Elamused.jpg","contentUrl":"https:\/\/teletorn.ee\/wp-content\/uploads\/2024\/06\/Elamused.jpg","width":1440,"height":560,"caption":"Mies ihailemassa n\u00e4kym\u00e4\u00e4 Tallinnan tv-tornin reunalta teleskoopin l\u00e4pi"},{"@type":"BreadcrumbList","@id":"https:\/\/teletorn.ee\/fi\/elamyksia\/#breadcrumb","itemListElement":[{"@type":"ListItem","position":1,"name":"Home","item":"https:\/\/teletorn.ee\/fi\/"},{"@type":"ListItem","position":2,"name":"El\u00e4myksi\u00e4"}]},{"@type":"WebSite","@id":"https:\/\/tt.uptodate.ee\/#website","url":"https:\/\/tt.uptodate.ee\/","name":"Teletorn.ee","description":"","potentialAction":[{"@type":"SearchAction","target":{"@type":"EntryPoint","urlTemplate":"https:\/\/tt.uptodate.ee\/?s={search_term_string}"},"query-input":{"@type":"PropertyValueSpecification","valueRequired":true,"valueName":"search_term_string"}}],"inLanguage":"fi"}]}},"_links":{"self":[{"href":"https:\/\/teletorn.ee\/fi\/wp-json\/wp\/v2\/pages\/2064","targetHints":{"allow":["GET"]}}],"collection":[{"href":"https:\/\/teletorn.ee\/fi\/wp-json\/wp\/v2\/pages"}],"about":[{"href":"https:\/\/teletorn.ee\/fi\/wp-json\/wp\/v2\/types\/page"}],"author":[{"embeddable":true,"href":"https:\/\/teletorn.ee\/fi\/wp-json\/wp\/v2\/users\/7"}],"replies":[{"embeddable":true,"href":"https:\/\/teletorn.ee\/fi\/wp-json\/wp\/v2\/comments?post=2064"}],"version-history":[{"count":1,"href":"https:\/\/teletorn.ee\/fi\/wp-json\/wp\/v2\/pages\/2064\/revisions"}],"predecessor-version":[{"id":7048,"href":"https:\/\/teletorn.ee\/fi\/wp-json\/wp\/v2\/pages\/2064\/revisions\/7048"}],"wp:featuredmedia":[{"embeddable":true,"href":"https:\/\/teletorn.ee\/fi\/wp-json\/wp\/v2\/media\/1523"}],"wp:attachment":[{"href":"https:\/\/teletorn.ee\/fi\/wp-json\/wp\/v2\/media?parent=2064"}],"curies":[{"name":"wp","href":"https:\/\/api.w.org\/{rel}","templated":true}]}}