{"id":2068,"date":"2024-05-29T20:41:09","date_gmt":"2024-05-29T17:41:09","guid":{"rendered":"https:\/\/tt.uptodate.ee\/varausehdot\/"},"modified":"2024-07-25T13:35:36","modified_gmt":"2024-07-25T10:35:36","slug":"varausehdot","status":"publish","type":"page","link":"https:\/\/teletorn.ee\/fi\/varausehdot\/","title":{"rendered":"Varausehdot"},"content":{"rendered":"\n<div id=\"block_5de8acccdd6dc942ff9e0795676619c9\" class=\"narrow-text-block with-inner-padding\" aria-hidden=\"true\">\n  <div class=\"wrap \">\n    <div class=\"wrap-inner\">\n      <h1 style=\"text-align: center;\">TILOJEN VARAUS- JA K\u00c4YTT\u00d6EHDOT<\/h1>\n<p>Tilojen varaajan (jatkossa asiakas) vastaa omista toimistaan ja sitoutuu varmistamaan varattujen tilojen asianmukaisen k\u00e4yt\u00f6n.<\/p>\n<p>Varattavien tilojen omistaja on SA Tallinna Teletorn (jatkossa Teletorn), rekisteritunnus 90012142, osoitteessa Kloostrimetsa tee 58a, Tallinna.<\/p>\n<p>Tilojen varaamisen ja k\u00e4yt\u00f6n ehdot ovat voimassa kaikissa asiakkaan tekemiss\u00e4 varauksissa TV-tornin tiloihin, riippumatta varaustavan (<a href=\"http:\/\/www.teletorn.ee\/\" target=\"_new\" rel=\"noreferrer\">www.teletorn.ee<\/a>, s\u00e4hk\u00f6postitse tai puhelimitse, paikan p\u00e4\u00e4ll\u00e4).<\/p>\n<h2>1. Varauksen tekeminen<\/h2>\n<p>1.1. Tilan varaaminen TV-tornin verkkosivustolta edellytt\u00e4\u00e4 ensin sopivan tilan valitsemista, t\u00e4ytt\u00e4mist\u00e4 lomakkeen tietokentti\u00e4 ja sen j\u00e4lkeen, kun asiakas on vahvistanut tietojen voimassaolon, tilauksen l\u00e4hett\u00e4mist\u00e4 TV-tornille.<\/p>\n<p>1.2. Tiloihin on mahdollista tutustua etuk\u00e4teen my\u00f6s paikan p\u00e4\u00e4ll\u00e4 sopimalla tapaaminen s\u00e4hk\u00f6postitse osoitteeseen: <a rel=\"noreferrer\">teletorn@teletorn.ee<\/a>.<\/p>\n<p>1.3. Verkkosivustolta tehtyjen tilausten vastaanottamisen Tallinnan TV-torni vahvistaa s\u00e4hk\u00f6postitse, joka l\u00e4hetet\u00e4\u00e4n asiakkaan antamaan s\u00e4hk\u00f6postiosoitteeseen viimeist\u00e4\u00e4n kahden ty\u00f6p\u00e4iv\u00e4n kuluessa varauksen vastaanottamisesta.<\/p>\n<p>1.4. Koko TV-tornin tilojen varaaminen tapahtumia varten on mahdollista enint\u00e4\u00e4n 60 kalenterip\u00e4iv\u00e4\u00e4 ennen tapahtuman ajankohtaa. My\u00f6h\u00e4isempien varausten osalta TV-torni ei voi taata yksityist\u00e4 tilaisuutta aikaisempien varausten vuoksi.<\/p>\n<h2>2. Varauksen voimaantulo<\/h2>\n<p>Varaus astuu voimaan ja muuttuu osapuolten v\u00e4liseksi sopimukseksi siit\u00e4 hetkest\u00e4 l\u00e4htien, kun asiakas on s\u00e4hk\u00f6postitse vahvistanut TV-tornin tekem\u00e4n tarjouksen ja maksanut ennakkomaksulaskun, joka on 30% vuokrasummasta.<\/p>\n<h2>3. Varauksen muuttaminen ja peruuttaminen<\/h2>\n<p>3.1. Vahvistettuja varauksia voidaan muuttaa tai peruuttaa vain s\u00e4hk\u00f6postitse. Peruakseen varauksen asiakkaan tulee l\u00e4hett\u00e4\u00e4 s\u00e4hk\u00f6postia osoitteeseen <a rel=\"noreferrer\">teletorn@teletorn.ee<\/a>.<\/p>\n<p>3.2. Vahvistettua varausta voidaan muuttaa tai peruuttaa maksutta enint\u00e4\u00e4n 7 ty\u00f6p\u00e4iv\u00e4\u00e4 ennen sovittua tapahtuman p\u00e4iv\u00e4m\u00e4\u00e4r\u00e4\u00e4.<\/p>\n<p>3.3. Vahvistetun varauksen peruuttaminen 6\u20133 p\u00e4iv\u00e4\u00e4 ennen sovittua tapahtuman p\u00e4iv\u00e4m\u00e4\u00e4r\u00e4\u00e4 edellytt\u00e4\u00e4, ett\u00e4 asiakas maksaa 50% tilatusta palvelusta, josta v\u00e4hennet\u00e4\u00e4n varauksen yhteydess\u00e4 maksettu ennakkomaksu. TV-torni l\u00e4hett\u00e4\u00e4 asiakkaalle laskun lis\u00e4maksun suorittamiseksi.<\/p>\n<p>3.4. Vahvistetun varauksen peruuttaminen 2\u20130 p\u00e4iv\u00e4\u00e4 ennen sovittua tapahtuman p\u00e4iv\u00e4m\u00e4\u00e4r\u00e4\u00e4 edellytt\u00e4\u00e4, ett\u00e4 asiakas maksaa 100% tilatusta palvelusta, josta v\u00e4hennet\u00e4\u00e4n varauksen yhteydess\u00e4 maksettu ennakkomaksu. TV-torni l\u00e4hett\u00e4\u00e4 asiakkaalle laskun lis\u00e4maksun suorittamiseksi.<\/p>\n<p>3.5. Jos TV-torni peruuttaa varauksen, asiakkaalle palautetaan mahdollisimman pian, kuitenkin viimeist\u00e4\u00e4n 14 ty\u00f6p\u00e4iv\u00e4n kuluessa peruutusilmoituksen l\u00e4hett\u00e4misest\u00e4, maksettu ennakkomaksu.<\/p>\n<h2>4. Varauksen maksaminen<\/h2>\n<p>4.1. Asiakkaan vahvistaman varauksen osalta Tallinnan TV-torni l\u00e4hett\u00e4\u00e4 asiakkaalle ennakkomaksulaskun, jonka suuruus on 30% tilauksen kokonaissummasta.<\/p>\n<p>4.2. Ennakkomaksulaskussa mainittuun er\u00e4p\u00e4iv\u00e4\u00e4n menness\u00e4 maksamatta j\u00e4\u00e4nyt lasku johtaa siihen, ett\u00e4 TV-tornin vahvistama varaus menett\u00e4\u00e4 voimassaolonsa.<\/p>\n<p>4.3. Asiakkaan vahvistaman varauksen loppusumman, joka on 70% tilauksen kokonaishinnasta, TV-torni laskuttaa tapahtuman j\u00e4lkeen viimeist\u00e4\u00e4n 2 ty\u00f6p\u00e4iv\u00e4n kuluessa.<\/p>\n<h2>5. Muut ehdot<\/h2>\n<p>5.1. Mik\u00e4li asiakas on tilannut varattuun tapahtumaan my\u00f6s ravintolapalveluita Tallinnan TV-tornilta, sovelletaan edell\u00e4 kuvattuja ehtoja my\u00f6s t\u00e4h\u00e4n osaan tilausta.<\/p>\n<p>5.2. Varausta koskevat erimielisyydet ratkaistaan neuvottelemalla asiakkaan ja TV-tornin v\u00e4lill\u00e4.<\/p>\n<p>5.3. Mik\u00e4li asiakas ja TV-torni eiv\u00e4t p\u00e4\u00e4se sopimukseen erimielisyyksist\u00e4, ne ratkaistaan Harjun maak\u00e4r\u00e4j\u00e4oikeudessa Viron lain mukaisesti.<\/p>\n<p>5.4. Edell\u00e4 kuvatut ehdot katsotaan asiakkaan ja Tallinnan TV-tornin vahvistaman varauksen erottamattomaksi osaksi.<\/p>\n    <\/div>\n  <\/div>\n<\/div>\n","protected":false},"excerpt":{"rendered":"","protected":false},"author":7,"featured_media":1635,"parent":0,"menu_order":60,"comment_status":"closed","ping_status":"closed","template":"","meta":{"_acf_changed":false,"footnotes":""},"class_list":["post-2068","page","type-page","status-publish","has-post-thumbnail","hentry"],"acf":[],"yoast_head":"<!-- This site is optimized with the Yoast SEO Premium plugin v23.4 (Yoast SEO v27.3) - https:\/\/yoast.com\/product\/yoast-seo-premium-wordpress\/ -->\n<title>Varausehdot - Teletorn.ee<\/title>\n<meta name=\"description\" content=\"Tutustu Tallinnan TV-tornin tilojen varauksen ja k\u00e4yt\u00f6n ehtoihin.\" \/>\n<meta name=\"robots\" content=\"index, follow, max-snippet:-1, max-image-preview:large, max-video-preview:-1\" \/>\n<link rel=\"canonical\" href=\"https:\/\/teletorn.ee\/fi\/varausehdot\/\" \/>\n<meta property=\"og:locale\" content=\"fi_FI\" \/>\n<meta property=\"og:type\" content=\"article\" \/>\n<meta property=\"og:title\" content=\"Varausehdot\" \/>\n<meta property=\"og:description\" content=\"Tutustu Tallinnan TV-tornin tilojen varauksen ja k\u00e4yt\u00f6n ehtoihin.\" \/>\n<meta property=\"og:url\" content=\"https:\/\/teletorn.ee\/fi\/varausehdot\/\" \/>\n<meta property=\"og:site_name\" content=\"Teletorn.ee\" \/>\n<meta property=\"article:modified_time\" content=\"2024-07-25T10:35:36+00:00\" \/>\n<meta property=\"og:image\" content=\"https:\/\/teletorn.ee\/wp-content\/uploads\/2024\/06\/cinema_hall-2.jpg\" \/>\n\t<meta property=\"og:image:width\" content=\"1440\" \/>\n\t<meta property=\"og:image:height\" content=\"560\" \/>\n\t<meta property=\"og:image:type\" content=\"image\/jpeg\" \/>\n<meta name=\"twitter:card\" content=\"summary_large_image\" \/>\n<meta name=\"twitter:label1\" content=\"Arvioitu lukuaika\" \/>\n\t<meta name=\"twitter:data1\" content=\"1 minuutti\" \/>\n<script type=\"application\/ld+json\" class=\"yoast-schema-graph\">{\"@context\":\"https:\\\/\\\/schema.org\",\"@graph\":[{\"@type\":\"WebPage\",\"@id\":\"https:\\\/\\\/teletorn.ee\\\/fi\\\/varausehdot\\\/\",\"url\":\"https:\\\/\\\/teletorn.ee\\\/fi\\\/varausehdot\\\/\",\"name\":\"Varausehdot - Teletorn.ee\",\"isPartOf\":{\"@id\":\"https:\\\/\\\/tt.uptodate.ee\\\/#website\"},\"primaryImageOfPage\":{\"@id\":\"https:\\\/\\\/teletorn.ee\\\/fi\\\/varausehdot\\\/#primaryimage\"},\"image\":{\"@id\":\"https:\\\/\\\/teletorn.ee\\\/fi\\\/varausehdot\\\/#primaryimage\"},\"thumbnailUrl\":\"https:\\\/\\\/teletorn.ee\\\/wp-content\\\/uploads\\\/2024\\\/06\\\/cinema_hall-2.jpg\",\"datePublished\":\"2024-05-29T17:41:09+00:00\",\"dateModified\":\"2024-07-25T10:35:36+00:00\",\"description\":\"Tutustu Tallinnan TV-tornin tilojen varauksen ja k\u00e4yt\u00f6n ehtoihin.\",\"breadcrumb\":{\"@id\":\"https:\\\/\\\/teletorn.ee\\\/fi\\\/varausehdot\\\/#breadcrumb\"},\"inLanguage\":\"fi\",\"potentialAction\":[{\"@type\":\"ReadAction\",\"target\":[\"https:\\\/\\\/teletorn.ee\\\/fi\\\/varausehdot\\\/\"]}]},{\"@type\":\"ImageObject\",\"inLanguage\":\"fi\",\"@id\":\"https:\\\/\\\/teletorn.ee\\\/fi\\\/varausehdot\\\/#primaryimage\",\"url\":\"https:\\\/\\\/teletorn.ee\\\/wp-content\\\/uploads\\\/2024\\\/06\\\/cinema_hall-2.jpg\",\"contentUrl\":\"https:\\\/\\\/teletorn.ee\\\/wp-content\\\/uploads\\\/2024\\\/06\\\/cinema_hall-2.jpg\",\"width\":1440,\"height\":560,\"caption\":\"Tallinna Teletorn ruumide broneerimise tingimused - teletorn.ee\"},{\"@type\":\"BreadcrumbList\",\"@id\":\"https:\\\/\\\/teletorn.ee\\\/fi\\\/varausehdot\\\/#breadcrumb\",\"itemListElement\":[{\"@type\":\"ListItem\",\"position\":1,\"name\":\"Home\",\"item\":\"https:\\\/\\\/teletorn.ee\\\/fi\\\/\"},{\"@type\":\"ListItem\",\"position\":2,\"name\":\"Varausehdot\"}]},{\"@type\":\"WebSite\",\"@id\":\"https:\\\/\\\/tt.uptodate.ee\\\/#website\",\"url\":\"https:\\\/\\\/tt.uptodate.ee\\\/\",\"name\":\"Teletorn.ee\",\"description\":\"\",\"potentialAction\":[{\"@type\":\"SearchAction\",\"target\":{\"@type\":\"EntryPoint\",\"urlTemplate\":\"https:\\\/\\\/tt.uptodate.ee\\\/?s={search_term_string}\"},\"query-input\":{\"@type\":\"PropertyValueSpecification\",\"valueRequired\":true,\"valueName\":\"search_term_string\"}}],\"inLanguage\":\"fi\"}]}<\/script>\n<!-- \/ Yoast SEO Premium plugin. -->","yoast_head_json":{"title":"Varausehdot - Teletorn.ee","description":"Tutustu Tallinnan TV-tornin tilojen varauksen ja k\u00e4yt\u00f6n ehtoihin.","robots":{"index":"index","follow":"follow","max-snippet":"max-snippet:-1","max-image-preview":"max-image-preview:large","max-video-preview":"max-video-preview:-1"},"canonical":"https:\/\/teletorn.ee\/fi\/varausehdot\/","og_locale":"fi_FI","og_type":"article","og_title":"Varausehdot","og_description":"Tutustu Tallinnan TV-tornin tilojen varauksen ja k\u00e4yt\u00f6n ehtoihin.","og_url":"https:\/\/teletorn.ee\/fi\/varausehdot\/","og_site_name":"Teletorn.ee","article_modified_time":"2024-07-25T10:35:36+00:00","og_image":[{"width":1440,"height":560,"url":"https:\/\/teletorn.ee\/wp-content\/uploads\/2024\/06\/cinema_hall-2.jpg","type":"image\/jpeg"}],"twitter_card":"summary_large_image","twitter_misc":{"Arvioitu lukuaika":"1 minuutti"},"schema":{"@context":"https:\/\/schema.org","@graph":[{"@type":"WebPage","@id":"https:\/\/teletorn.ee\/fi\/varausehdot\/","url":"https:\/\/teletorn.ee\/fi\/varausehdot\/","name":"Varausehdot - Teletorn.ee","isPartOf":{"@id":"https:\/\/tt.uptodate.ee\/#website"},"primaryImageOfPage":{"@id":"https:\/\/teletorn.ee\/fi\/varausehdot\/#primaryimage"},"image":{"@id":"https:\/\/teletorn.ee\/fi\/varausehdot\/#primaryimage"},"thumbnailUrl":"https:\/\/teletorn.ee\/wp-content\/uploads\/2024\/06\/cinema_hall-2.jpg","datePublished":"2024-05-29T17:41:09+00:00","dateModified":"2024-07-25T10:35:36+00:00","description":"Tutustu Tallinnan TV-tornin tilojen varauksen ja k\u00e4yt\u00f6n ehtoihin.","breadcrumb":{"@id":"https:\/\/teletorn.ee\/fi\/varausehdot\/#breadcrumb"},"inLanguage":"fi","potentialAction":[{"@type":"ReadAction","target":["https:\/\/teletorn.ee\/fi\/varausehdot\/"]}]},{"@type":"ImageObject","inLanguage":"fi","@id":"https:\/\/teletorn.ee\/fi\/varausehdot\/#primaryimage","url":"https:\/\/teletorn.ee\/wp-content\/uploads\/2024\/06\/cinema_hall-2.jpg","contentUrl":"https:\/\/teletorn.ee\/wp-content\/uploads\/2024\/06\/cinema_hall-2.jpg","width":1440,"height":560,"caption":"Tallinna Teletorn ruumide broneerimise tingimused - teletorn.ee"},{"@type":"BreadcrumbList","@id":"https:\/\/teletorn.ee\/fi\/varausehdot\/#breadcrumb","itemListElement":[{"@type":"ListItem","position":1,"name":"Home","item":"https:\/\/teletorn.ee\/fi\/"},{"@type":"ListItem","position":2,"name":"Varausehdot"}]},{"@type":"WebSite","@id":"https:\/\/tt.uptodate.ee\/#website","url":"https:\/\/tt.uptodate.ee\/","name":"Teletorn.ee","description":"","potentialAction":[{"@type":"SearchAction","target":{"@type":"EntryPoint","urlTemplate":"https:\/\/tt.uptodate.ee\/?s={search_term_string}"},"query-input":{"@type":"PropertyValueSpecification","valueRequired":true,"valueName":"search_term_string"}}],"inLanguage":"fi"}]}},"_links":{"self":[{"href":"https:\/\/teletorn.ee\/fi\/wp-json\/wp\/v2\/pages\/2068","targetHints":{"allow":["GET"]}}],"collection":[{"href":"https:\/\/teletorn.ee\/fi\/wp-json\/wp\/v2\/pages"}],"about":[{"href":"https:\/\/teletorn.ee\/fi\/wp-json\/wp\/v2\/types\/page"}],"author":[{"embeddable":true,"href":"https:\/\/teletorn.ee\/fi\/wp-json\/wp\/v2\/users\/7"}],"replies":[{"embeddable":true,"href":"https:\/\/teletorn.ee\/fi\/wp-json\/wp\/v2\/comments?post=2068"}],"version-history":[{"count":0,"href":"https:\/\/teletorn.ee\/fi\/wp-json\/wp\/v2\/pages\/2068\/revisions"}],"wp:featuredmedia":[{"embeddable":true,"href":"https:\/\/teletorn.ee\/fi\/wp-json\/wp\/v2\/media\/1635"}],"wp:attachment":[{"href":"https:\/\/teletorn.ee\/fi\/wp-json\/wp\/v2\/media?parent=2068"}],"curies":[{"name":"wp","href":"https:\/\/api.w.org\/{rel}","templated":true}]}}