{"id":2403,"date":"2024-06-30T19:11:15","date_gmt":"2024-06-30T16:11:15","guid":{"rendered":"https:\/\/tt.uptodate.ee\/2130-1\/"},"modified":"2024-07-31T15:38:29","modified_gmt":"2024-07-31T12:38:29","slug":"kysy-tarjousta","status":"publish","type":"page","link":"https:\/\/teletorn.ee\/fi\/kysy-tarjousta\/","title":{"rendered":"Kysy tarjousta"},"content":{"rendered":"\n<div id=\"block_d217510c0a897a321facf7d28eb2a500\" class=\"narrow-text-block with-inner-padding\" aria-hidden=\"true\">\n  <div class=\"wrap \">\n    <div class=\"wrap-inner\">\n      <h1 style=\"text-align: center;\">Kysy tarjousta<\/h1>\n\n<div class=\"wpcf7 no-js\" id=\"wpcf7-f2391-o1\" lang=\"et\" dir=\"ltr\" data-wpcf7-id=\"2391\">\n<div class=\"screen-reader-response\"><p role=\"status\" aria-live=\"polite\" aria-atomic=\"true\"><\/p> <ul><\/ul><\/div>\n<form action=\"\/fi\/wp-json\/wp\/v2\/pages\/2403#wpcf7-f2391-o1\" method=\"post\" class=\"wpcf7-form init\" aria-label=\"Contact form\" novalidate=\"novalidate\" data-status=\"init\">\n<fieldset class=\"hidden-fields-container\"><input type=\"hidden\" name=\"_wpcf7\" value=\"2391\" \/><input type=\"hidden\" name=\"_wpcf7_version\" value=\"6.1.5\" \/><input type=\"hidden\" name=\"_wpcf7_locale\" value=\"et\" \/><input type=\"hidden\" name=\"_wpcf7_unit_tag\" value=\"wpcf7-f2391-o1\" \/><input type=\"hidden\" name=\"_wpcf7_container_post\" value=\"0\" \/><input type=\"hidden\" name=\"_wpcf7_posted_data_hash\" value=\"\" \/><input type=\"hidden\" name=\"_wpcf7_recaptcha_response\" value=\"\" \/>\n<\/fieldset>\n<div class=\"contact-form-wrapper\">\n\t<div class=\"contact-form-row\">\n\t\t<div class=\"contact-form-column\">\n\t\t\t<p><strong>Yhteystiedot<\/strong>\n\t\t\t<\/p>\n\t\t<\/div>\n\t<\/div><!-- contact-form-row -->\n\t<div class=\"contact-form-row form-two-col\">\n\t\t<div class=\"contact-form-column\">\n\t\t\t<p><label>Nimi*<\/label><br \/>\n<span class=\"wpcf7-form-control-wrap\" data-name=\"your-name\"><input size=\"40\" maxlength=\"400\" class=\"wpcf7-form-control wpcf7-text wpcf7-validates-as-required\" aria-required=\"true\" aria-invalid=\"false\" value=\"\" type=\"text\" name=\"your-name\" \/><\/span>\n\t\t\t<\/p>\n\t\t<\/div>\n\t\t<div class=\"contact-form-column\">\n\t\t\t<p><label>Yrityksen nimi*<\/label><br \/>\n<span class=\"wpcf7-form-control-wrap\" data-name=\"ettevote\"><input size=\"40\" maxlength=\"400\" class=\"wpcf7-form-control wpcf7-text wpcf7-validates-as-required\" aria-required=\"true\" aria-invalid=\"false\" value=\"\" type=\"text\" name=\"ettevote\" \/><\/span>\n\t\t\t<\/p>\n\t\t<\/div>\n\t<\/div><!-- contact-form-row -->\n\t<div class=\"contact-form-row form-two-col\">\n\t\t<div class=\"contact-form-column\">\n\t\t\t<p><label>S\u00e4hk\u00f6posti*<\/label><br \/>\n<span class=\"wpcf7-form-control-wrap\" data-name=\"your-email\"><input size=\"40\" maxlength=\"400\" class=\"wpcf7-form-control wpcf7-email wpcf7-validates-as-required wpcf7-text wpcf7-validates-as-email\" aria-required=\"true\" aria-invalid=\"false\" value=\"\" type=\"email\" name=\"your-email\" \/><\/span>\n\t\t\t<\/p>\n\t\t<\/div>\n\t\t<div class=\"contact-form-column\">\n\t\t\t<p><label>Puhelin*<\/label><br \/>\n<span class=\"wpcf7-form-control-wrap\" data-name=\"telefon\"><input size=\"40\" maxlength=\"400\" class=\"wpcf7-form-control wpcf7-text wpcf7-validates-as-required\" aria-required=\"true\" aria-invalid=\"false\" value=\"\" type=\"text\" name=\"telefon\" \/><\/span>\n\t\t\t<\/p>\n\t\t<\/div>\n\t<\/div><!-- contact-form-row -->\n\t<div class=\"contact-form-row form-two-col\">\n\t\t<div class=\"contact-form-column\">\n\t\t\t<p><label>Tilan vuokrausp\u00e4iv\u00e4*<\/label><br \/>\n<span class=\"wpcf7-form-control-wrap\" data-name=\"kuupaev\"><input size=\"40\" maxlength=\"400\" class=\"wpcf7-form-control wpcf7-text wpcf7-validates-as-required\" aria-required=\"true\" aria-invalid=\"false\" value=\"\" type=\"text\" name=\"kuupaev\" \/><\/span>\n\t\t\t<\/p>\n\t\t<\/div>\n\t\t<div class=\"contact-form-column\">\n\t\t\t<p><label>Tilan k\u00e4ytt\u00f6aika*<\/label><br \/>\n<span class=\"wpcf7-form-control-wrap\" data-name=\"ajavahemik\"><input size=\"40\" maxlength=\"400\" class=\"wpcf7-form-control wpcf7-text wpcf7-validates-as-required\" aria-required=\"true\" aria-invalid=\"false\" value=\"\" type=\"text\" name=\"ajavahemik\" \/><\/span>\n\t\t\t<\/p>\n\t\t<\/div>\n\t<\/div><!-- contact-form-row -->\n\t<div class=\"contact-form-row\">\n\t\t<div class=\"contact-form-column\">\n\t\t\t<p><label>Haluatko varata tilan 4 vai 8 tunniksi?*<\/label><br \/>\n<span class=\"wpcf7-form-control-wrap\" data-name=\"nelivoikaheks\"><input size=\"40\" maxlength=\"400\" class=\"wpcf7-form-control wpcf7-text wpcf7-validates-as-required\" aria-required=\"true\" aria-invalid=\"false\" value=\"\" type=\"text\" name=\"nelivoikaheks\" \/><\/span>\n\t\t\t<\/p>\n\t\t<\/div>\n\t<\/div><!-- contact-form-row -->\n\t<div class=\"contact-form-row\">\n\t\t<div class=\"contact-form-column\">\n\t\t\t<p><strong>Tilan valinta*<\/strong>\n\t\t\t<\/p>\n\t\t<\/div>\n\t<\/div><!-- contact-form-row -->\n\t<div class=\"contact-form-row\">\n\t\t<div class=\"contact-form-column\">\n\t\t\t<p><span class=\"wpcf7-form-control-wrap\" data-name=\"ruum\"><select class=\"wpcf7-form-control wpcf7-select wpcf7-validates-as-required\" aria-required=\"true\" aria-invalid=\"false\" name=\"ruum\"><option value=\"\">Ole hyv\u00e4 ja valitse<\/option><option value=\"Neuvotteluhuone 1. kerros\">Neuvotteluhuone 1. kerros<\/option><option value=\"Lasimaalaushuone\">Lasimaalaushuone<\/option><option value=\"N\u00e4yttelyhalli 21. kerros\">N\u00e4yttelyhalli 21. kerros<\/option><option value=\"Muuga-sektori 21. kerros\">Muuga-sektori 21. kerros<\/option><option value=\"Ravintola 22. kerros\">Ravintola 22. kerros<\/option><option value=\"Tunneli\">Tunneli<\/option><option value=\"TV-tornin ulkoalue\">TV-tornin ulkoalue<\/option><\/select><\/span>\n\t\t\t<\/p>\n\t\t<\/div>\n\t<\/div><!-- contact-form-row -->\n\t<div class=\"contact-form-row\">\n\t\t<div class=\"contact-form-column\">\n\t\t\t<p><strong>Tarvitsetko seminaaritekniikkaa?<\/strong>\n\t\t\t<\/p>\n\t\t<\/div>\n\t<\/div><!-- contact-form-row -->\n\t<div class=\"contact-form-row\">\n\t\t<div class=\"contact-form-column\">\n\t\t\t<p><span class=\"wpcf7-form-control-wrap\" data-name=\"laenuks\"><span class=\"wpcf7-form-control wpcf7-checkbox\"><span class=\"wpcf7-list-item first\"><label><input type=\"checkbox\" name=\"laenuks[]\" value=\"55 \u201d televisio +  kaiuttimet\" \/><span class=\"wpcf7-list-item-label\">55 \u201d televisio +  kaiuttimet<\/span><\/label><\/span><span class=\"wpcf7-list-item\"><label><input type=\"checkbox\" name=\"laenuks[]\" value=\"Paperitaulu tusseineen\" \/><span class=\"wpcf7-list-item-label\">Paperitaulu tusseineen<\/span><\/label><\/span><span class=\"wpcf7-list-item\"><label><input type=\"checkbox\" name=\"laenuks[]\" value=\"Webkamera\" \/><span class=\"wpcf7-list-item-label\">Webkamera<\/span><\/label><\/span><span class=\"wpcf7-list-item last\"><label><input type=\"checkbox\" name=\"laenuks[]\" value=\"Lis\u00e4tuoleja XX kpl\" \/><span class=\"wpcf7-list-item-label\">Lis\u00e4tuoleja XX kpl<\/span><\/label><\/span><\/span><\/span>\n\t\t\t<\/p>\n\t\t<\/div>\n\t<\/div><!-- contact-form-row -->\n\t<div class=\"contact-form-row\">\n\t\t<div class=\"contact-form-column\">\n\t\t\t<p><strong>Kuinka paljon valmisteluaikaa j\u00e4rjest\u00e4j\u00e4 tarvitsee?*<\/strong>\n\t\t\t<\/p>\n\t\t<\/div>\n\t<\/div><!-- contact-form-row -->\n\t<div class=\"contact-form-row\">\n\t\t<div class=\"contact-form-column\">\n\t\t\t<p><span class=\"wpcf7-form-control-wrap\" data-name=\"ettevalmistusaeg\"><input size=\"40\" maxlength=\"400\" class=\"wpcf7-form-control wpcf7-text wpcf7-validates-as-required\" aria-required=\"true\" aria-invalid=\"false\" value=\"\" type=\"text\" name=\"ettevalmistusaeg\" \/><\/span>\n\t\t\t<\/p>\n\t\t<\/div>\n\t<\/div><!-- contact-form-row -->\n\t<div class=\"contact-form-row\">\n\t\t<div class=\"contact-form-column\">\n\t\t\t<p><strong>Osallistujien m\u00e4\u00e4r\u00e4*<\/strong>\n\t\t\t<\/p>\n\t\t<\/div>\n\t<\/div><!-- contact-form-row -->\n\t<div class=\"contact-form-row\">\n\t\t<div class=\"contact-form-column\">\n\t\t\t<p><span class=\"wpcf7-form-control-wrap\" data-name=\"osjalejatearv\"><input size=\"40\" maxlength=\"400\" class=\"wpcf7-form-control wpcf7-text wpcf7-validates-as-required\" aria-required=\"true\" aria-invalid=\"false\" value=\"\" type=\"text\" name=\"osjalejatearv\" \/><\/span>\n\t\t\t<\/p>\n\t\t<\/div>\n\t<\/div><!-- contact-form-row -->\n\t<div class=\"contact-form-row\">\n\t\t<div class=\"contact-form-column\">\n\t\t\t<p><strong>Mihin aikaan osallistujat saapuvat?*<\/strong>\n\t\t\t<\/p>\n\t\t<\/div>\n\t<\/div><!-- contact-form-row -->\n\t<div class=\"contact-form-row\">\n\t\t<div class=\"contact-form-column\">\n\t\t\t<p><span class=\"wpcf7-form-control-wrap\" data-name=\"saabumisaeg\"><input size=\"40\" maxlength=\"400\" class=\"wpcf7-form-control wpcf7-text wpcf7-validates-as-required\" aria-required=\"true\" aria-invalid=\"false\" value=\"\" type=\"text\" name=\"saabumisaeg\" \/><\/span>\n\t\t\t<\/p>\n\t\t<\/div>\n\t<\/div><!-- contact-form-row -->\n\t<div class=\"contact-form-row\">\n\t\t<div class=\"contact-form-column\">\n\t\t\t<p><strong>Arvioitu seminaarin p\u00e4\u00e4ttymisaika*<\/strong>\n\t\t\t<\/p>\n\t\t<\/div>\n\t<\/div><!-- contact-form-row -->\n\t<div class=\"contact-form-row\">\n\t\t<div class=\"contact-form-column\">\n\t\t\t<p><span class=\"wpcf7-form-control-wrap\" data-name=\"lopuaeg\"><input size=\"40\" maxlength=\"400\" class=\"wpcf7-form-control wpcf7-text wpcf7-validates-as-required\" aria-required=\"true\" aria-invalid=\"false\" value=\"\" type=\"text\" name=\"lopuaeg\" \/><\/span>\n\t\t\t<\/p>\n\t\t<\/div>\n\t<\/div><!-- contact-form-row -->\n\t<div class=\"contact-form-row\">\n\t\t<div class=\"contact-form-column\">\n\t\t\t<p><strong>Haluamme lis\u00e4palveluita<\/strong>\n\t\t\t<\/p>\n\t\t<\/div>\n\t<\/div><!-- contact-form-row -->\n\t<div class=\"contact-form-row\">\n\t\t<div class=\"contact-form-column\">\n\t\t\t<p><span class=\"wpcf7-form-control-wrap\" data-name=\"lisaks\"><span class=\"wpcf7-form-control wpcf7-checkbox\"><span class=\"wpcf7-list-item first\"><label><input type=\"checkbox\" name=\"lisaks[]\" value=\"Opastettu kierros tornissa 30 min\" \/><span class=\"wpcf7-list-item-label\">Opastettu kierros tornissa 30 min<\/span><\/label><\/span><span class=\"wpcf7-list-item\"><label><input type=\"checkbox\" name=\"lisaks[]\" value=\"VR-kokemus\" \/><span class=\"wpcf7-list-item-label\">VR-kokemus<\/span><\/label><\/span><span class=\"wpcf7-list-item last\"><label><input type=\"checkbox\" name=\"lisaks[]\" value=\"Valokuvausboksi\" \/><span class=\"wpcf7-list-item-label\">Valokuvausboksi<\/span><\/label><\/span><\/span><\/span>\n\t\t\t<\/p>\n\t\t<\/div>\n\t<\/div><!-- contact-form-row -->\n\t<div class=\"contact-form-row\">\n\t\t<div class=\"contact-form-column\">\n\t\t\t<p><strong>Tarjoilut*<\/strong>\n\t\t\t<\/p>\n\t\t<\/div>\n\t<\/div><!-- contact-form-row -->\n\t<div class=\"contact-form-row\">\n\t\t<div class=\"contact-form-column\">\n\t\t\t<p><span class=\"wpcf7-form-control-wrap\" data-name=\"toitlustus\"><select class=\"wpcf7-form-control wpcf7-select wpcf7-validates-as-required\" aria-required=\"true\" aria-invalid=\"false\" name=\"toitlustus\"><option value=\"\">Ole hyv\u00e4 ja valitse<\/option><option value=\"Paketti: 4 h seminaari (1 kahvitauko + lounas)\">Paketti: 4 h seminaari (1 kahvitauko + lounas)<\/option><option value=\"Paketti: 8 h seminaari (2 kahvitaukoa + lounas)\">Paketti: 8 h seminaari (2 kahvitaukoa + lounas)<\/option><option value=\"Ei mit\u00e4\u00e4n\">Ei mit\u00e4\u00e4n<\/option><\/select><\/span>\n\t\t\t<\/p>\n\t\t<\/div>\n\t<\/div><!-- contact-form-row -->\n\t<div class=\"contact-form-row\">\n\t\t<div class=\"contact-form-column\">\n\t\t\t<p><strong>Lounaan raaka-aineiden valinta<\/strong>\n\t\t\t<\/p>\n\t\t<\/div>\n\t<\/div><!-- contact-form-row -->\n\t<div class=\"contact-form-row\">\n\t\t<div class=\"contact-form-column\">\n\t\t\t<p><span class=\"wpcf7-form-control-wrap\" data-name=\"tooraine\"><select class=\"wpcf7-form-control wpcf7-select\" aria-invalid=\"false\" name=\"tooraine\"><option value=\"\">Ole hyv\u00e4 ja valitse<\/option><option value=\"Kana\">Kana<\/option><option value=\"Sianliha\">Sianliha<\/option><option value=\"Kasvis\">Kasvis<\/option><\/select><\/span>\n\t\t\t<\/p>\n\t\t<\/div>\n\t<\/div><!-- contact-form-row -->\n\t<div class=\"contact-form-row\">\n\t\t<div class=\"contact-form-column\">\n\t\t\t<p><strong>Ilmoittakaa kahvitaukojen\/lounaan\/opastetun kierroksen aika*<\/strong>\n\t\t\t<\/p>\n\t\t<\/div>\n\t<\/div><!-- contact-form-row -->\n\t<div class=\"contact-form-row\">\n\t\t<div class=\"contact-form-column\">\n\t\t\t<p><span class=\"wpcf7-form-control-wrap\" data-name=\"ajastus\"><textarea cols=\"40\" rows=\"10\" maxlength=\"2000\" class=\"wpcf7-form-control wpcf7-textarea wpcf7-validates-as-required\" aria-required=\"true\" aria-invalid=\"false\" name=\"ajastus\"><\/textarea><\/span>\n\t\t\t<\/p>\n\t\t<\/div>\n\t<\/div><!-- contact-form-row -->\n\t<div class=\"contact-form-row\">\n\t\t<div class=\"contact-form-column\">\n\t\t\t<p><strong>Lis\u00e4kommentit<\/strong>\n\t\t\t<\/p>\n\t\t<\/div>\n\t<\/div><!-- contact-form-row -->\n\t<div class=\"contact-form-row\">\n\t\t<div class=\"contact-form-column\">\n\t\t\t<p><span class=\"wpcf7-form-control-wrap\" data-name=\"lisakommentaarid\"><textarea cols=\"40\" rows=\"10\" maxlength=\"2000\" class=\"wpcf7-form-control wpcf7-textarea\" aria-invalid=\"false\" name=\"lisakommentaarid\"><\/textarea><\/span>\n\t\t\t<\/p>\n\t\t<\/div>\n\t<\/div><!-- contact-form-row -->\n\t<div class=\"contact-form-row\">\n\t<input class=\"wpcf7-form-control wpcf7-hidden\" value=\"Ruumi broneering\" type=\"hidden\" name=\"your-subject\" \/>\n\t\t<p><input class=\"wpcf7-form-control wpcf7-submit has-spinner blue-btn\" type=\"submit\" value=\"L\u00e4het\u00e4\" \/>\n\t\t<\/p>\n\t<\/div><!-- contact-form-row -->\n<\/div><div class=\"wpcf7-response-output\" aria-hidden=\"true\"><\/div>\n<\/form>\n<\/div>\n\n    <\/div>\n  <\/div>\n<\/div>\n","protected":false},"excerpt":{"rendered":"","protected":false},"author":7,"featured_media":0,"parent":0,"menu_order":43,"comment_status":"closed","ping_status":"closed","template":"","meta":{"_acf_changed":false,"footnotes":""},"class_list":["post-2403","page","type-page","status-publish","hentry"],"acf":[],"yoast_head":"<!-- This site is optimized with the Yoast SEO Premium plugin v23.4 (Yoast SEO v27.3) - https:\/\/yoast.com\/product\/yoast-seo-premium-wordpress\/ -->\n<title>Kysy tarjousta - Teletorn.ee<\/title>\n<meta name=\"description\" content=\"Teletorn.ee - Kysy tarjousta\" \/>\n<meta name=\"robots\" content=\"index, follow, max-snippet:-1, max-image-preview:large, max-video-preview:-1\" \/>\n<link rel=\"canonical\" href=\"https:\/\/teletorn.ee\/fi\/kysy-tarjousta\/\" \/>\n<meta property=\"og:locale\" content=\"fi_FI\" \/>\n<meta property=\"og:type\" content=\"article\" \/>\n<meta property=\"og:title\" content=\"Kysy tarjousta\" \/>\n<meta property=\"og:description\" content=\"Teletorn.ee - Kysy tarjousta\" \/>\n<meta property=\"og:url\" content=\"https:\/\/teletorn.ee\/fi\/kysy-tarjousta\/\" \/>\n<meta property=\"og:site_name\" content=\"Teletorn.ee\" \/>\n<meta property=\"article:modified_time\" content=\"2024-07-31T12:38:29+00:00\" \/>\n<meta name=\"twitter:card\" content=\"summary_large_image\" \/>\n<script type=\"application\/ld+json\" class=\"yoast-schema-graph\">{\"@context\":\"https:\\\/\\\/schema.org\",\"@graph\":[{\"@type\":\"WebPage\",\"@id\":\"https:\\\/\\\/teletorn.ee\\\/fi\\\/kysy-tarjousta\\\/\",\"url\":\"https:\\\/\\\/teletorn.ee\\\/fi\\\/kysy-tarjousta\\\/\",\"name\":\"Kysy tarjousta - Teletorn.ee\",\"isPartOf\":{\"@id\":\"https:\\\/\\\/tt.uptodate.ee\\\/#website\"},\"datePublished\":\"2024-06-30T16:11:15+00:00\",\"dateModified\":\"2024-07-31T12:38:29+00:00\",\"description\":\"Teletorn.ee - Kysy tarjousta\",\"breadcrumb\":{\"@id\":\"https:\\\/\\\/teletorn.ee\\\/fi\\\/kysy-tarjousta\\\/#breadcrumb\"},\"inLanguage\":\"fi\",\"potentialAction\":[{\"@type\":\"ReadAction\",\"target\":[\"https:\\\/\\\/teletorn.ee\\\/fi\\\/kysy-tarjousta\\\/\"]}]},{\"@type\":\"BreadcrumbList\",\"@id\":\"https:\\\/\\\/teletorn.ee\\\/fi\\\/kysy-tarjousta\\\/#breadcrumb\",\"itemListElement\":[{\"@type\":\"ListItem\",\"position\":1,\"name\":\"Home\",\"item\":\"https:\\\/\\\/teletorn.ee\\\/fi\\\/\"},{\"@type\":\"ListItem\",\"position\":2,\"name\":\"Kysy tarjousta\"}]},{\"@type\":\"WebSite\",\"@id\":\"https:\\\/\\\/tt.uptodate.ee\\\/#website\",\"url\":\"https:\\\/\\\/tt.uptodate.ee\\\/\",\"name\":\"Teletorn.ee\",\"description\":\"\",\"potentialAction\":[{\"@type\":\"SearchAction\",\"target\":{\"@type\":\"EntryPoint\",\"urlTemplate\":\"https:\\\/\\\/tt.uptodate.ee\\\/?s={search_term_string}\"},\"query-input\":{\"@type\":\"PropertyValueSpecification\",\"valueRequired\":true,\"valueName\":\"search_term_string\"}}],\"inLanguage\":\"fi\"}]}<\/script>\n<!-- \/ Yoast SEO Premium plugin. -->","yoast_head_json":{"title":"Kysy tarjousta - Teletorn.ee","description":"Teletorn.ee - Kysy tarjousta","robots":{"index":"index","follow":"follow","max-snippet":"max-snippet:-1","max-image-preview":"max-image-preview:large","max-video-preview":"max-video-preview:-1"},"canonical":"https:\/\/teletorn.ee\/fi\/kysy-tarjousta\/","og_locale":"fi_FI","og_type":"article","og_title":"Kysy tarjousta","og_description":"Teletorn.ee - Kysy tarjousta","og_url":"https:\/\/teletorn.ee\/fi\/kysy-tarjousta\/","og_site_name":"Teletorn.ee","article_modified_time":"2024-07-31T12:38:29+00:00","twitter_card":"summary_large_image","schema":{"@context":"https:\/\/schema.org","@graph":[{"@type":"WebPage","@id":"https:\/\/teletorn.ee\/fi\/kysy-tarjousta\/","url":"https:\/\/teletorn.ee\/fi\/kysy-tarjousta\/","name":"Kysy tarjousta - Teletorn.ee","isPartOf":{"@id":"https:\/\/tt.uptodate.ee\/#website"},"datePublished":"2024-06-30T16:11:15+00:00","dateModified":"2024-07-31T12:38:29+00:00","description":"Teletorn.ee - Kysy tarjousta","breadcrumb":{"@id":"https:\/\/teletorn.ee\/fi\/kysy-tarjousta\/#breadcrumb"},"inLanguage":"fi","potentialAction":[{"@type":"ReadAction","target":["https:\/\/teletorn.ee\/fi\/kysy-tarjousta\/"]}]},{"@type":"BreadcrumbList","@id":"https:\/\/teletorn.ee\/fi\/kysy-tarjousta\/#breadcrumb","itemListElement":[{"@type":"ListItem","position":1,"name":"Home","item":"https:\/\/teletorn.ee\/fi\/"},{"@type":"ListItem","position":2,"name":"Kysy tarjousta"}]},{"@type":"WebSite","@id":"https:\/\/tt.uptodate.ee\/#website","url":"https:\/\/tt.uptodate.ee\/","name":"Teletorn.ee","description":"","potentialAction":[{"@type":"SearchAction","target":{"@type":"EntryPoint","urlTemplate":"https:\/\/tt.uptodate.ee\/?s={search_term_string}"},"query-input":{"@type":"PropertyValueSpecification","valueRequired":true,"valueName":"search_term_string"}}],"inLanguage":"fi"}]}},"_links":{"self":[{"href":"https:\/\/teletorn.ee\/fi\/wp-json\/wp\/v2\/pages\/2403","targetHints":{"allow":["GET"]}}],"collection":[{"href":"https:\/\/teletorn.ee\/fi\/wp-json\/wp\/v2\/pages"}],"about":[{"href":"https:\/\/teletorn.ee\/fi\/wp-json\/wp\/v2\/types\/page"}],"author":[{"embeddable":true,"href":"https:\/\/teletorn.ee\/fi\/wp-json\/wp\/v2\/users\/7"}],"replies":[{"embeddable":true,"href":"https:\/\/teletorn.ee\/fi\/wp-json\/wp\/v2\/comments?post=2403"}],"version-history":[{"count":1,"href":"https:\/\/teletorn.ee\/fi\/wp-json\/wp\/v2\/pages\/2403\/revisions"}],"predecessor-version":[{"id":5341,"href":"https:\/\/teletorn.ee\/fi\/wp-json\/wp\/v2\/pages\/2403\/revisions\/5341"}],"wp:attachment":[{"href":"https:\/\/teletorn.ee\/fi\/wp-json\/wp\/v2\/media?parent=2403"}],"curies":[{"name":"wp","href":"https:\/\/api.w.org\/{rel}","templated":true}]}}