{"id":2883,"date":"2024-07-09T16:43:53","date_gmt":"2024-07-09T13:43:53","guid":{"rendered":"https:\/\/tt.uptodate.ee\/kulastaja-meelespea\/"},"modified":"2026-03-17T11:07:28","modified_gmt":"2026-03-17T09:07:28","slug":"kulastaja-meelespea","status":"publish","type":"page","link":"https:\/\/teletorn.ee\/fi\/kulastaja-meelespea\/","title":{"rendered":"Vierailijoiden tarkistuslista"},"content":{"rendered":"\n<div id=\"block_8b53335fb9d8529ac196744a25044da9\" class=\"teletorn-banner featured-image\">\n\n      <div class=\"video-container\">\n      <video autoplay muted loop playsinline id=\"video-bg\" poster=\"https:\/\/teletorn.ee\/wp-content\/uploads\/2024\/04\/featured-image-1440x400.png\">\n        <source src=\"https:\/\/teletorn.ee\/wp-content\/uploads\/2024\/06\/Loojang-peegeldab_8-Mbps.mp4\" type=\"video\/mp4\">\n        Your browser does not support the video tag.\n      <\/video>\n    <\/div>\n  \n\n    \n    \n  <style> #block_8b53335fb9d8529ac196744a25044da9{ background-image: url(https:\/\/teletorn.ee\/wp-content\/uploads\/2024\/04\/featured-image-2000x800.png)}<\/style>  <style>@media (max-width: 800px) { #block_8b53335fb9d8529ac196744a25044da9{ background-image: url(https:\/\/teletorn.ee\/wp-content\/uploads\/2024\/04\/featured-image-600x800.png)}}<\/style>\n<\/div>\n\n\n\n<div id=\"block_0ddc39a0c335a487ae406322cf5ed0f3\" class=\"narrow-text-block with-inner-padding\" aria-hidden=\"true\">\n  <div class=\"wrap \">\n    <div class=\"wrap-inner\">\n      <h1 style=\"text-align: center;\"><b>Vierailijoiden tarkistuslista<\/b><\/h1>\n<ul>\n<li style=\"font-weight: 400;\" aria-level=\"1\"><span style=\"font-weight: 400;\">Tallinnan TV-tornin ulkoalue on avoinna yleis\u00f6lle ja kes\u00e4isin maksuton. Kulku voi olla suljettuna syys-talvella turvallisuussyist\u00e4, kuten tornista putoavien j\u00e4\u00e4puikkojen vuoksi. TV-tornille p\u00e4\u00e4sy vaatii lipun. Lippuja myyd\u00e4\u00e4n matkamuistomyym\u00e4l\u00e4ss\u00e4 ja 2. kerroksen sis\u00e4\u00e4nk\u00e4yntialueella<\/span><\/li>\n<li style=\"font-weight: 400;\" aria-level=\"1\"><span style=\"font-weight: 400;\">WC:t \u2013 sijaitsevat 1. kerroksessa, sis\u00e4\u00e4nk\u00e4ynnin yhteydess\u00e4 2. kerroksessa ja 21. kerroksen n\u00e4k\u00f6alatasanteella<\/span><\/li>\n<li style=\"font-weight: 400;\" aria-level=\"1\"><span style=\"font-weight: 400;\">Hissit \u2013 TV-tornissa on 2 hissi\u00e4, jotka viev\u00e4t vierailijat 21. kerroksen n\u00e4k\u00f6alatasanteelle. Hissill\u00e4 p\u00e4\u00e4see 1. kerroksen matkamuistomyym\u00e4l\u00e4st\u00e4 ja 2. kerroksen sis\u00e4\u00e4nk\u00e4yntialueelta<\/span><\/li>\n<li style=\"font-weight: 400;\" aria-level=\"1\"><span style=\"font-weight: 400;\">Vaatteiden s\u00e4ilytys \u2013 matkamuistomyym\u00e4l\u00e4n vieress\u00e4 on vaates\u00e4ilytys ilman valvontaa. Lukittavat s\u00e4ilytyskaapit ovat my\u00f6s saatavilla; pyyd\u00e4 lahjakortti matkamuistomyym\u00e4l\u00e4n oppaalta<\/span><\/li>\n<li style=\"font-weight: 400;\" aria-level=\"1\"><span style=\"font-weight: 400;\">Matkatavarat \u2013 suuria laukkuja ja matkalaukkuja ei saa tuoda TV-tornin sis\u00e4lle. K\u00e4yt\u00e4 s\u00e4ilytyskaappeja tai keskustele matkamuistomyym\u00e4l\u00e4n oppaiden kanssa saadaksesi apua<\/span><\/li>\n<li style=\"font-weight: 400;\" aria-level=\"1\"><span style=\"font-weight: 400;\">Lastenrattaat ja py\u00f6r\u00e4tuolit \u2013 TV-torniin p\u00e4\u00e4see rattailla ja py\u00f6r\u00e4tuoleilla. Paloturvallisuusm\u00e4\u00e4r\u00e4ykset sallivat korkeintaan 2 lastenrattaiden tai py\u00f6r\u00e4tuolin kuljettamisen samanaikaisesti tornin hississ\u00e4<\/span><\/li>\n<li style=\"font-weight: 400;\" aria-level=\"1\"><span style=\"font-weight: 400;\">Lemmikkiel\u00e4imet \u2013 lemmikkiel\u00e4imet eiv\u00e4t ole sallittuja TV-tornin sis\u00e4ll\u00e4 tai ulkopuolella lukuun ottamatta sokeiden opaskoiria ja p\u00e4ivyst\u00e4vi\u00e4 palvelukoiria<\/span><\/li>\n<li style=\"font-weight: 400;\" aria-level=\"1\"><span style=\"font-weight: 400;\">Pys\u00e4k\u00f6inti \u2013 TV-tornin edess\u00e4 on parkkipaikka, johon on merkitty esteett\u00f6m\u00e4t pys\u00e4k\u00f6intipaikat. Pys\u00e4k\u00f6intitietoa l\u00f6ytyy <a href=\"https:\/\/teletorn.ee\/fi\/paasy\/\">t\u00e4\u00e4lt\u00e4<\/a>. TV-tornin edess\u00e4 on my\u00f6s 2 parkkipaikkaa linja-autoille<\/span><\/li>\n<li style=\"font-weight: 400;\" aria-level=\"1\"><span style=\"font-weight: 400;\">L\u00f6yt\u00f6tavarat \u2013 jos l\u00f6yd\u00e4t jotain TV-tornista, ota yhteytt\u00e4 oppaisiin. Jos kadotat jotain, ota yhteytt\u00e4 oppaisiin tai soita numeroon <a href=\"tel:+37259119335\">+372 5911 9335<\/a>. Kadonneita tavaroita s\u00e4ilytet\u00e4\u00e4n TV-tornissa enint\u00e4\u00e4n 2 kuukautta<\/span><\/li>\n<li style=\"font-weight: 400;\" aria-level=\"1\"><span style=\"font-weight: 400;\">Asiakaspalvelu\u2013 Asiakaspalvelumme palvelee maanantaista sunnuntaihin klo 9\u201318, my\u00f6s pyh\u00e4p\u00e4ivin\u00e4. Ota yhteytt\u00e4 numeroon <a href=\"tel:+37259119335\">+372 5911 9335<\/a> tai s\u00e4hk\u00f6postitse osoitteeseen <a href=\"mailto:teletorn@teletorn.ee\">teletorn@teletorn.ee<\/a><\/span><\/li>\n<\/ul>\n    <\/div>\n  <\/div>\n<\/div>\n\n\n\n<div id=\"block_e3bd07c1ec07459cdb1755887224dfac\" class=\"wp-block-spacer-custom\" aria-hidden=\"true\">\n\n<style media=\"screen\">\n  #block_e3bd07c1ec07459cdb1755887224dfac{\n    clear: both;\n    height: 48px;\n  }\n  @media(max-width: 800px){\n    #block_e3bd07c1ec07459cdb1755887224dfac{\n      height: 24px;\n    }\n  }\n<\/style>\n<\/div>\n","protected":false},"excerpt":{"rendered":"","protected":false},"author":1,"featured_media":1740,"parent":0,"menu_order":101,"comment_status":"closed","ping_status":"closed","template":"","meta":{"_acf_changed":false,"footnotes":""},"class_list":["post-2883","page","type-page","status-publish","has-post-thumbnail","hentry"],"acf":[],"yoast_head":"<!-- This site is optimized with the Yoast SEO Premium plugin v27.2 (Yoast SEO v27.4) - https:\/\/yoast.com\/product\/yoast-seo-premium-wordpress\/ -->\n<title>Vierailijoiden tarkistuslista - Teletorn.ee<\/title>\n<meta name=\"description\" content=\"Teletorn.ee - Vierailijoiden tarkistuslista\" \/>\n<meta name=\"robots\" content=\"index, follow, max-snippet:-1, max-image-preview:large, max-video-preview:-1\" \/>\n<link rel=\"canonical\" href=\"https:\/\/teletorn.ee\/fi\/kulastaja-meelespea\/\" \/>\n<meta property=\"og:locale\" content=\"fi_FI\" \/>\n<meta property=\"og:type\" content=\"article\" \/>\n<meta property=\"og:title\" content=\"Vierailijoiden tarkistuslista\" \/>\n<meta property=\"og:description\" content=\"Teletorn.ee - Vierailijoiden tarkistuslista\" \/>\n<meta property=\"og:url\" content=\"https:\/\/teletorn.ee\/fi\/kulastaja-meelespea\/\" \/>\n<meta property=\"og:site_name\" content=\"Teletorn.ee\" \/>\n<meta property=\"article:modified_time\" content=\"2026-03-17T09:07:28+00:00\" \/>\n<meta property=\"og:image\" content=\"https:\/\/teletorn.ee\/wp-content\/uploads\/2024\/04\/featured-image-1440x400.png\" \/>\n\t<meta property=\"og:image:width\" content=\"1440\" \/>\n\t<meta property=\"og:image:height\" content=\"400\" \/>\n\t<meta property=\"og:image:type\" content=\"image\/png\" \/>\n<meta name=\"twitter:card\" content=\"summary_large_image\" \/>\n<meta name=\"twitter:label1\" content=\"Arvioitu lukuaika\" \/>\n\t<meta name=\"twitter:data1\" content=\"1 minuutti\" \/>\n<script type=\"application\/ld+json\" class=\"yoast-schema-graph\">{\"@context\":\"https:\\\/\\\/schema.org\",\"@graph\":[{\"@type\":\"WebPage\",\"@id\":\"https:\\\/\\\/teletorn.ee\\\/fi\\\/kulastaja-meelespea\\\/\",\"url\":\"https:\\\/\\\/teletorn.ee\\\/fi\\\/kulastaja-meelespea\\\/\",\"name\":\"Vierailijoiden tarkistuslista - Teletorn.ee\",\"isPartOf\":{\"@id\":\"https:\\\/\\\/tt.uptodate.ee\\\/#website\"},\"primaryImageOfPage\":{\"@id\":\"https:\\\/\\\/teletorn.ee\\\/fi\\\/kulastaja-meelespea\\\/#primaryimage\"},\"image\":{\"@id\":\"https:\\\/\\\/teletorn.ee\\\/fi\\\/kulastaja-meelespea\\\/#primaryimage\"},\"thumbnailUrl\":\"https:\\\/\\\/teletorn.ee\\\/wp-content\\\/uploads\\\/2024\\\/04\\\/featured-image.png\",\"datePublished\":\"2024-07-09T13:43:53+00:00\",\"dateModified\":\"2026-03-17T09:07:28+00:00\",\"description\":\"Teletorn.ee - Vierailijoiden tarkistuslista\",\"breadcrumb\":{\"@id\":\"https:\\\/\\\/teletorn.ee\\\/fi\\\/kulastaja-meelespea\\\/#breadcrumb\"},\"inLanguage\":\"fi\",\"potentialAction\":[{\"@type\":\"ReadAction\",\"target\":[\"https:\\\/\\\/teletorn.ee\\\/fi\\\/kulastaja-meelespea\\\/\"]}]},{\"@type\":\"ImageObject\",\"inLanguage\":\"fi\",\"@id\":\"https:\\\/\\\/teletorn.ee\\\/fi\\\/kulastaja-meelespea\\\/#primaryimage\",\"url\":\"https:\\\/\\\/teletorn.ee\\\/wp-content\\\/uploads\\\/2024\\\/04\\\/featured-image.png\",\"contentUrl\":\"https:\\\/\\\/teletorn.ee\\\/wp-content\\\/uploads\\\/2024\\\/04\\\/featured-image.png\",\"width\":2880,\"height\":800,\"caption\":\"Televisiotornin dronekuva t\u00e4ysikokoisena\"},{\"@type\":\"BreadcrumbList\",\"@id\":\"https:\\\/\\\/teletorn.ee\\\/fi\\\/kulastaja-meelespea\\\/#breadcrumb\",\"itemListElement\":[{\"@type\":\"ListItem\",\"position\":1,\"name\":\"Home\",\"item\":\"https:\\\/\\\/teletorn.ee\\\/fi\\\/\"},{\"@type\":\"ListItem\",\"position\":2,\"name\":\"Vierailijoiden tarkistuslista\"}]},{\"@type\":\"WebSite\",\"@id\":\"https:\\\/\\\/tt.uptodate.ee\\\/#website\",\"url\":\"https:\\\/\\\/tt.uptodate.ee\\\/\",\"name\":\"Teletorn.ee\",\"description\":\"\",\"potentialAction\":[{\"@type\":\"SearchAction\",\"target\":{\"@type\":\"EntryPoint\",\"urlTemplate\":\"https:\\\/\\\/tt.uptodate.ee\\\/?s={search_term_string}\"},\"query-input\":{\"@type\":\"PropertyValueSpecification\",\"valueRequired\":true,\"valueName\":\"search_term_string\"}}],\"inLanguage\":\"fi\"}]}<\/script>\n<!-- \/ Yoast SEO Premium plugin. -->","yoast_head_json":{"title":"Vierailijoiden tarkistuslista - Teletorn.ee","description":"Teletorn.ee - Vierailijoiden tarkistuslista","robots":{"index":"index","follow":"follow","max-snippet":"max-snippet:-1","max-image-preview":"max-image-preview:large","max-video-preview":"max-video-preview:-1"},"canonical":"https:\/\/teletorn.ee\/fi\/kulastaja-meelespea\/","og_locale":"fi_FI","og_type":"article","og_title":"Vierailijoiden tarkistuslista","og_description":"Teletorn.ee - Vierailijoiden tarkistuslista","og_url":"https:\/\/teletorn.ee\/fi\/kulastaja-meelespea\/","og_site_name":"Teletorn.ee","article_modified_time":"2026-03-17T09:07:28+00:00","og_image":[{"width":1440,"height":400,"url":"https:\/\/teletorn.ee\/wp-content\/uploads\/2024\/04\/featured-image-1440x400.png","type":"image\/png"}],"twitter_card":"summary_large_image","twitter_misc":{"Arvioitu lukuaika":"1 minuutti"},"schema":{"@context":"https:\/\/schema.org","@graph":[{"@type":"WebPage","@id":"https:\/\/teletorn.ee\/fi\/kulastaja-meelespea\/","url":"https:\/\/teletorn.ee\/fi\/kulastaja-meelespea\/","name":"Vierailijoiden tarkistuslista - Teletorn.ee","isPartOf":{"@id":"https:\/\/tt.uptodate.ee\/#website"},"primaryImageOfPage":{"@id":"https:\/\/teletorn.ee\/fi\/kulastaja-meelespea\/#primaryimage"},"image":{"@id":"https:\/\/teletorn.ee\/fi\/kulastaja-meelespea\/#primaryimage"},"thumbnailUrl":"https:\/\/teletorn.ee\/wp-content\/uploads\/2024\/04\/featured-image.png","datePublished":"2024-07-09T13:43:53+00:00","dateModified":"2026-03-17T09:07:28+00:00","description":"Teletorn.ee - Vierailijoiden tarkistuslista","breadcrumb":{"@id":"https:\/\/teletorn.ee\/fi\/kulastaja-meelespea\/#breadcrumb"},"inLanguage":"fi","potentialAction":[{"@type":"ReadAction","target":["https:\/\/teletorn.ee\/fi\/kulastaja-meelespea\/"]}]},{"@type":"ImageObject","inLanguage":"fi","@id":"https:\/\/teletorn.ee\/fi\/kulastaja-meelespea\/#primaryimage","url":"https:\/\/teletorn.ee\/wp-content\/uploads\/2024\/04\/featured-image.png","contentUrl":"https:\/\/teletorn.ee\/wp-content\/uploads\/2024\/04\/featured-image.png","width":2880,"height":800,"caption":"Televisiotornin dronekuva t\u00e4ysikokoisena"},{"@type":"BreadcrumbList","@id":"https:\/\/teletorn.ee\/fi\/kulastaja-meelespea\/#breadcrumb","itemListElement":[{"@type":"ListItem","position":1,"name":"Home","item":"https:\/\/teletorn.ee\/fi\/"},{"@type":"ListItem","position":2,"name":"Vierailijoiden tarkistuslista"}]},{"@type":"WebSite","@id":"https:\/\/tt.uptodate.ee\/#website","url":"https:\/\/tt.uptodate.ee\/","name":"Teletorn.ee","description":"","potentialAction":[{"@type":"SearchAction","target":{"@type":"EntryPoint","urlTemplate":"https:\/\/tt.uptodate.ee\/?s={search_term_string}"},"query-input":{"@type":"PropertyValueSpecification","valueRequired":true,"valueName":"search_term_string"}}],"inLanguage":"fi"}]}},"_links":{"self":[{"href":"https:\/\/teletorn.ee\/fi\/wp-json\/wp\/v2\/pages\/2883","targetHints":{"allow":["GET"]}}],"collection":[{"href":"https:\/\/teletorn.ee\/fi\/wp-json\/wp\/v2\/pages"}],"about":[{"href":"https:\/\/teletorn.ee\/fi\/wp-json\/wp\/v2\/types\/page"}],"author":[{"embeddable":true,"href":"https:\/\/teletorn.ee\/fi\/wp-json\/wp\/v2\/users\/1"}],"replies":[{"embeddable":true,"href":"https:\/\/teletorn.ee\/fi\/wp-json\/wp\/v2\/comments?post=2883"}],"version-history":[{"count":3,"href":"https:\/\/teletorn.ee\/fi\/wp-json\/wp\/v2\/pages\/2883\/revisions"}],"predecessor-version":[{"id":12794,"href":"https:\/\/teletorn.ee\/fi\/wp-json\/wp\/v2\/pages\/2883\/revisions\/12794"}],"wp:featuredmedia":[{"embeddable":true,"href":"https:\/\/teletorn.ee\/fi\/wp-json\/wp\/v2\/media\/1740"}],"wp:attachment":[{"href":"https:\/\/teletorn.ee\/fi\/wp-json\/wp\/v2\/media?parent=2883"}],"curies":[{"name":"wp","href":"https:\/\/api.w.org\/{rel}","templated":true}]}}