{"id":2968,"date":"2024-07-14T14:07:10","date_gmt":"2024-07-14T11:07:10","guid":{"rendered":"https:\/\/tt.uptodate.ee\/broneeri-grupikulastus\/"},"modified":"2024-07-31T15:37:22","modified_gmt":"2024-07-31T12:37:22","slug":"rekisteroi-ryhmavierailu","status":"publish","type":"page","link":"https:\/\/teletorn.ee\/fi\/rekisteroi-ryhmavierailu\/","title":{"rendered":"Rekister\u00f6i ryhm\u00e4vierailu"},"content":{"rendered":"\n<div id=\"block_7e7b1ebb168d2b78fa76e2570525dbd1\" class=\"narrow-text-block with-inner-padding\" aria-hidden=\"true\">\n  <div class=\"wrap \">\n    <div class=\"wrap-inner\">\n      <h1 style=\"text-align: center;\">Rekister\u00f6i ryhm\u00e4vierailu<\/h1>\n\n<div class=\"wpcf7 no-js\" id=\"wpcf7-f2963-o1\" lang=\"et\" dir=\"ltr\" data-wpcf7-id=\"2963\">\n<div class=\"screen-reader-response\"><p role=\"status\" aria-live=\"polite\" aria-atomic=\"true\"><\/p> <ul><\/ul><\/div>\n<form action=\"\/fi\/wp-json\/wp\/v2\/pages\/2968#wpcf7-f2963-o1\" method=\"post\" class=\"wpcf7-form init\" aria-label=\"Contact form\" novalidate=\"novalidate\" data-status=\"init\">\n<fieldset class=\"hidden-fields-container\"><input type=\"hidden\" name=\"_wpcf7\" value=\"2963\" \/><input type=\"hidden\" name=\"_wpcf7_version\" value=\"6.1.5\" \/><input type=\"hidden\" name=\"_wpcf7_locale\" value=\"et\" \/><input type=\"hidden\" name=\"_wpcf7_unit_tag\" value=\"wpcf7-f2963-o1\" \/><input type=\"hidden\" name=\"_wpcf7_container_post\" value=\"0\" \/><input type=\"hidden\" name=\"_wpcf7_posted_data_hash\" value=\"\" \/><input type=\"hidden\" name=\"_wpcf7_recaptcha_response\" value=\"\" \/>\n<\/fieldset>\n<div class=\"contact-form-wrapper\">\n\t<div class=\"contact-form-row\">\n\t\t<div class=\"contact-form-column\">\n\t\t\t<p><strong>Yhteystiedot<\/strong>\n\t\t\t<\/p>\n\t\t<\/div>\n\t<\/div><!-- contact-form-row -->\n\t<div class=\"contact-form-row form-two-col\">\n\t\t<div class=\"contact-form-column\">\n\t\t\t<p><label>Nimi*<\/label><br \/>\n<span class=\"wpcf7-form-control-wrap\" data-name=\"your-name\"><input size=\"40\" maxlength=\"400\" class=\"wpcf7-form-control wpcf7-text wpcf7-validates-as-required\" aria-required=\"true\" aria-invalid=\"false\" value=\"\" type=\"text\" name=\"your-name\" \/><\/span>\n\t\t\t<\/p>\n\t\t<\/div>\n\t\t<div class=\"contact-form-column\">\n\t\t\t<p><label>Yrityksen nimi<\/label><br \/>\n<span class=\"wpcf7-form-control-wrap\" data-name=\"your-company\"><input size=\"40\" maxlength=\"400\" class=\"wpcf7-form-control wpcf7-text\" aria-invalid=\"false\" value=\"\" type=\"text\" name=\"your-company\" \/><\/span>\n\t\t\t<\/p>\n\t\t<\/div>\n\t<\/div><!-- contact-form-row -->\n\t<div class=\"contact-form-row form-two-col\">\n\t\t<div class=\"contact-form-column\">\n\t\t\t<p><label>S\u00e4hk\u00f6postiosoite*<\/label><br \/>\n<span class=\"wpcf7-form-control-wrap\" data-name=\"your-email\"><input size=\"40\" maxlength=\"400\" class=\"wpcf7-form-control wpcf7-email wpcf7-validates-as-required wpcf7-text wpcf7-validates-as-email\" aria-required=\"true\" aria-invalid=\"false\" value=\"\" type=\"email\" name=\"your-email\" \/><\/span>\n\t\t\t<\/p>\n\t\t<\/div>\n\t\t<div class=\"contact-form-column\">\n\t\t\t<p><label>Puhelin*<\/label><br \/>\n<span class=\"wpcf7-form-control-wrap\" data-name=\"telefon\"><input size=\"40\" maxlength=\"400\" class=\"wpcf7-form-control wpcf7-text wpcf7-validates-as-required\" aria-required=\"true\" aria-invalid=\"false\" value=\"\" type=\"text\" name=\"telefon\" \/><\/span>\n\t\t\t<\/p>\n\t\t<\/div>\n\t<\/div><!-- contact-form-row -->\n\t<div class=\"contact-form-row form-two-col\">\n\t\t<div class=\"contact-form-column\">\n\t\t\t<p><label>P\u00e4iv\u00e4m\u00e4\u00e4r\u00e4*<\/label><br \/>\n<span class=\"wpcf7-form-control-wrap\" data-name=\"kuupaev\"><input size=\"40\" maxlength=\"400\" class=\"wpcf7-form-control wpcf7-text wpcf7-validates-as-required\" aria-required=\"true\" aria-invalid=\"false\" value=\"\" type=\"text\" name=\"kuupaev\" \/><\/span>\n\t\t\t<\/p>\n\t\t<\/div>\n\t\t<div class=\"contact-form-column\">\n\t\t\t<p><label>Aika*<\/label><br \/>\n<span class=\"wpcf7-form-control-wrap\" data-name=\"kell\"><input size=\"40\" maxlength=\"400\" class=\"wpcf7-form-control wpcf7-text wpcf7-validates-as-required\" aria-required=\"true\" aria-invalid=\"false\" value=\"\" type=\"text\" name=\"kell\" \/><\/span>\n\t\t\t<\/p>\n\t\t<\/div>\n\t<\/div><!-- contact-form-row -->\n\t<div class=\"contact-form-row\">\n\t\t<div class=\"contact-form-column\">\n\t\t\t<p><label>Ryhm\u00e4koko*<\/label><br \/>\n<span class=\"wpcf7-form-control-wrap\" data-name=\"grupi-suurus\"><input size=\"40\" maxlength=\"400\" class=\"wpcf7-form-control wpcf7-text wpcf7-validates-as-required\" aria-required=\"true\" aria-invalid=\"false\" value=\"\" type=\"text\" name=\"grupi-suurus\" \/><\/span>\n\t\t\t<\/p>\n\t\t<\/div>\n\t<\/div><!-- contact-form-row -->\n\t<div class=\"contact-form-row\">\n\t\t<div class=\"contact-form-column\">\n\t\t\t<p><strong>Lis\u00e4toiveet<\/strong>\n\t\t\t<\/p>\n\t\t<\/div>\n\t<\/div><!-- contact-form-row -->\n\t<div class=\"contact-form-row\">\n\t\t<div class=\"contact-form-column\">\n\t\t\t<p><span class=\"wpcf7-form-control-wrap\" data-name=\"programm\"><span class=\"wpcf7-form-control wpcf7-checkbox\"><span class=\"wpcf7-list-item first\"><label><input type=\"checkbox\" name=\"programm[]\" value=\"Tarjoilut\" \/><span class=\"wpcf7-list-item-label\">Tarjoilut<\/span><\/label><\/span><span class=\"wpcf7-list-item\"><label><input type=\"checkbox\" name=\"programm[]\" value=\"TV-tornin esittely (49 \u20ac\/30 min)\" \/><span class=\"wpcf7-list-item-label\">TV-tornin esittely (49 \u20ac\/30 min)<\/span><\/label><\/span><span class=\"wpcf7-list-item\"><label><input type=\"checkbox\" name=\"programm[]\" value=\"Opastus (90 \u20ac\/1 h)\" \/><span class=\"wpcf7-list-item-label\">Opastus (90 \u20ac\/1 h)<\/span><\/label><\/span><span class=\"wpcf7-list-item\"><label><input type=\"checkbox\" name=\"programm[]\" value=\"VR lento (7 \u20ac\/lento)\" \/><span class=\"wpcf7-list-item-label\">VR lento (7 \u20ac\/lento)<\/span><\/label><\/span><span class=\"wpcf7-list-item\"><label><input type=\"checkbox\" name=\"programm[]\" value=\"Valokuvausboksi (3 \u20ac\/kuva)\" \/><span class=\"wpcf7-list-item-label\">Valokuvausboksi (3 \u20ac\/kuva)<\/span><\/label><\/span><span class=\"wpcf7-list-item last\"><label><input type=\"checkbox\" name=\"programm[]\" value=\"Ylim\u00e4\u00e4r\u00e4iset aktiviteetit (haluaisin lis\u00e4tietoja mahdollisista aktiviteeteista)\" \/><span class=\"wpcf7-list-item-label\">Ylim\u00e4\u00e4r\u00e4iset aktiviteetit (haluaisin lis\u00e4tietoja mahdollisista aktiviteeteista)<\/span><\/label><\/span><\/span><\/span>\n\t\t\t<\/p>\n\t\t<\/div>\n\t<\/div><!-- contact-form-row -->\n\t<div class=\"contact-form-row\">\n\t\t<div class=\"contact-form-column\">\n\t\t\t<p><strong>Lis\u00e4kommentit<\/strong>\n\t\t\t<\/p>\n\t\t<\/div>\n\t<\/div><!-- contact-form-row -->\n\t<div class=\"contact-form-row\">\n\t\t<div class=\"contact-form-column\">\n\t\t\t<p><span class=\"wpcf7-form-control-wrap\" data-name=\"lisakommentaarid\"><textarea cols=\"40\" rows=\"10\" maxlength=\"2000\" class=\"wpcf7-form-control wpcf7-textarea\" aria-invalid=\"false\" name=\"lisakommentaarid\"><\/textarea><\/span>\n\t\t\t<\/p>\n\t\t<\/div>\n\t<\/div><!-- contact-form-row -->\n\t<div class=\"contact-form-row\">\n\t<input class=\"wpcf7-form-control wpcf7-hidden\" value=\"Grupik\u00fclastused vorm\" type=\"hidden\" name=\"your-subject\" \/>\n\t\t<p><input class=\"wpcf7-form-control wpcf7-submit has-spinner blue-btn\" type=\"submit\" value=\"L\u00e4het\u00e4\" \/>\n\t\t<\/p>\n\t<\/div><!-- contact-form-row -->\n<\/div><div class=\"wpcf7-response-output\" aria-hidden=\"true\"><\/div>\n<\/form>\n<\/div>\n\n    <\/div>\n  <\/div>\n<\/div>\n","protected":false},"excerpt":{"rendered":"","protected":false},"author":7,"featured_media":0,"parent":0,"menu_order":35,"comment_status":"closed","ping_status":"closed","template":"","meta":{"_acf_changed":false,"footnotes":""},"class_list":["post-2968","page","type-page","status-publish","hentry"],"acf":[],"yoast_head":"<!-- This site is optimized with the Yoast SEO Premium plugin v27.2 (Yoast SEO v27.4) - https:\/\/yoast.com\/product\/yoast-seo-premium-wordpress\/ -->\n<title>Rekister\u00f6i ryhm\u00e4vierailu - Teletorn.ee<\/title>\n<meta name=\"description\" content=\"Teletorn.ee - Rekister\u00f6i ryhm\u00e4vierailu\" \/>\n<meta name=\"robots\" content=\"index, follow, max-snippet:-1, max-image-preview:large, max-video-preview:-1\" \/>\n<link rel=\"canonical\" href=\"https:\/\/teletorn.ee\/fi\/rekisteroi-ryhmavierailu\/\" \/>\n<meta property=\"og:locale\" content=\"fi_FI\" \/>\n<meta property=\"og:type\" content=\"article\" \/>\n<meta property=\"og:title\" content=\"Rekister\u00f6i ryhm\u00e4vierailu\" \/>\n<meta property=\"og:description\" content=\"Teletorn.ee - Rekister\u00f6i ryhm\u00e4vierailu\" \/>\n<meta property=\"og:url\" content=\"https:\/\/teletorn.ee\/fi\/rekisteroi-ryhmavierailu\/\" \/>\n<meta property=\"og:site_name\" content=\"Teletorn.ee\" \/>\n<meta property=\"article:modified_time\" content=\"2024-07-31T12:37:22+00:00\" \/>\n<meta name=\"twitter:card\" content=\"summary_large_image\" \/>\n<script type=\"application\/ld+json\" class=\"yoast-schema-graph\">{\"@context\":\"https:\\\/\\\/schema.org\",\"@graph\":[{\"@type\":\"WebPage\",\"@id\":\"https:\\\/\\\/teletorn.ee\\\/fi\\\/rekisteroi-ryhmavierailu\\\/\",\"url\":\"https:\\\/\\\/teletorn.ee\\\/fi\\\/rekisteroi-ryhmavierailu\\\/\",\"name\":\"Rekister\u00f6i ryhm\u00e4vierailu - Teletorn.ee\",\"isPartOf\":{\"@id\":\"https:\\\/\\\/tt.uptodate.ee\\\/#website\"},\"datePublished\":\"2024-07-14T11:07:10+00:00\",\"dateModified\":\"2024-07-31T12:37:22+00:00\",\"description\":\"Teletorn.ee - Rekister\u00f6i ryhm\u00e4vierailu\",\"breadcrumb\":{\"@id\":\"https:\\\/\\\/teletorn.ee\\\/fi\\\/rekisteroi-ryhmavierailu\\\/#breadcrumb\"},\"inLanguage\":\"fi\",\"potentialAction\":[{\"@type\":\"ReadAction\",\"target\":[\"https:\\\/\\\/teletorn.ee\\\/fi\\\/rekisteroi-ryhmavierailu\\\/\"]}]},{\"@type\":\"BreadcrumbList\",\"@id\":\"https:\\\/\\\/teletorn.ee\\\/fi\\\/rekisteroi-ryhmavierailu\\\/#breadcrumb\",\"itemListElement\":[{\"@type\":\"ListItem\",\"position\":1,\"name\":\"Home\",\"item\":\"https:\\\/\\\/teletorn.ee\\\/fi\\\/\"},{\"@type\":\"ListItem\",\"position\":2,\"name\":\"Rekister\u00f6i ryhm\u00e4vierailu\"}]},{\"@type\":\"WebSite\",\"@id\":\"https:\\\/\\\/tt.uptodate.ee\\\/#website\",\"url\":\"https:\\\/\\\/tt.uptodate.ee\\\/\",\"name\":\"Teletorn.ee\",\"description\":\"\",\"potentialAction\":[{\"@type\":\"SearchAction\",\"target\":{\"@type\":\"EntryPoint\",\"urlTemplate\":\"https:\\\/\\\/tt.uptodate.ee\\\/?s={search_term_string}\"},\"query-input\":{\"@type\":\"PropertyValueSpecification\",\"valueRequired\":true,\"valueName\":\"search_term_string\"}}],\"inLanguage\":\"fi\"}]}<\/script>\n<!-- \/ Yoast SEO Premium plugin. -->","yoast_head_json":{"title":"Rekister\u00f6i ryhm\u00e4vierailu - Teletorn.ee","description":"Teletorn.ee - Rekister\u00f6i ryhm\u00e4vierailu","robots":{"index":"index","follow":"follow","max-snippet":"max-snippet:-1","max-image-preview":"max-image-preview:large","max-video-preview":"max-video-preview:-1"},"canonical":"https:\/\/teletorn.ee\/fi\/rekisteroi-ryhmavierailu\/","og_locale":"fi_FI","og_type":"article","og_title":"Rekister\u00f6i ryhm\u00e4vierailu","og_description":"Teletorn.ee - Rekister\u00f6i ryhm\u00e4vierailu","og_url":"https:\/\/teletorn.ee\/fi\/rekisteroi-ryhmavierailu\/","og_site_name":"Teletorn.ee","article_modified_time":"2024-07-31T12:37:22+00:00","twitter_card":"summary_large_image","schema":{"@context":"https:\/\/schema.org","@graph":[{"@type":"WebPage","@id":"https:\/\/teletorn.ee\/fi\/rekisteroi-ryhmavierailu\/","url":"https:\/\/teletorn.ee\/fi\/rekisteroi-ryhmavierailu\/","name":"Rekister\u00f6i ryhm\u00e4vierailu - Teletorn.ee","isPartOf":{"@id":"https:\/\/tt.uptodate.ee\/#website"},"datePublished":"2024-07-14T11:07:10+00:00","dateModified":"2024-07-31T12:37:22+00:00","description":"Teletorn.ee - Rekister\u00f6i ryhm\u00e4vierailu","breadcrumb":{"@id":"https:\/\/teletorn.ee\/fi\/rekisteroi-ryhmavierailu\/#breadcrumb"},"inLanguage":"fi","potentialAction":[{"@type":"ReadAction","target":["https:\/\/teletorn.ee\/fi\/rekisteroi-ryhmavierailu\/"]}]},{"@type":"BreadcrumbList","@id":"https:\/\/teletorn.ee\/fi\/rekisteroi-ryhmavierailu\/#breadcrumb","itemListElement":[{"@type":"ListItem","position":1,"name":"Home","item":"https:\/\/teletorn.ee\/fi\/"},{"@type":"ListItem","position":2,"name":"Rekister\u00f6i ryhm\u00e4vierailu"}]},{"@type":"WebSite","@id":"https:\/\/tt.uptodate.ee\/#website","url":"https:\/\/tt.uptodate.ee\/","name":"Teletorn.ee","description":"","potentialAction":[{"@type":"SearchAction","target":{"@type":"EntryPoint","urlTemplate":"https:\/\/tt.uptodate.ee\/?s={search_term_string}"},"query-input":{"@type":"PropertyValueSpecification","valueRequired":true,"valueName":"search_term_string"}}],"inLanguage":"fi"}]}},"_links":{"self":[{"href":"https:\/\/teletorn.ee\/fi\/wp-json\/wp\/v2\/pages\/2968","targetHints":{"allow":["GET"]}}],"collection":[{"href":"https:\/\/teletorn.ee\/fi\/wp-json\/wp\/v2\/pages"}],"about":[{"href":"https:\/\/teletorn.ee\/fi\/wp-json\/wp\/v2\/types\/page"}],"author":[{"embeddable":true,"href":"https:\/\/teletorn.ee\/fi\/wp-json\/wp\/v2\/users\/7"}],"replies":[{"embeddable":true,"href":"https:\/\/teletorn.ee\/fi\/wp-json\/wp\/v2\/comments?post=2968"}],"version-history":[{"count":1,"href":"https:\/\/teletorn.ee\/fi\/wp-json\/wp\/v2\/pages\/2968\/revisions"}],"predecessor-version":[{"id":5339,"href":"https:\/\/teletorn.ee\/fi\/wp-json\/wp\/v2\/pages\/2968\/revisions\/5339"}],"wp:attachment":[{"href":"https:\/\/teletorn.ee\/fi\/wp-json\/wp\/v2\/media?parent=2968"}],"curies":[{"name":"wp","href":"https:\/\/api.w.org\/{rel}","templated":true}]}}