{"id":2981,"date":"2024-07-14T14:22:01","date_gmt":"2024-07-14T11:22:01","guid":{"rendered":"https:\/\/tt.uptodate.ee\/broneeri-joulupaketid-ettevotetele\/"},"modified":"2024-07-31T15:37:50","modified_gmt":"2024-07-31T12:37:50","slug":"varaa-joulupaketit-yrityksille","status":"publish","type":"page","link":"https:\/\/teletorn.ee\/fi\/varaa-joulupaketit-yrityksille\/","title":{"rendered":"Varaa joulupaketit yrityksille"},"content":{"rendered":"\n<div id=\"block_72d64e4282f1b0fba8c71d80533aca97\" class=\"narrow-text-block with-inner-padding\" aria-hidden=\"true\">\n  <div class=\"wrap \">\n    <div class=\"wrap-inner\">\n      <h1 style=\"text-align: center;\">Kysy tarjousta<\/h1>\n\n<div class=\"wpcf7 no-js\" id=\"wpcf7-f2986-o1\" lang=\"et\" dir=\"ltr\" data-wpcf7-id=\"2986\">\n<div class=\"screen-reader-response\"><p role=\"status\" aria-live=\"polite\" aria-atomic=\"true\"><\/p> <ul><\/ul><\/div>\n<form action=\"\/fi\/wp-json\/wp\/v2\/pages\/2981#wpcf7-f2986-o1\" method=\"post\" class=\"wpcf7-form init\" aria-label=\"Contact form\" novalidate=\"novalidate\" data-status=\"init\">\n<fieldset class=\"hidden-fields-container\"><input type=\"hidden\" name=\"_wpcf7\" value=\"2986\" \/><input type=\"hidden\" name=\"_wpcf7_version\" value=\"6.1.5\" \/><input type=\"hidden\" name=\"_wpcf7_locale\" value=\"et\" \/><input type=\"hidden\" name=\"_wpcf7_unit_tag\" value=\"wpcf7-f2986-o1\" \/><input type=\"hidden\" name=\"_wpcf7_container_post\" value=\"0\" \/><input type=\"hidden\" name=\"_wpcf7_posted_data_hash\" value=\"\" \/><input type=\"hidden\" name=\"_wpcf7_recaptcha_response\" value=\"\" \/>\n<\/fieldset>\n<div class=\"contact-form-wrapper\">\n\t<div class=\"contact-form-row\">\n\t\t<div class=\"contact-form-column\">\n\t\t\t<p><strong>Yhteystiedot<\/strong>\n\t\t\t<\/p>\n\t\t<\/div>\n\t<\/div><!-- contact-form-row -->\n\t<div class=\"contact-form-row form-two-col\">\n\t\t<div class=\"contact-form-column\">\n\t\t\t<p><label>Nimi*<\/label><br \/>\n<span class=\"wpcf7-form-control-wrap\" data-name=\"your-name\"><input size=\"40\" maxlength=\"400\" class=\"wpcf7-form-control wpcf7-text wpcf7-validates-as-required\" aria-required=\"true\" aria-invalid=\"false\" value=\"\" type=\"text\" name=\"your-name\" \/><\/span>\n\t\t\t<\/p>\n\t\t<\/div>\n\t\t<div class=\"contact-form-column\">\n\t\t\t<p><label>Yrityksen nimi<\/label><br \/>\n<span class=\"wpcf7-form-control-wrap\" data-name=\"your-company\"><input size=\"40\" maxlength=\"400\" class=\"wpcf7-form-control wpcf7-text\" aria-invalid=\"false\" value=\"\" type=\"text\" name=\"your-company\" \/><\/span>\n\t\t\t<\/p>\n\t\t<\/div>\n\t<\/div><!-- contact-form-row -->\n\t<div class=\"contact-form-row form-two-col\">\n\t\t<div class=\"contact-form-column\">\n\t\t\t<p><label>S\u00e4hk\u00f6posti*<\/label><br \/>\n<span class=\"wpcf7-form-control-wrap\" data-name=\"your-email\"><input size=\"40\" maxlength=\"400\" class=\"wpcf7-form-control wpcf7-email wpcf7-validates-as-required wpcf7-text wpcf7-validates-as-email\" aria-required=\"true\" aria-invalid=\"false\" value=\"\" type=\"email\" name=\"your-email\" \/><\/span>\n\t\t\t<\/p>\n\t\t<\/div>\n\t\t<div class=\"contact-form-column\">\n\t\t\t<p><label>Puhelin*<\/label><br \/>\n<span class=\"wpcf7-form-control-wrap\" data-name=\"telefon\"><input size=\"40\" maxlength=\"400\" class=\"wpcf7-form-control wpcf7-text wpcf7-validates-as-required\" aria-required=\"true\" aria-invalid=\"false\" value=\"\" type=\"text\" name=\"telefon\" \/><\/span>\n\t\t\t<\/p>\n\t\t<\/div>\n\t<\/div><!-- contact-form-row -->\n\t<div class=\"contact-form-row form-two-col\">\n\t\t<div class=\"contact-form-column\">\n\t\t\t<p><label>P\u00e4iv\u00e4m\u00e4\u00e4r\u00e4*<\/label><br \/>\n<span class=\"wpcf7-form-control-wrap\" data-name=\"kuupaev\"><input size=\"40\" maxlength=\"400\" class=\"wpcf7-form-control wpcf7-text wpcf7-validates-as-required\" aria-required=\"true\" aria-invalid=\"false\" value=\"\" type=\"text\" name=\"kuupaev\" \/><\/span>\n\t\t\t<\/p>\n\t\t<\/div>\n\t\t<div class=\"contact-form-column\">\n\t\t\t<p><label>Tapahtuman kesto tunneissa*<\/label><br \/>\n<span class=\"wpcf7-form-control-wrap\" data-name=\"kell\"><input size=\"40\" maxlength=\"400\" class=\"wpcf7-form-control wpcf7-text wpcf7-validates-as-required\" aria-required=\"true\" aria-invalid=\"false\" value=\"\" type=\"text\" name=\"kell\" \/><\/span>\n\t\t\t<\/p>\n\t\t<\/div>\n\t<\/div><!-- contact-form-row -->\n\t<div class=\"contact-form-row\">\n\t\t<div class=\"contact-form-column\">\n\t\t\t<p><label>Ryhm\u00e4koko*<\/label><br \/>\n<span class=\"wpcf7-form-control-wrap\" data-name=\"grupi-suurus\"><input size=\"40\" maxlength=\"400\" class=\"wpcf7-form-control wpcf7-text wpcf7-validates-as-required\" aria-required=\"true\" aria-invalid=\"false\" value=\"\" type=\"text\" name=\"grupi-suurus\" \/><\/span>\n\t\t\t<\/p>\n\t\t<\/div>\n\t<\/div><!-- contact-form-row -->\n\t<div class=\"contact-form-row\">\n\t\t<div class=\"contact-form-column\">\n\t\t\t<p><label>Kieli*<\/label><br \/>\n<span class=\"wpcf7-form-control-wrap\" data-name=\"keel\"><input size=\"40\" maxlength=\"400\" class=\"wpcf7-form-control wpcf7-text wpcf7-validates-as-required\" aria-required=\"true\" aria-invalid=\"false\" value=\"\" type=\"text\" name=\"keel\" \/><\/span>\n\t\t\t<\/p>\n\t\t<\/div>\n\t<\/div><!-- contact-form-row -->\n\t<div class=\"contact-form-row\">\n\t\t<div class=\"contact-form-column\">\n\t\t\t<p><strong>Lis\u00e4toiveet*<\/strong>\n\t\t\t<\/p>\n\t\t<\/div>\n\t<\/div><!-- contact-form-row -->\n\t<div class=\"contact-form-row\">\n\t\t<div class=\"contact-form-column\">\n\t\t\t<p><span class=\"wpcf7-form-control-wrap\" data-name=\"extras\"><span class=\"wpcf7-form-control wpcf7-checkbox wpcf7-validates-as-required\"><span class=\"wpcf7-list-item first\"><label><input type=\"checkbox\" name=\"extras[]\" value=\"LEGO-ty\u00f6paja yritystiimeille Tallinnan TV-tornissa\" \/><span class=\"wpcf7-list-item-label\">LEGO-ty\u00f6paja yritystiimeille Tallinnan TV-tornissa<\/span><\/label><\/span><span class=\"wpcf7-list-item\"><label><input type=\"checkbox\" name=\"extras[]\" value=\"Viininmaistelu ty\u00f6paja Tallinnan TV-tornissa 175 metrin korkeudessa\" \/><span class=\"wpcf7-list-item-label\">Viininmaistelu ty\u00f6paja Tallinnan TV-tornissa 175 metrin korkeudessa<\/span><\/label><\/span><span class=\"wpcf7-list-item\"><label><input type=\"checkbox\" name=\"extras[]\" value=\"Piparkakkujen maalaus jouluty\u00f6pajassa Tallinnassa\" \/><span class=\"wpcf7-list-item-label\">Piparkakkujen maalaus jouluty\u00f6pajassa Tallinnassa<\/span><\/label><\/span><span class=\"wpcf7-list-item\"><label><input type=\"checkbox\" name=\"extras[]\" value=\"Sammalkuvaty\u00f6paja yrityksille Tallinnan TV-tornissa\" \/><span class=\"wpcf7-list-item-label\">Sammalkuvaty\u00f6paja yrityksille Tallinnan TV-tornissa<\/span><\/label><\/span><span class=\"wpcf7-list-item\"><label><input type=\"checkbox\" name=\"extras[]\" value=\"Joulukranssity\u00f6paja yritystiimeille Tallinnan TV-tornissa\" \/><span class=\"wpcf7-list-item-label\">Joulukranssity\u00f6paja yritystiimeille Tallinnan TV-tornissa<\/span><\/label><\/span><span class=\"wpcf7-list-item\"><label><input type=\"checkbox\" name=\"extras[]\" value=\"Ty\u00f6paja &#039;Uusi el\u00e4m\u00e4 vanhoille T-paidoille&#039;\" \/><span class=\"wpcf7-list-item-label\">Ty\u00f6paja &#039;Uusi el\u00e4m\u00e4 vanhoille T-paidoille&#039;<\/span><\/label><\/span><span class=\"wpcf7-list-item\"><label><input type=\"checkbox\" name=\"extras[]\" value=\"Tarjoilut\" \/><span class=\"wpcf7-list-item-label\">Tarjoilut<\/span><\/label><\/span><span class=\"wpcf7-list-item\"><label><input type=\"checkbox\" name=\"extras[]\" value=\"Joululahjat\" \/><span class=\"wpcf7-list-item-label\">Joululahjat<\/span><\/label><\/span><span class=\"wpcf7-list-item last\"><label><input type=\"checkbox\" name=\"extras[]\" value=\"Joulupukki\" \/><span class=\"wpcf7-list-item-label\">Joulupukki<\/span><\/label><\/span><\/span><\/span>\n\t\t\t<\/p>\n\t\t<\/div>\n\t<\/div><!-- contact-form-row -->\n\t<div class=\"contact-form-row\">\n\t\t<div class=\"contact-form-column\">\n\t\t\t<p><strong>Lis\u00e4kommentit<\/strong>\n\t\t\t<\/p>\n\t\t<\/div>\n\t<\/div><!-- contact-form-row -->\n\t<div class=\"contact-form-row\">\n\t\t<div class=\"contact-form-column\">\n\t\t\t<p><span class=\"wpcf7-form-control-wrap\" data-name=\"lisakommentaarid\"><textarea cols=\"40\" rows=\"10\" maxlength=\"2000\" class=\"wpcf7-form-control wpcf7-textarea\" aria-invalid=\"false\" name=\"lisakommentaarid\"><\/textarea><\/span>\n\t\t\t<\/p>\n\t\t<\/div>\n\t<\/div><!-- contact-form-row -->\n\t<div class=\"contact-form-row\">\n\t<input class=\"wpcf7-form-control wpcf7-hidden\" value=\"Teletorni j\u00f5ulupaketid ettev\u00f5tetele\" type=\"hidden\" name=\"your-subject\" \/>\n\t\t<p><input class=\"wpcf7-form-control wpcf7-submit has-spinner blue-btn\" type=\"submit\" value=\"L\u00e4het\u00e4\" \/>\n\t\t<\/p>\n\t<\/div><!-- contact-form-row -->\n<\/div><div class=\"wpcf7-response-output\" aria-hidden=\"true\"><\/div>\n<\/form>\n<\/div>\n\n    <\/div>\n  <\/div>\n<\/div>\n","protected":false},"excerpt":{"rendered":"","protected":false},"author":7,"featured_media":0,"parent":0,"menu_order":39,"comment_status":"closed","ping_status":"closed","template":"","meta":{"_acf_changed":false,"footnotes":""},"class_list":["post-2981","page","type-page","status-publish","hentry"],"acf":[],"yoast_head":"<!-- This site is optimized with the Yoast SEO Premium plugin v27.2 (Yoast SEO v27.4) - https:\/\/yoast.com\/product\/yoast-seo-premium-wordpress\/ -->\n<title>Varaa joulupaketit yrityksille - Teletorn.ee<\/title>\n<meta name=\"description\" content=\"Teletorn.ee - Varaa joulupaketit yrityksille\" \/>\n<meta name=\"robots\" content=\"index, follow, max-snippet:-1, max-image-preview:large, max-video-preview:-1\" \/>\n<link rel=\"canonical\" href=\"https:\/\/teletorn.ee\/fi\/varaa-joulupaketit-yrityksille\/\" \/>\n<meta property=\"og:locale\" content=\"fi_FI\" \/>\n<meta property=\"og:type\" content=\"article\" \/>\n<meta property=\"og:title\" content=\"Varaa joulupaketit yrityksille\" \/>\n<meta property=\"og:description\" content=\"Teletorn.ee - Varaa joulupaketit yrityksille\" \/>\n<meta property=\"og:url\" content=\"https:\/\/teletorn.ee\/fi\/varaa-joulupaketit-yrityksille\/\" \/>\n<meta property=\"og:site_name\" content=\"Teletorn.ee\" \/>\n<meta property=\"article:modified_time\" content=\"2024-07-31T12:37:50+00:00\" \/>\n<meta name=\"twitter:card\" content=\"summary_large_image\" \/>\n<script type=\"application\/ld+json\" class=\"yoast-schema-graph\">{\"@context\":\"https:\\\/\\\/schema.org\",\"@graph\":[{\"@type\":\"WebPage\",\"@id\":\"https:\\\/\\\/teletorn.ee\\\/fi\\\/varaa-joulupaketit-yrityksille\\\/\",\"url\":\"https:\\\/\\\/teletorn.ee\\\/fi\\\/varaa-joulupaketit-yrityksille\\\/\",\"name\":\"Varaa joulupaketit yrityksille - Teletorn.ee\",\"isPartOf\":{\"@id\":\"https:\\\/\\\/tt.uptodate.ee\\\/#website\"},\"datePublished\":\"2024-07-14T11:22:01+00:00\",\"dateModified\":\"2024-07-31T12:37:50+00:00\",\"description\":\"Teletorn.ee - Varaa joulupaketit yrityksille\",\"breadcrumb\":{\"@id\":\"https:\\\/\\\/teletorn.ee\\\/fi\\\/varaa-joulupaketit-yrityksille\\\/#breadcrumb\"},\"inLanguage\":\"fi\",\"potentialAction\":[{\"@type\":\"ReadAction\",\"target\":[\"https:\\\/\\\/teletorn.ee\\\/fi\\\/varaa-joulupaketit-yrityksille\\\/\"]}]},{\"@type\":\"BreadcrumbList\",\"@id\":\"https:\\\/\\\/teletorn.ee\\\/fi\\\/varaa-joulupaketit-yrityksille\\\/#breadcrumb\",\"itemListElement\":[{\"@type\":\"ListItem\",\"position\":1,\"name\":\"Home\",\"item\":\"https:\\\/\\\/teletorn.ee\\\/fi\\\/\"},{\"@type\":\"ListItem\",\"position\":2,\"name\":\"Varaa joulupaketit yrityksille\"}]},{\"@type\":\"WebSite\",\"@id\":\"https:\\\/\\\/tt.uptodate.ee\\\/#website\",\"url\":\"https:\\\/\\\/tt.uptodate.ee\\\/\",\"name\":\"Teletorn.ee\",\"description\":\"\",\"potentialAction\":[{\"@type\":\"SearchAction\",\"target\":{\"@type\":\"EntryPoint\",\"urlTemplate\":\"https:\\\/\\\/tt.uptodate.ee\\\/?s={search_term_string}\"},\"query-input\":{\"@type\":\"PropertyValueSpecification\",\"valueRequired\":true,\"valueName\":\"search_term_string\"}}],\"inLanguage\":\"fi\"}]}<\/script>\n<!-- \/ Yoast SEO Premium plugin. -->","yoast_head_json":{"title":"Varaa joulupaketit yrityksille - Teletorn.ee","description":"Teletorn.ee - Varaa joulupaketit yrityksille","robots":{"index":"index","follow":"follow","max-snippet":"max-snippet:-1","max-image-preview":"max-image-preview:large","max-video-preview":"max-video-preview:-1"},"canonical":"https:\/\/teletorn.ee\/fi\/varaa-joulupaketit-yrityksille\/","og_locale":"fi_FI","og_type":"article","og_title":"Varaa joulupaketit yrityksille","og_description":"Teletorn.ee - Varaa joulupaketit yrityksille","og_url":"https:\/\/teletorn.ee\/fi\/varaa-joulupaketit-yrityksille\/","og_site_name":"Teletorn.ee","article_modified_time":"2024-07-31T12:37:50+00:00","twitter_card":"summary_large_image","schema":{"@context":"https:\/\/schema.org","@graph":[{"@type":"WebPage","@id":"https:\/\/teletorn.ee\/fi\/varaa-joulupaketit-yrityksille\/","url":"https:\/\/teletorn.ee\/fi\/varaa-joulupaketit-yrityksille\/","name":"Varaa joulupaketit yrityksille - Teletorn.ee","isPartOf":{"@id":"https:\/\/tt.uptodate.ee\/#website"},"datePublished":"2024-07-14T11:22:01+00:00","dateModified":"2024-07-31T12:37:50+00:00","description":"Teletorn.ee - Varaa joulupaketit yrityksille","breadcrumb":{"@id":"https:\/\/teletorn.ee\/fi\/varaa-joulupaketit-yrityksille\/#breadcrumb"},"inLanguage":"fi","potentialAction":[{"@type":"ReadAction","target":["https:\/\/teletorn.ee\/fi\/varaa-joulupaketit-yrityksille\/"]}]},{"@type":"BreadcrumbList","@id":"https:\/\/teletorn.ee\/fi\/varaa-joulupaketit-yrityksille\/#breadcrumb","itemListElement":[{"@type":"ListItem","position":1,"name":"Home","item":"https:\/\/teletorn.ee\/fi\/"},{"@type":"ListItem","position":2,"name":"Varaa joulupaketit yrityksille"}]},{"@type":"WebSite","@id":"https:\/\/tt.uptodate.ee\/#website","url":"https:\/\/tt.uptodate.ee\/","name":"Teletorn.ee","description":"","potentialAction":[{"@type":"SearchAction","target":{"@type":"EntryPoint","urlTemplate":"https:\/\/tt.uptodate.ee\/?s={search_term_string}"},"query-input":{"@type":"PropertyValueSpecification","valueRequired":true,"valueName":"search_term_string"}}],"inLanguage":"fi"}]}},"_links":{"self":[{"href":"https:\/\/teletorn.ee\/fi\/wp-json\/wp\/v2\/pages\/2981","targetHints":{"allow":["GET"]}}],"collection":[{"href":"https:\/\/teletorn.ee\/fi\/wp-json\/wp\/v2\/pages"}],"about":[{"href":"https:\/\/teletorn.ee\/fi\/wp-json\/wp\/v2\/types\/page"}],"author":[{"embeddable":true,"href":"https:\/\/teletorn.ee\/fi\/wp-json\/wp\/v2\/users\/7"}],"replies":[{"embeddable":true,"href":"https:\/\/teletorn.ee\/fi\/wp-json\/wp\/v2\/comments?post=2981"}],"version-history":[{"count":1,"href":"https:\/\/teletorn.ee\/fi\/wp-json\/wp\/v2\/pages\/2981\/revisions"}],"predecessor-version":[{"id":5340,"href":"https:\/\/teletorn.ee\/fi\/wp-json\/wp\/v2\/pages\/2981\/revisions\/5340"}],"wp:attachment":[{"href":"https:\/\/teletorn.ee\/fi\/wp-json\/wp\/v2\/media?parent=2981"}],"curies":[{"name":"wp","href":"https:\/\/api.w.org\/{rel}","templated":true}]}}