{"id":4863,"date":"2024-07-17T09:00:34","date_gmt":"2024-07-17T06:00:34","guid":{"rendered":"https:\/\/tt.uptodate.ee\/tallinna-teletorni-44-sunnipaev-14-07-2024\/"},"modified":"2024-07-23T15:59:25","modified_gmt":"2024-07-23T12:59:25","slug":"tallinnan-tv-tornin-44-syntymapaiva-14-07-2024","status":"publish","type":"page","link":"https:\/\/teletorn.ee\/fi\/tallinnan-tv-tornin-44-syntymapaiva-14-07-2024\/","title":{"rendered":"Tallinnan TV-tornin 44. syntym\u00e4p\u00e4iv\u00e4 \u2013 14.07.2024 galleria"},"content":{"rendered":"\n<p><\/p>\n\n\n\n<div id=\"block_aa5e4bdd9b468bbf4dc7723041da70fb\" class=\"featured-gallery-wrap\">\n\n  <h2 class=\"gallery-block-title\">Tallinnan TV-tornin 44. syntym\u00e4p\u00e4iv\u00e4 \u2013\u00a014.07.2024<\/h2>\n  <div class=\"wrap featured-gallery\">\n                  <a href=\"\" class=\"featured-gallery-item\" data-src=\"https:\/\/teletorn.ee\/wp-content\/uploads\/2024\/07\/PIK2961_full_size_Tarvo-Tiivits_2024-1400x933.jpg\">\n          <img decoding=\"async\" src=\"https:\/\/teletorn.ee\/wp-content\/uploads\/2024\/07\/PIK2961_full_size_Tarvo-Tiivits_2024-600x400.jpg\" alt=\"\">\n        <\/a>\n              <a href=\"\" class=\"featured-gallery-item\" data-src=\"https:\/\/teletorn.ee\/wp-content\/uploads\/2024\/07\/PIK2956_full_size_Tarvo-Tiivits_2024-1400x933.jpg\">\n          <img decoding=\"async\" src=\"https:\/\/teletorn.ee\/wp-content\/uploads\/2024\/07\/PIK2956_full_size_Tarvo-Tiivits_2024-600x400.jpg\" alt=\"\">\n        <\/a>\n              <a href=\"\" class=\"featured-gallery-item\" data-src=\"https:\/\/teletorn.ee\/wp-content\/uploads\/2024\/07\/PIK2954_full_size_Tarvo-Tiivits_2024-1400x933.jpg\">\n          <img decoding=\"async\" src=\"https:\/\/teletorn.ee\/wp-content\/uploads\/2024\/07\/PIK2954_full_size_Tarvo-Tiivits_2024-600x400.jpg\" alt=\"\">\n        <\/a>\n              <a href=\"\" class=\"featured-gallery-item\" data-src=\"https:\/\/teletorn.ee\/wp-content\/uploads\/2024\/07\/PIK2951_full_size_Tarvo-Tiivits_2024-1400x933.jpg\">\n          <img decoding=\"async\" src=\"https:\/\/teletorn.ee\/wp-content\/uploads\/2024\/07\/PIK2951_full_size_Tarvo-Tiivits_2024-600x400.jpg\" alt=\"\">\n        <\/a>\n              <a href=\"\" class=\"featured-gallery-item\" data-src=\"https:\/\/teletorn.ee\/wp-content\/uploads\/2024\/07\/PIK2948_full_size_Tarvo-Tiivits_2024-1400x933.jpg\">\n          <img decoding=\"async\" src=\"https:\/\/teletorn.ee\/wp-content\/uploads\/2024\/07\/PIK2948_full_size_Tarvo-Tiivits_2024-600x400.jpg\" alt=\"\">\n        <\/a>\n              <a href=\"\" class=\"featured-gallery-item\" data-src=\"https:\/\/teletorn.ee\/wp-content\/uploads\/2024\/07\/PIK2945_full_size_Tarvo-Tiivits_2024-1400x933.jpg\">\n          <img decoding=\"async\" src=\"https:\/\/teletorn.ee\/wp-content\/uploads\/2024\/07\/PIK2945_full_size_Tarvo-Tiivits_2024-600x400.jpg\" alt=\"\">\n        <\/a>\n              <a href=\"\" class=\"featured-gallery-item\" data-src=\"https:\/\/teletorn.ee\/wp-content\/uploads\/2024\/07\/PIK2940_full_size_Tarvo-Tiivits_2024-1400x933.jpg\">\n          <img decoding=\"async\" src=\"https:\/\/teletorn.ee\/wp-content\/uploads\/2024\/07\/PIK2940_full_size_Tarvo-Tiivits_2024-600x400.jpg\" alt=\"\">\n        <\/a>\n              <a href=\"\" class=\"featured-gallery-item\" data-src=\"https:\/\/teletorn.ee\/wp-content\/uploads\/2024\/07\/PIK2936_full_size_Tarvo-Tiivits_2024-1400x933.jpg\">\n          <img decoding=\"async\" src=\"https:\/\/teletorn.ee\/wp-content\/uploads\/2024\/07\/PIK2936_full_size_Tarvo-Tiivits_2024-600x400.jpg\" alt=\"\">\n        <\/a>\n              <a href=\"\" class=\"featured-gallery-item\" data-src=\"https:\/\/teletorn.ee\/wp-content\/uploads\/2024\/07\/PIK2862_full_size_Tarvo-Tiivits_2024-1400x933.jpg\">\n          <img decoding=\"async\" src=\"https:\/\/teletorn.ee\/wp-content\/uploads\/2024\/07\/PIK2862_full_size_Tarvo-Tiivits_2024-600x400.jpg\" alt=\"\">\n        <\/a>\n              <a href=\"\" class=\"featured-gallery-item\" data-src=\"https:\/\/teletorn.ee\/wp-content\/uploads\/2024\/07\/PIK2865_full_size_Tarvo-Tiivits_2024-1400x933.jpg\">\n          <img decoding=\"async\" src=\"https:\/\/teletorn.ee\/wp-content\/uploads\/2024\/07\/PIK2865_full_size_Tarvo-Tiivits_2024-600x400.jpg\" alt=\"\">\n        <\/a>\n              <a href=\"\" class=\"featured-gallery-item\" data-src=\"https:\/\/teletorn.ee\/wp-content\/uploads\/2024\/07\/PIK2868_full_size_Tarvo-Tiivits_2024-1400x933.jpg\">\n          <img decoding=\"async\" src=\"https:\/\/teletorn.ee\/wp-content\/uploads\/2024\/07\/PIK2868_full_size_Tarvo-Tiivits_2024-600x400.jpg\" alt=\"\">\n        <\/a>\n              <a href=\"\" class=\"featured-gallery-item\" data-src=\"https:\/\/teletorn.ee\/wp-content\/uploads\/2024\/07\/PIK2874_full_size_Tarvo-Tiivits_2024-1400x933.jpg\">\n          <img decoding=\"async\" src=\"https:\/\/teletorn.ee\/wp-content\/uploads\/2024\/07\/PIK2874_full_size_Tarvo-Tiivits_2024-600x400.jpg\" alt=\"\">\n        <\/a>\n              <a href=\"\" class=\"featured-gallery-item\" data-src=\"https:\/\/teletorn.ee\/wp-content\/uploads\/2024\/07\/PIK2897_full_size_Tarvo-Tiivits_2024-1400x933.jpg\">\n          <img decoding=\"async\" src=\"https:\/\/teletorn.ee\/wp-content\/uploads\/2024\/07\/PIK2897_full_size_Tarvo-Tiivits_2024-600x400.jpg\" alt=\"\">\n        <\/a>\n              <a href=\"\" class=\"featured-gallery-item\" data-src=\"https:\/\/teletorn.ee\/wp-content\/uploads\/2024\/07\/PIK2905_full_size_Tarvo-Tiivits_2024-1400x933.jpg\">\n          <img decoding=\"async\" src=\"https:\/\/teletorn.ee\/wp-content\/uploads\/2024\/07\/PIK2905_full_size_Tarvo-Tiivits_2024-600x400.jpg\" alt=\"\">\n        <\/a>\n              <a href=\"\" class=\"featured-gallery-item\" data-src=\"https:\/\/teletorn.ee\/wp-content\/uploads\/2024\/07\/PIK2858_full_size_Tarvo-Tiivits_2024-1400x933.jpg\">\n          <img decoding=\"async\" src=\"https:\/\/teletorn.ee\/wp-content\/uploads\/2024\/07\/PIK2858_full_size_Tarvo-Tiivits_2024-600x400.jpg\" alt=\"\">\n        <\/a>\n              <a href=\"\" class=\"featured-gallery-item\" data-src=\"https:\/\/teletorn.ee\/wp-content\/uploads\/2024\/07\/PIK2856_full_size_Tarvo-Tiivits_2024-1400x933.jpg\">\n          <img decoding=\"async\" src=\"https:\/\/teletorn.ee\/wp-content\/uploads\/2024\/07\/PIK2856_full_size_Tarvo-Tiivits_2024-600x400.jpg\" alt=\"\">\n        <\/a>\n            <\/div>\n  \n  <script>\n    jQuery(document).ready( function($){\n      $('.featured-gallery').lightGallery({\n        thumbnail:false,\n        counter:false,\n        subHtmlSelectorRelative: true,\n        download: false\n      });\n    });\n  <\/script>\n<\/div>\n\n\n\n<div id=\"block_0dab24e28a58b6826668088170e3a0cf\" class=\"featured-gallery-wrap\">\n\n  <h2 class=\"gallery-block-title\">Sylvain suorittaa yksipy\u00f6r\u00e4isell\u00e4\u00e4n ajelun<\/h2>\n  <div class=\"wrap featured-gallery\">\n                  <a href=\"\" class=\"featured-gallery-item\" data-src=\"https:\/\/teletorn.ee\/wp-content\/uploads\/2024\/07\/VideoCapture_20240426-075817-563x1000.jpg\">\n          <img decoding=\"async\" src=\"https:\/\/teletorn.ee\/wp-content\/uploads\/2024\/07\/VideoCapture_20240426-075817-600x400.jpg\" alt=\"\">\n        <\/a>\n              <a href=\"\" class=\"featured-gallery-item\" data-src=\"https:\/\/teletorn.ee\/wp-content\/uploads\/2024\/07\/VideoCapture_20240426-075823-563x1000.jpg\">\n          <img decoding=\"async\" src=\"https:\/\/teletorn.ee\/wp-content\/uploads\/2024\/07\/VideoCapture_20240426-075823-600x400.jpg\" alt=\"\">\n        <\/a>\n              <a href=\"\" class=\"featured-gallery-item\" data-src=\"https:\/\/teletorn.ee\/wp-content\/uploads\/2024\/07\/VideoCapture_20240426-075840-563x1000.jpg\">\n          <img decoding=\"async\" src=\"https:\/\/teletorn.ee\/wp-content\/uploads\/2024\/07\/VideoCapture_20240426-075840-600x400.jpg\" alt=\"\">\n        <\/a>\n              <a href=\"\" class=\"featured-gallery-item\" data-src=\"https:\/\/teletorn.ee\/wp-content\/uploads\/2024\/07\/VideoCapture_20240426-075917-563x1000.jpg\">\n          <img decoding=\"async\" src=\"https:\/\/teletorn.ee\/wp-content\/uploads\/2024\/07\/VideoCapture_20240426-075917-600x400.jpg\" alt=\"\">\n        <\/a>\n              <a href=\"\" class=\"featured-gallery-item\" data-src=\"https:\/\/teletorn.ee\/wp-content\/uploads\/2024\/07\/VideoCapture_20240426-075924-563x1000.jpg\">\n          <img decoding=\"async\" src=\"https:\/\/teletorn.ee\/wp-content\/uploads\/2024\/07\/VideoCapture_20240426-075924-600x400.jpg\" alt=\"\">\n        <\/a>\n              <a href=\"\" class=\"featured-gallery-item\" data-src=\"https:\/\/teletorn.ee\/wp-content\/uploads\/2024\/07\/VideoCapture_20240426-075926-563x1000.jpg\">\n          <img decoding=\"async\" src=\"https:\/\/teletorn.ee\/wp-content\/uploads\/2024\/07\/VideoCapture_20240426-075926-600x400.jpg\" alt=\"\">\n        <\/a>\n              <a href=\"\" class=\"featured-gallery-item\" data-src=\"https:\/\/teletorn.ee\/wp-content\/uploads\/2024\/07\/VideoCapture_20240426-075929-563x1000.jpg\">\n          <img decoding=\"async\" src=\"https:\/\/teletorn.ee\/wp-content\/uploads\/2024\/07\/VideoCapture_20240426-075929-600x400.jpg\" alt=\"\">\n        <\/a>\n              <a href=\"\" class=\"featured-gallery-item\" data-src=\"https:\/\/teletorn.ee\/wp-content\/uploads\/2024\/07\/VideoCapture_20240426-075935-563x1000.jpg\">\n          <img decoding=\"async\" src=\"https:\/\/teletorn.ee\/wp-content\/uploads\/2024\/07\/VideoCapture_20240426-075935-600x400.jpg\" alt=\"\">\n        <\/a>\n              <a href=\"\" class=\"featured-gallery-item\" data-src=\"https:\/\/teletorn.ee\/wp-content\/uploads\/2024\/07\/VideoCapture_20240426-075957-563x1000.jpg\">\n          <img decoding=\"async\" src=\"https:\/\/teletorn.ee\/wp-content\/uploads\/2024\/07\/VideoCapture_20240426-075957-600x400.jpg\" alt=\"\">\n        <\/a>\n              <a href=\"\" class=\"featured-gallery-item\" data-src=\"https:\/\/teletorn.ee\/wp-content\/uploads\/2024\/07\/VideoCapture_20240426-080011-563x1000.jpg\">\n          <img decoding=\"async\" src=\"https:\/\/teletorn.ee\/wp-content\/uploads\/2024\/07\/VideoCapture_20240426-080011-600x400.jpg\" alt=\"\">\n        <\/a>\n              <a href=\"\" class=\"featured-gallery-item\" data-src=\"https:\/\/teletorn.ee\/wp-content\/uploads\/2024\/07\/VideoCapture_20240426-080026-563x1000.jpg\">\n          <img decoding=\"async\" src=\"https:\/\/teletorn.ee\/wp-content\/uploads\/2024\/07\/VideoCapture_20240426-080026-600x400.jpg\" alt=\"\">\n        <\/a>\n              <a href=\"\" class=\"featured-gallery-item\" data-src=\"https:\/\/teletorn.ee\/wp-content\/uploads\/2024\/07\/20240714_161320-1333x1000.jpg\">\n          <img decoding=\"async\" src=\"https:\/\/teletorn.ee\/wp-content\/uploads\/2024\/07\/20240714_161320-600x400.jpg\" alt=\"\">\n        <\/a>\n            <\/div>\n  \n  <script>\n    jQuery(document).ready( function($){\n      $('.featured-gallery').lightGallery({\n        thumbnail:false,\n        counter:false,\n        subHtmlSelectorRelative: true,\n        download: false\n      });\n    });\n  <\/script>\n<\/div>\n\n\n\n<div id=\"block_93f78a0d6d04da8263a914061e75cd3a\" class=\"featured-gallery-wrap\">\n\n  <h2 class=\"gallery-block-title\">J\u00e4ttil\u00e4isilmakuplan puhaltamista askartelupaja<\/h2>\n  <div class=\"wrap featured-gallery\">\n                  <a href=\"\" class=\"featured-gallery-item\" data-src=\"https:\/\/teletorn.ee\/wp-content\/uploads\/2024\/07\/PIK2720_full_size_Tarvo-Tiivits_2024-1400x933.jpg\">\n          <img decoding=\"async\" src=\"https:\/\/teletorn.ee\/wp-content\/uploads\/2024\/07\/PIK2720_full_size_Tarvo-Tiivits_2024-600x400.jpg\" alt=\"\">\n        <\/a>\n              <a href=\"\" class=\"featured-gallery-item\" data-src=\"https:\/\/teletorn.ee\/wp-content\/uploads\/2024\/07\/PIK2729_full_size_Tarvo-Tiivits_2024-1400x933.jpg\">\n          <img decoding=\"async\" src=\"https:\/\/teletorn.ee\/wp-content\/uploads\/2024\/07\/PIK2729_full_size_Tarvo-Tiivits_2024-600x400.jpg\" alt=\"\">\n        <\/a>\n              <a href=\"\" class=\"featured-gallery-item\" data-src=\"https:\/\/teletorn.ee\/wp-content\/uploads\/2024\/07\/PIK2740_full_size_Tarvo-Tiivits_2024-1400x933.jpg\">\n          <img decoding=\"async\" src=\"https:\/\/teletorn.ee\/wp-content\/uploads\/2024\/07\/PIK2740_full_size_Tarvo-Tiivits_2024-600x400.jpg\" alt=\"\">\n        <\/a>\n              <a href=\"\" class=\"featured-gallery-item\" data-src=\"https:\/\/teletorn.ee\/wp-content\/uploads\/2024\/07\/PIK2742_full_size_Tarvo-Tiivits_2024-1400x933.jpg\">\n          <img decoding=\"async\" src=\"https:\/\/teletorn.ee\/wp-content\/uploads\/2024\/07\/PIK2742_full_size_Tarvo-Tiivits_2024-600x400.jpg\" alt=\"\">\n        <\/a>\n              <a href=\"\" class=\"featured-gallery-item\" data-src=\"https:\/\/teletorn.ee\/wp-content\/uploads\/2024\/07\/PIK2747_full_size_Tarvo-Tiivits_2024-1400x933.jpg\">\n          <img decoding=\"async\" src=\"https:\/\/teletorn.ee\/wp-content\/uploads\/2024\/07\/PIK2747_full_size_Tarvo-Tiivits_2024-600x400.jpg\" alt=\"\">\n        <\/a>\n              <a href=\"\" class=\"featured-gallery-item\" data-src=\"https:\/\/teletorn.ee\/wp-content\/uploads\/2024\/07\/PIK2758_full_size_Tarvo-Tiivits_2024-1400x933.jpg\">\n          <img decoding=\"async\" src=\"https:\/\/teletorn.ee\/wp-content\/uploads\/2024\/07\/PIK2758_full_size_Tarvo-Tiivits_2024-600x400.jpg\" alt=\"\">\n        <\/a>\n              <a href=\"\" class=\"featured-gallery-item\" data-src=\"https:\/\/teletorn.ee\/wp-content\/uploads\/2024\/07\/PIK2766_full_size_Tarvo-Tiivits_2024-1400x933.jpg\">\n          <img decoding=\"async\" src=\"https:\/\/teletorn.ee\/wp-content\/uploads\/2024\/07\/PIK2766_full_size_Tarvo-Tiivits_2024-600x400.jpg\" alt=\"\">\n        <\/a>\n              <a href=\"\" class=\"featured-gallery-item\" data-src=\"https:\/\/teletorn.ee\/wp-content\/uploads\/2024\/07\/PIK2771_full_size_Tarvo-Tiivits_2024-1400x933.jpg\">\n          <img decoding=\"async\" src=\"https:\/\/teletorn.ee\/wp-content\/uploads\/2024\/07\/PIK2771_full_size_Tarvo-Tiivits_2024-600x400.jpg\" alt=\"\">\n        <\/a>\n              <a href=\"\" class=\"featured-gallery-item\" data-src=\"https:\/\/teletorn.ee\/wp-content\/uploads\/2024\/07\/PIK2775_full_size_Tarvo-Tiivits_2024-1400x933.jpg\">\n          <img decoding=\"async\" src=\"https:\/\/teletorn.ee\/wp-content\/uploads\/2024\/07\/PIK2775_full_size_Tarvo-Tiivits_2024-600x400.jpg\" alt=\"\">\n        <\/a>\n              <a href=\"\" class=\"featured-gallery-item\" data-src=\"https:\/\/teletorn.ee\/wp-content\/uploads\/2024\/07\/PIK2791_full_size_Tarvo-Tiivits_2024-1400x933.jpg\">\n          <img decoding=\"async\" src=\"https:\/\/teletorn.ee\/wp-content\/uploads\/2024\/07\/PIK2791_full_size_Tarvo-Tiivits_2024-600x400.jpg\" alt=\"\">\n        <\/a>\n              <a href=\"\" class=\"featured-gallery-item\" data-src=\"https:\/\/teletorn.ee\/wp-content\/uploads\/2024\/07\/PIK2796_full_size_Tarvo-Tiivits_2024-1400x933.jpg\">\n          <img decoding=\"async\" src=\"https:\/\/teletorn.ee\/wp-content\/uploads\/2024\/07\/PIK2796_full_size_Tarvo-Tiivits_2024-600x400.jpg\" alt=\"\">\n        <\/a>\n              <a href=\"\" class=\"featured-gallery-item\" data-src=\"https:\/\/teletorn.ee\/wp-content\/uploads\/2024\/07\/PIK2801_full_size_Tarvo-Tiivits_2024-1400x933.jpg\">\n          <img decoding=\"async\" src=\"https:\/\/teletorn.ee\/wp-content\/uploads\/2024\/07\/PIK2801_full_size_Tarvo-Tiivits_2024-600x400.jpg\" alt=\"\">\n        <\/a>\n              <a href=\"\" class=\"featured-gallery-item\" data-src=\"https:\/\/teletorn.ee\/wp-content\/uploads\/2024\/07\/PIK2807_full_size_Tarvo-Tiivits_2024-1400x933.jpg\">\n          <img decoding=\"async\" src=\"https:\/\/teletorn.ee\/wp-content\/uploads\/2024\/07\/PIK2807_full_size_Tarvo-Tiivits_2024-600x400.jpg\" alt=\"\">\n        <\/a>\n              <a href=\"\" class=\"featured-gallery-item\" data-src=\"https:\/\/teletorn.ee\/wp-content\/uploads\/2024\/07\/PIK2812_full_size_Tarvo-Tiivits_2024-1400x933.jpg\">\n          <img decoding=\"async\" src=\"https:\/\/teletorn.ee\/wp-content\/uploads\/2024\/07\/PIK2812_full_size_Tarvo-Tiivits_2024-600x400.jpg\" alt=\"\">\n        <\/a>\n              <a href=\"\" class=\"featured-gallery-item\" data-src=\"https:\/\/teletorn.ee\/wp-content\/uploads\/2024\/07\/PIK2813_full_size_Tarvo-Tiivits_2024-1400x933.jpg\">\n          <img decoding=\"async\" src=\"https:\/\/teletorn.ee\/wp-content\/uploads\/2024\/07\/PIK2813_full_size_Tarvo-Tiivits_2024-600x400.jpg\" alt=\"\">\n        <\/a>\n              <a href=\"\" class=\"featured-gallery-item\" data-src=\"https:\/\/teletorn.ee\/wp-content\/uploads\/2024\/07\/PIK2815_full_size_Tarvo-Tiivits_2024-1400x933.jpg\">\n          <img decoding=\"async\" src=\"https:\/\/teletorn.ee\/wp-content\/uploads\/2024\/07\/PIK2815_full_size_Tarvo-Tiivits_2024-600x400.jpg\" alt=\"\">\n        <\/a>\n              <a href=\"\" class=\"featured-gallery-item\" data-src=\"https:\/\/teletorn.ee\/wp-content\/uploads\/2024\/07\/PIK2821_full_size_Tarvo-Tiivits_2024-1400x933.jpg\">\n          <img decoding=\"async\" src=\"https:\/\/teletorn.ee\/wp-content\/uploads\/2024\/07\/PIK2821_full_size_Tarvo-Tiivits_2024-600x400.jpg\" alt=\"\">\n        <\/a>\n              <a href=\"\" class=\"featured-gallery-item\" data-src=\"https:\/\/teletorn.ee\/wp-content\/uploads\/2024\/07\/PIK2822_full_size_Tarvo-Tiivits_2024-1400x933.jpg\">\n          <img decoding=\"async\" src=\"https:\/\/teletorn.ee\/wp-content\/uploads\/2024\/07\/PIK2822_full_size_Tarvo-Tiivits_2024-600x400.jpg\" alt=\"\">\n        <\/a>\n              <a href=\"\" class=\"featured-gallery-item\" data-src=\"https:\/\/teletorn.ee\/wp-content\/uploads\/2024\/07\/PIK2826_full_size_Tarvo-Tiivits_2024-1400x933.jpg\">\n          <img decoding=\"async\" src=\"https:\/\/teletorn.ee\/wp-content\/uploads\/2024\/07\/PIK2826_full_size_Tarvo-Tiivits_2024-600x400.jpg\" alt=\"\">\n        <\/a>\n              <a href=\"\" class=\"featured-gallery-item\" data-src=\"https:\/\/teletorn.ee\/wp-content\/uploads\/2024\/07\/PIK2837_full_size_Tarvo-Tiivits_2024-1400x933.jpg\">\n          <img decoding=\"async\" src=\"https:\/\/teletorn.ee\/wp-content\/uploads\/2024\/07\/PIK2837_full_size_Tarvo-Tiivits_2024-600x400.jpg\" alt=\"\">\n        <\/a>\n              <a href=\"\" class=\"featured-gallery-item\" data-src=\"https:\/\/teletorn.ee\/wp-content\/uploads\/2024\/07\/PIK2838_full_size_Tarvo-Tiivits_2024-1400x933.jpg\">\n          <img decoding=\"async\" src=\"https:\/\/teletorn.ee\/wp-content\/uploads\/2024\/07\/PIK2838_full_size_Tarvo-Tiivits_2024-600x400.jpg\" alt=\"\">\n        <\/a>\n              <a href=\"\" class=\"featured-gallery-item\" data-src=\"https:\/\/teletorn.ee\/wp-content\/uploads\/2024\/07\/PIK2843_full_size_Tarvo-Tiivits_2024-1400x933.jpg\">\n          <img decoding=\"async\" src=\"https:\/\/teletorn.ee\/wp-content\/uploads\/2024\/07\/PIK2843_full_size_Tarvo-Tiivits_2024-600x400.jpg\" alt=\"\">\n        <\/a>\n              <a href=\"\" class=\"featured-gallery-item\" data-src=\"https:\/\/teletorn.ee\/wp-content\/uploads\/2024\/07\/PIK2844_full_size_Tarvo-Tiivits_2024-1400x933.jpg\">\n          <img decoding=\"async\" src=\"https:\/\/teletorn.ee\/wp-content\/uploads\/2024\/07\/PIK2844_full_size_Tarvo-Tiivits_2024-600x400.jpg\" alt=\"\">\n        <\/a>\n              <a href=\"\" class=\"featured-gallery-item\" data-src=\"https:\/\/teletorn.ee\/wp-content\/uploads\/2024\/07\/PIK2911_full_size_Tarvo-Tiivits_2024-1400x933.jpg\">\n          <img decoding=\"async\" src=\"https:\/\/teletorn.ee\/wp-content\/uploads\/2024\/07\/PIK2911_full_size_Tarvo-Tiivits_2024-600x400.jpg\" alt=\"\">\n        <\/a>\n            <\/div>\n  \n  <script>\n    jQuery(document).ready( function($){\n      $('.featured-gallery').lightGallery({\n        thumbnail:false,\n        counter:false,\n        subHtmlSelectorRelative: true,\n        download: false\n      });\n    });\n  <\/script>\n<\/div>\n","protected":false},"excerpt":{"rendered":"","protected":false},"author":7,"featured_media":0,"parent":0,"menu_order":22,"comment_status":"closed","ping_status":"closed","template":"","meta":{"_acf_changed":false,"footnotes":""},"class_list":["post-4863","page","type-page","status-publish","hentry"],"acf":[],"yoast_head":"<!-- This site is optimized with the Yoast SEO Premium plugin v23.4 (Yoast SEO v27.3) - https:\/\/yoast.com\/product\/yoast-seo-premium-wordpress\/ -->\n<title>Tallinnan TV-tornin 44. syntym\u00e4p\u00e4iv\u00e4 \u2013 14.07.2024 galleria - Teletorn.ee<\/title>\n<meta name=\"description\" content=\"Teletorn.ee - Tallinnan TV-tornin 44. syntym\u00e4p\u00e4iv\u00e4 \u2013 14.07.2024 galleria\" \/>\n<meta name=\"robots\" content=\"index, follow, max-snippet:-1, max-image-preview:large, max-video-preview:-1\" \/>\n<link rel=\"canonical\" href=\"https:\/\/tt.uptodate.ee\/fi\/tallinnan-tv-tornin-44-syntymapaiva-14-07-2024\/\" \/>\n<meta property=\"og:locale\" content=\"fi_FI\" \/>\n<meta property=\"og:type\" content=\"article\" \/>\n<meta property=\"og:title\" content=\"Tallinnan TV-tornin 44. syntym\u00e4p\u00e4iv\u00e4 \u2013 14.07.2024 galleria\" \/>\n<meta property=\"og:description\" content=\"Teletorn.ee - Tallinnan TV-tornin 44. syntym\u00e4p\u00e4iv\u00e4 \u2013 14.07.2024 galleria\" \/>\n<meta property=\"og:url\" content=\"https:\/\/tt.uptodate.ee\/fi\/tallinnan-tv-tornin-44-syntymapaiva-14-07-2024\/\" \/>\n<meta property=\"og:site_name\" content=\"Teletorn.ee\" \/>\n<meta property=\"article:modified_time\" content=\"2024-07-23T12:59:25+00:00\" \/>\n<meta name=\"twitter:card\" content=\"summary_large_image\" \/>\n<script type=\"application\/ld+json\" class=\"yoast-schema-graph\">{\"@context\":\"https:\\\/\\\/schema.org\",\"@graph\":[{\"@type\":\"WebPage\",\"@id\":\"https:\\\/\\\/tt.uptodate.ee\\\/fi\\\/tallinnan-tv-tornin-44-syntymapaiva-14-07-2024\\\/\",\"url\":\"https:\\\/\\\/tt.uptodate.ee\\\/fi\\\/tallinnan-tv-tornin-44-syntymapaiva-14-07-2024\\\/\",\"name\":\"Tallinnan TV-tornin 44. syntym\u00e4p\u00e4iv\u00e4 \u2013 14.07.2024 galleria - Teletorn.ee\",\"isPartOf\":{\"@id\":\"https:\\\/\\\/tt.uptodate.ee\\\/#website\"},\"datePublished\":\"2024-07-17T06:00:34+00:00\",\"dateModified\":\"2024-07-23T12:59:25+00:00\",\"description\":\"Teletorn.ee - Tallinnan TV-tornin 44. syntym\u00e4p\u00e4iv\u00e4 \u2013 14.07.2024 galleria\",\"breadcrumb\":{\"@id\":\"https:\\\/\\\/tt.uptodate.ee\\\/fi\\\/tallinnan-tv-tornin-44-syntymapaiva-14-07-2024\\\/#breadcrumb\"},\"inLanguage\":\"fi\",\"potentialAction\":[{\"@type\":\"ReadAction\",\"target\":[\"https:\\\/\\\/tt.uptodate.ee\\\/fi\\\/tallinnan-tv-tornin-44-syntymapaiva-14-07-2024\\\/\"]}]},{\"@type\":\"BreadcrumbList\",\"@id\":\"https:\\\/\\\/tt.uptodate.ee\\\/fi\\\/tallinnan-tv-tornin-44-syntymapaiva-14-07-2024\\\/#breadcrumb\",\"itemListElement\":[{\"@type\":\"ListItem\",\"position\":1,\"name\":\"Home\",\"item\":\"https:\\\/\\\/teletorn.ee\\\/fi\\\/\"},{\"@type\":\"ListItem\",\"position\":2,\"name\":\"Tallinnan TV-tornin 44. syntym\u00e4p\u00e4iv\u00e4 \u2013 14.07.2024 galleria\"}]},{\"@type\":\"WebSite\",\"@id\":\"https:\\\/\\\/tt.uptodate.ee\\\/#website\",\"url\":\"https:\\\/\\\/tt.uptodate.ee\\\/\",\"name\":\"Teletorn.ee\",\"description\":\"\",\"potentialAction\":[{\"@type\":\"SearchAction\",\"target\":{\"@type\":\"EntryPoint\",\"urlTemplate\":\"https:\\\/\\\/tt.uptodate.ee\\\/?s={search_term_string}\"},\"query-input\":{\"@type\":\"PropertyValueSpecification\",\"valueRequired\":true,\"valueName\":\"search_term_string\"}}],\"inLanguage\":\"fi\"}]}<\/script>\n<!-- \/ Yoast SEO Premium plugin. -->","yoast_head_json":{"title":"Tallinnan TV-tornin 44. syntym\u00e4p\u00e4iv\u00e4 \u2013 14.07.2024 galleria - Teletorn.ee","description":"Teletorn.ee - Tallinnan TV-tornin 44. syntym\u00e4p\u00e4iv\u00e4 \u2013 14.07.2024 galleria","robots":{"index":"index","follow":"follow","max-snippet":"max-snippet:-1","max-image-preview":"max-image-preview:large","max-video-preview":"max-video-preview:-1"},"canonical":"https:\/\/tt.uptodate.ee\/fi\/tallinnan-tv-tornin-44-syntymapaiva-14-07-2024\/","og_locale":"fi_FI","og_type":"article","og_title":"Tallinnan TV-tornin 44. syntym\u00e4p\u00e4iv\u00e4 \u2013 14.07.2024 galleria","og_description":"Teletorn.ee - Tallinnan TV-tornin 44. syntym\u00e4p\u00e4iv\u00e4 \u2013 14.07.2024 galleria","og_url":"https:\/\/tt.uptodate.ee\/fi\/tallinnan-tv-tornin-44-syntymapaiva-14-07-2024\/","og_site_name":"Teletorn.ee","article_modified_time":"2024-07-23T12:59:25+00:00","twitter_card":"summary_large_image","schema":{"@context":"https:\/\/schema.org","@graph":[{"@type":"WebPage","@id":"https:\/\/tt.uptodate.ee\/fi\/tallinnan-tv-tornin-44-syntymapaiva-14-07-2024\/","url":"https:\/\/tt.uptodate.ee\/fi\/tallinnan-tv-tornin-44-syntymapaiva-14-07-2024\/","name":"Tallinnan TV-tornin 44. syntym\u00e4p\u00e4iv\u00e4 \u2013 14.07.2024 galleria - Teletorn.ee","isPartOf":{"@id":"https:\/\/tt.uptodate.ee\/#website"},"datePublished":"2024-07-17T06:00:34+00:00","dateModified":"2024-07-23T12:59:25+00:00","description":"Teletorn.ee - Tallinnan TV-tornin 44. syntym\u00e4p\u00e4iv\u00e4 \u2013 14.07.2024 galleria","breadcrumb":{"@id":"https:\/\/tt.uptodate.ee\/fi\/tallinnan-tv-tornin-44-syntymapaiva-14-07-2024\/#breadcrumb"},"inLanguage":"fi","potentialAction":[{"@type":"ReadAction","target":["https:\/\/tt.uptodate.ee\/fi\/tallinnan-tv-tornin-44-syntymapaiva-14-07-2024\/"]}]},{"@type":"BreadcrumbList","@id":"https:\/\/tt.uptodate.ee\/fi\/tallinnan-tv-tornin-44-syntymapaiva-14-07-2024\/#breadcrumb","itemListElement":[{"@type":"ListItem","position":1,"name":"Home","item":"https:\/\/teletorn.ee\/fi\/"},{"@type":"ListItem","position":2,"name":"Tallinnan TV-tornin 44. syntym\u00e4p\u00e4iv\u00e4 \u2013 14.07.2024 galleria"}]},{"@type":"WebSite","@id":"https:\/\/tt.uptodate.ee\/#website","url":"https:\/\/tt.uptodate.ee\/","name":"Teletorn.ee","description":"","potentialAction":[{"@type":"SearchAction","target":{"@type":"EntryPoint","urlTemplate":"https:\/\/tt.uptodate.ee\/?s={search_term_string}"},"query-input":{"@type":"PropertyValueSpecification","valueRequired":true,"valueName":"search_term_string"}}],"inLanguage":"fi"}]}},"_links":{"self":[{"href":"https:\/\/teletorn.ee\/fi\/wp-json\/wp\/v2\/pages\/4863","targetHints":{"allow":["GET"]}}],"collection":[{"href":"https:\/\/teletorn.ee\/fi\/wp-json\/wp\/v2\/pages"}],"about":[{"href":"https:\/\/teletorn.ee\/fi\/wp-json\/wp\/v2\/types\/page"}],"author":[{"embeddable":true,"href":"https:\/\/teletorn.ee\/fi\/wp-json\/wp\/v2\/users\/7"}],"replies":[{"embeddable":true,"href":"https:\/\/teletorn.ee\/fi\/wp-json\/wp\/v2\/comments?post=4863"}],"version-history":[{"count":0,"href":"https:\/\/teletorn.ee\/fi\/wp-json\/wp\/v2\/pages\/4863\/revisions"}],"wp:attachment":[{"href":"https:\/\/teletorn.ee\/fi\/wp-json\/wp\/v2\/media?parent=4863"}],"curies":[{"name":"wp","href":"https:\/\/api.w.org\/{rel}","templated":true}]}}