{"id":5186,"date":"2024-07-24T12:28:43","date_gmt":"2024-07-24T09:28:43","guid":{"rendered":"https:\/\/teletorn.ee\/veebikaamera\/"},"modified":"2025-07-28T21:36:24","modified_gmt":"2025-07-28T18:36:24","slug":"webkamera","status":"publish","type":"page","link":"https:\/\/teletorn.ee\/fi\/webkamera\/","title":{"rendered":"Webkamera"},"content":{"rendered":"\n<div id=\"block_bfec55c3fa9070f00d8e133ccdeb93bb\" class=\"narrow-text-block \" aria-hidden=\"true\">\n  <div class=\"wrap \">\n    <div class=\"wrap-inner\">\n      <p>T\u00e4ll\u00e4 sivulla voit seurata <strong>reaaliajassa<\/strong> Tallinnan <strong>TV-tornista<\/strong> avautuvaa <strong>n\u00e4kym\u00e4\u00e4<\/strong> kaupunkiin ja ymp\u00e4r\u00f6iville alueille.<\/p>\n<p>Kameramme tarjoaa ainutlaatuisen mahdollisuuden nauttia kaupunkimaisemista, milloin ja mist\u00e4 tahansa. K\u00e4yt\u00e4 TV-tornin kameraa n\u00e4hd\u00e4ksesi, kuinka s\u00e4\u00e4 muuttuu ja vaikuttaa tornista avautuvaan n\u00e4kym\u00e4\u00e4n.<\/p>\n<p data-start=\"0\" data-end=\"228\">Jos vierailet TV-tornissa p\u00e4iv\u00e4n\u00e4, jolloin n\u00e4kyvyys on eritt\u00e4in huono, pyyd\u00e4 kassalta erityinen leima p\u00e4\u00e4sylippuusi. T\u00e4m\u00e4n leiman avulla voit tulla uudelleen k\u00e4ym\u00e4\u00e4n seuraavan <strong data-start=\"176\" data-end=\"196\">kahden kuukauden<\/strong> aikana \u2013 t\u00e4ysin <strong data-start=\"213\" data-end=\"228\">ILMAISEKSI!<\/strong><\/p>\n<p data-start=\"230\" data-end=\"267\"><strong>Tarjous koskee kaikkia lipputyyppej\u00e4.<\/strong><\/p>\n<p data-start=\"269\" data-end=\"338\" data-is-last-node=\"\" data-is-only-node=\"\"><strong>Hyv\u00e4n s\u00e4\u00e4n takuu on voimassa 2 kuukautta ensimm\u00e4isest\u00e4 vierailustasi!<\/strong><\/p>\n    <\/div>\n  <\/div>\n<\/div>\n\n\n\n<div id=\"block_e3b225b87014d30b7736cd1d15694a24\" class=\"wp-block-spacer-custom\" aria-hidden=\"true\">\n\n<style media=\"screen\">\n  #block_e3b225b87014d30b7736cd1d15694a24{\n    clear: both;\n    height: 48px;\n  }\n  @media(max-width: 800px){\n    #block_e3b225b87014d30b7736cd1d15694a24{\n      height: 24px;\n    }\n  }\n<\/style>\n<\/div>\n","protected":false},"excerpt":{"rendered":"","protected":false},"author":1,"featured_media":0,"parent":0,"menu_order":10,"comment_status":"closed","ping_status":"closed","template":"camera-template.php","meta":{"_acf_changed":false,"footnotes":""},"class_list":["post-5186","page","type-page","status-publish","hentry"],"acf":[],"yoast_head":"<!-- This site is optimized with the Yoast SEO Premium plugin v23.4 (Yoast SEO v27.3) - https:\/\/yoast.com\/product\/yoast-seo-premium-wordpress\/ -->\n<title>Webkamera - Teletorn.ee<\/title>\n<meta name=\"description\" content=\"Teletorn.ee - Webkamera\" \/>\n<meta name=\"robots\" content=\"index, follow, max-snippet:-1, max-image-preview:large, max-video-preview:-1\" \/>\n<link rel=\"canonical\" href=\"https:\/\/teletorn.ee\/fi\/webkamera\/\" \/>\n<meta property=\"og:locale\" content=\"fi_FI\" \/>\n<meta property=\"og:type\" content=\"article\" \/>\n<meta property=\"og:title\" content=\"Webkamera\" \/>\n<meta property=\"og:description\" content=\"Teletorn.ee - Webkamera\" \/>\n<meta property=\"og:url\" content=\"https:\/\/teletorn.ee\/fi\/webkamera\/\" \/>\n<meta property=\"og:site_name\" content=\"Teletorn.ee\" \/>\n<meta property=\"article:modified_time\" content=\"2025-07-28T18:36:24+00:00\" \/>\n<meta name=\"twitter:card\" content=\"summary_large_image\" \/>\n<script type=\"application\/ld+json\" class=\"yoast-schema-graph\">{\"@context\":\"https:\\\/\\\/schema.org\",\"@graph\":[{\"@type\":\"WebPage\",\"@id\":\"https:\\\/\\\/teletorn.ee\\\/fi\\\/webkamera\\\/\",\"url\":\"https:\\\/\\\/teletorn.ee\\\/fi\\\/webkamera\\\/\",\"name\":\"Webkamera - Teletorn.ee\",\"isPartOf\":{\"@id\":\"https:\\\/\\\/tt.uptodate.ee\\\/#website\"},\"datePublished\":\"2024-07-24T09:28:43+00:00\",\"dateModified\":\"2025-07-28T18:36:24+00:00\",\"description\":\"Teletorn.ee - Webkamera\",\"breadcrumb\":{\"@id\":\"https:\\\/\\\/teletorn.ee\\\/fi\\\/webkamera\\\/#breadcrumb\"},\"inLanguage\":\"fi\",\"potentialAction\":[{\"@type\":\"ReadAction\",\"target\":[\"https:\\\/\\\/teletorn.ee\\\/fi\\\/webkamera\\\/\"]}]},{\"@type\":\"BreadcrumbList\",\"@id\":\"https:\\\/\\\/teletorn.ee\\\/fi\\\/webkamera\\\/#breadcrumb\",\"itemListElement\":[{\"@type\":\"ListItem\",\"position\":1,\"name\":\"Home\",\"item\":\"https:\\\/\\\/teletorn.ee\\\/fi\\\/\"},{\"@type\":\"ListItem\",\"position\":2,\"name\":\"Webkamera\"}]},{\"@type\":\"WebSite\",\"@id\":\"https:\\\/\\\/tt.uptodate.ee\\\/#website\",\"url\":\"https:\\\/\\\/tt.uptodate.ee\\\/\",\"name\":\"Teletorn.ee\",\"description\":\"\",\"potentialAction\":[{\"@type\":\"SearchAction\",\"target\":{\"@type\":\"EntryPoint\",\"urlTemplate\":\"https:\\\/\\\/tt.uptodate.ee\\\/?s={search_term_string}\"},\"query-input\":{\"@type\":\"PropertyValueSpecification\",\"valueRequired\":true,\"valueName\":\"search_term_string\"}}],\"inLanguage\":\"fi\"}]}<\/script>\n<!-- \/ Yoast SEO Premium plugin. -->","yoast_head_json":{"title":"Webkamera - Teletorn.ee","description":"Teletorn.ee - Webkamera","robots":{"index":"index","follow":"follow","max-snippet":"max-snippet:-1","max-image-preview":"max-image-preview:large","max-video-preview":"max-video-preview:-1"},"canonical":"https:\/\/teletorn.ee\/fi\/webkamera\/","og_locale":"fi_FI","og_type":"article","og_title":"Webkamera","og_description":"Teletorn.ee - Webkamera","og_url":"https:\/\/teletorn.ee\/fi\/webkamera\/","og_site_name":"Teletorn.ee","article_modified_time":"2025-07-28T18:36:24+00:00","twitter_card":"summary_large_image","schema":{"@context":"https:\/\/schema.org","@graph":[{"@type":"WebPage","@id":"https:\/\/teletorn.ee\/fi\/webkamera\/","url":"https:\/\/teletorn.ee\/fi\/webkamera\/","name":"Webkamera - Teletorn.ee","isPartOf":{"@id":"https:\/\/tt.uptodate.ee\/#website"},"datePublished":"2024-07-24T09:28:43+00:00","dateModified":"2025-07-28T18:36:24+00:00","description":"Teletorn.ee - Webkamera","breadcrumb":{"@id":"https:\/\/teletorn.ee\/fi\/webkamera\/#breadcrumb"},"inLanguage":"fi","potentialAction":[{"@type":"ReadAction","target":["https:\/\/teletorn.ee\/fi\/webkamera\/"]}]},{"@type":"BreadcrumbList","@id":"https:\/\/teletorn.ee\/fi\/webkamera\/#breadcrumb","itemListElement":[{"@type":"ListItem","position":1,"name":"Home","item":"https:\/\/teletorn.ee\/fi\/"},{"@type":"ListItem","position":2,"name":"Webkamera"}]},{"@type":"WebSite","@id":"https:\/\/tt.uptodate.ee\/#website","url":"https:\/\/tt.uptodate.ee\/","name":"Teletorn.ee","description":"","potentialAction":[{"@type":"SearchAction","target":{"@type":"EntryPoint","urlTemplate":"https:\/\/tt.uptodate.ee\/?s={search_term_string}"},"query-input":{"@type":"PropertyValueSpecification","valueRequired":true,"valueName":"search_term_string"}}],"inLanguage":"fi"}]}},"_links":{"self":[{"href":"https:\/\/teletorn.ee\/fi\/wp-json\/wp\/v2\/pages\/5186","targetHints":{"allow":["GET"]}}],"collection":[{"href":"https:\/\/teletorn.ee\/fi\/wp-json\/wp\/v2\/pages"}],"about":[{"href":"https:\/\/teletorn.ee\/fi\/wp-json\/wp\/v2\/types\/page"}],"author":[{"embeddable":true,"href":"https:\/\/teletorn.ee\/fi\/wp-json\/wp\/v2\/users\/1"}],"replies":[{"embeddable":true,"href":"https:\/\/teletorn.ee\/fi\/wp-json\/wp\/v2\/comments?post=5186"}],"version-history":[{"count":4,"href":"https:\/\/teletorn.ee\/fi\/wp-json\/wp\/v2\/pages\/5186\/revisions"}],"predecessor-version":[{"id":10559,"href":"https:\/\/teletorn.ee\/fi\/wp-json\/wp\/v2\/pages\/5186\/revisions\/10559"}],"wp:attachment":[{"href":"https:\/\/teletorn.ee\/fi\/wp-json\/wp\/v2\/media?parent=5186"}],"curies":[{"name":"wp","href":"https:\/\/api.w.org\/{rel}","templated":true}]}}