{"id":7572,"date":"2024-06-02T19:27:51","date_gmt":"2024-06-02T16:27:51","guid":{"rendered":"https:\/\/teletorn.ee\/?page_id=7572"},"modified":"2024-09-26T13:09:16","modified_gmt":"2024-09-26T10:09:16","slug":"koulutusohjelmat","status":"publish","type":"page","link":"https:\/\/teletorn.ee\/fi\/koulutusohjelmat\/","title":{"rendered":"Koulutusohjelmat"},"content":{"rendered":"\n<div id=\"block_8597398ee6627c3a50955b1034468b67\" class=\"teletorn-banner featured-image\">\n\n  \n\n    \n    \n  <style> #block_8597398ee6627c3a50955b1034468b67{ background-image: url(https:\/\/teletorn.ee\/wp-content\/uploads\/2024\/06\/yrtitus_hooviala_manguvaljak007_full_size_Tarvo-Tiivits_2024.jpg)}<\/style>  <style>@media (max-width: 800px) { #block_8597398ee6627c3a50955b1034468b67{ background-image: url(https:\/\/teletorn.ee\/wp-content\/uploads\/2024\/06\/yrtitus_hooviala_manguvaljak007_full_size_Tarvo-Tiivits_2024-600x560.jpg)}}<\/style>\n<\/div>\n\n\n\n<div id=\"block_977dc012e95f180a2d72b808907cb318\" class=\"narrow-text-block with-inner-padding\" aria-hidden=\"true\">\n  <div class=\"wrap \">\n    <div class=\"wrap-inner\">\n      <h1 style=\"text-align: center;\">Koulutusohjelmat<\/h1>\n<h3>Uuden tiedon luominen yhdess\u00e4<\/h3>\n<p><span style=\"font-weight: 400;\">Tallinnan TV-tornin koulutusohjelmat tarjoavat rikastuttavia ja opettavaisia \u200b\u200bkokemuksia sek\u00e4 koululaisille ett\u00e4 yliopisto-opiskelijoille. Monipuolinen valikoimamme sis\u00e4lt\u00e4\u00e4 niin historiaa kuin luovuuttakin.<\/span><\/p>\n<p><span style=\"font-weight: 400;\">Ainutlaatuisten ominaisuuksiensa ansiosta TV-tornin ohjelma <\/span><b>\u201dTelevisio \u2013 Ikkuna maailmaan\u201d<\/b><span style=\"font-weight: 400;\"> tarjoaa yleiskatsauksen massamedian ja televisioteknologian syntymiseen. <\/span><b>\u201dTerveess\u00e4 kehossa terve mieli\u201d<\/b><span style=\"font-weight: 400;\"> -ohjelmassa nostamme jalat maasta ja kiipe\u00e4mme 21. kerrokseen nousten 917 askelmaa. Yhteisty\u00f6ohjelma Tallinnan kasvitieteellisen puutarhan kanssa <\/span><b>&#8221;Tropiikista taivaalle 10 minuutissa<\/b><span style=\"font-weight: 400;\">&#8221; on matka tilan halki, jossa opimme arvostamaan kauneutta, joka on piilotettu luontoon.<\/span><\/p>\n<p><span style=\"font-weight: 400;\">Opettajille, jotka etsiv\u00e4t uutta ja erityist\u00e4 ymp\u00e4rist\u00f6\u00e4 ainetunneilleen, <\/span><b>&#8221;Taivaallinen opiskelup\u00e4iv\u00e4 TV-tornissa&#8221;<\/b><span style=\"font-weight: 400;\"> on t\u00e4ydellinen valinta.<\/span><\/p>\n<p><span style=\"font-weight: 400;\">Yhteisty\u00f6ss\u00e4<\/span><a href=\"https:\/\/aquapark.ee\/fi\/\"><b> Viimsi Kylpyl\u00e4hotellin <\/b><\/a><span style=\"font-weight: 400;\">kanssa tarjoamme kouluille luokkaretken majoituksen kanssa. Majoituksen lis\u00e4ksi p\u00e4\u00e4set rajoittamattomasti Atlantis H2O -vesipuistoon ja opastetulle kierrokselle Tallinnan TV-tornissa.<\/span><\/p>\n<p><span style=\"font-weight: 400;\">Ohjelmat ovat saatavilla viroksi, englanniksi ja ven\u00e4j\u00e4ksi.<\/span><\/p>\n<p><span style=\"font-weight: 400;\">Ryhm\u00e4koko on v\u00e4hint\u00e4\u00e4n 15 henkil\u00f6\u00e4.<\/span><\/p>\n    <\/div>\n  <\/div>\n<\/div>\n\n\n\n<div id=\"block_f7f50d953746b001083835cc88024a23\" class=\"teletorn-attractions\" aria-hidden=\"true\">\n\n  <div class=\"wrap\">\n  \n        <h2 style=\"text-align: center;\">Koulutusohjelmat<\/h2>      <div class=\"all-attractions-wrap\">\n                        <div class=\"single-attraction-wrap\" style=\"background-image: url('https:\/\/teletorn.ee\/wp-content\/uploads\/2026\/02\/teletorn_ReelsLab_560x560.png');\">\n                  <div class=\"single-attraction-wrap-inner\">\n                    <h2>ReelsLab<\/h2>\n                    <div class=\"events-actions\">\n                      <a href=\"https:\/\/teletorn.ee\/fi\/koulutusohjelmat\/reelslab\/\" class=\"event-action\">Tutustu<\/a>\n                    <\/div>\n                  <\/div>\n              <\/div>\n                            <div class=\"single-attraction-wrap\" style=\"background-image: url('https:\/\/teletorn.ee\/wp-content\/uploads\/2024\/06\/Nutifoto.webp');\">\n                  <div class=\"single-attraction-wrap-inner\">\n                    <h2>Valokuvaamista \u00e4lypuhelimella<\/h2>\n                    <div class=\"events-actions\">\n                      <a href=\"https:\/\/teletorn.ee\/fi\/koulutusohjelmat\/valokuvamiista-alyhouhelimella\/\" class=\"event-action\">Tutustu<\/a>\n                    <\/div>\n                  <\/div>\n              <\/div>\n                            <div class=\"single-attraction-wrap\" style=\"background-image: url('https:\/\/teletorn.ee\/wp-content\/uploads\/2024\/06\/ajaloo-uurijad-900x600.webp');\">\n                  <div class=\"single-attraction-wrap-inner\">\n                    <h2>Historijoitsijat<\/h2>\n                    <div class=\"events-actions\">\n                      <a href=\"https:\/\/teletorn.ee\/fi\/koulutusohjelmat\/historijoitsijat\/\" class=\"event-action\">Tutustu<\/a>\n                    <\/div>\n                  <\/div>\n              <\/div>\n                            <div class=\"single-attraction-wrap\" style=\"background-image: url('https:\/\/teletorn.ee\/wp-content\/uploads\/2024\/06\/lego_560_ruut.jpg');\">\n                  <div class=\"single-attraction-wrap-inner\">\n                    <h2>Lego-hetki pilvien alla<\/h2>\n                    <div class=\"events-actions\">\n                      <a href=\"https:\/\/teletorn.ee\/fi\/koulutusohjelmat\/lego-hetki-pilvien-alla\/\" class=\"event-action\">Tutustu<\/a>\n                    <\/div>\n                  <\/div>\n              <\/div>\n                            <div class=\"single-attraction-wrap\" style=\"background-image: url('https:\/\/teletorn.ee\/wp-content\/uploads\/2024\/06\/silm-seletab-900x600.jpg');\">\n                  <div class=\"single-attraction-wrap-inner\">\n                    <h2>Historian koulutusohjelma &#8221;Mit\u00e4 silm\u00e4t n\u00e4kev\u00e4t&#8221;<\/h2>\n                    <div class=\"events-actions\">\n                      <a href=\"https:\/\/teletorn.ee\/fi\/koulutusohjelmat\/historian-koulutusohjelma-mita-silmat-nakevat\/\" class=\"event-action\">Tutustu<\/a>\n                    <\/div>\n                  <\/div>\n              <\/div>\n                            <div class=\"single-attraction-wrap\" style=\"background-image: url('https:\/\/teletorn.ee\/wp-content\/uploads\/2024\/06\/Ajaloo-haridusprogramm-\u201e1991-august.-Vabaduse-kaitsel-897x600.jpg');\">\n                  <div class=\"single-attraction-wrap-inner\">\n                    <h2>Historia-ohjelma &#8221;Elokuu 1991. Vapauden puolustaminen&#8221;<\/h2>\n                    <div class=\"events-actions\">\n                      <a href=\"https:\/\/teletorn.ee\/fi\/koulutusohjelmat\/historia-ohjelma-elokuu-1991-vapauden-puolustaminen\/\" class=\"event-action\">Tutustu<\/a>\n                    <\/div>\n                  <\/div>\n              <\/div>\n                            <div class=\"single-attraction-wrap\" style=\"background-image: url('https:\/\/teletorn.ee\/wp-content\/uploads\/2024\/06\/Teletorn-taevalik-oppepaev-2.jpg');\">\n                  <div class=\"single-attraction-wrap-inner\">\n                    <h2>Taivaallinen oppip\u00e4iv\u00e4 TV-tornissa<\/h2>\n                    <div class=\"events-actions\">\n                      <a href=\"https:\/\/teletorn.ee\/fi\/koulutusohjelmat\/taivaallinen-oppipaiva-tv-tornissa\/\" class=\"event-action\">Tutustu<\/a>\n                    <\/div>\n                  <\/div>\n              <\/div>\n                            <div class=\"single-attraction-wrap\" style=\"background-image: url('https:\/\/teletorn.ee\/wp-content\/uploads\/2024\/06\/Teletorn-terves-kehas-terve-vaim-2.jpg');\">\n                  <div class=\"single-attraction-wrap-inner\">\n                    <h2>Koulutusohjelma \u201cTerve mieli terveess\u00e4 kehossa\u201d<\/h2>\n                    <div class=\"events-actions\">\n                      <a href=\"https:\/\/teletorn.ee\/fi\/koulutusohjelmat\/koulutusohjelma-terve-mieli-terveessa-kehossa\/\" class=\"event-action\">Tutustu<\/a>\n                    <\/div>\n                  <\/div>\n              <\/div>\n                            <div class=\"single-attraction-wrap\" style=\"background-image: url('https:\/\/teletorn.ee\/wp-content\/uploads\/2024\/06\/botaanikaaed-teletornist-1200-Tiit-Motus-2013-1024x299-1.jpg');\">\n                  <div class=\"single-attraction-wrap-inner\">\n                    <h2>Tropiiksista taivaalle 10 minutissa<\/h2>\n                    <div class=\"events-actions\">\n                      <a href=\"https:\/\/teletorn.ee\/fi\/koulutusohjelmat\/tropiiksista-taivaalle-10-minutissa\/\" class=\"event-action\">Tutustu<\/a>\n                    <\/div>\n                  <\/div>\n              <\/div>\n                            <div class=\"single-attraction-wrap\" style=\"background-image: url('https:\/\/teletorn.ee\/wp-content\/uploads\/2024\/06\/levira-tho-1024x683-1-900x600.webp');\">\n                  <div class=\"single-attraction-wrap-inner\">\n                    <h2>TV \u2013 ikkuna maailmaan<\/h2>\n                    <div class=\"events-actions\">\n                      <a href=\"https:\/\/teletorn.ee\/fi\/koulutusohjelmat\/tv-ikkuna-maailman\/\" class=\"event-action\">Tutustu<\/a>\n                    <\/div>\n                  <\/div>\n              <\/div>\n                    <\/div>\n\n      \n  <\/div>\n\n<\/div>\n","protected":false},"excerpt":{"rendered":"","protected":false},"author":7,"featured_media":1527,"parent":0,"menu_order":56,"comment_status":"closed","ping_status":"closed","template":"","meta":{"_acf_changed":false,"footnotes":""},"class_list":["post-7572","page","type-page","status-publish","has-post-thumbnail","hentry"],"acf":[],"yoast_head":"<!-- This site is optimized with the Yoast SEO Premium plugin v23.4 (Yoast SEO v27.3) - https:\/\/yoast.com\/product\/yoast-seo-premium-wordpress\/ -->\n<title>Koulutusohjelmat - Teletorn.ee<\/title>\n<meta name=\"description\" content=\"Tallinnan TV-tornin koulutusohjelmat tarjoavat rikastuttavia ja opettavaisia \u200b\u200bkokemuksia sek\u00e4 koululaisille ett\u00e4 yliopisto-opiskelijoille. Monipuolinen valikoimamme sis\u00e4lt\u00e4\u00e4 niin historiaa kuin luovuuttakin. Lue lis\u00e4\u00e4!\" \/>\n<meta name=\"robots\" content=\"index, follow, max-snippet:-1, max-image-preview:large, max-video-preview:-1\" \/>\n<link rel=\"canonical\" href=\"https:\/\/teletorn.ee\/fi\/koulutusohjelmat\/\" \/>\n<meta property=\"og:locale\" content=\"fi_FI\" \/>\n<meta property=\"og:type\" content=\"article\" \/>\n<meta property=\"og:title\" content=\"Koulutusohjelmat\" \/>\n<meta property=\"og:description\" content=\"Tallinnan TV-tornin koulutusohjelmat tarjoavat rikastuttavia ja opettavaisia \u200b\u200bkokemuksia sek\u00e4 koululaisille ett\u00e4 yliopisto-opiskelijoille. Monipuolinen valikoimamme sis\u00e4lt\u00e4\u00e4 niin historiaa kuin luovuuttakin. Lue lis\u00e4\u00e4!\" \/>\n<meta property=\"og:url\" content=\"https:\/\/teletorn.ee\/fi\/koulutusohjelmat\/\" \/>\n<meta property=\"og:site_name\" content=\"Teletorn.ee\" \/>\n<meta property=\"article:modified_time\" content=\"2024-09-26T10:09:16+00:00\" \/>\n<meta property=\"og:image\" content=\"https:\/\/teletorn.ee\/wp-content\/uploads\/2024\/06\/yrtitus_hooviala_manguvaljak007_full_size_Tarvo-Tiivits_2024.jpg\" \/>\n\t<meta property=\"og:image:width\" content=\"1440\" \/>\n\t<meta property=\"og:image:height\" content=\"560\" \/>\n\t<meta property=\"og:image:type\" content=\"image\/jpeg\" \/>\n<meta name=\"twitter:card\" content=\"summary_large_image\" \/>\n<meta name=\"twitter:label1\" content=\"Arvioitu lukuaika\" \/>\n\t<meta name=\"twitter:data1\" content=\"1 minuutti\" \/>\n<script type=\"application\/ld+json\" class=\"yoast-schema-graph\">{\"@context\":\"https:\\\/\\\/schema.org\",\"@graph\":[{\"@type\":\"WebPage\",\"@id\":\"https:\\\/\\\/teletorn.ee\\\/fi\\\/koulutusohjelmat\\\/\",\"url\":\"https:\\\/\\\/teletorn.ee\\\/fi\\\/koulutusohjelmat\\\/\",\"name\":\"Koulutusohjelmat - Teletorn.ee\",\"isPartOf\":{\"@id\":\"https:\\\/\\\/tt.uptodate.ee\\\/#website\"},\"primaryImageOfPage\":{\"@id\":\"https:\\\/\\\/teletorn.ee\\\/fi\\\/koulutusohjelmat\\\/#primaryimage\"},\"image\":{\"@id\":\"https:\\\/\\\/teletorn.ee\\\/fi\\\/koulutusohjelmat\\\/#primaryimage\"},\"thumbnailUrl\":\"https:\\\/\\\/teletorn.ee\\\/wp-content\\\/uploads\\\/2024\\\/06\\\/yrtitus_hooviala_manguvaljak007_full_size_Tarvo-Tiivits_2024.jpg\",\"datePublished\":\"2024-06-02T16:27:51+00:00\",\"dateModified\":\"2024-09-26T10:09:16+00:00\",\"description\":\"Tallinnan TV-tornin koulutusohjelmat tarjoavat rikastuttavia ja opettavaisia \u200b\u200bkokemuksia sek\u00e4 koululaisille ett\u00e4 yliopisto-opiskelijoille. Monipuolinen valikoimamme sis\u00e4lt\u00e4\u00e4 niin historiaa kuin luovuuttakin. Lue lis\u00e4\u00e4!\",\"breadcrumb\":{\"@id\":\"https:\\\/\\\/teletorn.ee\\\/fi\\\/koulutusohjelmat\\\/#breadcrumb\"},\"inLanguage\":\"fi\",\"potentialAction\":[{\"@type\":\"ReadAction\",\"target\":[\"https:\\\/\\\/teletorn.ee\\\/fi\\\/koulutusohjelmat\\\/\"]}]},{\"@type\":\"ImageObject\",\"inLanguage\":\"fi\",\"@id\":\"https:\\\/\\\/teletorn.ee\\\/fi\\\/koulutusohjelmat\\\/#primaryimage\",\"url\":\"https:\\\/\\\/teletorn.ee\\\/wp-content\\\/uploads\\\/2024\\\/06\\\/yrtitus_hooviala_manguvaljak007_full_size_Tarvo-Tiivits_2024.jpg\",\"contentUrl\":\"https:\\\/\\\/teletorn.ee\\\/wp-content\\\/uploads\\\/2024\\\/06\\\/yrtitus_hooviala_manguvaljak007_full_size_Tarvo-Tiivits_2024.jpg\",\"width\":1440,\"height\":560,\"caption\":\"Lapset kiipeilem\u00e4ss\u00e4 ulkon\u00e4ht\u00e4vyyksill\u00e4\"},{\"@type\":\"BreadcrumbList\",\"@id\":\"https:\\\/\\\/teletorn.ee\\\/fi\\\/koulutusohjelmat\\\/#breadcrumb\",\"itemListElement\":[{\"@type\":\"ListItem\",\"position\":1,\"name\":\"Home\",\"item\":\"https:\\\/\\\/teletorn.ee\\\/fi\\\/\"},{\"@type\":\"ListItem\",\"position\":2,\"name\":\"Koulutusohjelmat\"}]},{\"@type\":\"WebSite\",\"@id\":\"https:\\\/\\\/tt.uptodate.ee\\\/#website\",\"url\":\"https:\\\/\\\/tt.uptodate.ee\\\/\",\"name\":\"Teletorn.ee\",\"description\":\"\",\"potentialAction\":[{\"@type\":\"SearchAction\",\"target\":{\"@type\":\"EntryPoint\",\"urlTemplate\":\"https:\\\/\\\/tt.uptodate.ee\\\/?s={search_term_string}\"},\"query-input\":{\"@type\":\"PropertyValueSpecification\",\"valueRequired\":true,\"valueName\":\"search_term_string\"}}],\"inLanguage\":\"fi\"}]}<\/script>\n<!-- \/ Yoast SEO Premium plugin. -->","yoast_head_json":{"title":"Koulutusohjelmat - Teletorn.ee","description":"Tallinnan TV-tornin koulutusohjelmat tarjoavat rikastuttavia ja opettavaisia \u200b\u200bkokemuksia sek\u00e4 koululaisille ett\u00e4 yliopisto-opiskelijoille. Monipuolinen valikoimamme sis\u00e4lt\u00e4\u00e4 niin historiaa kuin luovuuttakin. Lue lis\u00e4\u00e4!","robots":{"index":"index","follow":"follow","max-snippet":"max-snippet:-1","max-image-preview":"max-image-preview:large","max-video-preview":"max-video-preview:-1"},"canonical":"https:\/\/teletorn.ee\/fi\/koulutusohjelmat\/","og_locale":"fi_FI","og_type":"article","og_title":"Koulutusohjelmat","og_description":"Tallinnan TV-tornin koulutusohjelmat tarjoavat rikastuttavia ja opettavaisia \u200b\u200bkokemuksia sek\u00e4 koululaisille ett\u00e4 yliopisto-opiskelijoille. Monipuolinen valikoimamme sis\u00e4lt\u00e4\u00e4 niin historiaa kuin luovuuttakin. Lue lis\u00e4\u00e4!","og_url":"https:\/\/teletorn.ee\/fi\/koulutusohjelmat\/","og_site_name":"Teletorn.ee","article_modified_time":"2024-09-26T10:09:16+00:00","og_image":[{"width":1440,"height":560,"url":"https:\/\/teletorn.ee\/wp-content\/uploads\/2024\/06\/yrtitus_hooviala_manguvaljak007_full_size_Tarvo-Tiivits_2024.jpg","type":"image\/jpeg"}],"twitter_card":"summary_large_image","twitter_misc":{"Arvioitu lukuaika":"1 minuutti"},"schema":{"@context":"https:\/\/schema.org","@graph":[{"@type":"WebPage","@id":"https:\/\/teletorn.ee\/fi\/koulutusohjelmat\/","url":"https:\/\/teletorn.ee\/fi\/koulutusohjelmat\/","name":"Koulutusohjelmat - Teletorn.ee","isPartOf":{"@id":"https:\/\/tt.uptodate.ee\/#website"},"primaryImageOfPage":{"@id":"https:\/\/teletorn.ee\/fi\/koulutusohjelmat\/#primaryimage"},"image":{"@id":"https:\/\/teletorn.ee\/fi\/koulutusohjelmat\/#primaryimage"},"thumbnailUrl":"https:\/\/teletorn.ee\/wp-content\/uploads\/2024\/06\/yrtitus_hooviala_manguvaljak007_full_size_Tarvo-Tiivits_2024.jpg","datePublished":"2024-06-02T16:27:51+00:00","dateModified":"2024-09-26T10:09:16+00:00","description":"Tallinnan TV-tornin koulutusohjelmat tarjoavat rikastuttavia ja opettavaisia \u200b\u200bkokemuksia sek\u00e4 koululaisille ett\u00e4 yliopisto-opiskelijoille. Monipuolinen valikoimamme sis\u00e4lt\u00e4\u00e4 niin historiaa kuin luovuuttakin. Lue lis\u00e4\u00e4!","breadcrumb":{"@id":"https:\/\/teletorn.ee\/fi\/koulutusohjelmat\/#breadcrumb"},"inLanguage":"fi","potentialAction":[{"@type":"ReadAction","target":["https:\/\/teletorn.ee\/fi\/koulutusohjelmat\/"]}]},{"@type":"ImageObject","inLanguage":"fi","@id":"https:\/\/teletorn.ee\/fi\/koulutusohjelmat\/#primaryimage","url":"https:\/\/teletorn.ee\/wp-content\/uploads\/2024\/06\/yrtitus_hooviala_manguvaljak007_full_size_Tarvo-Tiivits_2024.jpg","contentUrl":"https:\/\/teletorn.ee\/wp-content\/uploads\/2024\/06\/yrtitus_hooviala_manguvaljak007_full_size_Tarvo-Tiivits_2024.jpg","width":1440,"height":560,"caption":"Lapset kiipeilem\u00e4ss\u00e4 ulkon\u00e4ht\u00e4vyyksill\u00e4"},{"@type":"BreadcrumbList","@id":"https:\/\/teletorn.ee\/fi\/koulutusohjelmat\/#breadcrumb","itemListElement":[{"@type":"ListItem","position":1,"name":"Home","item":"https:\/\/teletorn.ee\/fi\/"},{"@type":"ListItem","position":2,"name":"Koulutusohjelmat"}]},{"@type":"WebSite","@id":"https:\/\/tt.uptodate.ee\/#website","url":"https:\/\/tt.uptodate.ee\/","name":"Teletorn.ee","description":"","potentialAction":[{"@type":"SearchAction","target":{"@type":"EntryPoint","urlTemplate":"https:\/\/tt.uptodate.ee\/?s={search_term_string}"},"query-input":{"@type":"PropertyValueSpecification","valueRequired":true,"valueName":"search_term_string"}}],"inLanguage":"fi"}]}},"_links":{"self":[{"href":"https:\/\/teletorn.ee\/fi\/wp-json\/wp\/v2\/pages\/7572","targetHints":{"allow":["GET"]}}],"collection":[{"href":"https:\/\/teletorn.ee\/fi\/wp-json\/wp\/v2\/pages"}],"about":[{"href":"https:\/\/teletorn.ee\/fi\/wp-json\/wp\/v2\/types\/page"}],"author":[{"embeddable":true,"href":"https:\/\/teletorn.ee\/fi\/wp-json\/wp\/v2\/users\/7"}],"replies":[{"embeddable":true,"href":"https:\/\/teletorn.ee\/fi\/wp-json\/wp\/v2\/comments?post=7572"}],"version-history":[{"count":1,"href":"https:\/\/teletorn.ee\/fi\/wp-json\/wp\/v2\/pages\/7572\/revisions"}],"predecessor-version":[{"id":7573,"href":"https:\/\/teletorn.ee\/fi\/wp-json\/wp\/v2\/pages\/7572\/revisions\/7573"}],"wp:featuredmedia":[{"embeddable":true,"href":"https:\/\/teletorn.ee\/fi\/wp-json\/wp\/v2\/media\/1527"}],"wp:attachment":[{"href":"https:\/\/teletorn.ee\/fi\/wp-json\/wp\/v2\/media?parent=7572"}],"curies":[{"name":"wp","href":"https:\/\/api.w.org\/{rel}","templated":true}]}}