{"id":7575,"date":"2024-06-30T19:15:30","date_gmt":"2024-06-30T16:15:30","guid":{"rendered":"https:\/\/teletorn.ee\/?page_id=7575"},"modified":"2024-09-26T13:40:57","modified_gmt":"2024-09-26T10:40:57","slug":"koulutusohjelma-varaus","status":"publish","type":"page","link":"https:\/\/teletorn.ee\/fi\/koulutusohjelma-varaus\/","title":{"rendered":"Koulutusohjelma varaus"},"content":{"rendered":"\n<div id=\"block_4f0169995b69884e87796718c4ec8bea\" class=\"narrow-text-block with-inner-padding\" aria-hidden=\"true\">\n  <div class=\"wrap \">\n    <div class=\"wrap-inner\">\n      <h1 style=\"text-align: center;\">Kysy tarjousta<\/h1>\n\n<div class=\"wpcf7 no-js\" id=\"wpcf7-f7574-o1\" lang=\"et\" dir=\"ltr\" data-wpcf7-id=\"7574\">\n<div class=\"screen-reader-response\"><p role=\"status\" aria-live=\"polite\" aria-atomic=\"true\"><\/p> <ul><\/ul><\/div>\n<form action=\"\/fi\/wp-json\/wp\/v2\/pages\/7575#wpcf7-f7574-o1\" method=\"post\" class=\"wpcf7-form init\" aria-label=\"Contact form\" novalidate=\"novalidate\" data-status=\"init\">\n<fieldset class=\"hidden-fields-container\"><input type=\"hidden\" name=\"_wpcf7\" value=\"7574\" \/><input type=\"hidden\" name=\"_wpcf7_version\" value=\"6.1.5\" \/><input type=\"hidden\" name=\"_wpcf7_locale\" value=\"et\" \/><input type=\"hidden\" name=\"_wpcf7_unit_tag\" value=\"wpcf7-f7574-o1\" \/><input type=\"hidden\" name=\"_wpcf7_container_post\" value=\"0\" \/><input type=\"hidden\" name=\"_wpcf7_posted_data_hash\" value=\"\" \/><input type=\"hidden\" name=\"_wpcf7_recaptcha_response\" value=\"\" \/>\n<\/fieldset>\n<div class=\"contact-form-wrapper\">\n\t<div class=\"contact-form-row\">\n\t\t<div class=\"contact-form-column\">\n\t\t\t<p><strong>Yhteystiedot<\/strong>\n\t\t\t<\/p>\n\t\t<\/div>\n\t<\/div><!-- contact-form-row -->\n\t<div class=\"contact-form-row\">\n\t\t<div class=\"contact-form-column\">\n\t\t\t<p><label>Nimi*<\/label><br \/>\n<span class=\"wpcf7-form-control-wrap\" data-name=\"your-name\"><input size=\"40\" maxlength=\"400\" class=\"wpcf7-form-control wpcf7-text wpcf7-validates-as-required\" aria-required=\"true\" aria-invalid=\"false\" value=\"\" type=\"text\" name=\"your-name\" \/><\/span>\n\t\t\t<\/p>\n\t\t<\/div>\n\t<\/div><!-- contact-form-row -->\n\t<div class=\"contact-form-row form-two-col\">\n\t\t<div class=\"contact-form-column\">\n\t\t\t<p><label>S\u00e4hk\u00f6posti*<\/label><br \/>\n<span class=\"wpcf7-form-control-wrap\" data-name=\"your-email\"><input size=\"40\" maxlength=\"400\" class=\"wpcf7-form-control wpcf7-email wpcf7-validates-as-required wpcf7-text wpcf7-validates-as-email\" aria-required=\"true\" aria-invalid=\"false\" value=\"\" type=\"email\" name=\"your-email\" \/><\/span>\n\t\t\t<\/p>\n\t\t<\/div>\n\t\t<div class=\"contact-form-column\">\n\t\t\t<p><label>Puhelin*<\/label><br \/>\n<span class=\"wpcf7-form-control-wrap\" data-name=\"telefon\"><input size=\"40\" maxlength=\"400\" class=\"wpcf7-form-control wpcf7-text wpcf7-validates-as-required\" aria-required=\"true\" aria-invalid=\"false\" value=\"\" type=\"text\" name=\"telefon\" \/><\/span>\n\t\t\t<\/p>\n\t\t<\/div>\n\t<\/div><!-- contact-form-row -->\n\t<div class=\"contact-form-row form-two-col\">\n\t\t<div class=\"contact-form-column\">\n\t\t\t<p><label>P\u00e4iv\u00e4m\u00e4\u00e4r\u00e4*<\/label><br \/>\n<span class=\"wpcf7-form-control-wrap\" data-name=\"kuupaev\"><input size=\"40\" maxlength=\"400\" class=\"wpcf7-form-control wpcf7-text wpcf7-validates-as-required\" aria-required=\"true\" aria-invalid=\"false\" value=\"\" type=\"text\" name=\"kuupaev\" \/><\/span>\n\t\t\t<\/p>\n\t\t<\/div>\n\t\t<div class=\"contact-form-column\">\n\t\t\t<p><label>Aika*<\/label><br \/>\n<span class=\"wpcf7-form-control-wrap\" data-name=\"kell\"><input size=\"40\" maxlength=\"400\" class=\"wpcf7-form-control wpcf7-text wpcf7-validates-as-required\" aria-required=\"true\" aria-invalid=\"false\" value=\"\" type=\"text\" name=\"kell\" \/><\/span>\n\t\t\t<\/p>\n\t\t<\/div>\n\t<\/div><!-- contact-form-row -->\n\t<div class=\"contact-form-row\">\n\t\t<div class=\"contact-form-column\">\n\t\t\t<p><label>Koulu*<\/label><br \/>\n<span class=\"wpcf7-form-control-wrap\" data-name=\"kool-lasteaed\"><input size=\"40\" maxlength=\"400\" class=\"wpcf7-form-control wpcf7-text wpcf7-validates-as-required\" aria-required=\"true\" aria-invalid=\"false\" value=\"\" type=\"text\" name=\"kool-lasteaed\" \/><\/span>\n\t\t\t<\/p>\n\t\t<\/div>\n\t<\/div><!-- contact-form-row -->\n\t<div class=\"contact-form-row form-two-col\">\n\t\t<div class=\"contact-form-column\">\n\t\t\t<p><label>Lasten m\u00e4\u00e4r\u00e4*<\/label><br \/>\n<span class=\"wpcf7-form-control-wrap\" data-name=\"laste-arv\"><input size=\"40\" maxlength=\"400\" class=\"wpcf7-form-control wpcf7-text wpcf7-validates-as-required\" aria-required=\"true\" aria-invalid=\"false\" value=\"\" type=\"text\" name=\"laste-arv\" \/><\/span>\n\t\t\t<\/p>\n\t\t<\/div>\n\t\t<div class=\"contact-form-column\">\n\t\t\t<p><label>Lasten ik\u00e4*<\/label><br \/>\n<span class=\"wpcf7-form-control-wrap\" data-name=\"laste-vanus\"><input size=\"40\" maxlength=\"400\" class=\"wpcf7-form-control wpcf7-text wpcf7-validates-as-required\" aria-required=\"true\" aria-invalid=\"false\" value=\"\" type=\"text\" name=\"laste-vanus\" \/><\/span>\n\t\t\t<\/p>\n\t\t<\/div>\n\t<\/div><!-- contact-form-row -->\n\t<div class=\"contact-form-row\">\n\t\t<div class=\"contact-form-column\">\n\t\t\t<p><label>Opettajien lukum\u00e4\u00e4r\u00e4*<\/label><br \/>\n<span class=\"wpcf7-form-control-wrap\" data-name=\"saatjate-arv\"><input size=\"40\" maxlength=\"400\" class=\"wpcf7-form-control wpcf7-text wpcf7-validates-as-required\" aria-required=\"true\" aria-invalid=\"false\" value=\"\" type=\"text\" name=\"saatjate-arv\" \/><\/span>\n\t\t\t<\/p>\n\t\t<\/div>\n\t<\/div><!-- contact-form-row -->\n\t<div class=\"contact-form-row\">\n\t\t<div class=\"contact-form-column\">\n\t\t\t<p><strong>Ohjelma*<\/strong>\n\t\t\t<\/p>\n\t\t<\/div>\n\t<\/div><!-- contact-form-row -->\n\t<div class=\"contact-form-row\">\n\t\t<div class=\"contact-form-column\">\n\t\t\t<p><span class=\"wpcf7-form-control-wrap\" data-name=\"programm\"><span class=\"wpcf7-form-control wpcf7-checkbox wpcf7-validates-as-required\"><span class=\"wpcf7-list-item first\"><label><input type=\"checkbox\" name=\"programm[]\" value=\"\u201cTV \u2013 ikkuna maailman\u201d\" \/><span class=\"wpcf7-list-item-label\">\u201cTV \u2013 ikkuna maailman\u201d<\/span><\/label><\/span><span class=\"wpcf7-list-item\"><label><input type=\"checkbox\" name=\"programm[]\" value=\"Historian koulutusohjelma \u201cMit\u00e4 silmat n\u00e4kev\u00e4t\u201c\" \/><span class=\"wpcf7-list-item-label\">Historian koulutusohjelma \u201cMit\u00e4 silmat n\u00e4kev\u00e4t\u201c<\/span><\/label><\/span><span class=\"wpcf7-list-item\"><label><input type=\"checkbox\" name=\"programm[]\" value=\"Historia-ohjelma \u201cElokuu 1991. Vapauden puolustaminen\u201d\" \/><span class=\"wpcf7-list-item-label\">Historia-ohjelma \u201cElokuu 1991. Vapauden puolustaminen\u201d<\/span><\/label><\/span><span class=\"wpcf7-list-item\"><label><input type=\"checkbox\" name=\"programm[]\" value=\"&quot;Taivaallinen oppip\u00e4iv\u00e4 TV-tornissa&quot;\" \/><span class=\"wpcf7-list-item-label\">&quot;Taivaallinen oppip\u00e4iv\u00e4 TV-tornissa&quot;<\/span><\/label><\/span><span class=\"wpcf7-list-item\"><label><input type=\"checkbox\" name=\"programm[]\" value=\"\u201cTropiiksista taivaalle 10 minutissa\u201d\" \/><span class=\"wpcf7-list-item-label\">\u201cTropiiksista taivaalle 10 minutissa\u201d<\/span><\/label><\/span><span class=\"wpcf7-list-item\"><label><input type=\"checkbox\" name=\"programm[]\" value=\"TV-tornin mobiilipeli\" \/><span class=\"wpcf7-list-item-label\">TV-tornin mobiilipeli<\/span><\/label><\/span><span class=\"wpcf7-list-item\"><label><input type=\"checkbox\" name=\"programm[]\" value=\"\u201cHistorijoitsijat\u201d\" \/><span class=\"wpcf7-list-item-label\">\u201cHistorijoitsijat\u201d<\/span><\/label><\/span><span class=\"wpcf7-list-item\"><label><input type=\"checkbox\" name=\"programm[]\" value=\"Koulutusohjelma \u201cTerve mieli terveess\u00e4 kehossa\u201c\" \/><span class=\"wpcf7-list-item-label\">Koulutusohjelma \u201cTerve mieli terveess\u00e4 kehossa\u201c<\/span><\/label><\/span><span class=\"wpcf7-list-item\"><label><input type=\"checkbox\" name=\"programm[]\" value=\"\u201cLego-hetki pilvien alla\u201d\" \/><span class=\"wpcf7-list-item-label\">\u201cLego-hetki pilvien alla\u201d<\/span><\/label><\/span><span class=\"wpcf7-list-item\"><label><input type=\"checkbox\" name=\"programm[]\" value=\"\u201cValokuvaamista \u00e4lypuhelimella\u201d\" \/><span class=\"wpcf7-list-item-label\">\u201cValokuvaamista \u00e4lypuhelimella\u201d<\/span><\/label><\/span><span class=\"wpcf7-list-item last\"><label><input type=\"checkbox\" name=\"programm[]\" value=\"\u201cReelsLab\u201d\" \/><span class=\"wpcf7-list-item-label\">\u201cReelsLab\u201d<\/span><\/label><\/span><\/span><\/span>\n\t\t\t<\/p>\n\t\t<\/div>\n\t<\/div><!-- contact-form-row -->\n\t<div class=\"contact-form-row\">\n\t\t<div class=\"contact-form-column\">\n\t\t\t<p><strong>Lis\u00e4toiveet<\/strong>\n\t\t\t<\/p>\n\t\t<\/div>\n\t<\/div><!-- contact-form-row -->\n\t<div class=\"contact-form-row\">\n\t\t<div class=\"contact-form-column\">\n\t\t\t<p><span class=\"wpcf7-form-control-wrap\" data-name=\"lisavoimalused\"><span class=\"wpcf7-form-control wpcf7-checkbox\"><span class=\"wpcf7-list-item first\"><label><input type=\"checkbox\" name=\"lisavoimalused[]\" value=\"VR lento (7 \u20ac\/ihminen)\" \/><span class=\"wpcf7-list-item-label\">VR lento (7 \u20ac\/ihminen)<\/span><\/label><\/span><span class=\"wpcf7-list-item\"><label><input type=\"checkbox\" name=\"lisavoimalused[]\" value=\"Valokuvausboksi (3 \u20ac\/kuva)\" \/><span class=\"wpcf7-list-item-label\">Valokuvausboksi (3 \u20ac\/kuva)<\/span><\/label><\/span><span class=\"wpcf7-list-item last\"><label><input type=\"checkbox\" name=\"lisavoimalused[]\" value=\"Lounas\" \/><span class=\"wpcf7-list-item-label\">Lounas<\/span><\/label><\/span><\/span><\/span>\n\t\t\t<\/p>\n\t\t<\/div>\n\t<\/div><!-- contact-form-row -->\n\t<div class=\"contact-form-row\">\n\t\t<div class=\"contact-form-column\">\n\t\t\t<p><strong>Kieli*<\/strong>\n\t\t\t<\/p>\n\t\t<\/div>\n\t<\/div><!-- contact-form-row -->\n\t<div class=\"contact-form-row\">\n\t\t<div class=\"contact-form-column\">\n\t\t\t<p><span class=\"wpcf7-form-control-wrap\" data-name=\"Programmilbiviimisekeel\"><select class=\"wpcf7-form-control wpcf7-select wpcf7-validates-as-required\" aria-required=\"true\" aria-invalid=\"false\" name=\"Programmilbiviimisekeel\"><option value=\"\">Ole hyv\u00e4 ja valitse<\/option><option value=\"Viro\">Viro<\/option><option value=\"Ven\u00e4j\u00e4\">Ven\u00e4j\u00e4<\/option><option value=\"Englanti\">Englanti<\/option><\/select><\/span>\n\t\t\t<\/p>\n\t\t<\/div>\n\t<\/div><!-- contact-form-row -->\n\t<div class=\"contact-form-row\">\n\t\t<div class=\"contact-form-column\">\n\t\t\t<p><strong>Maksu*<\/strong>\n\t\t\t<\/p>\n\t\t<\/div>\n\t<\/div><!-- contact-form-row -->\n\t<div class=\"contact-form-row\">\n\t\t<div class=\"contact-form-column\">\n\t\t\t<p><span class=\"wpcf7-form-control-wrap\" data-name=\"tasumine\"><select class=\"wpcf7-form-control wpcf7-select wpcf7-validates-as-required\" aria-required=\"true\" aria-invalid=\"false\" name=\"tasumine\"><option value=\"\">Ole hyv\u00e4 ja valitse<\/option><option value=\"Laskutus\">Laskutus<\/option><option value=\"TV-tornissa\">TV-tornissa<\/option><\/select><\/span>\n\t\t\t<\/p>\n\t\t<\/div>\n\t<\/div><!-- contact-form-row -->\n\t<div class=\"contact-form-row\">\n\t\t<div class=\"contact-form-column\">\n\t\t\t<p><strong>Lis\u00e4kommentit<\/strong>\n\t\t\t<\/p>\n\t\t<\/div>\n\t<\/div><!-- contact-form-row -->\n\t<div class=\"contact-form-row\">\n\t\t<div class=\"contact-form-column\">\n\t\t\t<p><span class=\"wpcf7-form-control-wrap\" data-name=\"lisakommentaarid\"><textarea cols=\"40\" rows=\"10\" maxlength=\"2000\" class=\"wpcf7-form-control wpcf7-textarea\" aria-invalid=\"false\" name=\"lisakommentaarid\"><\/textarea><\/span>\n\t\t\t<\/p>\n\t\t<\/div>\n\t<\/div><!-- contact-form-row -->\n\t<div class=\"contact-form-row\">\n\t<input class=\"wpcf7-form-control wpcf7-hidden\" value=\"Koulutusohjelma varaus\" type=\"hidden\" name=\"your-subject\" \/>\n\t\t<p><input class=\"wpcf7-form-control wpcf7-submit has-spinner blue-btn\" type=\"submit\" value=\"L\u00e4het\u00e4\" \/>\n\t\t<\/p>\n\t<\/div><!-- contact-form-row -->\n<\/div><div class=\"wpcf7-response-output\" aria-hidden=\"true\"><\/div>\n<\/form>\n<\/div>\n\n    <\/div>\n  <\/div>\n<\/div>\n","protected":false},"excerpt":{"rendered":"","protected":false},"author":7,"featured_media":0,"parent":0,"menu_order":32,"comment_status":"closed","ping_status":"closed","template":"","meta":{"_acf_changed":false,"footnotes":""},"class_list":["post-7575","page","type-page","status-publish","hentry"],"acf":[],"yoast_head":"<!-- This site is optimized with the Yoast SEO Premium plugin v23.4 (Yoast SEO v27.3) - https:\/\/yoast.com\/product\/yoast-seo-premium-wordpress\/ -->\n<title>Koulutusohjelma varaus - Teletorn.ee<\/title>\n<meta name=\"description\" content=\"Teletorn.ee - Koulutusohjelma varaus\" \/>\n<meta name=\"robots\" content=\"index, follow, max-snippet:-1, max-image-preview:large, max-video-preview:-1\" \/>\n<link rel=\"canonical\" href=\"https:\/\/teletorn.ee\/fi\/koulutusohjelma-varaus\/\" \/>\n<meta property=\"og:locale\" content=\"fi_FI\" \/>\n<meta property=\"og:type\" content=\"article\" \/>\n<meta property=\"og:title\" content=\"Koulutusohjelma varaus\" \/>\n<meta property=\"og:description\" content=\"Teletorn.ee - Koulutusohjelma varaus\" \/>\n<meta property=\"og:url\" content=\"https:\/\/teletorn.ee\/fi\/koulutusohjelma-varaus\/\" \/>\n<meta property=\"og:site_name\" content=\"Teletorn.ee\" \/>\n<meta property=\"article:modified_time\" content=\"2024-09-26T10:40:57+00:00\" \/>\n<meta name=\"twitter:card\" content=\"summary_large_image\" \/>\n<script type=\"application\/ld+json\" class=\"yoast-schema-graph\">{\"@context\":\"https:\\\/\\\/schema.org\",\"@graph\":[{\"@type\":\"WebPage\",\"@id\":\"https:\\\/\\\/teletorn.ee\\\/fi\\\/koulutusohjelma-varaus\\\/\",\"url\":\"https:\\\/\\\/teletorn.ee\\\/fi\\\/koulutusohjelma-varaus\\\/\",\"name\":\"Koulutusohjelma varaus - Teletorn.ee\",\"isPartOf\":{\"@id\":\"https:\\\/\\\/tt.uptodate.ee\\\/#website\"},\"datePublished\":\"2024-06-30T16:15:30+00:00\",\"dateModified\":\"2024-09-26T10:40:57+00:00\",\"description\":\"Teletorn.ee - Koulutusohjelma varaus\",\"breadcrumb\":{\"@id\":\"https:\\\/\\\/teletorn.ee\\\/fi\\\/koulutusohjelma-varaus\\\/#breadcrumb\"},\"inLanguage\":\"fi\",\"potentialAction\":[{\"@type\":\"ReadAction\",\"target\":[\"https:\\\/\\\/teletorn.ee\\\/fi\\\/koulutusohjelma-varaus\\\/\"]}]},{\"@type\":\"BreadcrumbList\",\"@id\":\"https:\\\/\\\/teletorn.ee\\\/fi\\\/koulutusohjelma-varaus\\\/#breadcrumb\",\"itemListElement\":[{\"@type\":\"ListItem\",\"position\":1,\"name\":\"Home\",\"item\":\"https:\\\/\\\/teletorn.ee\\\/fi\\\/\"},{\"@type\":\"ListItem\",\"position\":2,\"name\":\"Koulutusohjelma varaus\"}]},{\"@type\":\"WebSite\",\"@id\":\"https:\\\/\\\/tt.uptodate.ee\\\/#website\",\"url\":\"https:\\\/\\\/tt.uptodate.ee\\\/\",\"name\":\"Teletorn.ee\",\"description\":\"\",\"potentialAction\":[{\"@type\":\"SearchAction\",\"target\":{\"@type\":\"EntryPoint\",\"urlTemplate\":\"https:\\\/\\\/tt.uptodate.ee\\\/?s={search_term_string}\"},\"query-input\":{\"@type\":\"PropertyValueSpecification\",\"valueRequired\":true,\"valueName\":\"search_term_string\"}}],\"inLanguage\":\"fi\"}]}<\/script>\n<!-- \/ Yoast SEO Premium plugin. -->","yoast_head_json":{"title":"Koulutusohjelma varaus - Teletorn.ee","description":"Teletorn.ee - Koulutusohjelma varaus","robots":{"index":"index","follow":"follow","max-snippet":"max-snippet:-1","max-image-preview":"max-image-preview:large","max-video-preview":"max-video-preview:-1"},"canonical":"https:\/\/teletorn.ee\/fi\/koulutusohjelma-varaus\/","og_locale":"fi_FI","og_type":"article","og_title":"Koulutusohjelma varaus","og_description":"Teletorn.ee - Koulutusohjelma varaus","og_url":"https:\/\/teletorn.ee\/fi\/koulutusohjelma-varaus\/","og_site_name":"Teletorn.ee","article_modified_time":"2024-09-26T10:40:57+00:00","twitter_card":"summary_large_image","schema":{"@context":"https:\/\/schema.org","@graph":[{"@type":"WebPage","@id":"https:\/\/teletorn.ee\/fi\/koulutusohjelma-varaus\/","url":"https:\/\/teletorn.ee\/fi\/koulutusohjelma-varaus\/","name":"Koulutusohjelma varaus - Teletorn.ee","isPartOf":{"@id":"https:\/\/tt.uptodate.ee\/#website"},"datePublished":"2024-06-30T16:15:30+00:00","dateModified":"2024-09-26T10:40:57+00:00","description":"Teletorn.ee - Koulutusohjelma varaus","breadcrumb":{"@id":"https:\/\/teletorn.ee\/fi\/koulutusohjelma-varaus\/#breadcrumb"},"inLanguage":"fi","potentialAction":[{"@type":"ReadAction","target":["https:\/\/teletorn.ee\/fi\/koulutusohjelma-varaus\/"]}]},{"@type":"BreadcrumbList","@id":"https:\/\/teletorn.ee\/fi\/koulutusohjelma-varaus\/#breadcrumb","itemListElement":[{"@type":"ListItem","position":1,"name":"Home","item":"https:\/\/teletorn.ee\/fi\/"},{"@type":"ListItem","position":2,"name":"Koulutusohjelma varaus"}]},{"@type":"WebSite","@id":"https:\/\/tt.uptodate.ee\/#website","url":"https:\/\/tt.uptodate.ee\/","name":"Teletorn.ee","description":"","potentialAction":[{"@type":"SearchAction","target":{"@type":"EntryPoint","urlTemplate":"https:\/\/tt.uptodate.ee\/?s={search_term_string}"},"query-input":{"@type":"PropertyValueSpecification","valueRequired":true,"valueName":"search_term_string"}}],"inLanguage":"fi"}]}},"_links":{"self":[{"href":"https:\/\/teletorn.ee\/fi\/wp-json\/wp\/v2\/pages\/7575","targetHints":{"allow":["GET"]}}],"collection":[{"href":"https:\/\/teletorn.ee\/fi\/wp-json\/wp\/v2\/pages"}],"about":[{"href":"https:\/\/teletorn.ee\/fi\/wp-json\/wp\/v2\/types\/page"}],"author":[{"embeddable":true,"href":"https:\/\/teletorn.ee\/fi\/wp-json\/wp\/v2\/users\/7"}],"replies":[{"embeddable":true,"href":"https:\/\/teletorn.ee\/fi\/wp-json\/wp\/v2\/comments?post=7575"}],"version-history":[{"count":1,"href":"https:\/\/teletorn.ee\/fi\/wp-json\/wp\/v2\/pages\/7575\/revisions"}],"predecessor-version":[{"id":7576,"href":"https:\/\/teletorn.ee\/fi\/wp-json\/wp\/v2\/pages\/7575\/revisions\/7576"}],"wp:attachment":[{"href":"https:\/\/teletorn.ee\/fi\/wp-json\/wp\/v2\/media?parent=7575"}],"curies":[{"name":"wp","href":"https:\/\/api.w.org\/{rel}","templated":true}]}}